{"id":281,"date":"2019-02-04T12:59:23","date_gmt":"2019-02-04T12:59:23","guid":{"rendered":"https:\/\/blogit.utu.fi\/researchfundingnow\/?page_id=281"},"modified":"2025-12-16T13:45:43","modified_gmt":"2025-12-16T13:45:43","slug":"muita-blogeja-related-blogs","status":"publish","type":"page","link":"https:\/\/blogit.utu.fi\/researchfundingnow\/muita-blogeja-related-blogs\/","title":{"rendered":"Muita blogeja &#8211; Related Blogs"},"content":{"rendered":"<header id=\"masthead\" class=\"site-header\" role=\"banner\">\n<div class=\"site-header-image\">\n<div class=\"site-branding-wrapper\">\n<div class=\"site-branding\">\n<p>Here you can find other blogs dealing with topics in the field of research and research funding:<\/p>\n<ul>\n<li><a href=\"https:\/\/sites.utu.fi\/openutu\/\">Avoimen tieteen kiihdytt\u00e4m\u00f6<\/a><br \/>\nTurun yliopiston avoimen tieteen kiihdytt\u00e4m\u00f6 on tutkijoiden ja tutkimustuotoksista kiinnostuneiden yhteinen avoimen tieteen kohtauspaikka<\/li>\n<li><a href=\"https:\/\/www.aka.fi\/tietoa-suomen-akatemiasta\/ajankohtaista\/blogi\/\">Suomen Akatemian blogipalsta<\/a><br \/>\nSuomen Akatemian blogissa on vaihtuvia kirjoittajia, p\u00e4\u00e4osin Akatemian henkil\u00f6kuntaa<\/li>\n<li><a href=\"https:\/\/www.oulu.fi\/blogs\/overheads\">Overheads<\/a><br \/>\nBy the Research Support Services at the University of Oulu<\/li>\n<li><a href=\"http:\/\/occamstypewriter.org\/athenedonald\/\">Athene Donald&#8217;s Blog<\/a><br \/>\nBy Athene Donald, Professor of Physics in the Cavendish Laboratory at the University of Cambridge<\/li>\n<li><a href=\"http:\/\/deevybee.blogspot.com\/\">BishopBlog<\/a><br \/>\nBy Dorothy Bishop, Professor of Developmental Neuropsychology at the University of Oxford<\/li>\n<li><a title=\"Cash for Questions: social science research funding, policy, and development\" href=\"http:\/\/socialscienceresearchfunding.co.uk\/\" rel=\"home\">Cash for Questions: social science research funding, policy, and development<\/a><br \/>\nBy Adam Golberg, Research Development Manager in the Faculty of Social Sciences at University of Nottingham<\/li>\n<li class=\"site-title\"><a href=\"https:\/\/jarisaramaki.fi\/\">Jari Saram\u00e4ki &#8211; It&#8217;s Complex<\/a><br \/>\nBy Jari Saram\u00e4ki, Professor and Vice Head at the Department of Computer Science at Aalto University<\/li>\n<li><a href=\"https:\/\/blogs.lse.ac.uk\/impactofsocialsciences\/\">LSE Impact Blog &#8211; Maximising the impact of academic research<\/a><br \/>\nBy a blog team based in the central LSE Communications division, at the London School of Economics and Political Science<\/li>\n<li><a href=\"http:\/\/occamstypewriter.org\/mindthegap\/\">Mind the Gap<\/a><br \/>\nBy Jenny Rohn, Cell Biologist at the University College London<\/li>\n<li><a href=\"https:\/\/theresearchwhisperer.wordpress.com\/\">The Research Whisperer: Just like the Thesis Whisperer \u2013 but with more money<\/a><br \/>\nBy Jonathan O&#8217;Donnell and Tseen Khoo, Senior Advisors, Research Development at the RMIT University<\/li>\n<\/ul>\n<\/div>\n<\/div>\n<\/div>\n<\/header>\n","protected":false},"excerpt":{"rendered":"<p>Here you can find other blogs dealing with topics in the field of research and research funding: Avoimen tieteen kiihdytt\u00e4m\u00f6 Turun yliopiston avoimen tieteen kiihdytt\u00e4m\u00f6 &hellip;<\/p>\n","protected":false},"author":1913,"featured_media":0,"parent":0,"menu_order":0,"comment_status":"closed","ping_status":"closed","template":"","meta":{"footnotes":""},"class_list":["post-281","page","type-page","status-publish","hentry"],"featured_image_urls_v2":{"full":"","thumbnail":"","medium":"","medium_large":"","large":"","1536x1536":"","2048x2048":"","post-thumbnail":"","esotera-featured":"","esotera-featured-lp":"","esotera-featured-half":"","esotera-featured-third":"","esotera-lpbox-1":"","esotera-lpbox-2":""},"post_excerpt_stackable_v2":"<p>Here you can find other blogs dealing with topics in the field of research and research funding: Avoimen tieteen kiihdytt\u00e4m\u00f6 Turun yliopiston avoimen tieteen kiihdytt\u00e4m\u00f6 on tutkijoiden ja tutkimustuotoksista kiinnostuneiden yhteinen avoimen tieteen kohtauspaikka Suomen Akatemian blogipalsta Suomen Akatemian blogissa on vaihtuvia kirjoittajia, p\u00e4\u00e4osin Akatemian henkil\u00f6kuntaa Overheads By the Research Support Services at the University of Oulu Athene Donald&#8217;s Blog By Athene Donald, Professor of Physics in the Cavendish Laboratory at the University of Cambridge BishopBlog By Dorothy Bishop, Professor of Developmental Neuropsychology at the University of Oxford Cash for Questions: social science research funding, policy, and development By Adam&hellip;<\/p>\n","category_list_v2":"","author_info_v2":{"name":"Sirpa Saariaho","url":"https:\/\/blogit.utu.fi\/researchfundingnow\/author\/simasa\/"},"comments_num_v2":"0 comments","_links":{"self":[{"href":"https:\/\/blogit.utu.fi\/researchfundingnow\/wp-json\/wp\/v2\/pages\/281","targetHints":{"allow":["GET"]}}],"collection":[{"href":"https:\/\/blogit.utu.fi\/researchfundingnow\/wp-json\/wp\/v2\/pages"}],"about":[{"href":"https:\/\/blogit.utu.fi\/researchfundingnow\/wp-json\/wp\/v2\/types\/page"}],"author":[{"embeddable":true,"href":"https:\/\/blogit.utu.fi\/researchfundingnow\/wp-json\/wp\/v2\/users\/1913"}],"replies":[{"embeddable":true,"href":"https:\/\/blogit.utu.fi\/researchfundingnow\/wp-json\/wp\/v2\/comments?post=281"}],"version-history":[{"count":22,"href":"https:\/\/blogit.utu.fi\/researchfundingnow\/wp-json\/wp\/v2\/pages\/281\/revisions"}],"predecessor-version":[{"id":2346,"href":"https:\/\/blogit.utu.fi\/researchfundingnow\/wp-json\/wp\/v2\/pages\/281\/revisions\/2346"}],"wp:attachment":[{"href":"https:\/\/blogit.utu.fi\/researchfundingnow\/wp-json\/wp\/v2\/media?parent=281"}],"curies":[{"name":"wp","href":"https:\/\/api.w.org\/{rel}","templated":true}]}}