{"id":5,"date":"2018-11-23T14:35:28","date_gmt":"2018-11-23T14:35:28","guid":{"rendered":"https:\/\/blogit.utu.fi\/researchfundingnow\/?page_id=2"},"modified":"2024-09-30T13:11:40","modified_gmt":"2024-09-30T13:11:40","slug":"contact","status":"publish","type":"page","link":"https:\/\/blogit.utu.fi\/researchfundingnow\/contact\/","title":{"rendered":"Yhteystiedot ja kirjoittajat &#8211; Contacts and Writers"},"content":{"rendered":"<hr \/>\n<h1>Yhteystiedot &#8211; Contacts<\/h1>\n<p>Meihin voit ottaa yhteytt\u00e4 osoitteessa tutkimuspalvelut (at) utu.fi.<br \/>UTUlaiset voivat tutustua palveluihimme <a href=\"https:\/\/intranet.utu.fi\/fi\/Yksikko\/tutkimuspalvelut\/\">Turun yliopiston intranetiss\u00e4.<\/a><\/p>\n<p>Turun yliopiston intranetiss\u00e4.You can contact us at researchservices (at) utu.fi.<br \/>If you work or study at the University of Turku, you can <a href=\"https:\/\/intranet.utu.fi\/en\/unit\/research-services\">find us on the intranet<\/a>.<\/p>\n<p><strong>Follow us on social media<\/strong><\/p>\n<ul>\n<li><strong>Facebook\u00a0<\/strong>group\u00a0<a href=\"https:\/\/www.facebook.com\/groups\/ResearchersatUTU\/\">Researchers at the University of Turku\u00a0<\/a><\/li>\n<li><strong>LinkedIn<\/strong><strong>\u00a0<\/strong>page\u00a0\u00a0<a href=\"https:\/\/www.linkedin.com\/showcase\/utu-research-funding\/\">UTU Research Services<\/a><\/li>\n<li><strong>X<\/strong>\u00a0<a href=\"https:\/\/twitter.com\/utu_serv\">@utu_serv<\/a><\/li>\n<\/ul>\n<hr \/>\n<h1>Kirjoittajat\u00a0 &#8211; Writers<\/h1>\n<div class=\"article article-left\">\n<div class=\"article-content ms-rteElement-H4\">\n<div id=\"ctl00_PlaceHolderMain_RichHtmlField2__ControlWrapper_RichHtmlField\" class=\"ms-rtestate-field\">\n<p>Blogin kirjoittajat ovat Turku yliopiston tutkimuspalvelut-yksik\u00f6n nykyisi\u00e4 ja entisi\u00e4 ty\u00f6ntekij\u00f6it\u00e4.<\/p>\n<p>The writers are current and past employees of the Research Services unit at the University of Turku.<\/p>\n<p><a href=\"https:\/\/research.utu.fi\/converis\/portal\/detail\/Person\/886925?auxfun=&amp;lang=en_GB\">Kehitt\u00e4misp\u00e4\u00e4llikk\u00f6 Soile Haverinen<\/a><\/p>\n<p><a href=\"https:\/\/research.utu.fi\/converis\/portal\/Person\/967697?auxfun=&amp;lang=fi_FI\">Palvelup\u00e4\u00e4llikk\u00f6 Tanja Sarlin<\/a><\/p>\n<p><a href=\"https:\/\/research.utu.fi\/converis\/portal\/Person\/1057161?auxfun=&amp;lang=en_GB\" target=\"_blank\" rel=\"noopener noreferrer\">Palvelup\u00e4\u00e4llikk\u00f6 Annukka Malmsten<\/a><\/p>\n<p><a href=\"https:\/\/research.utu.fi\/converis\/portal\/Person\/755856?auxfun=&amp;lang=en_GB\" target=\"_blank\" rel=\"noopener noreferrer\">Tutkimusrahoituksen asiantuntija Pia Carpelan<\/a><\/p>\n<p><a href=\"https:\/\/research.utu.fi\/converis\/portal\/Person\/44090498?auxfun=&amp;lang=fi_FI\">Tutkimusrahoituksen asiantuntija Hanna Honkanen<\/a><\/p>\n<p class=\"utu-rte2Element-P\"><a href=\"https:\/\/research.utu.fi\/converis\/portal\/Person\/774565?auxfun=&amp;lang=fi_FI\" target=\"_blank\" rel=\"noopener noreferrer\">Tutkimusrahoituksen asiantuntija Lauri Keskinen<\/a><\/p>\n<p><a href=\"https:\/\/research.utu.fi\/converis\/portal\/Person\/1056949?auxfun=&amp;lang=fi_FI\" target=\"_blank\" rel=\"noopener noreferrer\">Tutkimusrahoituksen asiantuntija Maritta L\u00f6yt\u00f6m\u00e4ki<\/a><\/p>\n<p><a href=\"https:\/\/research.utu.fi\/converis\/portal\/Person\/890953?auxfun=&amp;lang=fi_FI\" target=\"_blank\" rel=\"noopener noreferrer\">Tutkimusrahoituksen asiantuntija Maria Maunula<\/a><\/p>\n<p><a href=\"https:\/\/research.utu.fi\/converis\/portal\/detail\/Person\/27700704?auxfun=&amp;lang=en_GB\">Tutkimusrahoituksen asiantuntija Ville Myllynp\u00e4\u00e4<\/a><\/p>\n<p><a href=\"https:\/\/research.utu.fi\/converis\/portal\/Person\/877597?auxfun=&amp;lang=fi_FI\" target=\"_blank\" rel=\"noopener noreferrer\">Tutkimusrahoituksen asiantuntija Mika Orjala<\/a><\/p>\n<p><a href=\"https:\/\/research.utu.fi\/converis\/portal\/Person\/22116942?auxfun=&amp;lang=en_GB\" target=\"_blank\" rel=\"noopener noreferrer\">Tutkimusrahoituksen asiantuntija Anu Raunio<\/a><\/p>\n<p><a href=\"https:\/\/research.utu.fi\/converis\/portal\/Person\/1001935?auxfun=&amp;lang=fi_FI\" target=\"_blank\" rel=\"noopener noreferrer\">Tutkimusrahoituksen asiantuntija Johanna Toivonen de Gonzales<\/a><\/p>\n<p><a href=\"https:\/\/research.utu.fi\/converis\/portal\/Person\/1059122?auxfun=&amp;lang=fi_FI\" target=\"_blank\" rel=\"noopener noreferrer\">Projektikoordinaattori Sirpa Saariaho<\/a><\/p>\n<p><a href=\"https:\/\/research.utu.fi\/converis\/portal\/Person\/968015?auxfun=&amp;lang=fi_FI\" target=\"_blank\" rel=\"noopener noreferrer\">Projektikoordinaattori Kaisa Vuori<\/a><\/p>\n<\/div>\n<\/div>\n<\/div>\n\n\n<p><\/p>\n","protected":false},"excerpt":{"rendered":"<p>Yhteystiedot &#8211; Contacts Meihin voit ottaa yhteytt\u00e4 osoitteessa tutkimuspalvelut (at) utu.fi.UTUlaiset voivat tutustua palveluihimme Turun yliopiston intranetiss\u00e4. Turun yliopiston intranetiss\u00e4.You can contact us at researchservices &hellip;<\/p>\n","protected":false},"author":1913,"featured_media":0,"parent":0,"menu_order":0,"comment_status":"closed","ping_status":"open","template":"","meta":{"footnotes":""},"class_list":["post-5","page","type-page","status-publish","hentry"],"featured_image_urls_v2":{"full":"","thumbnail":"","medium":"","medium_large":"","large":"","1536x1536":"","2048x2048":"","post-thumbnail":"","esotera-featured":"","esotera-featured-lp":"","esotera-featured-half":"","esotera-featured-third":"","esotera-lpbox-1":"","esotera-lpbox-2":""},"post_excerpt_stackable_v2":"<p>Yhteystiedot &#8211; Contacts Meihin voit ottaa yhteytt\u00e4 osoitteessa tutkimuspalvelut (at) utu.fi.UTUlaiset voivat tutustua palveluihimme Turun yliopiston intranetiss\u00e4. Turun yliopiston intranetiss\u00e4.You can contact us at researchservices (at) utu.fi.If you work or study at the University of Turku, you can find us on the intranet. Follow us on social media Facebook\u00a0group\u00a0Researchers at the University of Turku\u00a0 LinkedIn\u00a0page\u00a0\u00a0UTU Research Services X\u00a0@utu_serv Kirjoittajat\u00a0 &#8211; Writers Blogin kirjoittajat ovat Turku yliopiston tutkimuspalvelut-yksik\u00f6n nykyisi\u00e4 ja entisi\u00e4 ty\u00f6ntekij\u00f6it\u00e4. The writers are current and past employees of the Research Services unit at the University of Turku. Kehitt\u00e4misp\u00e4\u00e4llikk\u00f6 Soile Haverinen Palvelup\u00e4\u00e4llikk\u00f6 Tanja Sarlin Palvelup\u00e4\u00e4llikk\u00f6 Annukka Malmsten Tutkimusrahoituksen asiantuntija Pia&hellip;<\/p>\n","category_list_v2":"","author_info_v2":{"name":"Sirpa Saariaho","url":"https:\/\/blogit.utu.fi\/researchfundingnow\/author\/simasa\/"},"comments_num_v2":"0 comments","_links":{"self":[{"href":"https:\/\/blogit.utu.fi\/researchfundingnow\/wp-json\/wp\/v2\/pages\/5","targetHints":{"allow":["GET"]}}],"collection":[{"href":"https:\/\/blogit.utu.fi\/researchfundingnow\/wp-json\/wp\/v2\/pages"}],"about":[{"href":"https:\/\/blogit.utu.fi\/researchfundingnow\/wp-json\/wp\/v2\/types\/page"}],"author":[{"embeddable":true,"href":"https:\/\/blogit.utu.fi\/researchfundingnow\/wp-json\/wp\/v2\/users\/1913"}],"replies":[{"embeddable":true,"href":"https:\/\/blogit.utu.fi\/researchfundingnow\/wp-json\/wp\/v2\/comments?post=5"}],"version-history":[{"count":29,"href":"https:\/\/blogit.utu.fi\/researchfundingnow\/wp-json\/wp\/v2\/pages\/5\/revisions"}],"predecessor-version":[{"id":2270,"href":"https:\/\/blogit.utu.fi\/researchfundingnow\/wp-json\/wp\/v2\/pages\/5\/revisions\/2270"}],"wp:attachment":[{"href":"https:\/\/blogit.utu.fi\/researchfundingnow\/wp-json\/wp\/v2\/media?parent=5"}],"curies":[{"name":"wp","href":"https:\/\/api.w.org\/{rel}","templated":true}]}}