{"id":180,"date":"2018-10-04T06:39:27","date_gmt":"2018-10-04T06:39:27","guid":{"rendered":"https:\/\/blogit.utu.fi\/resqu2\/?page_id=180"},"modified":"2022-07-01T10:22:19","modified_gmt":"2022-07-01T10:22:19","slug":"resqu2-elsewhere","status":"publish","type":"page","link":"https:\/\/blogit.utu.fi\/resqu2\/resqu2-elsewhere\/","title":{"rendered":"ResQU2 ELSEWHERE"},"content":{"rendered":"<h4>Links to ResQU2 Project Platform in media<\/h4>\n<p>13 June 2022 Baltic Stories Magazine<br \/>\n<a href=\"https:\/\/issuu.com\/pomorskieregion\/docs\/baltic_stories_spring_summer_2022\">ResQU2 &#8211; Increasing Emergency Prepredness<\/a><\/p>\n<p>21 October 2021 Brahea Centre Blog Maalta ja merelt\u00e4<br \/>\n<a href=\"https:\/\/blogit.utu.fi\/maalta-ja-merelta\/en\/2021\/10\/21\/resqu2-project-platform-knowledge-sharing-and-co-operation-increase-maritime-emergency-preparedness\/\">ResQU2 Project Platform: Knowledge sharing and co-operation increase maritime emergency preparedness<\/a><\/p>\n<p>2 August 2021 Turku-Southwest Finland European Office<br \/>\n<a href=\"https:\/\/www.turkueuoffice.fi\/uutinen\/2021-08-02_eu-hankkeet-tutuksi-resqu2-edistaa-pelastustoiminnan-yhteistyota-itamerella\">&#8220;EU-hankkeet tutksi: ResQU2 edist\u00e4\u00e4 pelastustoiminnan yhteisty\u00f6t\u00e4 It\u00e4merell\u00e4&#8221;<\/a><\/p>\n<p>10 June 2021 Interreg Baltic Sea Region: Interreg stories<br \/>\n<a href=\"https:\/\/www.interreg-baltic.eu\/news-detail\/news\/better-prepared-for-emergencies-thanks-to-interreg.html\">Better prepared for emergencies thanks to Interreg<\/a><\/p>\n<p>2 June 2021 Centre for Maritime Studies News<br \/>\n&#8220;<a href=\"https:\/\/www.utu.fi\/en\/news\/resqu2-over-but-not-out-network-continues-co-operation\">ResQU2 over but not out: network continues co-operation<\/a>&#8221;<\/p>\n<p>26 May 2021 4th newsletter for PA Safe &amp; PA Ship<br \/>\n&#8220;<a href=\"https:\/\/nyhedsbrev.dma.dk\/x\/pJtgpVoDXhUGYEI9W09CV55RmcupPBxteof_haFXe3KKm4M3RQMnIrmBuQahE5_a50IhQO8rjopRTCxMaYFTyOQh4AoKS50pbVCGZQ\/\">PA Safe project Platform ResQU2 Community \u2013 shoulders to lean on<\/a>&#8221;<\/p>\n<p>30 September 2020 Interreg Baltic Sea Region<br \/>\nResQU2 has the best picture in the category: &#8220;Your project in one picture&#8221;. <a href=\"https:\/\/www.interreg-baltic.eu\/news-detail\/news\/great-project-pictures-that-tell-great-interreg-stories.html\">Great project pictures that tell great Interreg stories!<\/a><\/p>\n<p>25 March 2020 IMRF internet site<br \/>\n<a href=\"https:\/\/www.international-maritime-rescue.org\/chemsar-manual\">ChemSAR Handbook for maritime SAR in HNS incidents<\/a><\/p>\n<p>2019\/4 PA SECURE Newsletter<br \/>\n&#8220;<a href=\"http:\/\/www.bsr-secure.eu\/group\/media-room\/\">New publication by ResQU2: Handbook for Maritime Hybrid Threats<\/a>&#8221;<\/p>\n<p>2019\/3 PA SECURE Newsletter<br \/>\n&#8220;<a href=\"https:\/\/mailchi.mp\/09297cafb343\/pa-secure-newsletter-20193-news-funding-calendar\">ResQU2 Project Platform in Europe Forum in Turku<\/a>&#8221;<\/p>\n<p>May 2019 EUSBSR Policy Area Secure Blog<br \/>\n<a href=\"http:\/\/www.bsr-secure.eu\/fire-and-rescue-innovation-network-grows-fire-in-in-barcelona\/\">Fire and Rescue Innovation Network grows. FIRE-IN Barcelona<\/a><\/p>\n<p>16 April 2019 Interreg Baltic Sea Region Programme Conference 2019<br \/>\n<a href=\"https:\/\/www.youtube.com\/watch?v=3AhVX98U33E\">Reflections of conference reporters<\/a>.<\/p>\n<p>18 March 2019 Baltic Ports Organization e-Shot<br \/>\n<a href=\"http:\/\/www.bpoports.com\/bpo-at-the-hazard-final-conference-in-tallinn.html\">BPO at the HAZARD Final Conference in Tallinn<\/a> (HAZARD is one of the ResQU2 projects)<\/p>\n<p>17 December 2018 Newsletter PA SAFE<br \/>\n<a href=\"https:\/\/mailchi.mp\/38a154e15581\/eusbsr-pa-safe-newsletter-2?e=9297599cf9\">Blogpost about Project Platform ResQU2<\/a><\/p>\n<p>29 October 2018 Interreg Baltic Sea Region News<br \/>\n<a href=\"https:\/\/www.interreg-baltic.eu\/news-detail\/news\/six-platforms-kick-off-to-take-projects-results-further.html\">Six platforms kick off to take projects results further<\/a><\/p>\n<p>October 2018 EUSBSR Policy Area Secure Blog<br \/>\n<a href=\"http:\/\/www.bsr-secure.eu\/interreg-bsr-creates-clusters-projects-to-maximise-the-results\/\">Interreg BSR clusters projects to maximise the results<\/a><\/p>\n<p>2 October 2018 PA SAFE Newsletter<br \/>\nEUSBSR Annual Forum 2018: <a href=\"https:\/\/mailchi.mp\/7742f235462f\/pa-safe-newsletter-1?e=45722aa6c7\">The life-cycle of exercises<\/a><\/p>\n<p>Panorama &#8211; Focusing on European Regional and Urban Policy, summer 2019, No. 69<br \/>\n<a href=\"https:\/\/blogit.utu.fi\/resqu2\/wp-content\/uploads\/sites\/163\/2019\/09\/Panorama-summer-2019-no-69_DiveSMART-p-12.pdf\">Interreg: the European Spirit in Action. The Final Countdown.<\/a> (About DiveSMART Baltic)<\/p>\n<p>29 June 2018 Pomorze Zachodnie<br \/>\n<a href=\"http:\/\/www.ewt.wzp.pl\/region-morza-baltyckiego\/wybrano-platformy-projektowe-w-programie-region-morza-baltyckiego\">Wybrano platformy projektowe w Programie Region Morza Ba\u0142tyckiego<\/a><\/p>\n<p>7 June 2018 Scandria news<br \/>\n<a href=\"https:\/\/www.scandria-corridor.eu\/index.php\/de\/news\/562-six-project-platforms\">Sechs Projektplattformen vom Begleitausschuss des Interreg Ostseeraums ausgew\u00e4hlt<\/a><\/p>\n<h4><\/h4>\n<h4>Links to ResQU2 Project Platform on platform partners&#8217; internet sites<\/h4>\n<p>Latvian Maritime Academy \/ Latvijas J\u016bras akad\u0113mija: <a href=\"http:\/\/www.latja.lv\/projekti\/latvijas-juras-akademija-ir-uzsakusi-sadarbibu-interreg-baltijas-juras-regiona-programmas-starptautiskas-petniecibas-projekta-resqu2\/\">Latvijas J\u016bras akad\u0113mija ir uzs\u0101kusi sadarb\u012bbu INTERREG Baltijas j\u016bras re\u0123iona programmas starptautisk\u0101s p\u0113tniec\u012bbas projekt\u0101 ResQU2<\/a> (in Latvian)<\/p>\n<p>Fire and Rescue Department of Lithuania: <a href=\"https:\/\/pagd.lrv.lt\/lt\/veiklos-sritys-1\/projektai\/interreg-es-teritorinio-bendradarbiavimo-tikslo-programos-projektai\/c005-resqu2-projektas\">ResQU2 projektas<\/a> (In Lithuanian)<\/p>\n<p>Egentliga Finlands R\u00e4ddningsverk: <a href=\"http:\/\/www.vspelastus.fi\/sv\/resqu2\">ResQU2<\/a> (in Swedish; p\u00e5 svenska)<\/p>\n<p>Southwest Finland Emergency Services: <a href=\"https:\/\/www.vspelastus.fi\/en\/resqu2\">ResQU2\u00a0<\/a>(in English)<\/p>\n<p>Varsinais-Suomen Pelastuslaitos: <a href=\"https:\/\/www.vspelastus.fi\/resQU2\">ResQU2<\/a> (in Finnish; suomeksi)<\/p>\n<p>Centre for Maritime Studies: <a href=\"https:\/\/www.utu.fi\/en\/university\/sea-and-maritime-studies-cms\/maritime-safety-and-security\">ResQU2 &#8211; Project Platform Increasing Preparedness<\/a> (in English)<\/p>\n<p>Rajavartiolaitos: <a href=\"https:\/\/raja.fi\/resqu2\">ResQU2 edist\u00e4\u00e4 varautumista ja koordinointia pelastustoimissa merell\u00e4 ja satamissa It\u00e4meren alueella<\/a>\u00a0 (In Finnish, suomeksi)<\/p>\n","protected":false},"excerpt":{"rendered":"<p>Links to ResQU2 Project Platform in media 13 June 2022 Baltic Stories Magazine ResQU2 &#8211; Increasing Emergency Prepredness 21 October 2021 Brahea Centre Blog Maalta ja merelt\u00e4 ResQU2 Project Platform: Knowledge sharing and co-operation increase maritime emergency preparedness 2 August 2021 Turku-Southwest Finland European Office &#8220;EU-hankkeet tutksi: ResQU2 edist\u00e4\u00e4 pelastustoiminnan yhteisty\u00f6t\u00e4 It\u00e4merell\u00e4&#8221; 10 June 2021&hellip;<\/p>\n<p class=\"more-link-wrapper\"><a class=\"more-link\" href=\"https:\/\/blogit.utu.fi\/resqu2\/resqu2-elsewhere\/\">Continue<\/a><\/p>\n","protected":false},"author":182,"featured_media":0,"parent":0,"menu_order":0,"comment_status":"closed","ping_status":"closed","template":"","meta":{"footnotes":""},"class_list":["post-180","page","type-page","status-publish","hentry"],"_links":{"self":[{"href":"https:\/\/blogit.utu.fi\/resqu2\/wp-json\/wp\/v2\/pages\/180","targetHints":{"allow":["GET"]}}],"collection":[{"href":"https:\/\/blogit.utu.fi\/resqu2\/wp-json\/wp\/v2\/pages"}],"about":[{"href":"https:\/\/blogit.utu.fi\/resqu2\/wp-json\/wp\/v2\/types\/page"}],"author":[{"embeddable":true,"href":"https:\/\/blogit.utu.fi\/resqu2\/wp-json\/wp\/v2\/users\/182"}],"replies":[{"embeddable":true,"href":"https:\/\/blogit.utu.fi\/resqu2\/wp-json\/wp\/v2\/comments?post=180"}],"version-history":[{"count":23,"href":"https:\/\/blogit.utu.fi\/resqu2\/wp-json\/wp\/v2\/pages\/180\/revisions"}],"predecessor-version":[{"id":4133,"href":"https:\/\/blogit.utu.fi\/resqu2\/wp-json\/wp\/v2\/pages\/180\/revisions\/4133"}],"wp:attachment":[{"href":"https:\/\/blogit.utu.fi\/resqu2\/wp-json\/wp\/v2\/media?parent=180"}],"curies":[{"name":"wp","href":"https:\/\/api.w.org\/{rel}","templated":true}]}}