{"id":128,"date":"2019-03-11T11:18:00","date_gmt":"2019-03-11T11:18:00","guid":{"rendered":"https:\/\/blogit.utu.fi\/sexualcultures\/?page_id=128"},"modified":"2019-05-27T11:59:23","modified_gmt":"2019-05-27T11:59:23","slug":"programme","status":"publish","type":"page","link":"https:\/\/blogit.utu.fi\/sexualcultures\/programme\/","title":{"rendered":"Programme"},"content":{"rendered":"<p><strong>Tuesday 28.5.<\/strong><\/p>\n<p>9:30 registration and coffee (Sirkkala lobby, by Janus hall)<\/p>\n<p>10:15 Welcome (Janus)<\/p>\n<p>10:30-11:30 keynote (Janus): Kane Race, <em>Loose Ends: playing the field of digital sex. <\/em>Chair Susanna Paasonen<\/p>\n<p>12:00-13:00 workshops 1-3<\/p>\n<p>1. (E325, chair: Susanna Paasonen)<br \/>\nJamie Hakim, <em>The Celebrity Male Nude Leak: the male body and sexual play as value creation in neoliberal times<\/em><br \/>\nJohn Mercer, <em>The Serious Play of Sex: Documenting Practices of \u2018Recreational\u2019 MSM Sex Online<\/em><\/p>\n<p>2. (E323, chair: Veli-Matti Karhulahti)<br \/>\nAnna-Elena P\u00e4\u00e4kk\u00f6l\u00e4, <em>Tom of Finland, The Musical as Playful Activism<\/em><br \/>\nKatariina Kyr\u00f6l\u00e4, <em>Decolonizing sex\u00a0through play in S\u00e1mi and Two-Spirit online video<\/em><\/p>\n<p>3. (E225, chair: Kaisu Hynn\u00e4)<br \/>\nMiikka J. Lehtonen, <em>Visualizing pleasure: exploring sensations and meanings of orgasms through visual methods<\/em><br \/>\nJ.Tuomas Harviainen, <em>Leaving the Swing: Why Non-monogamous Women Leave Group Sex Communities<\/em><\/p>\n<p>lunch (on your own)<\/p>\n<p>coffee 14-14:30 (lobby)<\/p>\n<p>14:30-16:00 workshops 4-6<\/p>\n<p>4. (E325, chair: Katariina Kyr\u00f6l\u00e4)<br \/>\nKristian M\u00f8ller, <em>The emergence and modulation of chemsex imaginaries on Pornhub and a video conferencing service<\/em><br \/>\nKerryn Drysdale, <em>Crystal-sex in Australia: a case for extending analysis of hook up cultures beyond sex<\/em><\/p>\n<p>5. (E323, chair: Daniel Cardoso)<br \/>\nFeona Attwood, <em>Porn, play and pleasure<\/em><br \/>\nPaul Byron, <em>Playing for real: Porn research and media literacies<\/em><br \/>\nIngrid Olson, <em>Pornography, Play, and Playfulness in the Nina Hartley Fan Mail Archive<\/em><\/p>\n<p>6. (E221)<br \/>\nVeli-Matti Karhulahti &amp; al., Koulu 3 panel<\/p>\n<p>coffee 16-16:30 (lobby)<\/p>\n<p>16:30-18:00 workshops 7-8<\/p>\n<p>7. (E323, chair Mari Pajala )<br \/>\nCaroline Bem, <em>Colourful Cockfights and Good Intentions: The Cute, the Funny, and the Woke in Genital Jousting<\/em><br \/>\nVeli-Matti Karhulahti, <em>Sexuality as a Pattern in Videogame Design<\/em><br \/>\nJaakko Suominen,<em> \u201cDaddy Kept Playing Strip Poker After I Had Already Given up\u201d \u2013 Finnish Memories of Home Computer Erotica<\/em><\/p>\n<p>8. (E221, chair Valo V\u00e4h\u00e4passi)<br \/>\nJenny Sund\u00e9n, <em>The unsolicited pussy pic<\/em><br \/>\nKath Albury, <em>Playful pedagogies in hookup app culture<\/em><br \/>\nCharlie Sarson,<em> Playing it Straight: Being and doing &#8216;straight-acting&#8217;<\/em><\/p>\n<p>Conference dinner, 19:00, <a href=\"http:\/\/Restaurant H\u00fcgge\">Restaurant H\u00fcgge<\/a><\/p>\n<p><strong>Wednesday 29.5.<\/strong><br \/>\n10:00-11:30 workshops 9-11<\/p>\n<p>9. (E325, chair Caroline Bem)<br \/>\nJohanna Pohtinen, <em>Being kinky in the vanilla world: Fictional narrative as an ethnographic method<\/em><br \/>\nSusanne Schotanus, <em>Playing with concepts in BDSM discourse<\/em><br \/>\nJordana Greenblatt, <em>Aerial, Apparatus, Assemblage: Pain, Pleasure, Fetish, and the Circus Body Without Organs<\/em><\/p>\n<p>10. (E323, chair Mari Lehto)<br \/>\nClarissa Smith, <em>I use it every day except Sundays!<\/em><br \/>\nShawn Suyong Yi Jones, <em>From Pleasure to Distraction: The Porn-Viewing Room in Taiwanese and Korean Gay Men\u2019s Saunas<\/em><br \/>\nMichaela Lebed\u00edkov\u00e1, <em>Between objectification and agency: the most watched pornographic videos in Czech Republic<\/em><\/p>\n<p>11. (E225, chair Daniel Cardoso)<br \/>\nNita-Helena Taivaloja &amp; J. Tuomas Harviainen, <em>BREAKING FREE &#8211; Emancipation and stigma in consensually non-monogamous relationships<\/em><br \/>\nAljosa Puzar, <em>East Asian copulatory vocalizations and\/as female sexual play<\/em><br \/>\nVictoria Brooks, <em>When is fucking-with too fucking much?<\/em><\/p>\n<p>coffee 11:30-12:00 (lobby)<\/p>\n<p>12:00-13:00 keynote (Janus): Katrin Tiidenberg, <em>Fieldnotes from the playground \u2013 a love letter to the 2011\u20132018 Tumblr. <\/em>Chair Jenny Sund\u00e9n<\/p>\n<p>lunch (on your own)<\/p>\n<p>14:30-16:00 workshops 12-13<\/p>\n<p>12. (E325, chair Jenny Sund\u00e9n)<br \/>\nOliver Carter, <em>Your Choice: The Transnational Trade in Hardcore Pornography<\/em><br \/>\nMari Pajala, <em>Playful performances of sexuality: Monsieur Mosse as a gay celebrity in straight porn magazines in 1980s Finland<\/em><br \/>\nDaniel Cardoso, <em>The value of print: Post-porn magazines and artistic difference<\/em><\/p>\n<p>13. (E323, chair Katariina Kyr\u00f6l\u00e4)<br \/>\nIhsan Asman, <em>Monotony, imagination and toys: Playing with and through porn in Turkey<\/em><br \/>\nTanja Sihvonen, <em>&#8220;My Games are\u2026 Unconventional\u201d &#8211; A Literary Cross-examination of Game and BDSM Studies<\/em><br \/>\nMaria Ruotsalainen &amp; Tanja V\u00e4lisalo,<em> \u201cBecause he is gay like me (im not joking)\u201d The role of the sexual orientation of playable heroes and professional players in Overwatch fandom<\/em><\/p>\n<p>coffee 16-16:30 (lobby)<\/p>\n<p style=\"margin: 0cm;margin-bottom: .0001pt\">16:30-17:30\u00a0 keynote: Tom Apperley, <em>What gamer girl porn has to tell us about toxic masculinity in gamer culture.<\/em> Chair Veli-Matti Karhulahti<em><br \/>\n<\/em><\/p>\n<p>bubbly! (lobby)<\/P><\/p>\n","protected":false},"excerpt":{"rendered":"<p>Tuesday 28.5. 9:30 registration and coffee (Sirkkala lobby, by Janus hall) 10:15 Welcome (Janus) 10:30-11:30 keynote (Janus): Kane Race, Loose Ends: playing the field of digital sex. Chair Susanna Paasonen 12:00-13:00 workshops 1-3 1. (E325, chair: Susanna Paasonen) Jamie Hakim, &hellip; <a href=\"https:\/\/blogit.utu.fi\/sexualcultures\/programme\/\">Continue reading <span class=\"meta-nav\">&rarr;<\/span><\/a><\/p>\n","protected":false},"author":4145,"featured_media":0,"parent":0,"menu_order":0,"comment_status":"closed","ping_status":"closed","template":"","meta":{"footnotes":""},"class_list":["post-128","page","type-page","status-publish","hentry"],"_links":{"self":[{"href":"https:\/\/blogit.utu.fi\/sexualcultures\/wp-json\/wp\/v2\/pages\/128","targetHints":{"allow":["GET"]}}],"collection":[{"href":"https:\/\/blogit.utu.fi\/sexualcultures\/wp-json\/wp\/v2\/pages"}],"about":[{"href":"https:\/\/blogit.utu.fi\/sexualcultures\/wp-json\/wp\/v2\/types\/page"}],"author":[{"embeddable":true,"href":"https:\/\/blogit.utu.fi\/sexualcultures\/wp-json\/wp\/v2\/users\/4145"}],"replies":[{"embeddable":true,"href":"https:\/\/blogit.utu.fi\/sexualcultures\/wp-json\/wp\/v2\/comments?post=128"}],"version-history":[{"count":21,"href":"https:\/\/blogit.utu.fi\/sexualcultures\/wp-json\/wp\/v2\/pages\/128\/revisions"}],"predecessor-version":[{"id":278,"href":"https:\/\/blogit.utu.fi\/sexualcultures\/wp-json\/wp\/v2\/pages\/128\/revisions\/278"}],"wp:attachment":[{"href":"https:\/\/blogit.utu.fi\/sexualcultures\/wp-json\/wp\/v2\/media?parent=128"}],"curies":[{"name":"wp","href":"https:\/\/api.w.org\/{rel}","templated":true}]}}