{"id":180,"date":"2016-12-08T09:46:42","date_gmt":"2016-12-08T07:46:42","guid":{"rendered":"https:\/\/blogit.utu.fi\/sisallissodanmaisemat\/?page_id=180"},"modified":"2017-01-30T11:44:53","modified_gmt":"2017-01-30T09:44:53","slug":"1918-joukkosurmat-porin-lyseossa","status":"publish","type":"page","link":"https:\/\/blogit.utu.fi\/sisallissodanmaisemat\/1918-joukkosurmat-porin-lyseossa\/","title":{"rendered":"1918 joukkosurmat Porin lyseossa"},"content":{"rendered":"<p>Idea videoon syntyi syksyll\u00e4 2016 j\u00e4rjestetyst\u00e4 dokumenttielokuvakurssista, jossa k\u00e4siteltiin vuoden 1918 tapahtumia. Porilaisena halusin k\u00e4sitell\u00e4 kotikaupunkini keskeist\u00e4 tapahtumaa liittyen vuoden 1918 sis\u00e4llisotaan. Porin lyseossa tehty joukkoteloitus, jossa punakaartilaiset ampuivat 11 valkoista uhria, oli mielest\u00e4ni hyvin h\u00e4tk\u00e4hdytt\u00e4v\u00e4 ja j\u00e4rkytt\u00e4v\u00e4 tapaus, jota ei viel\u00e4k\u00e4\u00e4n (eik\u00e4 varmaan koskaan) kykene t\u00e4ysin ymm\u00e4rt\u00e4m\u00e4\u00e4n. Teloitus tiivist\u00e4\u00e4 hyvin koko sodan j\u00e4rjett\u00f6myyden ja seuraukset siit\u00e4, mit\u00e4 tapahtuu kun oman maan kansalaiset k\u00e4yv\u00e4t toisiaan vastaan. Videossa halusin erityisesti korostaa juuri t\u00e4t\u00e4 sotaan liittyv\u00e4\u00e4 j\u00e4rjett\u00f6myytt\u00e4. Videosta ei tullut t\u00e4ysin sellainen kuin halusin, mik\u00e4 johtui odottamattomista teknisist\u00e4 ja aikataulullisista syist\u00e4. T\u00e4st\u00e4 huolimatta olen kokonaisuudessaan lopputulokseen tyytyv\u00e4inen.<\/p>\n<p>Alkuper\u00e4inen suunnitelmani oli asetella kuvauspaikalle revenneit\u00e4 vaatteita ja roiskia niihin tekoverta.\u00a0 T\u00e4m\u00e4 ei kuitenkaan aikataulullisista syist\u00e4 onnistunut. Videolla saan kuitenkin \u201dverist\u00e4\u201d n\u00e4k\u00f6kulmaa tuotua esille punaisella v\u00e4rill\u00e4 (joka on my\u00f6s rajoittunutta johtuen k\u00e4ytetyst\u00e4 videonteko-ohjelmasta) \u00c4\u00e4nitehosteena k\u00e4ytt\u00e4m\u00e4ni kolme aseen laukausta liittyv\u00e4t videossa kuvattuihin tapahtumiin: Kolmen laukauksen ja teloituksen j\u00e4lkeen yksi vangeista l\u00e4hti pakoon.<\/p>\n<p>Videon mustavalkoisuus luo mielest\u00e4ni my\u00f6s hyvin tunnelmaa vaikeasta, haastavasta ja menneisyydess\u00e4 tapahtuneesta asiasta. Lumisuus sopii my\u00f6s hyvin videon tunnelmaan, sill\u00e4 tapahtumien aikana maassa oli lunta ja kova pakkanen.<\/p>\n<p>K\u00e4ytt\u00e4m\u00e4ni musiikki \u201dTension\u201d eli \u201dj\u00e4nnite\u201d on mielest\u00e4ni toimiva videon kohdalla: Se tuo esiin j\u00e4nnittyneen tunnelman, joka vuoden 1918 sodan aikana vallitsi kansalaisten keskuudessa.<\/p>\n<p>-Heikki Rosenholm-<\/p>\n<p>https:\/\/youtu.be\/wU7k9uV_DRA<\/p>\n","protected":false},"excerpt":{"rendered":"<p>Idea videoon syntyi syksyll\u00e4 2016 j\u00e4rjestetyst\u00e4 dokumenttielokuvakurssista, jossa k\u00e4siteltiin vuoden 1918 tapahtumia. Porilaisena halusin k\u00e4sitell\u00e4 kotikaupunkini keskeist\u00e4 tapahtumaa liittyen vuoden 1918 sis\u00e4llisotaan. Porin lyseossa tehty joukkoteloitus, jossa punakaartilaiset ampuivat 11 valkoista uhria, oli mielest\u00e4ni hyvin h\u00e4tk\u00e4hdytt\u00e4v\u00e4 ja j\u00e4rkytt\u00e4v\u00e4 tapaus, jota &hellip; <a href=\"https:\/\/blogit.utu.fi\/sisallissodanmaisemat\/1918-joukkosurmat-porin-lyseossa\/\">Lue loppuun <span class=\"meta-nav\">&rarr;<\/span><\/a><\/p>\n","protected":false},"author":2337,"featured_media":0,"parent":0,"menu_order":0,"comment_status":"closed","ping_status":"closed","template":"","meta":{"footnotes":""},"class_list":["post-180","page","type-page","status-publish","hentry"],"_links":{"self":[{"href":"https:\/\/blogit.utu.fi\/sisallissodanmaisemat\/wp-json\/wp\/v2\/pages\/180","targetHints":{"allow":["GET"]}}],"collection":[{"href":"https:\/\/blogit.utu.fi\/sisallissodanmaisemat\/wp-json\/wp\/v2\/pages"}],"about":[{"href":"https:\/\/blogit.utu.fi\/sisallissodanmaisemat\/wp-json\/wp\/v2\/types\/page"}],"author":[{"embeddable":true,"href":"https:\/\/blogit.utu.fi\/sisallissodanmaisemat\/wp-json\/wp\/v2\/users\/2337"}],"replies":[{"embeddable":true,"href":"https:\/\/blogit.utu.fi\/sisallissodanmaisemat\/wp-json\/wp\/v2\/comments?post=180"}],"version-history":[{"count":9,"href":"https:\/\/blogit.utu.fi\/sisallissodanmaisemat\/wp-json\/wp\/v2\/pages\/180\/revisions"}],"predecessor-version":[{"id":625,"href":"https:\/\/blogit.utu.fi\/sisallissodanmaisemat\/wp-json\/wp\/v2\/pages\/180\/revisions\/625"}],"wp:attachment":[{"href":"https:\/\/blogit.utu.fi\/sisallissodanmaisemat\/wp-json\/wp\/v2\/media?parent=180"}],"curies":[{"name":"wp","href":"https:\/\/api.w.org\/{rel}","templated":true}]}}