{"id":204,"date":"2016-12-08T15:11:57","date_gmt":"2016-12-08T13:11:57","guid":{"rendered":"https:\/\/blogit.utu.fi\/sisallissodanmaisemat\/?page_id=204"},"modified":"2017-01-26T09:17:14","modified_gmt":"2017-01-26T07:17:14","slug":"toisella-puolella","status":"publish","type":"page","link":"https:\/\/blogit.utu.fi\/sisallissodanmaisemat\/toisella-puolella\/","title":{"rendered":"Toisella puolella"},"content":{"rendered":"<p><strong>Punaisten aloittama ampuminen 6.2.1918<\/strong><br \/>\n11 valkoista vankia (enimm\u00e4kseen nuoria luvialaisia talollisten poikia, sek\u00e4 muutama poliisimies ja Karl Kristian Eklund, Raumakyl\u00e4n kansakoulun 50-vuotias opettaja), k\u00e4skettiin seisomaan kasvot kouluun p\u00e4in. Heid\u00e4n ymp\u00e4rill\u00e4\u00e4n oli punakaartilaisia, ven\u00e4l\u00e4isi\u00e4 ja muita uteliaita katselijoita. Ilmapiiri oli h\u00e4mmentynyt ja odottava. Ainoastaan yhdell\u00e4 ven\u00e4l\u00e4isell\u00e4 matruusilla oli tiedossa mit\u00e4 pihalla tulee pian tapahtumaan ja miten vankien kanssa tulisi toimia. H\u00e4n oli Ven\u00e4j\u00e4n laivaston matruusi, virolaissyntyinen Jan Tuckmann. H\u00e4n m\u00e4\u00e4r\u00e4si, ett\u00e4 vankien palttoot, takit, hatut ja keng\u00e4t tuli riisua. Siit\u00e4 huolimatta, ett\u00e4 oli helmikuu ja pakkasta. <\/p>\n<p>Yksi vangeista komennettiin pian erilleen ja kuljetettiin ulkohuoneen sein\u00e4n eteen. T\u00e4m\u00e4n j\u00e4lkeen Tuckmann kokosi teloitusryhm\u00e4n kolmesta ven\u00e4l\u00e4isest\u00e4 matruusista ja kolmesta suomalaisesta, jotka olivat aiemmin uteliaina seuranneet tapahtumaa lautatarhan p\u00e4\u00e4lt\u00e4. Suomalaiset seisoivat eturiviss\u00e4 ja ven\u00e4l\u00e4iset takariviss\u00e4, pistoolit kaikilla k\u00e4dess\u00e4. Tuckmann komensi yhteislaukauksen, joka kaatoi ensimm\u00e4isen vangin verisen\u00e4 maahan. Sittemmin kaksi vankia teloitettiin samalla kaavalla, kunnes yksi vangeista l\u00e4hti juoksemaan karkuun. Vanki onnistui kipuamaan korkean piha-aidan yli ja sai niin hyv\u00e4n etumatkan, ett\u00e4 ehti piiloutua Konstantiininkadulla (nyk. Gallen-Kallelankatu) sijaitsevan talon pesutupaan. Silmin\u00e4kij\u00e4n lausunnon perusteella takaa-ajajat l\u00f6ysiv\u00e4t h\u00e4net kuitenkin pian ja ampuivat. T\u00e4m\u00e4n j\u00e4lkeen ruumis raahattiin takaisin koulun pihalle muiden teloitettujen luokse samaan ruumiskasaan. Pakomatkan aikana muut seitsem\u00e4n vankia oli ehditty siis jo teloittaa. Yleis\u00f6 hajaantui nopeasti tapahtuman loputtua. Ruumiit kuljetettiin hautausmaan ruumishuoneeseen, josta omaiset saivat my\u00f6hemmin k\u00e4yd\u00e4 hakemassa vainajat.<\/p>\n<p>https:\/\/www.youtube.com\/watch?v=O4izB5jzgRQ<\/p>\n","protected":false},"excerpt":{"rendered":"<p>Punaisten aloittama ampuminen 6.2.1918 11 valkoista vankia (enimm\u00e4kseen nuoria luvialaisia talollisten poikia, sek\u00e4 muutama poliisimies ja Karl Kristian Eklund, Raumakyl\u00e4n kansakoulun 50-vuotias opettaja), k\u00e4skettiin seisomaan kasvot kouluun p\u00e4in. Heid\u00e4n ymp\u00e4rill\u00e4\u00e4n oli punakaartilaisia, ven\u00e4l\u00e4isi\u00e4 ja muita uteliaita katselijoita. Ilmapiiri oli h\u00e4mmentynyt &hellip; <a href=\"https:\/\/blogit.utu.fi\/sisallissodanmaisemat\/toisella-puolella\/\">Lue loppuun <span class=\"meta-nav\">&rarr;<\/span><\/a><\/p>\n","protected":false},"author":1197,"featured_media":0,"parent":0,"menu_order":0,"comment_status":"closed","ping_status":"closed","template":"","meta":{"footnotes":""},"class_list":["post-204","page","type-page","status-publish","hentry"],"_links":{"self":[{"href":"https:\/\/blogit.utu.fi\/sisallissodanmaisemat\/wp-json\/wp\/v2\/pages\/204","targetHints":{"allow":["GET"]}}],"collection":[{"href":"https:\/\/blogit.utu.fi\/sisallissodanmaisemat\/wp-json\/wp\/v2\/pages"}],"about":[{"href":"https:\/\/blogit.utu.fi\/sisallissodanmaisemat\/wp-json\/wp\/v2\/types\/page"}],"author":[{"embeddable":true,"href":"https:\/\/blogit.utu.fi\/sisallissodanmaisemat\/wp-json\/wp\/v2\/users\/1197"}],"replies":[{"embeddable":true,"href":"https:\/\/blogit.utu.fi\/sisallissodanmaisemat\/wp-json\/wp\/v2\/comments?post=204"}],"version-history":[{"count":13,"href":"https:\/\/blogit.utu.fi\/sisallissodanmaisemat\/wp-json\/wp\/v2\/pages\/204\/revisions"}],"predecessor-version":[{"id":574,"href":"https:\/\/blogit.utu.fi\/sisallissodanmaisemat\/wp-json\/wp\/v2\/pages\/204\/revisions\/574"}],"wp:attachment":[{"href":"https:\/\/blogit.utu.fi\/sisallissodanmaisemat\/wp-json\/wp\/v2\/media?parent=204"}],"curies":[{"name":"wp","href":"https:\/\/api.w.org\/{rel}","templated":true}]}}