{"id":303,"date":"2016-12-09T09:08:07","date_gmt":"2016-12-09T07:08:07","guid":{"rendered":"https:\/\/blogit.utu.fi\/sisallissodanmaisemat\/?page_id=303"},"modified":"2017-01-30T10:21:31","modified_gmt":"2017-01-30T08:21:31","slug":"neiti-aho","status":"publish","type":"page","link":"https:\/\/blogit.utu.fi\/sisallissodanmaisemat\/neiti-aho\/","title":{"rendered":"Neiti Aho"},"content":{"rendered":"<p>https:\/\/www.youtube.com\/watch?v=jeuDMUJZg68<\/p>\n<p>&nbsp;<\/p>\n<p>\t<!--\n\t\t@page { margin: 2cm }\n\t\tP { margin-bottom: 0.21cm }\n\t--><\/p>\n<p><span style=\"color: #333333\"><span style=\"font-family: Georgia, 'Bitstream Charter', serif\"><span style=\"font-size: medium\">Elokuva k\u00e4sittelee lyhytt\u00e4, ohikiit\u00e4v\u00e4\u00e4 hetke\u00e4 Konttorineiti Ahon el\u00e4m\u00e4ss\u00e4.\u00a0<\/span><\/span><\/span><span style=\"color: #333333\"><span><span style=\"font-size: medium\">Tuo hetki oli <\/span><\/span><\/span><span style=\"color: #333333\"><span><span style=\"font-size: medium\">ratkaiseva<\/span><\/span><\/span><span style=\"color: #333333\"><span><span style=\"font-size: medium\">, <\/span><\/span><\/span><span style=\"color: #333333\"><span><span style=\"font-size: medium\">h\u00e4n v\u00e4lttyi kuolemantuomiolta.\u00a0<\/span><\/span><\/span><span style=\"color: #333333\"><span><span style=\"font-size: medium\">Neiti Aho oli vangittuna <\/span><\/span><\/span><span style=\"color: #333333\"><span><span style=\"font-size: medium\">itselleen t\u00e4ysin tutussa ymp\u00e4rist\u00f6ss\u00e4.\u00a0<\/span><\/span><\/span><span style=\"color: #333333\"><span><span style=\"font-size: medium\">Kun h\u00e4n vapautui,<\/span><\/span><\/span> <span style=\"color: #333333\"><span><span style=\"font-size: medium\">h\u00e4n tiesi koko alueen olevan punaisten hallussa. H\u00e4nen tuli l\u00f6yt\u00e4\u00e4 turvapaikka.<\/span><\/span><\/span><\/p>\n<p><span style=\"color: #333333\"><span style=\"font-family: Georgia, 'Bitstream Charter', serif\"><span style=\"font-size: medium\">Elokuvan v\u00e4l\u00e4hdyksenomaiset kuvat kertovat siit\u00e4, miten tuttu maisema muuttuu h\u00e4d\u00e4n hetkell\u00e4 vieraaksi. <\/span><\/span><\/span><span style=\"color: #333333\"><span style=\"font-family: Georgia, 'Bitstream Charter', serif\"><span style=\"font-size: medium\">Siit\u00e4 tulee jonkinlainen tapahtumien n\u00e4ytt\u00e4m\u00f6. Kokija aistii vain joitakin maiseman fragmentteja. Maiseman voidaan ajatella olevan minuuden jatke. Kun oma tunnetila muuttuu, saa maisemakin erilaisia merkityksi\u00e4.<\/span><\/span><\/span><\/p>\n<p>&nbsp;<\/p>\n<p><span style=\"color: #333333\"><span style=\"font-family: Georgia, 'Bitstream Charter', serif\"><span style=\"font-size: medium\">Turun yliopisto, Kulttuurituotannon ja maisemantutkimuksen koulutusohjelma <\/span><\/span><\/span><span style=\"color: #333333\"><span style=\"font-family: Georgia, 'Bitstream Charter', serif\"><span style=\"font-size: medium\">Dokumenttielokuvan teko Satakunnasta 1918 -kurssi<\/span><\/span><\/span><\/p>\n<p><span style=\"color: #333333\"><span style=\"font-family: Georgia, 'Bitstream Charter', serif\"><span style=\"font-size: medium\">Joulukuu<\/span><\/span><\/span><span style=\"color: #333333\"><span style=\"font-family: Georgia, 'Bitstream Charter', serif\"><span style=\"font-size: medium\"> 2016. <\/span><\/span><\/span><\/p>\n<p><span style=\"color: #333333\"><span style=\"font-family: Georgia, 'Bitstream Charter', serif\"><span style=\"font-size: medium\">Saida Lindroos<\/span><\/span><\/span><\/p>\n<p><span style=\"color: #333333\"><span style=\"font-family: Georgia, 'Bitstream Charter', serif\"><span style=\"font-size: medium\">Ahlstr\u00f6min ruukkialue, Noormarkku<\/span><\/span><\/span><\/p>\n","protected":false},"excerpt":{"rendered":"<p>https:\/\/www.youtube.com\/watch?v=jeuDMUJZg68 &nbsp; Elokuva k\u00e4sittelee lyhytt\u00e4, ohikiit\u00e4v\u00e4\u00e4 hetke\u00e4 Konttorineiti Ahon el\u00e4m\u00e4ss\u00e4.\u00a0Tuo hetki oli ratkaiseva, h\u00e4n v\u00e4lttyi kuolemantuomiolta.\u00a0Neiti Aho oli vangittuna itselleen t\u00e4ysin tutussa ymp\u00e4rist\u00f6ss\u00e4.\u00a0Kun h\u00e4n vapautui, h\u00e4n tiesi koko alueen olevan punaisten hallussa. H\u00e4nen tuli l\u00f6yt\u00e4\u00e4 turvapaikka. Elokuvan v\u00e4l\u00e4hdyksenomaiset kuvat kertovat &hellip; <a href=\"https:\/\/blogit.utu.fi\/sisallissodanmaisemat\/neiti-aho\/\">Lue loppuun <span class=\"meta-nav\">&rarr;<\/span><\/a><\/p>\n","protected":false},"author":2311,"featured_media":0,"parent":0,"menu_order":0,"comment_status":"closed","ping_status":"closed","template":"","meta":{"footnotes":""},"class_list":["post-303","page","type-page","status-publish","hentry"],"_links":{"self":[{"href":"https:\/\/blogit.utu.fi\/sisallissodanmaisemat\/wp-json\/wp\/v2\/pages\/303","targetHints":{"allow":["GET"]}}],"collection":[{"href":"https:\/\/blogit.utu.fi\/sisallissodanmaisemat\/wp-json\/wp\/v2\/pages"}],"about":[{"href":"https:\/\/blogit.utu.fi\/sisallissodanmaisemat\/wp-json\/wp\/v2\/types\/page"}],"author":[{"embeddable":true,"href":"https:\/\/blogit.utu.fi\/sisallissodanmaisemat\/wp-json\/wp\/v2\/users\/2311"}],"replies":[{"embeddable":true,"href":"https:\/\/blogit.utu.fi\/sisallissodanmaisemat\/wp-json\/wp\/v2\/comments?post=303"}],"version-history":[{"count":6,"href":"https:\/\/blogit.utu.fi\/sisallissodanmaisemat\/wp-json\/wp\/v2\/pages\/303\/revisions"}],"predecessor-version":[{"id":619,"href":"https:\/\/blogit.utu.fi\/sisallissodanmaisemat\/wp-json\/wp\/v2\/pages\/303\/revisions\/619"}],"wp:attachment":[{"href":"https:\/\/blogit.utu.fi\/sisallissodanmaisemat\/wp-json\/wp\/v2\/media?parent=303"}],"curies":[{"name":"wp","href":"https:\/\/api.w.org\/{rel}","templated":true}]}}