{"id":502,"date":"2017-01-29T21:11:29","date_gmt":"2017-01-29T19:11:29","guid":{"rendered":"https:\/\/blogit.utu.fi\/sisallissodanmaisemat\/?page_id=502"},"modified":"2017-01-29T21:12:50","modified_gmt":"2017-01-29T19:12:50","slug":"__trashed","status":"publish","type":"page","link":"https:\/\/blogit.utu.fi\/sisallissodanmaisemat\/__trashed\/","title":{"rendered":"Puita ja ihmisi\u00e4"},"content":{"rendered":"<p><iframe loading=\"lazy\" title=\"Puita ja ihmisi\u00e4\" width=\"640\" height=\"480\" src=\"https:\/\/www.youtube.com\/embed\/cNayrNdcjpQ?feature=oembed\" frameborder=\"0\" allow=\"accelerometer; autoplay; clipboard-write; encrypted-media; gyroscope; picture-in-picture; web-share\" referrerpolicy=\"strict-origin-when-cross-origin\" allowfullscreen><\/iframe><\/p>\n<p>&nbsp;<\/p>\n<p>Tammisaaren vankileirill\u00e4 Dragsvikin varuskunnan alueella oli kes\u00e4kuussa 1918 vankeja noin 9000. Vuoden loppuun menness\u00e4 noin kolmetuhatta kuoli ja haudattiin l\u00e4heiselle mets\u00e4kankaalle. Hautapaikan virallinen hoito aloitettiin vuonna 1951 Entiset Punakaartilaiset ry:n toimesta ja paikalle pystytettiin muistomerkki.<\/p>\n<p>T\u00e4ss\u00e4 dokumentaariseen havainnointiin perustuvassa pieness\u00e4 kuvallisessa tutkielmassani pyrkimykseni on tutkia t\u00e4m\u00e4n hautapaikan maisemaa nykytilassa. Lopputuloksena on luonnos, jossa kuva-aiheet seuraavat toisiaan kuten ne seurasivat toisiaan maastossa havaintoina.<\/p>\n<p>Olen toisen maailmansodan aattona syntyneen sotalapsen lapsi ja tunnistan sodan ylirajaisuuden, sukupolvet ylitt\u00e4v\u00e4n menneisyyden kokemuksen. Tunnen jakamatonta surua kaikista niist\u00e4 kohtaloista, joita sodat liikuttavat ja heittelev\u00e4t nyt ja menneisyydess\u00e4. Maisema on hiljaa ja liikkumatta, puut eiv\u00e4t kerro ja linnut el\u00e4v\u00e4t lyhyest\u00e4 valonhetkest\u00e4 seuraavaa odottaen. T\u00e4n\u00e4\u00e4n 6.12.2016 lumi on sulanut ja paljastanut vihre\u00e4 nurmikon. Valons\u00e4de on lyhyt ja t\u00e4yttyv\u00e4 kuu heijastuu jo valkeana varjona taivaalla. Vuodenkierto on sama 1918 ja 2016. Me katsomme kuvia ja tutkimme arkistoja, teloituskuvat tulevat mieleen yll\u00e4tt\u00e4viss\u00e4 paikoissa. Muistoksi pystytetyt monumentit saavat uudenlaisia merkityksi\u00e4 ja kysymyksi\u00e4.<\/p>\n<p>Ensi vuosi on itsen\u00e4isyyden merkkivuosi ja sit\u00e4 seuraava tuo vuoden 1918 muistot ja tapahtumat puheenaikeeksi ja katseiden alle. Merkkivuosista huolimatta menneisyyden tapahtumat ovat l\u00e4sn\u00e4 ihmisiss\u00e4, mahdollisesti joka p\u00e4iv\u00e4. Muistoista muodostuu uusia merkityksi\u00e4 ja tulkintoja saavia tapahtumia, jotka liittyv\u00e4t sukujen ja sukupolvien ketjuihin. Olemme aikajanalla, jolla menneisyyden tapahtumat liitt\u00e4v\u00e4t meid\u00e4t historian kerroksiin. Et\u00e4isyys menneisyyden tapahtumiin ei h\u00e4ivyt\u00e4 tai muuta niit\u00e4 muuksi. Et\u00e4isyys voi tuoda armeliaisuutta, menneisyyden ihmist\u00e4, menneisyyden min\u00e4\u00e4 voi olla mahdollista katsoa tarkemmin, jopa antaa anteeksi ja ymm\u00e4rt\u00e4\u00e4.<\/p>\n<p>Puut eiv\u00e4t puhu, linnut eiv\u00e4t kerro. Maisema muistaa, koska me kysymme.<\/p>\n<p><strong><em>\u00a0<\/em><\/strong><strong><em>\u00a0<\/em><\/strong><\/p>\n<p style=\"text-align: center\"><strong><em>Kertoja ja silminn\u00e4kij\u00e4<\/em><\/strong><\/p>\n<p style=\"text-align: center\"><em>\u00a0<\/em><\/p>\n<p style=\"text-align: center\"><em>(kertoja)<\/em><\/p>\n<p style=\"text-align: center\">Puut vaikenevat t\u00e4st\u00e4 n\u00e4yst\u00e4.<br \/>\nSadat ruumiit<br \/>\nkolmetuhattakuusikymment\u00e4kaksi<\/p>\n<p style=\"text-align: center\">toistensa vieress\u00e4 limikk\u00e4in, p\u00e4\u00e4llekk\u00e4in, sel\u00e4kk\u00e4in, sylikk\u00e4in<br \/>\nkasvot vasten toisen kasvoja<br \/>\nsuu vasten toista<br \/>\nkylkiluut toisen kylkiluita vasten<\/p>\n<p style=\"text-align: center\">Puut vaikenevat t\u00e4st\u00e4 n\u00e4yst\u00e4.<br \/>\nEi intimiteetti\u00e4, ei yksil\u00f6\u00e4 ei ihmist\u00e4<\/p>\n<p style=\"text-align: center\">Uhri<br \/>\nuhri mille?<br \/>\nvapaudelle?<br \/>\nkansan puolesta?<br \/>\nk\u00f6yh\u00e4list\u00f6n puolesta?<br \/>\naatteen puolesta?<\/p>\n<p style=\"text-align: center\">uhri on uhri on uhri<\/p>\n<p style=\"text-align: center\">puu on puu on puu<\/p>\n<p>&nbsp;<\/p>\n<p><em>\u00a0<\/em><\/p>\n<p><em>\u00a0<\/em><\/p>\n<p style=\"text-align: center\"><em>(silminnn\u00e4kij\u00e4)<\/em><\/p>\n<p style=\"text-align: center\">Kangasmets\u00e4<br \/>\nmatala varvikko<br \/>\nvarpuja<\/p>\n<p style=\"text-align: center\">en muista<br \/>\n\u2013 puolukan? vain mustikan?<\/p>\n<p style=\"text-align: center\">paljaat jalat<br \/>\naskeleet<br \/>\nhiekkapolku m\u00e4nnynneulasia<\/p>\n<p style=\"text-align: center\">en kulje sit\u00e4 itse,<br \/>\nolen jonkun k\u00e4sivarsilla<\/p>\n<p style=\"text-align: center\">min\u00e4 en en\u00e4\u00e4 ole t\u00e4ss\u00e4 maisemassa<br \/>\nolen liukumassa pois<\/p>\n<p style=\"text-align: center\">tuskin tunnen pulssin<br \/>\nsuuni aukeaa v\u00e4kisin<br \/>\nyrit\u00e4n puristaa sen kiinni<\/p>\n<p style=\"text-align: center\">hengitykseni h\u00f6yry\u00e4\u00e4<\/p>\n<p style=\"text-align: center\">seuraan katseellani taivaalle nousevaa hengityst\u00e4ni<br \/>\nse menee edell\u00e4<\/p>\n<p style=\"text-align: center\">Puut kohoavat ylleni<br \/>\n(joku laitetaan viereeni, otan h\u00e4nen k\u00e4tens\u00e4 omaani)<\/p>\n<p style=\"text-align: center\">niiden latvat ja taivas jolle lintuparvi kohoaa ja h\u00e4vi\u00e4\u00e4<\/p>\n<p style=\"text-align: center\">maisema sulkeutuu edess\u00e4ni<br \/>\non pime\u00e4\u00e4<\/p>\n<p style=\"text-align: center\">kuulen<\/p>\n<p style=\"text-align: center\">tiaisparvi helisee<br \/>\nsen vanhan koivun haaroittuneilla korkeilla oksilla<br \/>\n(min\u00e4 kipuan sinne)<\/p>\n<p style=\"text-align: center\"><em>\u00a0<\/em><\/p>\n<p style=\"text-align: center\"><em>(kertoja)<\/em><\/p>\n<p style=\"text-align: center\">Mieleeni tulee runo, johon olen t\u00f6rm\u00e4nnyt kaksi kertaa,<br \/>\nelokuvassa vuonna 1987 ja my\u00f6hemmin valokuvan\u00e4yttelyss\u00e4 ja siit\u00e4 tehdyss\u00e4 kirjassa.<\/p>\n<p style=\"text-align: center\">Miksi se tulee mieleeni nyt?<\/p>\n<p style=\"text-align: center\"><em>\u00a0<\/em><\/p>\n<p style=\"text-align: center\"><em>Als das Kind Kind war,<br \/>\nging es mit h\u00e4ngenden Armen,<br \/>\nwollte der Bach sei ein Flu\u00df,<br \/>\nder Flu\u00df sei ein Strom,<br \/>\nund diese Pf\u00fctze das Meer.<\/em><\/p>\n<p style=\"text-align: center\">\u2026<\/p>\n<p style=\"text-align: center\">Lapset vuoden 1918 sodassa.<br \/>\nSielut vuoden 1918 sodassa.<\/p>\n<p style=\"text-align: center\">Punaisten ja valkoisten<br \/>\n&#8211; lapsia reik\u00e4 syd\u00e4mess\u00e4<br \/>\naikuisia reik\u00e4 syd\u00e4mess\u00e4<\/p>\n<p style=\"text-align: center\">he ojentavat t\u00e4m\u00e4n perint\u00f6n\u00e4 eteenp\u00e4in sukupolvelta toiselle.<\/p>\n<p style=\"text-align: center\">Lapset vuoden 2016 sodissa. Sielut vuoden 2016 sodissa.<\/p>\n<p style=\"text-align: center\">Kysyn puilta<\/p>\n<p style=\"text-align: center\">Puiden rivit<\/p>\n<p style=\"text-align: center\">sattumalta paikoilleen asettuneet<br \/>\nne jotka yksin kohoavat<\/p>\n<p style=\"text-align: center\">mets\u00e4kangas peitt\u00e4\u00e4 heid\u00e4t<br \/>\nlapset aikuiset<br \/>\nsielut<\/p>\n<p style=\"text-align: center\">sylikk\u00e4in limikk\u00e4in<br \/>\nselk\u00e4 toista vasten<\/p>\n<p style=\"text-align: center\">vesi k\u00e4y aikojen yli<br \/>\nvesi k\u00e4y kivien yli<\/p>\n<p style=\"text-align: center\">puut itkev\u00e4t<\/p>\n<p style=\"text-align: center\">Tiaiset nousevat parvena taivaalle<\/p>\n<p style=\"text-align: center\">h\u00e4vi\u00e4v\u00e4t<\/p>\n<p style=\"text-align: center\">ja viev\u00e4t \u00e4\u00e4net menness\u00e4\u00e4n.<\/p>\n<p>&nbsp;<\/p>\n<p>&nbsp;<\/p>\n<p>&nbsp;<\/p>\n<p>Turun yliopisto, Kulttuurituotannon ja maisemantutkimuksen koulutusohjelma, 1918 dokumenttikurssi. Syksy 2016. Suunnittelu, kuvaus, teksti: Elina Tuomarila. Kuvauspaikka: Tammisaaren vankileirin muiston\u00e4yttely ja muistomerkki, Tammisaari, marraskuu 2016. Saksankielinen ote runosta: Peter Handke, elokuvassa \u201dDer himmel \u00fcber Berlin\u201d (Berliinin taivaan alla), ohj. Wim Wenders (1987) Arkistol\u00e4hde: <a href=\"http:\/\/www.tkm.fi\/punamuisto2.cgi?sij_kunta='Tammisaari\">http:\/\/www.tkm.fi\/punamuisto2.cgi?sij_kunta=&#8217;Tammisaari<\/a>&#8217; (Ty\u00f6v\u00e4enmuseo Werstas, 2006)<\/p>\n<p>&nbsp;<\/p>\n","protected":false},"excerpt":{"rendered":"<p>&nbsp; Tammisaaren vankileirill\u00e4 Dragsvikin varuskunnan alueella oli kes\u00e4kuussa 1918 vankeja noin 9000. Vuoden loppuun menness\u00e4 noin kolmetuhatta kuoli ja haudattiin l\u00e4heiselle mets\u00e4kankaalle. Hautapaikan virallinen hoito aloitettiin vuonna 1951 Entiset Punakaartilaiset ry:n toimesta ja paikalle pystytettiin muistomerkki. T\u00e4ss\u00e4 dokumentaariseen havainnointiin perustuvassa &hellip; <a href=\"https:\/\/blogit.utu.fi\/sisallissodanmaisemat\/__trashed\/\">Lue loppuun <span class=\"meta-nav\">&rarr;<\/span><\/a><\/p>\n","protected":false},"author":2462,"featured_media":0,"parent":0,"menu_order":0,"comment_status":"closed","ping_status":"closed","template":"","meta":{"footnotes":""},"class_list":["post-502","page","type-page","status-publish","hentry"],"_links":{"self":[{"href":"https:\/\/blogit.utu.fi\/sisallissodanmaisemat\/wp-json\/wp\/v2\/pages\/502","targetHints":{"allow":["GET"]}}],"collection":[{"href":"https:\/\/blogit.utu.fi\/sisallissodanmaisemat\/wp-json\/wp\/v2\/pages"}],"about":[{"href":"https:\/\/blogit.utu.fi\/sisallissodanmaisemat\/wp-json\/wp\/v2\/types\/page"}],"author":[{"embeddable":true,"href":"https:\/\/blogit.utu.fi\/sisallissodanmaisemat\/wp-json\/wp\/v2\/users\/2462"}],"replies":[{"embeddable":true,"href":"https:\/\/blogit.utu.fi\/sisallissodanmaisemat\/wp-json\/wp\/v2\/comments?post=502"}],"version-history":[{"count":7,"href":"https:\/\/blogit.utu.fi\/sisallissodanmaisemat\/wp-json\/wp\/v2\/pages\/502\/revisions"}],"predecessor-version":[{"id":613,"href":"https:\/\/blogit.utu.fi\/sisallissodanmaisemat\/wp-json\/wp\/v2\/pages\/502\/revisions\/613"}],"wp:attachment":[{"href":"https:\/\/blogit.utu.fi\/sisallissodanmaisemat\/wp-json\/wp\/v2\/media?parent=502"}],"curies":[{"name":"wp","href":"https:\/\/api.w.org\/{rel}","templated":true}]}}