{"id":106,"date":"2015-05-07T10:48:25","date_gmt":"2015-05-07T10:48:25","guid":{"rendered":"http:\/\/blogit.utu.fi\/sosioblogi\/?page_id=106"},"modified":"2015-05-07T11:32:35","modified_gmt":"2015-05-07T11:32:35","slug":"sosioblogista","status":"publish","type":"page","link":"https:\/\/blogit.utu.fi\/sosioblogi\/sosioblogista\/","title":{"rendered":"Sosioblogista"},"content":{"rendered":"<p><strong>Sosioblogi<\/strong> on kev\u00e4\u00e4ll\u00e4 2015 perustettu\u00a0Turun yliopiston sosiologian oppiaineen ikioma blogi, jonne oppiaineen henkil\u00f6kunta kirjoittelee omista ja oppiaineen kuulumisista, yleisesti oppiaineen arjesta ja muista kiehtovista sosiologisista aiheista.<\/p>\n<p>&nbsp;<\/p>\n<p>&nbsp;<\/p>\n<p>&nbsp;<\/p>\n<p>&nbsp;<\/p>\n","protected":false},"excerpt":{"rendered":"<p>Sosioblogi on kev\u00e4\u00e4ll\u00e4 2015 perustettu\u00a0Turun yliopiston sosiologian oppiaineen ikioma blogi, jonne oppiaineen henkil\u00f6kunta kirjoittelee omista ja oppiaineen kuulumisista, yleisesti oppiaineen arjesta ja muista kiehtovista sosiologisista aiheista. &nbsp; &nbsp; &nbsp; &nbsp;<\/p>\n","protected":false},"author":115,"featured_media":0,"parent":0,"menu_order":0,"comment_status":"closed","ping_status":"closed","template":"","meta":{"footnotes":""},"class_list":["post-106","page","type-page","status-publish","hentry"],"_links":{"self":[{"href":"https:\/\/blogit.utu.fi\/sosioblogi\/wp-json\/wp\/v2\/pages\/106","targetHints":{"allow":["GET"]}}],"collection":[{"href":"https:\/\/blogit.utu.fi\/sosioblogi\/wp-json\/wp\/v2\/pages"}],"about":[{"href":"https:\/\/blogit.utu.fi\/sosioblogi\/wp-json\/wp\/v2\/types\/page"}],"author":[{"embeddable":true,"href":"https:\/\/blogit.utu.fi\/sosioblogi\/wp-json\/wp\/v2\/users\/115"}],"replies":[{"embeddable":true,"href":"https:\/\/blogit.utu.fi\/sosioblogi\/wp-json\/wp\/v2\/comments?post=106"}],"version-history":[{"count":3,"href":"https:\/\/blogit.utu.fi\/sosioblogi\/wp-json\/wp\/v2\/pages\/106\/revisions"}],"predecessor-version":[{"id":125,"href":"https:\/\/blogit.utu.fi\/sosioblogi\/wp-json\/wp\/v2\/pages\/106\/revisions\/125"}],"wp:attachment":[{"href":"https:\/\/blogit.utu.fi\/sosioblogi\/wp-json\/wp\/v2\/media?parent=106"}],"curies":[{"name":"wp","href":"https:\/\/api.w.org\/{rel}","templated":true}]}}