{"id":234,"date":"2020-05-22T13:42:20","date_gmt":"2020-05-22T11:42:20","guid":{"rendered":"https:\/\/blogit.utu.fi\/soteakatemia\/?page_id=234"},"modified":"2024-12-19T17:37:33","modified_gmt":"2024-12-19T14:37:33","slug":"etusivu","status":"publish","type":"page","link":"https:\/\/blogit.utu.fi\/soteakatemia\/","title":{"rendered":""},"content":{"rendered":"\n<h3 class=\"wp-block-heading\">Tervetuloa Sote-akatemian monialaiseen dialogiblogiin!<\/h3>\n\n\n\n<p>Dialogiblogin kautta viestit\u00e4\u00e4n sosiaali-, terveys- ja sivistysaloihin liittyv\u00e4st\u00e4 tutkimuksesta, koulutuksesta ja yhteisty\u00f6st\u00e4 sek\u00e4 tuodaan keskusteluun uusia tieteellisi\u00e4 ja taiteellisia n\u00e4k\u00f6kulmia. Blogista l\u00f6yd\u00e4t monenlaista sis\u00e4lt\u00f6\u00e4 aina podcasteista tieteellisiin teksteihin ja kantaaottaviin kirjoituksiin.&nbsp;<\/p>\n\n\n\n<p><strong>Dialogiblogin l\u00e4ht\u00f6kohtana on monialaisuus.<\/strong><\/p>\n\n\n\n<p>Blogin tarkoitus on edist\u00e4\u00e4 tieteiden ja toimijoiden v\u00e4list\u00e4 yhteisty\u00f6t\u00e4 koulutuksessa, tutkimuksessa ja yhteiskunnallisessa vuorovaikutuksessa. L\u00e4pileikkaavana teemana korostuu yhteisty\u00f6pintojen luominen ja vahvistaminen.<\/p>\n\n\n\n<p>Sis\u00e4lt\u00f6 luo l\u00e4pin\u00e4kyvyytt\u00e4 toimintaamme esimerkiksi nostamalla esille verkostojamme ja popularisoimalla Sote-akatemiassa ja verkostoissamme tehty\u00e4 ty\u00f6t\u00e4, tutkimusta ja koulutusta. Edist\u00e4mme blogissa keskustelevuutta ja eri n\u00e4k\u00f6kulmien kohtaamisia. Kommenttikent\u00e4t ovat aina avoinna \u2013 liity monialaiseen keskusteluun t\u00e4\u00e4ll\u00e4 ja sosiaalisessa mediassa!<\/p>\n\n\n\n<p>Kaikenlainen palaute on tervetullutta. Palautteen, yhteisty\u00f6ehdotukset ja kysymykset voi osoittaa s\u00e4hk\u00f6postilla osoitteeseen sote(at)utu.fi.<\/p>\n\n\n\n<p>Kiitos ja antoisia hetki\u00e4 blogin parissa!<\/p>\n\n\n\n<p><em><a href=\"https:\/\/sites.utu.fi\/sote\/yhteystiedot\/\" target=\"_blank\" rel=\"noreferrer noopener\">Sote-akatemian tiimi<\/a><\/em><\/p>\n\n\n\n<p><\/p>\n","protected":false},"excerpt":{"rendered":"<p>Tervetuloa Sote-akatemian monialaiseen dialogiblogiin! Dialogiblogin kautta viestit\u00e4\u00e4n sosiaali-, terveys- ja sivistysaloihin liittyv\u00e4st\u00e4 tutkimuksesta, koulutuksesta ja yhteisty\u00f6st\u00e4 sek\u00e4 tuodaan keskusteluun uusia tieteellisi\u00e4 ja taiteellisia n\u00e4k\u00f6kulmia. Blogista &hellip;<\/p>\n","protected":false},"author":5186,"featured_media":0,"parent":0,"menu_order":0,"comment_status":"closed","ping_status":"closed","template":"","meta":{"footnotes":""},"class_list":["post-234","page","type-page","status-publish","hentry"],"featured_image_urls_v2":{"full":"","thumbnail":"","medium":"","medium_large":"","large":"","hd_qu_size2":"","1536x1536":"","2048x2048":"","post-thumbnail":"","esotera-featured":"","esotera-featured-lp":"","esotera-featured-half":"","esotera-featured-third":"","esotera-lpbox-1":"","esotera-lpbox-2":""},"post_excerpt_stackable_v2":"<p>Tervetuloa Sote-akatemian monialaiseen dialogiblogiin! Dialogiblogin kautta viestit\u00e4\u00e4n sosiaali-, terveys- ja sivistysaloihin liittyv\u00e4st\u00e4 tutkimuksesta, koulutuksesta ja yhteisty\u00f6st\u00e4 sek\u00e4 tuodaan keskusteluun uusia tieteellisi\u00e4 ja taiteellisia n\u00e4k\u00f6kulmia. Blogista l\u00f6yd\u00e4t monenlaista sis\u00e4lt\u00f6\u00e4 aina podcasteista tieteellisiin teksteihin ja kantaaottaviin kirjoituksiin.&nbsp; Dialogiblogin l\u00e4ht\u00f6kohtana on monialaisuus. Blogin tarkoitus on edist\u00e4\u00e4 tieteiden ja toimijoiden v\u00e4list\u00e4 yhteisty\u00f6t\u00e4 koulutuksessa, tutkimuksessa ja yhteiskunnallisessa vuorovaikutuksessa. L\u00e4pileikkaavana teemana korostuu yhteisty\u00f6pintojen luominen ja vahvistaminen. Sis\u00e4lt\u00f6 luo l\u00e4pin\u00e4kyvyytt\u00e4 toimintaamme esimerkiksi nostamalla esille verkostojamme ja popularisoimalla Sote-akatemiassa ja verkostoissamme tehty\u00e4 ty\u00f6t\u00e4, tutkimusta ja koulutusta. Edist\u00e4mme blogissa keskustelevuutta ja eri n\u00e4k\u00f6kulmien kohtaamisia. Kommenttikent\u00e4t ovat aina avoinna \u2013 liity monialaiseen keskusteluun t\u00e4\u00e4ll\u00e4 ja sosiaalisessa mediassa! Kaikenlainen palaute on&hellip;<\/p>\n","category_list_v2":"","author_info_v2":{"name":"Dialogiblogi","url":"https:\/\/blogit.utu.fi\/soteakatemia\/author\/sumaput\/"},"comments_num_v2":"0 comments","_links":{"self":[{"href":"https:\/\/blogit.utu.fi\/soteakatemia\/wp-json\/wp\/v2\/pages\/234","targetHints":{"allow":["GET"]}}],"collection":[{"href":"https:\/\/blogit.utu.fi\/soteakatemia\/wp-json\/wp\/v2\/pages"}],"about":[{"href":"https:\/\/blogit.utu.fi\/soteakatemia\/wp-json\/wp\/v2\/types\/page"}],"author":[{"embeddable":true,"href":"https:\/\/blogit.utu.fi\/soteakatemia\/wp-json\/wp\/v2\/users\/5186"}],"replies":[{"embeddable":true,"href":"https:\/\/blogit.utu.fi\/soteakatemia\/wp-json\/wp\/v2\/comments?post=234"}],"version-history":[{"count":20,"href":"https:\/\/blogit.utu.fi\/soteakatemia\/wp-json\/wp\/v2\/pages\/234\/revisions"}],"predecessor-version":[{"id":4465,"href":"https:\/\/blogit.utu.fi\/soteakatemia\/wp-json\/wp\/v2\/pages\/234\/revisions\/4465"}],"wp:attachment":[{"href":"https:\/\/blogit.utu.fi\/soteakatemia\/wp-json\/wp\/v2\/media?parent=234"}],"curies":[{"name":"wp","href":"https:\/\/api.w.org\/{rel}","templated":true}]}}