{"id":246,"date":"2020-05-22T13:43:58","date_gmt":"2020-05-22T11:43:58","guid":{"rendered":"https:\/\/blogit.utu.fi\/soteakatemia\/?page_id=246"},"modified":"2026-01-26T10:49:32","modified_gmt":"2026-01-26T07:49:32","slug":"kirjoittajaksi","status":"publish","type":"page","link":"https:\/\/blogit.utu.fi\/soteakatemia\/kirjoittajaksi\/","title":{"rendered":"Kirjoittajaohjeet"},"content":{"rendered":"\n<p class=\"has-accent-2-background-color has-background\">Sote-akatemian monialainen Dialogiblogi on toimitettu s\u00e4hk\u00f6inen julkaisualusta.<\/p>\n\n\n\n<p><strong>Dialogiblogin toimituskunta: <\/strong><\/p>\n\n\n\n<ul class=\"wp-block-list\">\n<li>Miia Laasanen, tutkimusp\u00e4\u00e4llikk\u00f6<\/li>\n\n\n\n<li>Anniina Ekl\u00f6f, v\u00e4it\u00f6skirjatutkija<\/li>\n\n\n\n<li>Petra Heikkinen, tutkimuskoordinaattori<\/li>\n\n\n\n<li>Suvi Puttonen, projektity\u00f6ntekij\u00e4 (vanhempainvapaalla)<\/li>\n<\/ul>\n\n\n\n<p class=\"has-accent-2-background-color has-background\">OPH:n julkaisuluokituksen (2023) mukaan Dialogiblogissa julkaistut blogitekstit kuuluvat luokkaan E Suurelle yleis\u00f6lle suunnatut julkaisut ja tarkennettuna E1 Yleistajuinen artikkeli, sanomalehtiartikkeli. Katso luokan koko kuvaus <a href=\"https:\/\/wiki.eduuni.fi\/display\/cscsuorat\/7.5+Julkaisutyypit+2023#id-7.5Julkaisutyypit2023-E1Yleistajuinenartikkeli,sanomalehtiartikkeli\">OPH:n sivustolta.<\/a> Selke\u00e4sti taiteellisten tekstien kohdalla luokitus on F Julkinen taiteellinen ja taideteollinen toiminta ja videoiden sek\u00e4 podcastien kohdalla I Audiovisuaaliset julkaisut.<\/p>\n\n\n\n<h2 class=\"wp-block-heading\">Kirjoittajaohjeet<\/h2>\n\n\n\n<p><strong><u>Sote-akatemian monialainen Dialogiblogi<\/u><\/strong><a href=\"https:\/\/blogit.utu.fi\/soteakatemia\/\"><\/a><\/p>\n\n\n\n<p>Dialogiblogin kautta viestit\u00e4\u00e4n sosiaali-, terveys- ja sivistysaloihin liittyv\u00e4st\u00e4 tutkimuksesta, koulutuksesta ja yhteisty\u00f6st\u00e4 sek\u00e4 tuodaan keskusteluun uusia <em>tieteellisi\u00e4 ja taiteellisia <\/em>n\u00e4k\u00f6kulmia. Blogista l\u00f6yd\u00e4t monenlaista sis\u00e4lt\u00f6\u00e4 aina podcasteista tieteellisiin teksteihin ja esseist\u00e4 novelleihin.&nbsp;&nbsp;<\/p>\n\n\n\n<p><strong>Dialogiblogin l\u00e4ht\u00f6kohtana on monialaisuus.<\/strong><\/p>\n\n\n\n<p>Blogin tarkoitus on edist\u00e4\u00e4 tieteiden ja toimijoiden v\u00e4list\u00e4 yhteisty\u00f6t\u00e4 koulutuksessa, tutkimuksessa ja yhteiskunnallisessa vuorovaikutuksessa, sek\u00e4 popularisoida verkostoissamme teht\u00e4v\u00e4\u00e4 ty\u00f6t\u00e4. L\u00e4pileikkaavana teemana korostuu yhteisty\u00f6pintojen luominen ja vahvistaminen, keskustelevuus ja n\u00e4k\u00f6kulmien kohtaaminen.<\/p>\n\n\n\n<p>Kommenttikent\u00e4t ovat aina avoinna \u2013 liity monialaiseen keskusteluun blogissa ja sosiaalisessa mediassa!&nbsp;<\/p>\n\n\n\n<p><strong><u>Ohjeita kirjoittajalle:<\/u><\/strong><\/p>\n\n\n\n<p><span style=\"text-decoration: underline\">Ota aina ennakkoon yhteytt\u00e4 ja ehdota aihetta tai teksti\u00e4. Sovimme kanssasi julkaisup\u00e4iv\u00e4n.<\/span><\/p>\n\n\n\n<ul class=\"wp-block-list\">\n<li>Tekstit l\u00e4hetet\u00e4\u00e4n blogin toimittaja Miia Laasaselle (miia.laasanen@utu.fi) 7 p\u00e4iv\u00e4\u00e4 ennen sovittua julkaisua. Toimituskunta tarkistaa, oikolukee ja tarvittaessa editoi sis\u00e4ll\u00f6n.<\/li>\n<\/ul>\n\n\n\n<ul class=\"wp-block-list\">\n<li>Tervetulleita tarjouksia ovat blogiartikkelien lis\u00e4ksi my\u00f6s tutkimusta popularisoivat tekstit, esseet, mielipidekirjoitukset, sek\u00e4 taiteellisemmat sis\u00e4ll\u00f6t, kuten runot ja novellit. Luovempien tekstien kanssa sovelletaan samaa sis\u00e4lt\u00f6kriteerist\u00f6\u00e4, kuin muidenkin tekstien kohdalla (liittyminen Sote-akatemian toiminnan teemoihin).<\/li>\n<\/ul>\n\n\n\n<figure class=\"wp-block-image size-large\"><img loading=\"lazy\" decoding=\"async\" width=\"1024\" height=\"706\" src=\"https:\/\/blogit.utu.fi\/soteakatemia\/wp-content\/uploads\/sites\/534\/2021\/10\/Sote-akatemian-toiminnan-osa-alueet-1024x706.png\" alt=\"\" class=\"wp-image-3483\" srcset=\"https:\/\/blogit.utu.fi\/soteakatemia\/wp-content\/uploads\/sites\/534\/2021\/10\/Sote-akatemian-toiminnan-osa-alueet-1024x706.png 1024w, https:\/\/blogit.utu.fi\/soteakatemia\/wp-content\/uploads\/sites\/534\/2021\/10\/Sote-akatemian-toiminnan-osa-alueet-300x207.png 300w, https:\/\/blogit.utu.fi\/soteakatemia\/wp-content\/uploads\/sites\/534\/2021\/10\/Sote-akatemian-toiminnan-osa-alueet-768x530.png 768w, https:\/\/blogit.utu.fi\/soteakatemia\/wp-content\/uploads\/sites\/534\/2021\/10\/Sote-akatemian-toiminnan-osa-alueet-435x300.png 435w, https:\/\/blogit.utu.fi\/soteakatemia\/wp-content\/uploads\/sites\/534\/2021\/10\/Sote-akatemian-toiminnan-osa-alueet.png 1457w\" sizes=\"auto, (max-width: 1024px) 100vw, 1024px\" \/><\/figure>\n\n\n\n<ul class=\"wp-block-list\">\n<li>Sis\u00e4ll\u00f6n on oman n\u00e4k\u00f6kulman ohella liitytt\u00e4v\u00e4 Sote-akatemian l\u00e4pileikkaaviin teemoihin: <em>Monialainen osaaminen<\/em>, <em>sosiaali-, terveys-, kasvatus- ja opetuspalvelujen kehitt\u00e4minen ja muutos,<\/em> <em>terveyden ja hyvinvoinnin edist\u00e4minen,<\/em> <em>kest\u00e4v\u00e4 kehitys.&nbsp;<\/em><\/li>\n<\/ul>\n\n\n\n<p>N\u00e4in blogin sis\u00e4lt\u00f6 ja ydinviesti pysyv\u00e4t yhten\u00e4isen\u00e4. <a href=\"https:\/\/sites.utu.fi\/sote\/\">Tutustu Sote-akatemiaan.<\/a><\/p>\n\n\n\n<p>Lis\u00e4ksi ajatus on tuoda n\u00e4kyv\u00e4ksi inhimillist\u00e4 kokemusta ja kohtaamista kyseisten teemojen puitteissa.<\/p>\n\n\n\n<ul class=\"wp-block-list\">\n<li>Taiteellinen sis\u00e4lt\u00f6 otsikoidaan tyylill\u00e4 \u201dKategoria: Otsikko\u201d. Esimerkiksi&nbsp;\u201cNovelli:&nbsp;<em>Ihmisen kaipuu<\/em>\u201d.<\/li>\n<\/ul>\n\n\n\n<ul class=\"wp-block-list\">\n<li>Blogiartikkelien pituus on mieluiten noin 2\u20133 liuskaa. Muissa tekstilajeissa pituus tekstilajin mukaan:\n<ul class=\"wp-block-list\">\n<li>Esseet max 8000 merkki\u00e4 (v\u00e4lily\u00f6nteineen)<\/li>\n\n\n\n<li>Runot max 2 sivua (A4) muotoiluineen<\/li>\n\n\n\n<li>Novellit max 6000 merkki\u00e4 (v\u00e4lily\u00f6nteineen)<\/li>\n<\/ul>\n<\/li>\n<\/ul>\n\n\n\n<p>Pituudet ovat suuntaa antavia. Jos teksti on paljon mainittua merkkim\u00e4\u00e4r\u00e4\u00e4 pitempi, voidaan se julkaista my\u00f6s osissa.&nbsp;<\/p>\n\n\n\n<ul class=\"wp-block-list\">\n<li>Voit halutessasi sis\u00e4llytt\u00e4\u00e4 tekstiin my\u00f6s linkkej\u00e4 l\u00e4hdemateriaaliin ja muuhun tekstin ulkopuoliseen materiaaliin.<\/li>\n\n\n\n<li>Mahdollisuuksien mukaan on suotavaa viitata Dialogiblogin muihin teksteihin!<\/li>\n<\/ul>\n\n\n\n<ul class=\"wp-block-list\">\n<li>Toimita my\u00f6s mahdolliset linkit sosiaalisen median kanaviin ja muihin resursseihin (omiin tai organisaation), joihin haluat lukijan ohjata.<\/li>\n<\/ul>\n\n\n\n<ul class=\"wp-block-list\">\n<li>Tekstin lopussa julkaistaan pieni profiilikuva kirjoittajasta. Toiveena on, ett\u00e4 kirjoittaja toimittaa itse profiilikuvan. Tarvittaessa voimme hy\u00f6dynt\u00e4\u00e4 my\u00f6s Turun yliopiston mediapankin kuvia.&nbsp;<\/li>\n<\/ul>\n\n\n\n<ul class=\"wp-block-list\">\n<li>Kuvan alla ilmoitetaan nimeke (esim. opiskelija\/projektitutkija\/professori tms), affiliaatio (organisaatio) sek\u00e4 titteli (esim. HuK\/VTM\/VTT tms).<\/li>\n<\/ul>\n\n\n\n<ul class=\"wp-block-list\">\n<li>Luovien tekstien lopussa voimme julkaista laajemman kuvauksen kirjoittajasta, esimerkiksi: \u201d<em>Kirjoittaja on intohimoinen huonekasviharrastaja ja vakuuttunut siit\u00e4, ett\u00e4 systeemisyysajattelu on tulevaisuutta\u201d<\/em>. Liit\u00e4th\u00e4n siis halutessasi tekstisi loppuun t\u00e4llaisen max. 2 virkkeen mittaisen kuvauksen itsest\u00e4si.<\/li>\n<\/ul>\n\n\n\n<ul class=\"wp-block-list\">\n<li>Halutessasi voit toimittaa my\u00f6s tekstiin liittyvi\u00e4 kuvituskuvia. Ellei t\u00e4llaisia ole omasta takaa, etsimme tekstin aiheisiin sopivia kuvia Sote-akatemian, yliopiston tai verkon kuvapankeista. P\u00e4\u00e4kuva n\u00e4kyy sosiaalisen median jaoissa, joten sen kannattaa olla laadukas ja houkutteleva.<\/li>\n<\/ul>\n\n\n\n<ul class=\"wp-block-list\">\n<li>Jotta kirjoituksilla olisi mahdollisimman laaja kattavuus, julkaisu on hyv\u00e4 jakaa my\u00f6s omissa sosiaalisen median kanavissa. V\u00e4hint\u00e4\u00e4n kannattaa k\u00e4yd\u00e4 tykk\u00e4\u00e4m\u00e4ss\u00e4 Sote-akatemian somejaoista (Twitter, Instagram, LinkedIn), sill\u00e4 jokainen tykk\u00e4ys lis\u00e4\u00e4 julkaisun n\u00e4kyvyytt\u00e4.&nbsp;<\/li>\n<\/ul>\n\n\n\n<ul class=\"wp-block-list\">\n<li>Olethan valmis vastaamaan mahdollisiin kysymyksiin ja osallistumaan kirjoituksesi her\u00e4tt\u00e4m\u00e4\u00e4n keskusteluun blogialustalla ja sosiaalisessa mediassa.<\/li>\n<\/ul>\n\n\n\n<ul class=\"wp-block-list\">\n<li>Kaikenlainen palaute on tervetullutta. Vinkkaa meille my\u00f6s mahdollisista sis\u00e4ll\u00f6ist\u00e4 ja kirjoittajista! Palautteen, yhteisty\u00f6ehdotukset ja kysymykset voi osoittaa s\u00e4hk\u00f6postilla osoitteeseen sote@utu.fi.<\/li>\n<\/ul>\n\n\n\n<p>Kiitos yhteisty\u00f6st\u00e4 ja antoisia hetki\u00e4 blogin parissa!<\/p>\n\n\n\n<p><\/p>\n\n\n\n<p><em>Sote-akatemian tiimi<\/em><\/p>\n\n\n\n<p><\/p>\n\n\n\n<figure class=\"wp-block-pullquote has-border-color has-sitetext-color has-text-color\" style=\"border-color:#adcb00\"><blockquote><p><strong>TIIVISTETTY MUISTILISTA:<\/strong><\/p><cite>&#8211; Tekstisi<br>&#8211; Kuvat: oma kuva ja mahdolliset kuvituskuvat<br>&#8211; Oppiarvo, affiliaatio, nimeke ja mahdollinen luova kuvaus itsest\u00e4si<br>&#8211; Sosiaalisen median tilit, joihin haluat lukijan ohjata<\/cite><\/blockquote><\/figure>\n\n\n\n<p><\/p>\n\n\n\n<p>Lataa kirjoittajaohjeet pdf:<\/p>\n\n\n\n<div class=\"wp-block-file\"><a id=\"wp-block-file--media-00bd9759-4551-4eaa-b2bf-727cb25c4e12\" href=\"https:\/\/blogit.utu.fi\/soteakatemia\/wp-content\/uploads\/sites\/534\/2021\/10\/Dialogiblogi-kirjoittajaohjeet.pdf\">Dialogiblogi-kirjoittajaohjeet<\/a><a href=\"https:\/\/blogit.utu.fi\/soteakatemia\/wp-content\/uploads\/sites\/534\/2021\/10\/Dialogiblogi-kirjoittajaohjeet.pdf\" class=\"wp-block-file__button wp-element-button\" download aria-describedby=\"wp-block-file--media-00bd9759-4551-4eaa-b2bf-727cb25c4e12\">Download<\/a><\/div>\n","protected":false},"excerpt":{"rendered":"<p>Sote-akatemian monialainen Dialogiblogi on toimitettu s\u00e4hk\u00f6inen julkaisualusta. Dialogiblogin toimituskunta: OPH:n julkaisuluokituksen (2023) mukaan Dialogiblogissa julkaistut blogitekstit kuuluvat luokkaan E Suurelle yleis\u00f6lle suunnatut julkaisut ja tarkennettuna &hellip;<\/p>\n","protected":false},"author":5186,"featured_media":531,"parent":0,"menu_order":0,"comment_status":"closed","ping_status":"closed","template":"","meta":{"footnotes":""},"class_list":["post-246","page","type-page","status-publish","has-post-thumbnail","hentry"],"featured_image_urls_v2":{"full":["https:\/\/blogit.utu.fi\/soteakatemia\/wp-content\/uploads\/sites\/534\/2020\/09\/kynttil\u00e4j\u00e4rvess\u00e4.jpg",1632,993,false],"thumbnail":["https:\/\/blogit.utu.fi\/soteakatemia\/wp-content\/uploads\/sites\/534\/2020\/09\/kynttil\u00e4j\u00e4rvess\u00e4-150x150.jpg",150,150,true],"medium":["https:\/\/blogit.utu.fi\/soteakatemia\/wp-content\/uploads\/sites\/534\/2020\/09\/kynttil\u00e4j\u00e4rvess\u00e4-300x183.jpg",300,183,true],"medium_large":["https:\/\/blogit.utu.fi\/soteakatemia\/wp-content\/uploads\/sites\/534\/2020\/09\/kynttil\u00e4j\u00e4rvess\u00e4-768x467.jpg",768,467,true],"large":["https:\/\/blogit.utu.fi\/soteakatemia\/wp-content\/uploads\/sites\/534\/2020\/09\/kynttil\u00e4j\u00e4rvess\u00e4-1024x623.jpg",1024,623,true],"hd_qu_size2":["https:\/\/blogit.utu.fi\/soteakatemia\/wp-content\/uploads\/sites\/534\/2020\/09\/kynttil\u00e4j\u00e4rvess\u00e4.jpg",400,243,false],"1536x1536":["https:\/\/blogit.utu.fi\/soteakatemia\/wp-content\/uploads\/sites\/534\/2020\/09\/kynttil\u00e4j\u00e4rvess\u00e4-1536x935.jpg",1536,935,true],"2048x2048":["https:\/\/blogit.utu.fi\/soteakatemia\/wp-content\/uploads\/sites\/534\/2020\/09\/kynttil\u00e4j\u00e4rvess\u00e4.jpg",1632,993,false],"post-thumbnail":["https:\/\/blogit.utu.fi\/soteakatemia\/wp-content\/uploads\/sites\/534\/2020\/09\/kynttil\u00e4j\u00e4rvess\u00e4-359x218.jpg",359,218,true],"esotera-featured":["https:\/\/blogit.utu.fi\/soteakatemia\/wp-content\/uploads\/sites\/534\/2020\/09\/kynttil\u00e4j\u00e4rvess\u00e4-359x300.jpg",359,300,true],"esotera-featured-lp":["https:\/\/blogit.utu.fi\/soteakatemia\/wp-content\/uploads\/sites\/534\/2020\/09\/kynttil\u00e4j\u00e4rvess\u00e4-1240x300.jpg",1240,300,true],"esotera-featured-half":["https:\/\/blogit.utu.fi\/soteakatemia\/wp-content\/uploads\/sites\/534\/2020\/09\/kynttil\u00e4j\u00e4rvess\u00e4-800x300.jpg",800,300,true],"esotera-featured-third":["https:\/\/blogit.utu.fi\/soteakatemia\/wp-content\/uploads\/sites\/534\/2020\/09\/kynttil\u00e4j\u00e4rvess\u00e4-512x300.jpg",512,300,true],"esotera-lpbox-1":["https:\/\/blogit.utu.fi\/soteakatemia\/wp-content\/uploads\/sites\/534\/2020\/09\/kynttil\u00e4j\u00e4rvess\u00e4-620x450.jpg",620,450,true],"esotera-lpbox-2":["https:\/\/blogit.utu.fi\/soteakatemia\/wp-content\/uploads\/sites\/534\/2020\/09\/kynttil\u00e4j\u00e4rvess\u00e4-480x400.jpg",480,400,true]},"post_excerpt_stackable_v2":"<p>Sote-akatemian monialainen Dialogiblogi on toimitettu s\u00e4hk\u00f6inen julkaisualusta. Dialogiblogin toimituskunta: Miia Laasanen, tutkimusp\u00e4\u00e4llikk\u00f6 Anniina Ekl\u00f6f, v\u00e4it\u00f6skirjatutkija Petra Heikkinen, tutkimuskoordinaattori Suvi Puttonen, projektity\u00f6ntekij\u00e4 (vanhempainvapaalla) OPH:n julkaisuluokituksen (2023) mukaan Dialogiblogissa julkaistut blogitekstit kuuluvat luokkaan E Suurelle yleis\u00f6lle suunnatut julkaisut ja tarkennettuna E1 Yleistajuinen artikkeli, sanomalehtiartikkeli. Katso luokan koko kuvaus OPH:n sivustolta. Selke\u00e4sti taiteellisten tekstien kohdalla luokitus on F Julkinen taiteellinen ja taideteollinen toiminta ja videoiden sek\u00e4 podcastien kohdalla I Audiovisuaaliset julkaisut. Kirjoittajaohjeet Sote-akatemian monialainen Dialogiblogi Dialogiblogin kautta viestit\u00e4\u00e4n sosiaali-, terveys- ja sivistysaloihin liittyv\u00e4st\u00e4 tutkimuksesta, koulutuksesta ja yhteisty\u00f6st\u00e4 sek\u00e4 tuodaan keskusteluun uusia tieteellisi\u00e4 ja taiteellisia n\u00e4k\u00f6kulmia. Blogista l\u00f6yd\u00e4t monenlaista sis\u00e4lt\u00f6\u00e4 aina podcasteista tieteellisiin teksteihin&hellip;<\/p>\n","category_list_v2":"","author_info_v2":{"name":"Dialogiblogi","url":"https:\/\/blogit.utu.fi\/soteakatemia\/author\/sumaput\/"},"comments_num_v2":"0 comments","_links":{"self":[{"href":"https:\/\/blogit.utu.fi\/soteakatemia\/wp-json\/wp\/v2\/pages\/246","targetHints":{"allow":["GET"]}}],"collection":[{"href":"https:\/\/blogit.utu.fi\/soteakatemia\/wp-json\/wp\/v2\/pages"}],"about":[{"href":"https:\/\/blogit.utu.fi\/soteakatemia\/wp-json\/wp\/v2\/types\/page"}],"author":[{"embeddable":true,"href":"https:\/\/blogit.utu.fi\/soteakatemia\/wp-json\/wp\/v2\/users\/5186"}],"replies":[{"embeddable":true,"href":"https:\/\/blogit.utu.fi\/soteakatemia\/wp-json\/wp\/v2\/comments?post=246"}],"version-history":[{"count":32,"href":"https:\/\/blogit.utu.fi\/soteakatemia\/wp-json\/wp\/v2\/pages\/246\/revisions"}],"predecessor-version":[{"id":4544,"href":"https:\/\/blogit.utu.fi\/soteakatemia\/wp-json\/wp\/v2\/pages\/246\/revisions\/4544"}],"wp:featuredmedia":[{"embeddable":true,"href":"https:\/\/blogit.utu.fi\/soteakatemia\/wp-json\/wp\/v2\/media\/531"}],"wp:attachment":[{"href":"https:\/\/blogit.utu.fi\/soteakatemia\/wp-json\/wp\/v2\/media?parent=246"}],"curies":[{"name":"wp","href":"https:\/\/api.w.org\/{rel}","templated":true}]}}