{"id":33,"date":"2017-06-02T09:36:19","date_gmt":"2017-06-02T09:36:19","guid":{"rendered":"https:\/\/blogit.utu.fi\/suomeaedistyneille\/?page_id=33"},"modified":"2026-02-12T07:23:06","modified_gmt":"2026-02-12T07:23:06","slug":"tervetuloa-blogiin","status":"publish","type":"page","link":"https:\/\/blogit.utu.fi\/suomeaedistyneille\/tervetuloa-blogiin\/","title":{"rendered":"Tervetuloa blogiin!"},"content":{"rendered":"<p>T\u00e4m\u00e4 opetusblogi on perustettu osana T\u00e4sm\u00e4opetusta edistyneille suomenoppijoille -hanketta. Hanke toimi Turun yliopistossa Koneen s\u00e4\u00e4ti\u00f6n rahoituksella syyskuusta 2016 helmikuuhun 2018. Hanke tarjosi yksil\u00f6llist\u00e4 suomen kielen opetusta edistyneille suomenoppijoille (taitotaso\u00a0B2\u2013C2)\u00a0kielitaidon viimeistelyyn. Hankkeen tavoitteena oli auttaa opiskelijaa parantamaan erityisesti ty\u00f6el\u00e4m\u00e4ss\u00e4 tai oman alan opinnoissa tarvittavia kielitaidon osa-alueita.<\/p>\n<p>T\u00e4h\u00e4n blogiin on koottu opetusmateriaalia, jota tehtiin hankkeen aikana. Blogiin muokatun materiaalin on tarkoitus auttaa edistynytt\u00e4 suomenoppijaa itseopiskelussa. Artikkelien aiheet on valittu sen perusteella, mit\u00e4 hankkeen opiskelijat ovat toivoneet ja mist\u00e4 hankkeen opettajat ovat huomanneet heid\u00e4n erityisesti hy\u00f6tyv\u00e4n. Materiaalia ovat laatineet hankkeen suomen kielen opettajat FM Niina Kekki ja FT Mikael Varjo, ja se on vapaasti k\u00e4ytett\u00e4viss\u00e4 ei-kaupallisiin tarkoituksiin.<\/p>\n<p>Kielioppiosuuksien pohjana on k\u00e4ytetty Ison suomen kieliopin <a href=\"http:\/\/scripta.kotus.fi\/visk\/etusivu.php\" target=\"_blank\" rel=\"noopener noreferrer\">verkkoversiota<\/a>\u00a0ja Leila Whiten Suomen kielioppia ulkomaalaisille (Finn Lectura 2010, 8. painos), jos artikkelissa ei mainita muuta l\u00e4hdett\u00e4. Kielioppitermist\u00f6 on ISK:n mukainen, joten artikkeleissa puhutaan esimerkiksi VA-partisiipista eik\u00e4 ensimm\u00e4isest\u00e4 partisiipista.<\/p>\n<p>Kysymyksi\u00e4, toiveita, palautetta materiaalista, muita kommentteja? Kirjoita ajatuksesi\u00a0kommenttina\u00a0suoraan artikkeleihin\u00a0tai ota yhteytt\u00e4 hankkeen opettajiin njkekk(at)utu.fi tai mavarj(at)utu.fi.<\/p>\n<p><strong>Huom. 11\/2020: Blogia ei t\u00e4ll\u00e4 hetkell\u00e4 p\u00e4ivitet\u00e4 aktiivisesti eiv\u00e4tk\u00e4 blogin yll\u00e4pit\u00e4j\u00e4t vastaa kommentteihin. Artikkeleihin saa kuitenkin edelleen j\u00e4tt\u00e4\u00e4 kommentteja, ja sivun k\u00e4vij\u00e4t voivat vastata toistensa kommentteihin ja kysymyksiin. Uusia kommentteja hyv\u00e4ksyt\u00e4\u00e4n satunnaisesti, joten ne n\u00e4kyv\u00e4t sivustolla viiveell\u00e4. Kaikki blogiartikkelit eiv\u00e4t valitettavasti toimi saavutettavuusn\u00e4k\u00f6kulmasta, sill\u00e4 osassa artikkeleista on kuvia, jotka sis\u00e4lt\u00e4v\u00e4t vain kuvaan kirjoitettua teksti\u00e4 k\u00e4sitelt\u00e4v\u00e4st\u00e4 ilmi\u00f6st\u00e4.<\/strong><\/p>\n<p style=\"text-align: center\"><a href=\"http:\/\/creativecommons.org\/licenses\/by-nc\/4.0\/\" rel=\"license\"><img decoding=\"async\" style=\"border-width: 0\" src=\"https:\/\/i.creativecommons.org\/l\/by-nc\/4.0\/88x31.png\" alt=\"Creative Commons -lisenssi\" \/><\/a><br \/>T\u00e4m\u00e4 teos, jonka tekij\u00e4 on <a href=\"https:\/\/blogit.utu.fi\/suomeaedistyneille\" rel=\"cc:attributionURL\">Niina Kekki ja Mikael Varjo<\/a>, on lisensoitu <a href=\"http:\/\/creativecommons.org\/licenses\/by-nc\/4.0\/\" rel=\"license\">Creative Commons Nime\u00e4-EiKaupallinen 4.0 Kansainv\u00e4linen -lisenssill\u00e4<\/a>.<\/p>\n\n\n<p><\/p>\n","protected":false},"excerpt":{"rendered":"<p>T\u00e4m\u00e4 opetusblogi on perustettu osana T\u00e4sm\u00e4opetusta edistyneille suomenoppijoille -hanketta. Hanke toimi Turun yliopistossa Koneen s\u00e4\u00e4ti\u00f6n rahoituksella syyskuusta 2016 helmikuuhun 2018. Hanke tarjosi yksil\u00f6llist\u00e4 suomen kielen opetusta edistyneille suomenoppijoille (taitotaso\u00a0B2\u2013C2)\u00a0kielitaidon viimeistelyyn. Hankkeen tavoitteena oli auttaa opiskelijaa parantamaan erityisesti ty\u00f6el\u00e4m\u00e4ss\u00e4 tai oman alan opinnoissa tarvittavia kielitaidon osa-alueita. T\u00e4h\u00e4n blogiin on koottu opetusmateriaalia, jota tehtiin hankkeen aikana. Blogiin [&hellip;]<\/p>\n","protected":false},"author":1566,"featured_media":0,"parent":0,"menu_order":0,"comment_status":"closed","ping_status":"closed","template":"","meta":{"footnotes":""},"class_list":["post-33","page","type-page","status-publish","hentry"],"_links":{"self":[{"href":"https:\/\/blogit.utu.fi\/suomeaedistyneille\/wp-json\/wp\/v2\/pages\/33","targetHints":{"allow":["GET"]}}],"collection":[{"href":"https:\/\/blogit.utu.fi\/suomeaedistyneille\/wp-json\/wp\/v2\/pages"}],"about":[{"href":"https:\/\/blogit.utu.fi\/suomeaedistyneille\/wp-json\/wp\/v2\/types\/page"}],"author":[{"embeddable":true,"href":"https:\/\/blogit.utu.fi\/suomeaedistyneille\/wp-json\/wp\/v2\/users\/1566"}],"replies":[{"embeddable":true,"href":"https:\/\/blogit.utu.fi\/suomeaedistyneille\/wp-json\/wp\/v2\/comments?post=33"}],"version-history":[{"count":13,"href":"https:\/\/blogit.utu.fi\/suomeaedistyneille\/wp-json\/wp\/v2\/pages\/33\/revisions"}],"predecessor-version":[{"id":1003,"href":"https:\/\/blogit.utu.fi\/suomeaedistyneille\/wp-json\/wp\/v2\/pages\/33\/revisions\/1003"}],"wp:attachment":[{"href":"https:\/\/blogit.utu.fi\/suomeaedistyneille\/wp-json\/wp\/v2\/media?parent=33"}],"curies":[{"name":"wp","href":"https:\/\/api.w.org\/{rel}","templated":true}]}}