{"id":63,"date":"2017-06-05T08:27:25","date_gmt":"2017-06-05T08:27:25","guid":{"rendered":"https:\/\/blogit.utu.fi\/suomeaedistyneille\/?page_id=63"},"modified":"2017-06-06T12:35:01","modified_gmt":"2017-06-06T12:35:01","slug":"hyodyllisia-sivustoja","status":"publish","type":"page","link":"https:\/\/blogit.utu.fi\/suomeaedistyneille\/hyodyllisia-sivustoja\/","title":{"rendered":"Hy\u00f6dyllisi\u00e4 sivustoja"},"content":{"rendered":"<p>Netiss\u00e4 on paljon sivustoja, jotka auttavat suomen opiskelussa. T\u00e4ss\u00e4 on listattu joitakin niist\u00e4. Tied\u00e4tk\u00f6 jonkin muun sivun, josta voisi olla apua? Kirjoita se kommenttiboksiin!<\/p>\n<p><a href=\"http:\/\/www.kielitoimistonsanakirja.fi\/\" target=\"_blank\" rel=\"noopener noreferrer\">Kielitoimiston sanakirja<\/a><\/p>\n<p>Suomea suomeksi -sanakirja, joka n\u00e4ytt\u00e4\u00e4 my\u00f6s sanojen t\u00e4rkeimm\u00e4t taivutusmuodot.<\/p>\n<p><a href=\"http:\/\/kielitoimistonohjepankki.fi\/\" target=\"_blank\" rel=\"noopener noreferrer\">Kielitoimiston ohjepankki<\/a><\/p>\n<p>Ohjepankissa on paljon ohjeita oikeinkirjoitukseen ja kielioppiasioihin.<\/p>\n<p><a href=\"http:\/\/scripta.kotus.fi\/visk\/etusivu.php\" target=\"_blank\" rel=\"noopener noreferrer\">Iso suomen kielioppi<\/a><\/p>\n<p><a href=\"http:\/\/ykitesti.solki.jyu.fi\/tutustu-testiin\/testifin\/\" target=\"_blank\" rel=\"noopener noreferrer\">YKI-testi<\/a><\/p>\n<p>Sivulla on harjoituksia ja tietoa YKI-testist\u00e4.<\/p>\n<p><a href=\"http:\/\/yle.fi\/aihe\/artikkeli\/2015\/12\/15\/suomi-finnish\" target=\"_blank\" rel=\"noopener noreferrer\">Yle oppiminen<\/a><\/p>\n<p>Runsaasti materiaalia suomen kielen oppimiseen.<\/p>\n<p><a href=\"http:\/\/areena.yle.fi\/tv\" target=\"_blank\" rel=\"noopener noreferrer\">Yle areena<\/a><\/p>\n<p>Television katselu ja radion kuuntelu ovat loistavia tapoja oppia kielt\u00e4. Areenassa saat suomenkieliset tekstitykset my\u00f6s suomenkielisiin ohjelmiin, jos puheesta on vaikea saada selv\u00e4\u00e4 ainoastaan kuuntelemalla. Osaa ohjelmista voi katsoa my\u00f6s Suomen ulkopuolella.<\/p>\n<p><a href=\"http:\/\/www.finnishcourses.fi\/\">Suomessa j\u00e4rjestett\u00e4v\u00e4t suomen kielen kurssit<\/a><\/p>\n<p>Voit etsi\u00e4 sivustolta suomen kielen kursseja kaupungin ja\u00a0taitotason mukaan.<\/p>\n","protected":false},"excerpt":{"rendered":"<p>Netiss\u00e4 on paljon sivustoja, jotka auttavat suomen opiskelussa. T\u00e4ss\u00e4 on listattu joitakin niist\u00e4. Tied\u00e4tk\u00f6 jonkin muun sivun, josta voisi olla apua? Kirjoita se kommenttiboksiin! Kielitoimiston sanakirja Suomea suomeksi -sanakirja, joka n\u00e4ytt\u00e4\u00e4 my\u00f6s sanojen t\u00e4rkeimm\u00e4t taivutusmuodot. Kielitoimiston ohjepankki Ohjepankissa on paljon ohjeita oikeinkirjoitukseen ja kielioppiasioihin. Iso suomen kielioppi YKI-testi Sivulla on harjoituksia ja tietoa YKI-testist\u00e4. Yle [&hellip;]<\/p>\n","protected":false},"author":1566,"featured_media":0,"parent":0,"menu_order":0,"comment_status":"closed","ping_status":"closed","template":"","meta":{"footnotes":""},"class_list":["post-63","page","type-page","status-publish","hentry"],"_links":{"self":[{"href":"https:\/\/blogit.utu.fi\/suomeaedistyneille\/wp-json\/wp\/v2\/pages\/63","targetHints":{"allow":["GET"]}}],"collection":[{"href":"https:\/\/blogit.utu.fi\/suomeaedistyneille\/wp-json\/wp\/v2\/pages"}],"about":[{"href":"https:\/\/blogit.utu.fi\/suomeaedistyneille\/wp-json\/wp\/v2\/types\/page"}],"author":[{"embeddable":true,"href":"https:\/\/blogit.utu.fi\/suomeaedistyneille\/wp-json\/wp\/v2\/users\/1566"}],"replies":[{"embeddable":true,"href":"https:\/\/blogit.utu.fi\/suomeaedistyneille\/wp-json\/wp\/v2\/comments?post=63"}],"version-history":[{"count":3,"href":"https:\/\/blogit.utu.fi\/suomeaedistyneille\/wp-json\/wp\/v2\/pages\/63\/revisions"}],"predecessor-version":[{"id":231,"href":"https:\/\/blogit.utu.fi\/suomeaedistyneille\/wp-json\/wp\/v2\/pages\/63\/revisions\/231"}],"wp:attachment":[{"href":"https:\/\/blogit.utu.fi\/suomeaedistyneille\/wp-json\/wp\/v2\/media?parent=63"}],"curies":[{"name":"wp","href":"https:\/\/api.w.org\/{rel}","templated":true}]}}