{"id":243,"date":"2017-02-06T12:59:27","date_gmt":"2017-02-06T12:59:27","guid":{"rendered":"https:\/\/blogit.utu.fi\/suomenhistoria\/?page_id=243"},"modified":"2025-04-28T10:47:01","modified_gmt":"2025-04-28T07:47:01","slug":"lastuja","status":"publish","type":"page","link":"https:\/\/blogit.utu.fi\/suomenhistoria\/lastuja\/","title":{"rendered":"LASTUJA?"},"content":{"rendered":"<p><em>Puusta asetta vuoleksiessa lenn\u00e4htelee puusep\u00e4lt\u00e4 lastuja h\u00e4nen ty\u00f6huoneensa permannolle. Yksi ne lakaisee ovesta ulos, toinen nakkaa lieteen palamaan, kolmas heitt\u00e4\u00e4 lapsille leikkikaluiksi.<\/em><\/p>\n<p><em> T\u00e4mm\u00f6iset kirjaniekan kyn\u00e4elm\u00e4t ovat lastuja nekin. Kun ei niit\u00e4 aina henno tuleenkaan ty\u00f6nt\u00e4\u00e4, niin j\u00e4tt\u00e4\u00e4 ne niiden poimittaviksi, jotka siit\u00e4 kenties ovat huvitetut.<\/em><br \/>\n<em> N\u00e4m\u00e4 \u00bblastuni\u00bb t\u00e4ss\u00e4 tarjotaan sen n\u00e4k\u00f6isin\u00e4, jommoisiksi ne itsest\u00e4\u00e4n, kirjoitusp\u00f6yd\u00e4lt\u00e4 pudotessaan, ovat siihen paikkaansa k\u00e4hertyneet.<\/em><\/p>\n<p>&#8211; Juhani Aho<\/p>\n<p>Suomen historian blogin tekstit ovat lastuja oppiaineen henkil\u00f6kunnan, tutkijoiden ja opiskelijoiden p\u00f6yd\u00e4lt\u00e4. Ne syntyv\u00e4t tutkimuksen ohessa ja liittyv\u00e4t ajankohtaisiin historiantutkimuksen sek\u00e4 yleisesti yhteiskunnassa pinnalla oleviin teemoihin. Tutkijoiden vuolemat lastut ja niiss\u00e4 esiintyv\u00e4t n\u00e4kemykset ovat heid\u00e4n omiaan eiv\u00e4tk\u00e4 edusta Turun yliopiston tai Suomen historian oppiaineen virallisia kantoja.<\/p>\n<p>Blogia toimittavat FT Jarkko Keskinen, FM Mikko Saira ja FM Sakari Salokannel.<\/p>\n<p><span class=\"d2edcug0 hpfvmrgz qv66sw1b c1et5uql rrkovp55 a8c37x1j keod5gw0 nxhoafnm aigsh9s9 d3f4x2em fe6kdd0r mau55g9w c8b282yb iv3no6db jq4qci2q a3bd9o3v knj5qynh oo9gr5id\" dir=\"auto\">Etusivun kuva: Mikael Korhonen<\/span><\/p>\n","protected":false},"excerpt":{"rendered":"<p>Puusta asetta vuoleksiessa lenn\u00e4htelee puusep\u00e4lt\u00e4 lastuja h\u00e4nen ty\u00f6huoneensa permannolle. Yksi ne lakaisee ovesta ulos, toinen nakkaa lieteen palamaan, kolmas heitt\u00e4\u00e4 lapsille leikkikaluiksi. T\u00e4mm\u00f6iset kirjaniekan kyn\u00e4elm\u00e4t ovat lastuja nekin. Kun ei niit\u00e4 aina henno tuleenkaan ty\u00f6nt\u00e4\u00e4, niin j\u00e4tt\u00e4\u00e4 ne niiden poimittaviksi, jotka siit\u00e4 kenties ovat huvitetut. N\u00e4m\u00e4 \u00bblastuni\u00bb t\u00e4ss\u00e4 tarjotaan sen n\u00e4k\u00f6isin\u00e4, jommoisiksi ne itsest\u00e4\u00e4n, kirjoitusp\u00f6yd\u00e4lt\u00e4 [&hellip;]<\/p>\n","protected":false},"author":757,"featured_media":0,"parent":0,"menu_order":0,"comment_status":"closed","ping_status":"closed","template":"","meta":{"footnotes":""},"class_list":["post-243","page","type-page","status-publish","czr-hentry"],"_links":{"self":[{"href":"https:\/\/blogit.utu.fi\/suomenhistoria\/wp-json\/wp\/v2\/pages\/243","targetHints":{"allow":["GET"]}}],"collection":[{"href":"https:\/\/blogit.utu.fi\/suomenhistoria\/wp-json\/wp\/v2\/pages"}],"about":[{"href":"https:\/\/blogit.utu.fi\/suomenhistoria\/wp-json\/wp\/v2\/types\/page"}],"author":[{"embeddable":true,"href":"https:\/\/blogit.utu.fi\/suomenhistoria\/wp-json\/wp\/v2\/users\/757"}],"replies":[{"embeddable":true,"href":"https:\/\/blogit.utu.fi\/suomenhistoria\/wp-json\/wp\/v2\/comments?post=243"}],"version-history":[{"count":28,"href":"https:\/\/blogit.utu.fi\/suomenhistoria\/wp-json\/wp\/v2\/pages\/243\/revisions"}],"predecessor-version":[{"id":9151,"href":"https:\/\/blogit.utu.fi\/suomenhistoria\/wp-json\/wp\/v2\/pages\/243\/revisions\/9151"}],"wp:attachment":[{"href":"https:\/\/blogit.utu.fi\/suomenhistoria\/wp-json\/wp\/v2\/media?parent=243"}],"curies":[{"name":"wp","href":"https:\/\/api.w.org\/{rel}","templated":true}]}}