{"id":7941,"date":"2022-02-23T10:40:08","date_gmt":"2022-02-23T08:40:08","guid":{"rendered":"https:\/\/blogit.utu.fi\/suomenhistoria\/?page_id=7941"},"modified":"2022-10-12T14:45:48","modified_gmt":"2022-10-12T11:45:48","slug":"suomen-historia-100-vuotta","status":"publish","type":"page","link":"https:\/\/blogit.utu.fi\/suomenhistoria\/suomen-historia-100-vuotta\/","title":{"rendered":"SUOMEN HISTORIA 100 VUOTTA"},"content":{"rendered":"\n<div class=\"wp-block-image is-style-default\"><figure class=\"aligncenter size-large is-resized\"><img loading=\"lazy\" decoding=\"async\" src=\"https:\/\/blogit.utu.fi\/suomenhistoria\/wp-content\/uploads\/sites\/101\/2022\/02\/Suhi100-logo_varillinen_transparentti-1024x960.png\" alt=\"\" class=\"wp-image-7952\" width=\"429\" height=\"402\" srcset=\"https:\/\/blogit.utu.fi\/suomenhistoria\/wp-content\/uploads\/sites\/101\/2022\/02\/Suhi100-logo_varillinen_transparentti-1024x960.png 1024w, https:\/\/blogit.utu.fi\/suomenhistoria\/wp-content\/uploads\/sites\/101\/2022\/02\/Suhi100-logo_varillinen_transparentti-300x281.png 300w, https:\/\/blogit.utu.fi\/suomenhistoria\/wp-content\/uploads\/sites\/101\/2022\/02\/Suhi100-logo_varillinen_transparentti-768x720.png 768w, https:\/\/blogit.utu.fi\/suomenhistoria\/wp-content\/uploads\/sites\/101\/2022\/02\/Suhi100-logo_varillinen_transparentti.png 1200w\" sizes=\"auto, (max-width: 429px) 100vw, 429px\" \/><figcaption> <em>Logo: Maria Syv\u00e4niemi<\/em> <\/figcaption><\/figure><\/div>\n\n\n\n<p class=\"has-text-align-left\">Turun yliopiston Suomen historian oppiaine perustettiin vuonna 1920 yhten\u00e4 yliopiston seitsem\u00e4st\u00e4 ensimm\u00e4isest\u00e4 professuurista. Oppiaineen ensimm\u00e4inen professori Artturi Heikki Virkkunen nimitettiin virkaansa toukokuussa 1921, ja opetus oppiaineessa alkoi kes\u00e4ll\u00e4 1922, jolloin Virkkunen piti ensimm\u00e4isen luentonsa aiheesta \u201dSuomen historia, eritt\u00e4in silm\u00e4ll\u00e4pit\u00e4en kansallisuus- ja itsen\u00e4isyysajatuksen kehityst\u00e4\u201d. Oppiaine viett\u00e4\u00e4 siis t\u00e4n\u00e4 vuonna toimintansa alkamisen 100-vuotisjuhlaa. <\/p>\n\n\n\n<p class=\"has-text-align-left\">Juhlavuosi n\u00e4kyy sek\u00e4 oppiaineen toiminnassa ett\u00e4 Lastuja-blogissa, jonka perustamiseksi tulee kuluneeksi viisi vuotta. Juhlavuoden aikana oppiaineen nykyiset ja entiset ty\u00f6ntekij\u00e4t ja tutkijat k\u00e4sittelev\u00e4t oppiaineen historiaa ja tulevaisuutta blogiteksteiss\u00e4, jotka l\u00f6ytyv\u00e4t paitsi t\u00e4lt\u00e4 sivulta, my\u00f6s asiasanalla &#8221;SH 100&#8221;.<\/p>\n\n\n\n<p>Lis\u00e4ksi oppiaine j\u00e4rjest\u00e4\u00e4 marraskuussa 11.11.2022 juhlaillallisen Turun Panimoravintola Koulussa.<\/p>\n\n\n\n<hr class=\"wp-block-separator is-style-wide\" \/>\n\n\n\n<h1 class=\"has-text-align-center wp-block-heading\"> Oppiaineen juhlaillallinen 11.11.2022<\/h1>\n\n\n\n<div class=\"wp-block-image\"><figure class=\"aligncenter size-large is-resized\"><img loading=\"lazy\" decoding=\"async\" src=\"https:\/\/blogit.utu.fi\/suomenhistoria\/wp-content\/uploads\/sites\/101\/2022\/10\/SH100-kutsu_yleinen_valmis-722x1024.jpg\" alt=\"\" class=\"wp-image-8312\" width=\"599\" height=\"850\" srcset=\"https:\/\/blogit.utu.fi\/suomenhistoria\/wp-content\/uploads\/sites\/101\/2022\/10\/SH100-kutsu_yleinen_valmis-722x1024.jpg 722w, https:\/\/blogit.utu.fi\/suomenhistoria\/wp-content\/uploads\/sites\/101\/2022\/10\/SH100-kutsu_yleinen_valmis-212x300.jpg 212w, https:\/\/blogit.utu.fi\/suomenhistoria\/wp-content\/uploads\/sites\/101\/2022\/10\/SH100-kutsu_yleinen_valmis-768x1089.jpg 768w, https:\/\/blogit.utu.fi\/suomenhistoria\/wp-content\/uploads\/sites\/101\/2022\/10\/SH100-kutsu_yleinen_valmis.jpg 846w\" sizes=\"auto, (max-width: 599px) 100vw, 599px\" \/><\/figure><\/div>\n\n\n\n<p class=\"has-text-align-center\">Tervetuloa juhlimaan 100-vuotiasta Suomen historian oppiainetta!<br><br>Juhlaillallisia vietet\u00e4\u00e4n Turun Panimoravintola Koulussa perjantaina 11.11. klo 19 alkaen.<br>Ohjelmassa on kirjailija Sirpa K\u00e4hk\u00f6sen juhlapuhe ja musiikkia menneilt\u00e4 vuosisadoilta.<br><br>Voit lunastaa paikkasi illallisille t\u00e4\u00e4lt\u00e4:\u00a0<a rel=\"noreferrer noopener\" href=\"https:\/\/ty.fi\/suomen-historia-100\" target=\"_blank\">https:\/\/ty.fi\/suomen-historia-100<\/a> Illallinen on omakustanteinen ja se tulee maksaa ilmoittautumisen yhteydess\u00e4.<br><br>Paikkoja juhlaillalliselle on rajoitetusti ja ilmoittautuminen p\u00e4\u00e4ttyy 25.10.<br><br>Pukeutumiskoodina on tumma puku.<\/p>\n\n\n\n<hr class=\"wp-block-separator is-style-wide\" \/>\n\n\n\n<h2 class=\"wp-block-heading\"><strong>Juhlavuoden blogitekstit<\/strong> <\/h2>\n\n\n\n<p>Kirsi Vainio-Korhonen: <a rel=\"noreferrer noopener\" href=\"https:\/\/blogit.utu.fi\/suomenhistoria\/kasityosta-leivan-lisaa-suomen-historiaa-kankureista-vaarentajiin\/\" data-type=\"URL\" data-id=\"https:\/\/blogit.utu.fi\/suomenhistoria\/kasityosta-leivan-lisaa-suomen-historiaa-kankureista-vaarentajiin\/\" target=\"_blank\">K\u00e4sit\u00f6ist\u00e4 leiv\u00e4n lis\u00e4\u00e4 &#8211; Suomen historiaa kankureista v\u00e4\u00e4rent\u00e4jiin<\/a><\/p>\n\n\n\n<p>Veikko Laakso: <a href=\"https:\/\/blogit.utu.fi\/suomenhistoria\/suomen-historia-tyo-ja-opintoyhteisona\/\" target=\"_blank\" rel=\"noreferrer noopener\">Suomen historia ty\u00f6- ja opintoyhteis\u00f6n\u00e4<\/a><\/p>\n\n\n\n<p>Suvianna Sepp\u00e4l\u00e4: <a rel=\"noreferrer noopener\" href=\"https:\/\/blogit.utu.fi\/suomenhistoria\/tadaa-teit-sen-opiskelija-aikaa-1990-luvulla\/\" target=\"_blank\">Tadaa&#8230; teit sen! Opiskelija-aikaa 1990-luvulla<\/a><\/p>\n\n\n\n<p>Lauri Viinikkala: <a rel=\"noreferrer noopener\" href=\"https:\/\/blogit.utu.fi\/suomenhistoria\/kahvihuone-historiantutkimuksen-laboratoriona\/\" target=\"_blank\">Kahvihuone historiantutkimuksen laboratoriona <\/a><\/p>\n\n\n\n<p>Mikko Saira: <a rel=\"noreferrer noopener\" href=\"https:\/\/blogit.utu.fi\/suomenhistoria\/opiskelu-2020-luvulla-seikkailu-yhteisollisyyden-vesissa-vai-nollien-ja-ykkosten-viidakossa\/\" target=\"_blank\">Opiskelu 2020\u2013luvulla: seikkailu yhteis\u00f6llisyyden vesiss\u00e4 vai nollien ja ykk\u00f6sten viidakossa?<\/a><\/p>\n","protected":false},"excerpt":{"rendered":"<p>Turun yliopiston Suomen historian oppiaine perustettiin vuonna 1920 yhten\u00e4 yliopiston seitsem\u00e4st\u00e4 ensimm\u00e4isest\u00e4 professuurista. Oppiaineen ensimm\u00e4inen professori Artturi Heikki Virkkunen nimitettiin virkaansa toukokuussa 1921, ja opetus oppiaineessa alkoi kes\u00e4ll\u00e4 1922, jolloin Virkkunen piti ensimm\u00e4isen luentonsa aiheesta \u201dSuomen historia, eritt\u00e4in silm\u00e4ll\u00e4pit\u00e4en kansallisuus- ja itsen\u00e4isyysajatuksen kehityst\u00e4\u201d. Oppiaine viett\u00e4\u00e4 siis t\u00e4n\u00e4 vuonna toimintansa alkamisen 100-vuotisjuhlaa. Juhlavuosi n\u00e4kyy sek\u00e4 oppiaineen [&hellip;]<\/p>\n","protected":false},"author":3553,"featured_media":0,"parent":0,"menu_order":0,"comment_status":"closed","ping_status":"closed","template":"","meta":{"footnotes":""},"class_list":["post-7941","page","type-page","status-publish","czr-hentry"],"_links":{"self":[{"href":"https:\/\/blogit.utu.fi\/suomenhistoria\/wp-json\/wp\/v2\/pages\/7941","targetHints":{"allow":["GET"]}}],"collection":[{"href":"https:\/\/blogit.utu.fi\/suomenhistoria\/wp-json\/wp\/v2\/pages"}],"about":[{"href":"https:\/\/blogit.utu.fi\/suomenhistoria\/wp-json\/wp\/v2\/types\/page"}],"author":[{"embeddable":true,"href":"https:\/\/blogit.utu.fi\/suomenhistoria\/wp-json\/wp\/v2\/users\/3553"}],"replies":[{"embeddable":true,"href":"https:\/\/blogit.utu.fi\/suomenhistoria\/wp-json\/wp\/v2\/comments?post=7941"}],"version-history":[{"count":30,"href":"https:\/\/blogit.utu.fi\/suomenhistoria\/wp-json\/wp\/v2\/pages\/7941\/revisions"}],"predecessor-version":[{"id":8315,"href":"https:\/\/blogit.utu.fi\/suomenhistoria\/wp-json\/wp\/v2\/pages\/7941\/revisions\/8315"}],"wp:attachment":[{"href":"https:\/\/blogit.utu.fi\/suomenhistoria\/wp-json\/wp\/v2\/media?parent=7941"}],"curies":[{"name":"wp","href":"https:\/\/api.w.org\/{rel}","templated":true}]}}