{"id":15,"date":"2016-11-07T10:15:33","date_gmt":"2016-11-07T10:15:33","guid":{"rendered":"https:\/\/blogit.utu.fi\/suomisugri\/about\/"},"modified":"2017-01-20T13:12:53","modified_gmt":"2017-01-20T11:12:53","slug":"oppiaine","status":"publish","type":"page","link":"https:\/\/blogit.utu.fi\/suomisugri\/oppiaine\/","title":{"rendered":"Oppiaine"},"content":{"rendered":"<p>Sanovatko hanti tai komi sinulle mit\u00e4\u00e4n? Unkarin ja viron ainakin tied\u00e4t. Ne kaikki ovat suomen sukukieli\u00e4. Turun yliopistossa on mahdollisuus opiskella paitsi suomea my\u00f6s sen sukukieli\u00e4 oppiaineessa, jonka nimi on suomen kieli ja suomalais-ugrilainen kielentutkimus. Monet oppiaineemme opiskelijat haluavat opettajiksi, mutta opinnot antavat mahdollisuuden lukuisiin muihinkin ammatteihin, joissa tarvitaan kielen asiantuntemusta. \u00c4idinkielen ja kielten vertailun kautta pystyy syv\u00e4llisesti pohtimaan sit\u00e4, mit\u00e4 kieli on, mik\u00e4 on sen yhteys ihmisen ajatteluun, miten kielt\u00e4 k\u00e4ytet\u00e4\u00e4n asioiden saavuttamiseksi ja miten kieli vaihtelee ja muuttuu.<\/p>\n<p>&nbsp;<\/p>\n<p><strong>K\u00e4yntiosoite:<\/strong><br \/>\nH\u00e4meenkatu 1<br \/>\nToimisto: Maaherran makasiini (Henrikinkatu 10)<\/p>\n<p><strong>Postiosoite:<\/strong><br \/>\nSuomen kieli ja suomalais-ugrilainen kielentutkimus<br \/>\n20014 TURUN YLIOPISTO<\/p>\n<p><strong>Puhelin:<\/strong><br \/>\n(02) 333 5290<\/p>\n","protected":false},"excerpt":{"rendered":"<p>Sanovatko hanti tai komi sinulle mit\u00e4\u00e4n? Unkarin ja viron ainakin tied\u00e4t. Ne kaikki ovat suomen sukukieli\u00e4. Turun yliopistossa on mahdollisuus opiskella paitsi suomea my\u00f6s sen sukukieli\u00e4 oppiaineessa, jonka nimi on suomen kieli ja suomalais-ugrilainen kielentutkimus. Monet oppiaineemme opiskelijat haluavat opettajiksi, mutta opinnot antavat mahdollisuuden lukuisiin muihinkin ammatteihin, joissa tarvitaan kielen asiantuntemusta. \u00c4idinkielen ja kielten vertailun&nbsp;&#8230;<\/p>\n","protected":false},"author":2046,"featured_media":0,"parent":0,"menu_order":0,"comment_status":"closed","ping_status":"closed","template":"","meta":{"footnotes":""},"class_list":["post-15","page","type-page","status-publish","hentry"],"_links":{"self":[{"href":"https:\/\/blogit.utu.fi\/suomisugri\/wp-json\/wp\/v2\/pages\/15","targetHints":{"allow":["GET"]}}],"collection":[{"href":"https:\/\/blogit.utu.fi\/suomisugri\/wp-json\/wp\/v2\/pages"}],"about":[{"href":"https:\/\/blogit.utu.fi\/suomisugri\/wp-json\/wp\/v2\/types\/page"}],"author":[{"embeddable":true,"href":"https:\/\/blogit.utu.fi\/suomisugri\/wp-json\/wp\/v2\/users\/2046"}],"replies":[{"embeddable":true,"href":"https:\/\/blogit.utu.fi\/suomisugri\/wp-json\/wp\/v2\/comments?post=15"}],"version-history":[{"count":9,"href":"https:\/\/blogit.utu.fi\/suomisugri\/wp-json\/wp\/v2\/pages\/15\/revisions"}],"predecessor-version":[{"id":544,"href":"https:\/\/blogit.utu.fi\/suomisugri\/wp-json\/wp\/v2\/pages\/15\/revisions\/544"}],"wp:attachment":[{"href":"https:\/\/blogit.utu.fi\/suomisugri\/wp-json\/wp\/v2\/media?parent=15"}],"curies":[{"name":"wp","href":"https:\/\/api.w.org\/{rel}","templated":true}]}}