{"id":1194,"date":"2018-10-10T10:32:39","date_gmt":"2018-10-10T10:32:39","guid":{"rendered":"https:\/\/blogit.utu.fi\/supupaivat2018\/?page_id=1194"},"modified":"2018-11-09T12:06:35","modified_gmt":"2018-11-09T12:06:35","slug":"ilmoittautuminen","status":"publish","type":"page","link":"https:\/\/blogit.utu.fi\/supupaivat2018\/ilmoittautuminen\/","title":{"rendered":"Ilmoittautuminen"},"content":{"rendered":"<h3><strong>Konferenssi-ilmoittautuminen on sulkeutunut.<\/strong><\/h3>\n<p>&nbsp;<\/p>\n<p>Konferenssin hinnat ovat:<br \/>\n60 \u20ac Sukupuolentutkimuksen seuran varsinaiset j\u00e4senet<br \/>\n35 \u20ac Sukupuolentutkimuksen seuran jatko-opiskelijaj\u00e4senet ja ty\u00f6tt\u00f6m\u00e4t j\u00e4senet<br \/>\n80 \u20ac Ei-j\u00e4senet<br \/>\n45 \u20ac Jatko-opiskelijat ja ty\u00f6tt\u00f6m\u00e4t ei-j\u00e4senet<br \/>\n0 \u20ac Perustutkinto-opiskelijat<\/p>\n<p>Ilmoittautuessa voi samalla ostaa illalliskortin (40\u20ac) konferenssi-ilalliselle, joka j\u00e4rjestet\u00e4\u00e4n Caf\u00e9 Arkenissa 23.11. klo 19.00. Illallisen menuun voi tutustua <a href=\"https:\/\/blogit.utu.fi\/supupaivat2018\/wp-content\/uploads\/sites\/148\/2018\/10\/menu_english.docx.pdf\">t\u00e4st\u00e4<\/a>.<\/p>\n<p>SUNS:n j\u00e4seneksi liittyminen tapahtuu seuran nettisivujen kautta:<br \/>\n<a href=\"https:\/\/sukupuolentutkimus.fi\/sukupuolentutkimus-lehti\/tilaukset\/\">https:\/\/sukupuolentutkimus.fi\/sukupuolentutkimus-lehti\/tilaukset\/<\/a><br \/>\nJ\u00e4senmaksu sis\u00e4lt\u00e4\u00e4 Sukupuolentutkimus-lehden tilauksen. Lis\u00e4ksi kaikki seuran uudet j\u00e4senet saavat vuonna 2018 t\u00e4h\u00e4n menness\u00e4 ilmestyneet numerot.<\/p>\n","protected":false},"excerpt":{"rendered":"<p>Konferenssi-ilmoittautuminen on sulkeutunut. &nbsp; Konferenssin hinnat ovat: 60 \u20ac Sukupuolentutkimuksen seuran varsinaiset j\u00e4senet 35 \u20ac Sukupuolentutkimuksen seuran jatko-opiskelijaj\u00e4senet ja ty\u00f6tt\u00f6m\u00e4t j\u00e4senet 80 \u20ac Ei-j\u00e4senet 45 \u20ac Jatko-opiskelijat ja ty\u00f6tt\u00f6m\u00e4t ei-j\u00e4senet 0 \u20ac Perustutkinto-opiskelijat Ilmoittautuessa voi samalla ostaa illalliskortin (40\u20ac) konferenssi-ilalliselle, joka j\u00e4rjestet\u00e4\u00e4n Caf\u00e9 Arkenissa 23.11. klo 19.00. Illallisen menuun voi tutustua t\u00e4st\u00e4. SUNS:n j\u00e4seneksi liittyminen [&hellip;]<\/p>\n","protected":false},"author":5676,"featured_media":0,"parent":0,"menu_order":0,"comment_status":"closed","ping_status":"closed","template":"","meta":{"footnotes":""},"class_list":["post-1194","page","type-page","status-publish","hentry"],"_links":{"self":[{"href":"https:\/\/blogit.utu.fi\/supupaivat2018\/wp-json\/wp\/v2\/pages\/1194","targetHints":{"allow":["GET"]}}],"collection":[{"href":"https:\/\/blogit.utu.fi\/supupaivat2018\/wp-json\/wp\/v2\/pages"}],"about":[{"href":"https:\/\/blogit.utu.fi\/supupaivat2018\/wp-json\/wp\/v2\/types\/page"}],"author":[{"embeddable":true,"href":"https:\/\/blogit.utu.fi\/supupaivat2018\/wp-json\/wp\/v2\/users\/5676"}],"replies":[{"embeddable":true,"href":"https:\/\/blogit.utu.fi\/supupaivat2018\/wp-json\/wp\/v2\/comments?post=1194"}],"version-history":[{"count":6,"href":"https:\/\/blogit.utu.fi\/supupaivat2018\/wp-json\/wp\/v2\/pages\/1194\/revisions"}],"predecessor-version":[{"id":1922,"href":"https:\/\/blogit.utu.fi\/supupaivat2018\/wp-json\/wp\/v2\/pages\/1194\/revisions\/1922"}],"wp:attachment":[{"href":"https:\/\/blogit.utu.fi\/supupaivat2018\/wp-json\/wp\/v2\/media?parent=1194"}],"curies":[{"name":"wp","href":"https:\/\/api.w.org\/{rel}","templated":true}]}}