{"id":1200,"date":"2018-10-10T10:34:02","date_gmt":"2018-10-10T10:34:02","guid":{"rendered":"https:\/\/blogit.utu.fi\/supupaivat2018\/?page_id=1200"},"modified":"2018-11-09T12:06:58","modified_gmt":"2018-11-09T12:06:58","slug":"anmalning","status":"publish","type":"page","link":"https:\/\/blogit.utu.fi\/supupaivat2018\/sv\/anmalning\/","title":{"rendered":"Anm\u00e4lning"},"content":{"rendered":"<h3><strong>Registrering f\u00f6r konferensen\u00a0\u00e4r st\u00e4ngd.<\/strong><\/h3>\n<p>&nbsp;<\/p>\n<p>Konferensavgifter:<br \/>\n60\u20ac Medlemmar av S\u00e4llskapet f\u00f6r genusforskning<br \/>\n35\u20ac Doktorander\/Arbetsl\u00f6sa som \u00e4r medlemmar i S\u00e4llskapet f\u00f6r genusforskning<br \/>\n80\u20ac Icke-medlemmar<br \/>\n45\u20ac Doktorander och arbetsl\u00f6sa icke-medlemmar<br \/>\n0\u20ac Studerande p\u00e5 kandidat- och magisterniv\u00e5<\/p>\n<p>I samband med registreringen kan middagskort (40\u20ac) k\u00f6pas f\u00f6r konferensmiddagen som ordnas i Caf\u00e9 Arken den 23.11 kl 19.00. Du kan bekanta dig med middagens meny <a href=\"https:\/\/blogit.utu.fi\/supupaivat2018\/wp-content\/uploads\/sites\/148\/2018\/10\/menu_english.docx.pdf\">h\u00e4r<\/a>.<\/p>\n<p>&nbsp;<\/p>\n<p>Du kan bli medlem i S\u00e4llskapet f\u00f6r genusforskning via s\u00e4llskapets hemsida: <a href=\"https:\/\/sukupuolentutkimus.fi\/sukupuolentutkimus-lehti\/tilaukset\/\" target=\"_blank\" rel=\"noopener\">https:\/\/sukupuolentutkimus.fi\/sukupuolentutkimus-lehti\/tilaukset\/<\/a><\/p>\n<p>Medlemsavgiften inneh\u00e5ller en prenumeration p\u00e5 tidskriften Sukupuolentutkimus\/Genusforskning. <span lang=\"fi\">Dessutom f\u00e5r alla medlemmar samtliga nummer fr\u00e5n 2018 som hittills publicerats. <\/span><\/p>\n","protected":false},"excerpt":{"rendered":"<p>Registrering f\u00f6r konferensen\u00a0\u00e4r st\u00e4ngd. &nbsp; Konferensavgifter: 60\u20ac Medlemmar av S\u00e4llskapet f\u00f6r genusforskning 35\u20ac Doktorander\/Arbetsl\u00f6sa som \u00e4r medlemmar i S\u00e4llskapet f\u00f6r genusforskning 80\u20ac Icke-medlemmar 45\u20ac Doktorander och arbetsl\u00f6sa icke-medlemmar 0\u20ac Studerande p\u00e5 kandidat- och magisterniv\u00e5 I samband med registreringen kan middagskort (40\u20ac) k\u00f6pas f\u00f6r konferensmiddagen som ordnas i Caf\u00e9 Arken den 23.11 kl 19.00. Du kan [&hellip;]<\/p>\n","protected":false},"author":5676,"featured_media":0,"parent":0,"menu_order":0,"comment_status":"closed","ping_status":"closed","template":"","meta":{"footnotes":""},"class_list":["post-1200","page","type-page","status-publish","hentry"],"_links":{"self":[{"href":"https:\/\/blogit.utu.fi\/supupaivat2018\/wp-json\/wp\/v2\/pages\/1200","targetHints":{"allow":["GET"]}}],"collection":[{"href":"https:\/\/blogit.utu.fi\/supupaivat2018\/wp-json\/wp\/v2\/pages"}],"about":[{"href":"https:\/\/blogit.utu.fi\/supupaivat2018\/wp-json\/wp\/v2\/types\/page"}],"author":[{"embeddable":true,"href":"https:\/\/blogit.utu.fi\/supupaivat2018\/wp-json\/wp\/v2\/users\/5676"}],"replies":[{"embeddable":true,"href":"https:\/\/blogit.utu.fi\/supupaivat2018\/wp-json\/wp\/v2\/comments?post=1200"}],"version-history":[{"count":10,"href":"https:\/\/blogit.utu.fi\/supupaivat2018\/wp-json\/wp\/v2\/pages\/1200\/revisions"}],"predecessor-version":[{"id":1925,"href":"https:\/\/blogit.utu.fi\/supupaivat2018\/wp-json\/wp\/v2\/pages\/1200\/revisions\/1925"}],"wp:attachment":[{"href":"https:\/\/blogit.utu.fi\/supupaivat2018\/wp-json\/wp\/v2\/media?parent=1200"}],"curies":[{"name":"wp","href":"https:\/\/api.w.org\/{rel}","templated":true}]}}