{"id":1952,"date":"2018-11-09T12:24:33","date_gmt":"2018-11-09T12:24:33","guid":{"rendered":"https:\/\/blogit.utu.fi\/supupaivat2018\/?page_id=1952"},"modified":"2018-11-13T06:07:50","modified_gmt":"2018-11-13T06:07:50","slug":"kartta","status":"publish","type":"page","link":"https:\/\/blogit.utu.fi\/supupaivat2018\/kartta\/","title":{"rendered":"Kartta"},"content":{"rendered":"<h3><a href=\"https:\/\/goo.gl\/maps\/CwzNdcvHMNm\">Google Maps<\/a><\/h3>\n<p>&nbsp;<\/p>\n<p><strong>Tapahtumapaikat:<\/strong><\/p>\n<ul>\n<li>Educarium, Turun yliopisto<\/li>\n<li>Arken, \u00c5bo Akademi<\/li>\n<li>Turun kaupungintalo<\/li>\n<\/ul>\n<p>&nbsp;<\/p>\n<p><strong>Liikenne ja majoitus:<\/strong><\/p>\n<ul>\n<li>Scandic Julia, yhteisty\u00f6hotelli<\/li>\n<li>P\u00e4\u00e4rautatieasema<\/li>\n<li>Kupittaan asema, junat Helsingist\u00e4 ja Helsinkiin pys\u00e4htyv\u00e4t asemalla<\/li>\n<li>Linja-autoasema<\/li>\n<li>Turun Tuomiokirkko, monet kaukoliikenteen bussit pys\u00e4htyv\u00e4t Tuomiokirkolla, jotkut my\u00f6s H\u00e4meenkadulla<\/li>\n<li>Turun satama<\/li>\n<li>Turun lentoasema<\/li>\n<\/ul>\n<p>&nbsp;<\/p>\n<p><strong>Lounaspaikkoja:<\/strong><\/p>\n<ul>\n<li><a href=\"http:\/\/www.studentlunch.fi\/en\/lunch-list\">Caf\u00e9 Arken (K\u00e5rkafeerna)<\/a><\/li>\n<li><a href=\"http:\/\/www.studentlunch.fi\/en\/lunch-list\">F\u00e4nriken (K\u00e5rkafeerna)<\/a><\/li>\n<li><a href=\"http:\/\/www.studentlunch.fi\/en\/lunch-list\">Gado (K\u00e5rkafeerna)<\/a><\/li>\n<li><a href=\"https:\/\/fabbescafe.com\/\">Fabbes Cafe<\/a><\/li>\n<li><a href=\"http:\/\/www.unica.fi\/fi\/\">Macciavelli (Unica)<\/a><\/li>\n<li><a href=\"http:\/\/www.unica.fi\/fi\/\">Galilei (Unica)<\/a><\/li>\n<li><a href=\"http:\/\/www.unica.fi\/fi\/\">Assarin ullakko\/Brygge (Unica)<\/a><\/li>\n<\/ul>\n","protected":false},"excerpt":{"rendered":"<p>Google Maps &nbsp; Tapahtumapaikat: Educarium, Turun yliopisto Arken, \u00c5bo Akademi Turun kaupungintalo &nbsp; Liikenne ja majoitus: Scandic Julia, yhteisty\u00f6hotelli P\u00e4\u00e4rautatieasema Kupittaan asema, junat Helsingist\u00e4 ja Helsinkiin pys\u00e4htyv\u00e4t asemalla Linja-autoasema Turun Tuomiokirkko, monet kaukoliikenteen bussit pys\u00e4htyv\u00e4t Tuomiokirkolla, jotkut my\u00f6s H\u00e4meenkadulla Turun satama Turun lentoasema &nbsp; Lounaspaikkoja: Caf\u00e9 Arken (K\u00e5rkafeerna) F\u00e4nriken (K\u00e5rkafeerna) Gado (K\u00e5rkafeerna) Fabbes Cafe Macciavelli [&hellip;]<\/p>\n","protected":false},"author":5676,"featured_media":0,"parent":0,"menu_order":8,"comment_status":"closed","ping_status":"closed","template":"","meta":{"footnotes":""},"class_list":["post-1952","page","type-page","status-publish","hentry"],"_links":{"self":[{"href":"https:\/\/blogit.utu.fi\/supupaivat2018\/wp-json\/wp\/v2\/pages\/1952","targetHints":{"allow":["GET"]}}],"collection":[{"href":"https:\/\/blogit.utu.fi\/supupaivat2018\/wp-json\/wp\/v2\/pages"}],"about":[{"href":"https:\/\/blogit.utu.fi\/supupaivat2018\/wp-json\/wp\/v2\/types\/page"}],"author":[{"embeddable":true,"href":"https:\/\/blogit.utu.fi\/supupaivat2018\/wp-json\/wp\/v2\/users\/5676"}],"replies":[{"embeddable":true,"href":"https:\/\/blogit.utu.fi\/supupaivat2018\/wp-json\/wp\/v2\/comments?post=1952"}],"version-history":[{"count":6,"href":"https:\/\/blogit.utu.fi\/supupaivat2018\/wp-json\/wp\/v2\/pages\/1952\/revisions"}],"predecessor-version":[{"id":2045,"href":"https:\/\/blogit.utu.fi\/supupaivat2018\/wp-json\/wp\/v2\/pages\/1952\/revisions\/2045"}],"wp:attachment":[{"href":"https:\/\/blogit.utu.fi\/supupaivat2018\/wp-json\/wp\/v2\/media?parent=1952"}],"curies":[{"name":"wp","href":"https:\/\/api.w.org\/{rel}","templated":true}]}}