{"id":1958,"date":"2018-11-09T12:27:18","date_gmt":"2018-11-09T12:27:18","guid":{"rendered":"https:\/\/blogit.utu.fi\/supupaivat2018\/?page_id=1958"},"modified":"2018-11-13T06:11:55","modified_gmt":"2018-11-13T06:11:55","slug":"karta","status":"publish","type":"page","link":"https:\/\/blogit.utu.fi\/supupaivat2018\/sv\/karta\/","title":{"rendered":"Karta"},"content":{"rendered":"<h3><a href=\"https:\/\/goo.gl\/maps\/CwzNdcvHMNm\">Google Maps<\/a><\/h3>\n<p>&nbsp;<\/p>\n<p><strong>Evenemangsplatser:<\/strong><\/p>\n<ul>\n<li>Educarium, \u00c5bo universitet<\/li>\n<li>Arken, \u00c5bo Akademi<\/li>\n<li>\u00c5bo stadshus<\/li>\n<\/ul>\n<p>&nbsp;<\/p>\n<p><strong>Trafik och logi:<\/strong><\/p>\n<ul>\n<li>Scandic Julia, samarbertshotell<\/li>\n<li>\u00c5bo centralstation<\/li>\n<li>Kuppis j\u00e4rnv\u00e4gsstation<\/li>\n<li>\u00c5bo busstation<\/li>\n<li>\u00c5bo domkyrka<\/li>\n<li>\u00c5bo hamn<\/li>\n<li>\u00c5bo flygplats<\/li>\n<\/ul>\n<p>&nbsp;<\/p>\n<p><strong>Lunchrestauranger:<\/strong><\/p>\n<ul>\n<li><a href=\"http:\/\/www.studentlunch.fi\/\">Caf\u00e9 Arken (K\u00e5rkafeerna)<\/a><\/li>\n<li><a href=\"http:\/\/www.studentlunch.fi\/\">F\u00e4nriken (K\u00e5rkafeerna)<\/a><\/li>\n<li><a href=\"http:\/\/www.studentlunch.fi\/\">Gado (K\u00e5rkafeerna)<\/a><\/li>\n<li><a href=\"https:\/\/fabbescafe.com\/sv_index.php\">Fabbes Cafe<\/a><\/li>\n<li><a href=\"http:\/\/www.unica.fi\/se\/\">Macciavelli (Unica)<\/a><\/li>\n<li><a href=\"http:\/\/www.unica.fi\/se\/\">Galilei (Unica)<\/a><\/li>\n<li><a href=\"http:\/\/www.unica.fi\/se\/\">Assarin ullakko\/Brygge (Unica)<\/a><\/li>\n<\/ul>\n","protected":false},"excerpt":{"rendered":"<p>Google Maps &nbsp; Evenemangsplatser: Educarium, \u00c5bo universitet Arken, \u00c5bo Akademi \u00c5bo stadshus &nbsp; Trafik och logi: Scandic Julia, samarbertshotell \u00c5bo centralstation Kuppis j\u00e4rnv\u00e4gsstation \u00c5bo busstation \u00c5bo domkyrka \u00c5bo hamn \u00c5bo flygplats &nbsp; Lunchrestauranger: Caf\u00e9 Arken (K\u00e5rkafeerna) F\u00e4nriken (K\u00e5rkafeerna) Gado (K\u00e5rkafeerna) Fabbes Cafe Macciavelli (Unica) Galilei (Unica) Assarin ullakko\/Brygge (Unica)<\/p>\n","protected":false},"author":5676,"featured_media":0,"parent":0,"menu_order":8,"comment_status":"closed","ping_status":"closed","template":"","meta":{"footnotes":""},"class_list":["post-1958","page","type-page","status-publish","hentry"],"_links":{"self":[{"href":"https:\/\/blogit.utu.fi\/supupaivat2018\/wp-json\/wp\/v2\/pages\/1958","targetHints":{"allow":["GET"]}}],"collection":[{"href":"https:\/\/blogit.utu.fi\/supupaivat2018\/wp-json\/wp\/v2\/pages"}],"about":[{"href":"https:\/\/blogit.utu.fi\/supupaivat2018\/wp-json\/wp\/v2\/types\/page"}],"author":[{"embeddable":true,"href":"https:\/\/blogit.utu.fi\/supupaivat2018\/wp-json\/wp\/v2\/users\/5676"}],"replies":[{"embeddable":true,"href":"https:\/\/blogit.utu.fi\/supupaivat2018\/wp-json\/wp\/v2\/comments?post=1958"}],"version-history":[{"count":6,"href":"https:\/\/blogit.utu.fi\/supupaivat2018\/wp-json\/wp\/v2\/pages\/1958\/revisions"}],"predecessor-version":[{"id":2051,"href":"https:\/\/blogit.utu.fi\/supupaivat2018\/wp-json\/wp\/v2\/pages\/1958\/revisions\/2051"}],"wp:attachment":[{"href":"https:\/\/blogit.utu.fi\/supupaivat2018\/wp-json\/wp\/v2\/media?parent=1958"}],"curies":[{"name":"wp","href":"https:\/\/api.w.org\/{rel}","templated":true}]}}