{"id":325,"date":"2018-04-06T11:08:51","date_gmt":"2018-04-06T11:08:51","guid":{"rendered":"https:\/\/blogit.utu.fi\/supupaivat2018\/?page_id=325"},"modified":"2018-11-26T08:27:34","modified_gmt":"2018-11-26T08:27:34","slug":"ohjelma","status":"publish","type":"page","link":"https:\/\/blogit.utu.fi\/supupaivat2018\/ohjelma\/","title":{"rendered":"Ohjelma"},"content":{"rendered":"<p>Tilat: Arken, \u00c5bo Akademi: ty\u00f6ryhm\u00e4t ja paneelikeskustelu, Educarium (EDU1): keynotes<\/p>\n<p><strong>\u00a0<\/strong><\/p>\n<p><strong>Torstai 22.11.<\/strong><\/p>\n<ul>\n<li style=\"list-style-type: none\">\n<ul>\n<li><strong>11.00-12.30<\/strong> Rekister\u00f6ityminen (Educarium aula)<\/li>\n<li><strong>12.30-13.45<\/strong> Lounas itsen\u00e4isesti<\/li>\n<li><strong>13.45-14.00<\/strong> Konferenssin avaus:\u00a0<span class=\"_5yl5\">Marianne Liljestr\u00f6m, Turun yliopiston sukupuolentutkimuksen oppiaineen professori &amp; Salla Tuori, <\/span><span class=\"_5yl5\">Sukupuolentutkimuksen seuran puheenjohtaja ja \u00c5bo Akademin sukupuolentutkimuksen oppiaineen apulaisprofessori<\/span> (EDU1)<\/li>\n<li><strong>14.00-15.30<\/strong> \u00a0Keynote 1: Mel Y. Chen (EDU1)<\/li>\n<li><strong>15.30-16.00<\/strong> Kahvitauko (Arken), kirjanjulkistamistilaisuus: <em><a href=\"#femped\">Feministisen pedagogiikan ABC<\/a><\/em> (Vastapaino 2018)<\/li>\n<li><strong>16.00-18.00<\/strong> Ty\u00f6ryhm\u00e4t (Arken)<\/li>\n<\/ul>\n<\/li>\n<\/ul>\n<p style=\"padding-left: 90px\"><strong>A.<\/strong> <strong><a href=\"https:\/\/blogit.utu.fi\/supupaivat2018\/tyoryhmat\/#alm\">Conducting trans history: ethical, methodological and theoretical challenges<\/a> <\/strong>(Camera Obscura E201)<\/p>\n<p style=\"padding-left: 90px\"><strong>B.\u00a0<a href=\"https:\/\/blogit.utu.fi\/supupaivat2018\/tyoryhmat\/#kolehmainen\">Feminist New Materialisms \u2013 Matter(ing) and Methodologies<\/a> <\/strong>(J\u00f6ns Budde M218)<\/p>\n<p style=\"padding-left: 90px\"><strong>E.<a href=\"https:\/\/blogit.utu.fi\/supupaivat2018\/tyoryhmat\/#liljestrom\"> Gender Studies in Transit<\/a> <\/strong>(K\u00e4llan C201)<\/p>\n<p style=\"padding-left: 90px\"><strong>H.<a href=\"https:\/\/blogit.utu.fi\/supupaivat2018\/tyoryhmat\/#ilmonen\"> Kirjallisuus, kirjallisuudentutkimus ja sukupuoli<\/a> <\/strong>(Bifrost D207)<\/p>\n<p style=\"padding-left: 90px\"><strong>J.<a href=\"https:\/\/blogit.utu.fi\/supupaivat2018\/tyoryhmat\/#aho\"> Miehi\u00e4 ja maskuliinisuuksia<\/a> <\/strong>(Saussure M128)<\/p>\n<p style=\"padding-left: 90px\"><strong>K.<a href=\"https:\/\/blogit.utu.fi\/supupaivat2018\/tyoryhmat\/#leino\"> Miten sukupuolesta puhutaan?<\/a> <\/strong>(Goethe L104)<\/p>\n<p style=\"padding-left: 90px\"><strong>L.<a href=\"https:\/\/blogit.utu.fi\/supupaivat2018\/tyoryhmat\/#hart\"> Queerness and Television in the 21st Century<\/a> <\/strong>(Valhall D206)<\/p>\n<p style=\"padding-left: 90px\"><strong>N.<a href=\"https:\/\/blogit.utu.fi\/supupaivat2018\/tyoryhmat\/#che\"> Telaboratoria<\/a> <\/strong>(Donner M225)<\/p>\n<p style=\"padding-left: 90px\"><strong>S.<a href=\"https:\/\/blogit.utu.fi\/supupaivat2018\/tyoryhmat\/#leibetseder\"> Trans &amp; Queer Reproduction: Legal, Cultural and Socioeconomic Challenges<\/a> <\/strong>(Simone Weil M134)<\/p>\n<p style=\"padding-left: 90px\"><strong>U.<a href=\"https:\/\/blogit.utu.fi\/supupaivat2018\/tyoryhmat\/#sihto\"> \u00c4itiyden normien rajoilla ja yli<\/a> <\/strong>(Humboldt L103)<\/p>\n<p style=\"padding-left: 90px\"><strong>V. <a href=\"https:\/\/blogit.utu.fi\/supupaivat2018\/tyoryhmat\/#tuori\">Colonial Legacies: Tracing Finland as Colonial\/Modern Context<\/a> <\/strong>(Pantheon D208)<\/p>\n<p style=\"padding-left: 90px\"><strong><a href=\"#NORA\">NORA, Nordic Journal of Feminist and Gender Research &#8211; the Finnish editorial board kick-off\u00a0<\/a> <\/strong>(Voltaire M127)<\/p>\n<ul>\n<li><strong>18.30-<\/strong> Kaupungin vastaanotto, Kaupungintalo<\/li>\n<\/ul>\n<p><strong>\u00a0<\/strong><\/p>\n<p><strong>Perjantai 23.11.<\/strong><\/p>\n<ul>\n<li><strong>9.00-9.30<\/strong> Rekister\u00f6ityminen (Educarium aula)<\/li>\n<li><strong>9.30-11.00<\/strong> Keynote 2: Kim TallBear:\u00a0The More-than-Monogamy Experiment (EDU1)<\/li>\n<li><strong>11.15-12.45<\/strong> Ty\u00f6ryhm\u00e4t (Arken)<\/li>\n<\/ul>\n<p style=\"padding-left: 90px\"><strong>A.<a href=\"https:\/\/blogit.utu.fi\/supupaivat2018\/tyoryhmat\/#alm\">Conducting trans history: ethical, methodological and theoretical challenges<\/a> <\/strong>(Camera Obscura E201)<\/p>\n<p style=\"padding-left: 90px\"><strong>B1 &amp; B2. <a href=\"https:\/\/blogit.utu.fi\/supupaivat2018\/tyoryhmat\/#kolehmainen\">Feminist New Materialisms \u2013 Matter(ing) and Methodologies<\/a> <\/strong>(J\u00f6ns Budde M218 &amp; Bifrost D207)<\/p>\n<p style=\"padding-left: 90px\"><strong>C. <a href=\"https:\/\/blogit.utu.fi\/supupaivat2018\/tyoryhmat\/#lukinmaa\">Feminist sisterhood projects in Europe and Central Asia after the collapse of the Soviet Union: New transit points and efforts of decolonization<\/a> <\/strong>(Pantheon D208)<\/p>\n<p style=\"padding-left: 90px\"><strong>E.<a href=\"https:\/\/blogit.utu.fi\/supupaivat2018\/tyoryhmat\/#liljestrom\"> Gender Studies in Transit<\/a><\/strong>\u00a0(Kramer M220)<strong>\u00a0<\/strong><\/p>\n<p style=\"padding-left: 90px\"><strong>K.<a href=\"https:\/\/blogit.utu.fi\/supupaivat2018\/tyoryhmat\/#leino\"> Miten sukupuolesta puhutaan?<\/a><\/strong> (Goethe L104)<\/p>\n<p style=\"padding-left: 90px\"><strong>M.<a href=\"https:\/\/blogit.utu.fi\/supupaivat2018\/tyoryhmat\/#elomaki\"> Tasa-arvopolitiikan ja feminismin muuttuvat ehdot ja mahdollisuudet<\/a> <\/strong>(Voltaire M127)<\/p>\n<p style=\"padding-left: 90px\"><strong>O.<a href=\"https:\/\/blogit.utu.fi\/supupaivat2018\/tyoryhmat\/#solovay\"> Trans* and Queer in Postsocialist Contexts<\/a> <\/strong>(Radiatorn E101)<\/p>\n<p style=\"padding-left: 90px\"><strong>P.<a href=\"https:\/\/blogit.utu.fi\/supupaivat2018\/tyoryhmat\/#molitor\"> Trans*bodies, Controls and Border Crossings: Claims of Sexual Citizens, Gender Attributions by State Authorities and Global Justice<\/a> <\/strong>(Nikander D101)<\/p>\n<p style=\"padding-left: 90px\"><strong>R.<a href=\"https:\/\/blogit.utu.fi\/supupaivat2018\/tyoryhmat\/#aavik\"> Transformative perspectives on interspecies relations and food practices: feminism, intersectionality and critical animal studies<\/a> <\/strong>(Donner M225)<\/p>\n<p style=\"padding-left: 90px\"><strong>V. <a href=\"https:\/\/blogit.utu.fi\/supupaivat2018\/tyoryhmat\/#tuori\">Colonial Legacies: Tracing Finland as Colonial\/Modern Context<\/a> <\/strong>(Valhall D206)<\/p>\n<ul>\n<li><strong>12.45-14.00<\/strong> Lounas (itsen\u00e4isesti)<\/li>\n<li><strong>14.00-15.30<\/strong> Keynote 3: Alyosxa Tudor:\u00a0Im\/Possibilities of Refusing and Choosing Gender, or: Epistemologies of Contradiction, Uncertainty and Transit (EDU1)<\/li>\n<li><strong>15.30-16.00<\/strong> Kahvitauko (Arken)<\/li>\n<li><strong>16.00-18.00<\/strong> Paneelikeskustelu 1: Trans and Activism: How to be an Ally? (Arken, Armfelt)<\/li>\n<li><strong>18.00<\/strong> Kirjanjulkistamistilaisuus: <em><a href=\"#affective\">Affective Inequalities in Intimate Relationships<\/a><\/em> (Routledge 2018)<\/li>\n<li><strong>19.00 <\/strong>Iltajuhla ja SUNS-gradupalkinto, Caf\u00e9 Arken<strong><br \/>\n<\/strong><\/li>\n<\/ul>\n<p><strong>\u00a0<\/strong><\/p>\n<p><strong>Lauantai 24.11.<\/strong><\/p>\n<ul>\n<li><strong>10.30-12.00<\/strong> Ty\u00f6ryhm\u00e4t (Arken)<\/li>\n<\/ul>\n<p style=\"padding-left: 90px\"><strong>B.\u00a0<a href=\"https:\/\/blogit.utu.fi\/supupaivat2018\/tyoryhmat\/#kolehmainen\">Feminist New Materialisms \u2013 Matter(ing) and Methodologies<\/a><\/strong> (J\u00f6ns Budde M218)<\/p>\n<p style=\"padding-left: 90px\"><strong>D.<a href=\"https:\/\/blogit.utu.fi\/supupaivat2018\/tyoryhmat\/#rapoport\"> Five years after \u201canti-gay\u201d law: the contemporary everyday life of the queer community in Russia<\/a> <\/strong>(Valhall D206)<\/p>\n<p style=\"padding-left: 90px\"><strong>O.<a href=\"https:\/\/blogit.utu.fi\/supupaivat2018\/tyoryhmat\/#solovay\"> Trans* and Queer in Postsocialist Contexts<\/a> <\/strong>(Radiatorn E101)<\/p>\n<p style=\"padding-left: 90px\"><strong>P.<a href=\"https:\/\/blogit.utu.fi\/supupaivat2018\/tyoryhmat\/#molitor\"> Trans*bodies, Controls and Border Crossings: Claims of Sexual Citizens, Gender Attributions by State Authorities and Global Justice<\/a> <\/strong>(Nikander D101)<\/p>\n<p style=\"padding-left: 90px\"><strong>Q.<a href=\"https:\/\/blogit.utu.fi\/supupaivat2018\/tyoryhmat\/#nyman\"> Transformations in Social Movements 1960-<\/a> <\/strong>(Westermarck C101)<\/p>\n<p style=\"padding-left: 90px\"><strong>R.<a href=\"https:\/\/blogit.utu.fi\/supupaivat2018\/tyoryhmat\/#aavik\"> Transformative perspectives on interspecies relations and food practices: feminism, intersectionality and critical animal studies<\/a> <\/strong>(Donner M225)<\/p>\n<ul>\n<li><strong>12.00-13.30<\/strong> Lounas (itsen\u00e4isesti)<\/li>\n<li><strong>13.30-15.00<\/strong> Paneelikeskustelu 2: Transnationality (Arken, Armfelt)<\/li>\n<li><strong>15.15-16.00<\/strong> Lopetus (Arken, Armfelt)<\/li>\n<\/ul>\n<p>&nbsp;<\/p>\n<p>&nbsp;<\/p>\n<p>&nbsp;<\/p>\n<p>&nbsp;<\/p>\n<p id=\"femped\"><strong>Feministisen pedagogiikan ABC<\/strong><\/p>\n<p>Laukkanen, Anu; Miettinen, Sari; Elonheimo, Aino-Maija; Ojala, Hanna &amp; Saresma, Tuija (toim.): <em>Feministisen pedagogiikan ABC<\/em> (Vastapaino 2018)<\/p>\n<p>Kohti yhdenvertaisempaa opetusta. Uutuuskirja feministisest\u00e4 pedagogiikasta on ilmestynyt!<\/p>\n<p><em>Feministisen pedagogiikan ABC \u2013 Opas ohjaajille ja opettajille<\/em> on yleistajuinen tietokirja, joka on suunnattu opettajille ja ohjaajille erilaisissa oppimisen ymp\u00e4rist\u00f6iss\u00e4. Kirja antaa esimerkkej\u00e4 siit\u00e4, miten monesti haastavilta tuntuvia sukupuolta, seksismi\u00e4 ja rasismia eli vallank\u00e4yt\u00f6n muotoja koskevia teemoja voidaan sis\u00e4llytt\u00e4\u00e4 opetukseen rakentavalla tavalla.<\/p>\n<p>Lis\u00e4tietoja: <a href=\"https:\/\/vastapaino.fi\/sivu\/tuote\/feministisen-pedagogiikan-abc\/2320688\">https:\/\/vastapaino.fi\/sivu\/tuote\/feministisen-pedagogiikan-abc\/2320688<\/a><\/p>\n<p>Kirjaa saa ostaa edulliseen hintaan Sukupuolentutkimuksen p\u00e4ivill\u00e4.<\/p>\n<p>&nbsp;<\/p>\n<p id=\"NORA\"><strong>The Finnish editorial period of NORA KICK-OFF! Come and participate in making the journal!<\/strong><\/p>\n<p>In 2019 gender studies of Tampere University will start as the editorial home of <em>NORA, Nordic Journal of Feminist and Gender Research<\/em>. We want to kick off this period by discussing how to make the journal the best possible platform for fruitful multidisciplinary research in feminist and gender studies. Are the aims and scope of the journal up to date? Should the journal promote full open access, or new types of publications? Is there a need to reach wider audiences, in and outside of the academia, and how could we do this? In this kick-off event, we first introduce the journal, its current aims and scope, the Tampere editorial team and the Finnish editorial board for 2019\u20132020. We will continue the discussions in facilitated small groups, and will end up combining these discussions to guide the work of the editorial team and board.<\/p>\n<p>Your ideas and thoughts are valuable \u2013 come and share them with other scholars, students and us!<\/p>\n<p>&nbsp;<\/p>\n<p id=\"affective\"><strong>Affective Inequalities in Intimate Relationships<\/strong><\/p>\n<p>Kolehmainen, Marjo &amp; Juvonen, Tuula (toim.): <em>Affective Inequalities in Intimate Relationships<\/em> (Routledge Research in Gender and Society, 2018)<\/p>\n<p><strong>Please join us for a book launch event with wine reception!<\/strong><\/p>\n<p>It is time to celebrate the launch of the recent collection\u00a0<em>Affective Inequalities in Intimate Relationships<\/em>. The book is edited by Dr. Tuula Juvonen (University of Turku) and Dr. Marjo Kolehmainen (University of Tampere), and published in Routledge Research in Gender and Society series in 2018.<\/p>\n<p>Raising to the challenge of how to grasp different forms of affectively mediated inequalities,\u00a0<em>Affective Inequalities in Intimate Relationship<\/em>\u00a0focuses on those subtle inequalities that are shaped in everyday affective encounters. It also seeks to bridge a gap between affect theory and empirical social research by providing ideas and inspiration of how to work with affect in research practice.<\/p>\n<p>The book launch event encompasses opening words by the editors, Dr. Katie Anderson\u2019s (London South Bank University, UK) introduction of her book chapter \u2018An affective (re)balancing act? The liminal possibilities for heterosexual partners on MDMA\u2019, followed by Professor Marianne Liljestr\u00f6m\u2019s (University of Turku, FIN) brief commentary on the book as a whole.<\/p>\n<p>During the book launch it will also be possible to meet several of the authors, and to receive a discount code for purchasing the book. This all will be accompanied by a wine reception. You are most warmly welcome!<\/p>\n<p>More about the book:\u00a0<a id=\"LPlnk34815\" class=\"x_OWAAutoLink\" href=\"https:\/\/www.routledge.com\/Affective-Inequalities-in-Intimate-Relationships\/Juvonen-Kolehmainen\/p\/book\/9781138092747\" target=\"_blank\" rel=\"noopener noreferrer\"><span style=\"color: #fe72c5\">https:\/\/www.routledge.com\/Affective-Inequalities-in-Intimate-Relationships\/Juvonen-Kolehmainen\/p\/book\/9781138092747<\/span><\/a><\/p>\n","protected":false},"excerpt":{"rendered":"<p>Tilat: Arken, \u00c5bo Akademi: ty\u00f6ryhm\u00e4t ja paneelikeskustelu, Educarium (EDU1): keynotes \u00a0 Torstai 22.11. 11.00-12.30 Rekister\u00f6ityminen (Educarium aula) 12.30-13.45 Lounas itsen\u00e4isesti 13.45-14.00 Konferenssin avaus:\u00a0Marianne Liljestr\u00f6m, Turun yliopiston sukupuolentutkimuksen oppiaineen professori &amp; Salla Tuori, Sukupuolentutkimuksen seuran puheenjohtaja ja \u00c5bo Akademin sukupuolentutkimuksen oppiaineen apulaisprofessori (EDU1) 14.00-15.30 \u00a0Keynote 1: Mel Y. Chen (EDU1) 15.30-16.00 Kahvitauko (Arken), kirjanjulkistamistilaisuus: Feministisen pedagogiikan [&hellip;]<\/p>\n","protected":false},"author":5676,"featured_media":0,"parent":0,"menu_order":1,"comment_status":"closed","ping_status":"closed","template":"","meta":{"footnotes":""},"class_list":["post-325","page","type-page","status-publish","hentry"],"_links":{"self":[{"href":"https:\/\/blogit.utu.fi\/supupaivat2018\/wp-json\/wp\/v2\/pages\/325","targetHints":{"allow":["GET"]}}],"collection":[{"href":"https:\/\/blogit.utu.fi\/supupaivat2018\/wp-json\/wp\/v2\/pages"}],"about":[{"href":"https:\/\/blogit.utu.fi\/supupaivat2018\/wp-json\/wp\/v2\/types\/page"}],"author":[{"embeddable":true,"href":"https:\/\/blogit.utu.fi\/supupaivat2018\/wp-json\/wp\/v2\/users\/5676"}],"replies":[{"embeddable":true,"href":"https:\/\/blogit.utu.fi\/supupaivat2018\/wp-json\/wp\/v2\/comments?post=325"}],"version-history":[{"count":34,"href":"https:\/\/blogit.utu.fi\/supupaivat2018\/wp-json\/wp\/v2\/pages\/325\/revisions"}],"predecessor-version":[{"id":2240,"href":"https:\/\/blogit.utu.fi\/supupaivat2018\/wp-json\/wp\/v2\/pages\/325\/revisions\/2240"}],"wp:attachment":[{"href":"https:\/\/blogit.utu.fi\/supupaivat2018\/wp-json\/wp\/v2\/media?parent=325"}],"curies":[{"name":"wp","href":"https:\/\/api.w.org\/{rel}","templated":true}]}}