{"id":359,"date":"2018-04-06T11:37:18","date_gmt":"2018-04-06T11:37:18","guid":{"rendered":"https:\/\/blogit.utu.fi\/supupaivat2018\/?page_id=359"},"modified":"2018-11-09T12:26:11","modified_gmt":"2018-11-09T12:26:11","slug":"aiemmat-paivat","status":"publish","type":"page","link":"https:\/\/blogit.utu.fi\/supupaivat2018\/aiemmat-paivat\/","title":{"rendered":"Aiemmat p\u00e4iv\u00e4t"},"content":{"rendered":"<ul>\n<li>2017 &#8211; Sukupuolentutkimuksen p\u00e4iv\u00e4t: <a href=\"https:\/\/www.jyu.fi\/en\/congress\/sptpaivat2017\"><em>Sukupuolten ajat<\/em><\/a> <a href=\"https:\/\/www.jyu.fi\/fi\">Jyv\u00e4skyl\u00e4n yliopistossa<\/a> 23.-25.11.2017.<\/li>\n<\/ul>\n<p>&nbsp;<\/p>\n<ul>\n<li>2016 &#8211; Sukupuolentutkimuksen p\u00e4iv\u00e4t ja ETMU-p\u00e4iv\u00e4t: <a href=\"https:\/\/etmu.fi\/liikkuvuus-ja-sukupuoli-gendered-mobilities-2016\/\"><em>Liikkuvuus ja sukupuoli<\/em><\/a> <a href=\"https:\/\/www.uef.fi\/fi\/etusivu\">It\u00e4-Suomen yliopistossa<\/a> Joensuussa 25.-26.11.2016. SUNS j\u00e4rjesti p\u00e4iv\u00e4t yhteisty\u00f6ss\u00e4 <a href=\"https:\/\/etmu.fi\/\">ETMU<\/a>:n (Etnisten suhteiden ja kansainv\u00e4lisen muuttoliikkeen tutkimuksen seura) kanssa.<\/li>\n<\/ul>\n<p>&nbsp;<\/p>\n<ul>\n<li>2015 &#8211; <a href=\"https:\/\/www.ulapland.fi\/InEnglish\/About-us\/News--Events\/Events\/Events-2015\/EFRC-2015\"><em>The 9th European Feminist Research Conference &#8211; Sex &amp; Capital<\/em><\/a> -konferenssi Rovaniemell\u00e4 3.-6.6.2015. SUNS j\u00e4rjesti konferenssin yhteisty\u00f6ss\u00e4 <a href=\"https:\/\/atgender.eu\/\">ATGENDER<\/a>:in ja <a href=\"https:\/\/www.ulapland.fi\/FI\">Lapin yliopiston<\/a> kanssa.<\/li>\n<\/ul>\n<p>&nbsp;<\/p>\n<ul>\n<li>2014 &#8211; Sukupuolentutkimuksen p\u00e4iv\u00e4t: <a href=\"https:\/\/wiki.aalto.fi\/pages\/viewpage.action?pageId=91688853\"><em>Raha, seksi ja valta<\/em><\/a> Helsingiss\u00e4 21.-22.11.2014. SUNS j\u00e4rjesti p\u00e4iv\u00e4t yhteisty\u00f6ss\u00e4 <a href=\"http:\/\/sci.aalto.fi\/fi\/\">Aalto-yliopiston kauppakorkeakoulun<\/a> sek\u00e4 <a href=\"https:\/\/www.hanken.fi\/sv\">Hanken Svenska handelsh\u00f6gskolanin<\/a> kanssa.<\/li>\n<\/ul>\n<p>&nbsp;<\/p>\n<ul>\n<li>2013 &#8211; Sukupuolentutkimuksen ja kulttuurintutkimuksen yhteiset p\u00e4iv\u00e4t: <a href=\"https:\/\/www.ulapland.fi\/Suomeksi\/Ajankohtaista\/Tapahtumat\/Tapahtumia-2013\/Totta-ja-tarua---paivat-2013\"><em>Totta ja tarua<\/em><\/a> <a href=\"https:\/\/www.ulapland.fi\/FI\">Lapin yliopistossa<\/a> Rovaniemell\u00e4 28.-30.11.2013. SUNS j\u00e4rjesti p\u00e4iv\u00e4t yhteisty\u00f6ss\u00e4 <a href=\"https:\/\/kultut.fi\/\">Kulttuurintutkimuksen seuran<\/a> kanssa.<\/li>\n<\/ul>\n","protected":false},"excerpt":{"rendered":"<p>2017 &#8211; Sukupuolentutkimuksen p\u00e4iv\u00e4t: Sukupuolten ajat Jyv\u00e4skyl\u00e4n yliopistossa 23.-25.11.2017. &nbsp; 2016 &#8211; Sukupuolentutkimuksen p\u00e4iv\u00e4t ja ETMU-p\u00e4iv\u00e4t: Liikkuvuus ja sukupuoli It\u00e4-Suomen yliopistossa Joensuussa 25.-26.11.2016. SUNS j\u00e4rjesti p\u00e4iv\u00e4t yhteisty\u00f6ss\u00e4 ETMU:n (Etnisten suhteiden ja kansainv\u00e4lisen muuttoliikkeen tutkimuksen seura) kanssa. &nbsp; 2015 &#8211; The 9th European Feminist Research Conference &#8211; Sex &amp; Capital -konferenssi Rovaniemell\u00e4 3.-6.6.2015. SUNS j\u00e4rjesti konferenssin [&hellip;]<\/p>\n","protected":false},"author":5676,"featured_media":0,"parent":0,"menu_order":9,"comment_status":"closed","ping_status":"closed","template":"","meta":{"footnotes":""},"class_list":["post-359","page","type-page","status-publish","hentry"],"_links":{"self":[{"href":"https:\/\/blogit.utu.fi\/supupaivat2018\/wp-json\/wp\/v2\/pages\/359","targetHints":{"allow":["GET"]}}],"collection":[{"href":"https:\/\/blogit.utu.fi\/supupaivat2018\/wp-json\/wp\/v2\/pages"}],"about":[{"href":"https:\/\/blogit.utu.fi\/supupaivat2018\/wp-json\/wp\/v2\/types\/page"}],"author":[{"embeddable":true,"href":"https:\/\/blogit.utu.fi\/supupaivat2018\/wp-json\/wp\/v2\/users\/5676"}],"replies":[{"embeddable":true,"href":"https:\/\/blogit.utu.fi\/supupaivat2018\/wp-json\/wp\/v2\/comments?post=359"}],"version-history":[{"count":6,"href":"https:\/\/blogit.utu.fi\/supupaivat2018\/wp-json\/wp\/v2\/pages\/359\/revisions"}],"predecessor-version":[{"id":1475,"href":"https:\/\/blogit.utu.fi\/supupaivat2018\/wp-json\/wp\/v2\/pages\/359\/revisions\/1475"}],"wp:attachment":[{"href":"https:\/\/blogit.utu.fi\/supupaivat2018\/wp-json\/wp\/v2\/media?parent=359"}],"curies":[{"name":"wp","href":"https:\/\/api.w.org\/{rel}","templated":true}]}}