{"id":420,"date":"2018-04-06T12:41:00","date_gmt":"2018-04-06T12:41:00","guid":{"rendered":"https:\/\/blogit.utu.fi\/supupaivat2018\/?page_id=420"},"modified":"2018-11-26T08:28:00","modified_gmt":"2018-11-26T08:28:00","slug":"program","status":"publish","type":"page","link":"https:\/\/blogit.utu.fi\/supupaivat2018\/en\/program\/","title":{"rendered":"Program"},"content":{"rendered":"<p>Location: Arken, \u00c5bo Akademi: workshops and panel discussions. Educarium (EDU1): keynotes.<\/p>\n<p>&nbsp;<\/p>\n<p><strong>Thursday 22 November<\/strong><\/p>\n<ul>\n<li><strong>11.00-12.30<\/strong> Registration (Educarium lobby)<\/li>\n<li><strong>12.30-13.45<\/strong> Lunch Break<\/li>\n<li><strong>13.45-14.00<\/strong> Opening Remarks:<span class=\"_5yl5\"> Marianne Liljestr\u00f6m,\u00a0Professor of Gender Studies at the University of Turku &amp; Salla Tuori, <\/span><span class=\"_5yl5\">Chair of the Association for Gender Studies in Finland, Associate Professor of Gender Studies at \u00c5bo Akademi University <\/span>(EDU1)<\/li>\n<li><strong>14.00-15.30<\/strong> Keynote 1: Mel Y. Chen (EDU1)<\/li>\n<li><strong>15.30-16.00<\/strong> Coffee Break (Arken), Book Launch: <em><a href=\"#femped\">Feministisen pedagogiikan ABC<\/a><\/em> (Vastapaino 2018)<\/li>\n<li><strong>16.00-18.00<\/strong> Workshops (Arken)<\/li>\n<\/ul>\n<p style=\"padding-left: 60px\"><strong>A.<\/strong> <strong><a href=\"https:\/\/blogit.utu.fi\/supupaivat2018\/en\/workshops\/#alm\">Conducting trans history: ethical, methodological and theoretical challenges<\/a> <\/strong>(Camera Obscura E201)<\/p>\n<p style=\"padding-left: 60px\"><strong>B.\u00a0<a href=\"https:\/\/blogit.utu.fi\/supupaivat2018\/en\/workshops\/#kolehmainen\">Feminist New Materialisms \u2013 Matter(ing) and Methodologies<\/a> <\/strong>(J\u00f6ns Budde M218)<\/p>\n<p style=\"padding-left: 60px\"><strong>E.<a href=\"https:\/\/blogit.utu.fi\/supupaivat2018\/en\/workshops\/#liljestrom\"> Gender Studies in Transit<\/a><\/strong> (K\u00e4llan C201)<\/p>\n<p style=\"padding-left: 60px\"><strong>H.<a href=\"https:\/\/blogit.utu.fi\/supupaivat2018\/en\/workshops\/#ilmonen\"> Kirjallisuus, kirjallisuudentutkimus ja sukupuoli<\/a><\/strong> (Bifrost D207)<\/p>\n<p style=\"padding-left: 60px\"><strong>J.<a href=\"https:\/\/blogit.utu.fi\/supupaivat2018\/en\/workshops\/#aho\"> Miehi\u00e4 ja maskuliinisuuksia<\/a> <\/strong>(Saussure M128)<\/p>\n<p style=\"padding-left: 60px\"><strong>K.<a href=\"https:\/\/blogit.utu.fi\/supupaivat2018\/en\/workshops\/#leino\"> Miten sukupuolesta puhutaan?<\/a> <\/strong>(Goethe L104)<\/p>\n<p style=\"padding-left: 60px\"><strong>L.<a href=\"https:\/\/blogit.utu.fi\/supupaivat2018\/en\/workshops\/#hart\"> Queerness and Television in the 21st Century<\/a> <\/strong>(Valhall D206)<\/p>\n<p style=\"padding-left: 60px\"><strong>N.<a href=\"https:\/\/blogit.utu.fi\/supupaivat2018\/en\/workshops\/#che\"> Telaboratoria<\/a> <\/strong>(Donner M225)<\/p>\n<p style=\"padding-left: 60px\"><strong>S.<a href=\"https:\/\/blogit.utu.fi\/supupaivat2018\/en\/workshops\/#leibetseder\"> Trans &amp; Queer Reproduction: Legal, Cultural and Socioeconomic Challenges<\/a><\/strong> (Simone Weil M134)<\/p>\n<p style=\"padding-left: 60px\"><strong>U.<a href=\"https:\/\/blogit.utu.fi\/supupaivat2018\/en\/workshops\/#sihto\"> \u00c4itiyden normien rajoilla ja yli<\/a> <\/strong>(Humboldt L103)<\/p>\n<p style=\"padding-left: 60px\"><strong>V. <a href=\"https:\/\/blogit.utu.fi\/supupaivat2018\/en\/workshops\/#tuori\">Colonial Legacies: Tracing Finland as Colonial\/Modern Context<\/a> <\/strong>(Pantheon D208)<\/p>\n<p style=\"padding-left: 60px\"><strong><a href=\"#NORA\">NORA, Nordic Journal of Feminist and Gender Research &#8211; the Finnish editorial board kick-off <\/a> <\/strong> (Voltaire M127)<\/p>\n<ul>\n<li><strong>18.30-<\/strong> Reception at City Hall<\/li>\n<\/ul>\n<p>&nbsp;<\/p>\n<p><strong>Friday 23 November<\/strong><\/p>\n<ul>\n<li><strong>9.00-9.30<\/strong> Registration (Educarium lobby)<\/li>\n<li><strong>9.30-11.00<\/strong> Keynote 2: Kim TallBear: The More-than-Monogamy Experiment (EDU1)<\/li>\n<li><strong>11.15-12.45<\/strong> Workshops (Arken)<\/li>\n<\/ul>\n<p style=\"padding-left: 60px\"><strong>A.<a href=\"https:\/\/blogit.utu.fi\/supupaivat2018\/en\/workshops\/#alm\">Conducting trans history: ethical, methodological and theoretical challenges<\/a> <\/strong>(Camera Obscura E201)<\/p>\n<p style=\"padding-left: 60px\"><strong>B1 &amp; B2.\u00a0<a href=\"https:\/\/blogit.utu.fi\/supupaivat2018\/en\/workshops\/#kolehmainen\">Feminist New Materialisms \u2013 Matter(ing) and Methodologies<\/a> <\/strong>(J\u00f6ns Budde M218 &amp; Bifrost D207)<\/p>\n<p style=\"padding-left: 60px\"><strong>C. <a href=\"https:\/\/blogit.utu.fi\/supupaivat2018\/en\/workshops\/#lukinmaa\">Feminist sisterhood projects in Europe and Central Asia after the collapse of the Soviet Union: New transit points and efforts of decolonization<\/a> <\/strong>(Pantheon D208)<\/p>\n<p style=\"padding-left: 60px\"><strong>E.<a href=\"https:\/\/blogit.utu.fi\/supupaivat2018\/en\/workshops\/#liljestrom\"> Gender Studies in Transit<\/a> <\/strong>(Kramer M220)<strong>\u00a0<\/strong><\/p>\n<p style=\"padding-left: 60px\"><strong>K.<a href=\"https:\/\/blogit.utu.fi\/supupaivat2018\/en\/workshops\/#leino\"> Miten sukupuolesta puhutaan?<\/a> <\/strong>(Goethe L104)<\/p>\n<p style=\"padding-left: 60px\"><strong>M.<a href=\"https:\/\/blogit.utu.fi\/supupaivat2018\/en\/workshops\/#elomaki\"> Tasa-arvopolitiikan ja feminismin muuttuvat ehdot ja mahdollisuudet<\/a> <\/strong>(Voltaire M127)<\/p>\n<p style=\"padding-left: 60px\"><strong>O.<a href=\"https:\/\/blogit.utu.fi\/supupaivat2018\/en\/workshops\/#solovey\"> Trans* and Queer in Postsocialist Contexts<\/a> <\/strong>(Radiatorn E101)<\/p>\n<p style=\"padding-left: 60px\"><strong>P.<a href=\"https:\/\/blogit.utu.fi\/supupaivat2018\/en\/workshops\/#molitor\"> Trans*bodies, Controls and Border Crossings: Claims of Sexual Citizens, Gender Attributions by State Authorities and Global Justice<\/a> <\/strong>(Nikander D101)<\/p>\n<p style=\"padding-left: 60px\"><strong>R.<a href=\"https:\/\/blogit.utu.fi\/supupaivat2018\/en\/workshops\/#aavik\"> Transformative perspectives on interspecies relations and food practices: feminism, intersectionality and critical animal studies<\/a> <\/strong>(Donner M225)<\/p>\n<p style=\"padding-left: 60px\"><strong>V. <a href=\"https:\/\/blogit.utu.fi\/supupaivat2018\/en\/workshops\/#tuori\">Colonial Legacies: Tracing Finland as Colonial\/Modern Context<\/a> <\/strong>(Valhall D206)<\/p>\n<ul>\n<li><strong>12.45-14.00<\/strong> Lunch Break<\/li>\n<li><strong>14.00-15.30<\/strong> Keynote 3: Alyosxa Tudor: Im\/Possibilities of Refusing and Choosing Gender, or: Epistemologies of Contradiction, Uncertainty and Transit (EDU1)<\/li>\n<li><strong>15.30-16.00<\/strong> Coffee Break (Arken)<\/li>\n<li><strong>16.00-18.00<\/strong> Panel Discussion 1: Trans and Activism: How to be an Ally? (Arken, Armfelt)<\/li>\n<li><strong>18.00<\/strong> Book Launch: <em><a href=\"#affective\">Affective Inequalities in Intimate Relationships<\/a><\/em> (Routledge 2018)<\/li>\n<li><strong>19.00 <\/strong>Soir\u00e9e &amp; SUNS Master\u2019s Thesis Award, Caf\u00e9 Arken<strong><br \/>\n<\/strong><\/li>\n<\/ul>\n<p>&nbsp;<\/p>\n<p><strong>Saturday 24 November<\/strong><\/p>\n<ul>\n<li><strong>10.30-12.00<\/strong> Workshops (Arken)<\/li>\n<\/ul>\n<p style=\"padding-left: 60px\"><strong>B.\u00a0<a href=\"https:\/\/blogit.utu.fi\/supupaivat2018\/en\/workshops\/#kolehmainen\">Feminist New Materialisms \u2013 Matter(ing) and Methodologies<\/a> <\/strong>(J\u00f6ns Budde M218)<\/p>\n<p style=\"padding-left: 60px\"><strong>D.<a href=\"https:\/\/blogit.utu.fi\/supupaivat2018\/en\/workshops\/#rapoport\"> Five years after \u201canti-gay\u201d law: the contemporary everyday life of the queer community in Russia<\/a> <\/strong>(Valhall D206)<\/p>\n<p style=\"padding-left: 60px\"><strong>O.<a href=\"https:\/\/blogit.utu.fi\/supupaivat2018\/en\/workshops\/#solovey\"> Trans* and Queer in Postsocialist Contexts<\/a> <\/strong>(Radiatorn E101)<\/p>\n<p style=\"padding-left: 60px\"><strong>P.<a href=\"https:\/\/blogit.utu.fi\/supupaivat2018\/en\/workshops\/#molitor\"> Trans*bodies, Controls and Border Crossings: Claims of Sexual Citizens, Gender Attributions by State Authorities and Global Justice<\/a> <\/strong>(Nikander D101)<\/p>\n<p style=\"padding-left: 60px\"><strong>Q.<a href=\"https:\/\/blogit.utu.fi\/supupaivat2018\/en\/workshops\/#nyman\"> Transformations in Social Movements 1960-<\/a> <\/strong>(Westermarck C101)<\/p>\n<p style=\"padding-left: 60px\"><strong>R.<a href=\"https:\/\/blogit.utu.fi\/supupaivat2018\/en\/workshops\/#aavik\"> Transformative perspectives on interspecies relations and food practices: feminism, intersectionality and critical animal studies<\/a> <\/strong>(Donner M225)<\/p>\n<ul>\n<li><strong>12.00-13.30<\/strong> Lunch Break<\/li>\n<li><strong>13.30-15.00<\/strong> Panel Discussion 2: Transnationality (Arken, Armfelt)<\/li>\n<li><strong>15.15-16.00<\/strong> Closing Words (Arken, Armfelt)<\/li>\n<\/ul>\n<p>&nbsp;<\/p>\n<p>&nbsp;<\/p>\n<p id=\"femped\"><strong>Feministisen pedagogiikan ABC<\/strong><\/p>\n<p>Laukkanen, Anu; Miettinen, Sari; Elonheimo, Aino-Maija; Ojala, Hanna &amp; Saresma, Tuija (toim.): <em>Feministisen pedagogiikan ABC<\/em> (Vastapaino 2018)<\/p>\n<p>Kohti yhdenvertaisempaa opetusta. Uutuuskirja feministisest\u00e4 pedagogiikasta on ilmestynyt!<\/p>\n<p><em>Feministisen pedagogiikan ABC \u2013 Opas ohjaajille ja opettajille<\/em> on yleistajuinen tietokirja, joka on suunnattu opettajille ja ohjaajille erilaisissa oppimisen ymp\u00e4rist\u00f6iss\u00e4. Kirja antaa esimerkkej\u00e4 siit\u00e4, miten monesti haastavilta tuntuvia sukupuolta, seksismi\u00e4 ja rasismia eli vallank\u00e4yt\u00f6n muotoja koskevia teemoja voidaan sis\u00e4llytt\u00e4\u00e4 opetukseen rakentavalla tavalla.<\/p>\n<p>Lis\u00e4tietoja: <a href=\"https:\/\/vastapaino.fi\/sivu\/tuote\/feministisen-pedagogiikan-abc\/2320688\">https:\/\/vastapaino.fi\/sivu\/tuote\/feministisen-pedagogiikan-abc\/2320688<\/a><\/p>\n<p>Kirjaa saa ostaa edulliseen hintaan Sukupuolentutkimuksen p\u00e4ivill\u00e4.<\/p>\n<p>&nbsp;<\/p>\n<p id=\"NORA\"><strong>The Finnish editorial period of NORA KICK-OFF! Come and participate in making the journal!<\/strong><\/p>\n<p>In 2019 gender studies of Tampere University will start as the editorial home of <em>NORA, Nordic Journal of Feminist and Gender Research<\/em>. We want to kick off this period by discussing how to make the journal the best possible platform for fruitful multidisciplinary research in feminist and gender studies. Are the aims and scope of the journal up to date? Should the journal promote full open access, or new types of publications? Is there a need to reach wider audiences, in and outside of the academia, and how could we do this? In this kick-off event, we first introduce the journal, its current aims and scope, the Tampere editorial team and the Finnish editorial board for 2019\u20132020. We will continue the discussions in facilitated small groups, and will end up combining these discussions to guide the work of the editorial team and board.<\/p>\n<p>Your ideas and thoughts are valuable \u2013 come and share them with other scholars, students and us!<\/p>\n<p>&nbsp;<\/p>\n<p id=\"affective\"><strong>Affective Inequalities in Intimate Relationships<\/strong><\/p>\n<p>Kolehmainen, Marjo &amp; Juvonen, Tuula (eds): <em>Affective Inequalities in Intimate Relationships<\/em> (Routledge Research in Gender and Society, 2018)<\/p>\n<p><strong>Please join us for a book launch event with wine reception!<\/strong><\/p>\n<p>It is time to celebrate the launch of the recent collection\u00a0<em>Affective Inequalities in Intimate Relationships<\/em>. The book is edited by Dr. Tuula Juvonen (University of Turku) and Dr. Marjo Kolehmainen (University of Tampere), and published in Routledge Research in Gender and Society series in 2018.<\/p>\n<p>Raising to the challenge of how to grasp different forms of affectively mediated inequalities,\u00a0<em>Affective Inequalities in Intimate Relationship<\/em>\u00a0focuses on those subtle inequalities that are shaped in everyday affective encounters. It also seeks to bridge a gap between affect theory and empirical social research by providing ideas and inspiration of how to work with affect in research practice.<\/p>\n<p>The book launch event encompasses opening words by the editors, Dr. Katie Anderson\u2019s (London South Bank University, UK) introduction of her book chapter \u2018An affective (re)balancing act? The liminal possibilities for heterosexual partners on MDMA\u2019, followed by Professor Marianne Liljestr\u00f6m\u2019s (University of Turku, FIN) brief commentary on the book as a whole.<\/p>\n<p>During the book launch it will also be possible to meet several of the authors, and to receive a discount code for purchasing the book. This all will be accompanied by a wine reception. You are most warmly welcome!<\/p>\n<p>More about the book:\u00a0<a id=\"LPlnk34815\" class=\"x_OWAAutoLink\" href=\"https:\/\/www.routledge.com\/Affective-Inequalities-in-Intimate-Relationships\/Juvonen-Kolehmainen\/p\/book\/9781138092747\" target=\"_blank\" rel=\"noopener noreferrer\"><span style=\"color: #fe72c5\">https:\/\/www.routledge.com\/Affective-Inequalities-in-Intimate-Relationships\/Juvonen-Kolehmainen\/p\/book\/9781138092747<\/span><\/a><\/p>\n","protected":false},"excerpt":{"rendered":"<p>Location: Arken, \u00c5bo Akademi: workshops and panel discussions. Educarium (EDU1): keynotes. &nbsp; Thursday 22 November 11.00-12.30 Registration (Educarium lobby) 12.30-13.45 Lunch Break 13.45-14.00 Opening Remarks: Marianne Liljestr\u00f6m,\u00a0Professor of Gender Studies at the University of Turku &amp; Salla Tuori, Chair of the Association for Gender Studies in Finland, Associate Professor of Gender Studies at \u00c5bo Akademi [&hellip;]<\/p>\n","protected":false},"author":5676,"featured_media":0,"parent":0,"menu_order":1,"comment_status":"closed","ping_status":"closed","template":"","meta":{"footnotes":""},"class_list":["post-420","page","type-page","status-publish","hentry"],"_links":{"self":[{"href":"https:\/\/blogit.utu.fi\/supupaivat2018\/wp-json\/wp\/v2\/pages\/420","targetHints":{"allow":["GET"]}}],"collection":[{"href":"https:\/\/blogit.utu.fi\/supupaivat2018\/wp-json\/wp\/v2\/pages"}],"about":[{"href":"https:\/\/blogit.utu.fi\/supupaivat2018\/wp-json\/wp\/v2\/types\/page"}],"author":[{"embeddable":true,"href":"https:\/\/blogit.utu.fi\/supupaivat2018\/wp-json\/wp\/v2\/users\/5676"}],"replies":[{"embeddable":true,"href":"https:\/\/blogit.utu.fi\/supupaivat2018\/wp-json\/wp\/v2\/comments?post=420"}],"version-history":[{"count":39,"href":"https:\/\/blogit.utu.fi\/supupaivat2018\/wp-json\/wp\/v2\/pages\/420\/revisions"}],"predecessor-version":[{"id":2246,"href":"https:\/\/blogit.utu.fi\/supupaivat2018\/wp-json\/wp\/v2\/pages\/420\/revisions\/2246"}],"wp:attachment":[{"href":"https:\/\/blogit.utu.fi\/supupaivat2018\/wp-json\/wp\/v2\/media?parent=420"}],"curies":[{"name":"wp","href":"https:\/\/api.w.org\/{rel}","templated":true}]}}