{"id":526,"date":"2018-04-09T06:55:15","date_gmt":"2018-04-09T06:55:15","guid":{"rendered":"https:\/\/blogit.utu.fi\/supupaivat2018\/?page_id=526"},"modified":"2018-10-24T11:39:08","modified_gmt":"2018-10-24T11:39:08","slug":"paneler","status":"publish","type":"page","link":"https:\/\/blogit.utu.fi\/supupaivat2018\/sv\/paneler\/","title":{"rendered":"Paneler"},"content":{"rendered":"<p><strong>Trans and Activism: How to be an Ally?<\/strong><br \/>\n<strong>23.11. kl 16.00-18.00<\/strong><br \/>\nArken, Armfelt<\/p>\n<p>Ordf\u00f6rande: Julian Honkasalo<br \/>\nDeltagarna:<br \/>\nPanda Eriksson<br \/>\nMarie-Louise Holm<br \/>\nJuho Pylv\u00e4n\u00e4inen<br \/>\nStina Roos<\/p>\n<p>&nbsp;<\/p>\n<p><strong>Transnationalism<\/strong><br \/>\n<strong>24.11. kl 13.30-15.00<\/strong><br \/>\nArken, Armfelt<\/p>\n<p>Ordf\u00f6rande: Kaisa Ilmonen<br \/>\nDeltagarna:<br \/>\nLeonardo Custodio<br \/>\nAnna Rastas<br \/>\nLiu Xin<\/p>\n","protected":false},"excerpt":{"rendered":"<p>Trans and Activism: How to be an Ally? 23.11. kl 16.00-18.00 Arken, Armfelt Ordf\u00f6rande: Julian Honkasalo Deltagarna: Panda Eriksson Marie-Louise Holm Juho Pylv\u00e4n\u00e4inen Stina Roos &nbsp; Transnationalism 24.11. kl 13.30-15.00 Arken, Armfelt Ordf\u00f6rande: Kaisa Ilmonen Deltagarna: Leonardo Custodio Anna Rastas Liu Xin<\/p>\n","protected":false},"author":5676,"featured_media":0,"parent":0,"menu_order":4,"comment_status":"closed","ping_status":"closed","template":"","meta":{"footnotes":""},"class_list":["post-526","page","type-page","status-publish","hentry"],"_links":{"self":[{"href":"https:\/\/blogit.utu.fi\/supupaivat2018\/wp-json\/wp\/v2\/pages\/526","targetHints":{"allow":["GET"]}}],"collection":[{"href":"https:\/\/blogit.utu.fi\/supupaivat2018\/wp-json\/wp\/v2\/pages"}],"about":[{"href":"https:\/\/blogit.utu.fi\/supupaivat2018\/wp-json\/wp\/v2\/types\/page"}],"author":[{"embeddable":true,"href":"https:\/\/blogit.utu.fi\/supupaivat2018\/wp-json\/wp\/v2\/users\/5676"}],"replies":[{"embeddable":true,"href":"https:\/\/blogit.utu.fi\/supupaivat2018\/wp-json\/wp\/v2\/comments?post=526"}],"version-history":[{"count":6,"href":"https:\/\/blogit.utu.fi\/supupaivat2018\/wp-json\/wp\/v2\/pages\/526\/revisions"}],"predecessor-version":[{"id":1460,"href":"https:\/\/blogit.utu.fi\/supupaivat2018\/wp-json\/wp\/v2\/pages\/526\/revisions\/1460"}],"wp:attachment":[{"href":"https:\/\/blogit.utu.fi\/supupaivat2018\/wp-json\/wp\/v2\/media?parent=526"}],"curies":[{"name":"wp","href":"https:\/\/api.w.org\/{rel}","templated":true}]}}