{"id":550,"date":"2018-04-09T07:12:23","date_gmt":"2018-04-09T07:12:23","guid":{"rendered":"https:\/\/blogit.utu.fi\/supupaivat2018\/?page_id=550"},"modified":"2018-11-01T12:58:53","modified_gmt":"2018-11-01T12:58:53","slug":"logi","status":"publish","type":"page","link":"https:\/\/blogit.utu.fi\/supupaivat2018\/sv\/logi\/","title":{"rendered":"Logi"},"content":{"rendered":"<p>Konferensdeltagare kan boka logi fr\u00e5n v\u00e5rt samarbetshotell <strong>Scandic Julia<\/strong> till subventionerat pris. Hotellet finns i centrum av \u00c5bo, p\u00e5 15 minuters promenadavst\u00e5nd fr\u00e5n konferensen. Kollektivtrafiken fr\u00e5n \u00c5bo flygplats och Helsingfors-Vanda flygplats stannar i n\u00e4rheten av hotellet.<\/p>\n<p>Konferenspriserna g\u00e4ller b\u00e5de rum f\u00f6r en och tv\u00e5 personer: 95\u20ac\/natt (rum f\u00f6r en person) och 100\u20ac\/natt (rum f\u00f6r tv\u00e5 personer). De subventionerade priserna \u00e4r i kraft <strong>till 8.11<\/strong> och rummen bokas via e-post eller per telefon. N\u00e4mn \u201cSukupuolentutkimuksen p\u00e4iv\u00e4t\u201d vid din bokning. I rummets pris ing\u00e5r tr\u00e5dl\u00f6st n\u00e4t och morgonm\u00e5l i hotellets restaurang.<\/p>\n<p><a href=\"https:\/\/www.scandichotels.se\/hotell\/finland\/abo\/scandic-julia?_ga=2.243664704.474096101.1540883819-382011108.1540883819\"><span lang=\"fi\">Hotel Scandic Julia<\/span><span lang=\"fi\">\u00a0<\/span><\/a><\/p>\n<div><span lang=\"fi\">Adress: Eerikinkatu 4, 20100 Turku<\/span><\/div>\n<div><span lang=\"en-GB\">Tfn.: +358 2 336\u00a0000<\/span><\/div>\n<div><span lang=\"en-GB\">E-post: <\/span><span lang=\"en-GB\">julia@scandichotels.com<\/span><\/div>\n","protected":false},"excerpt":{"rendered":"<p>Konferensdeltagare kan boka logi fr\u00e5n v\u00e5rt samarbetshotell Scandic Julia till subventionerat pris. Hotellet finns i centrum av \u00c5bo, p\u00e5 15 minuters promenadavst\u00e5nd fr\u00e5n konferensen. Kollektivtrafiken fr\u00e5n \u00c5bo flygplats och Helsingfors-Vanda flygplats stannar i n\u00e4rheten av hotellet. Konferenspriserna g\u00e4ller b\u00e5de rum f\u00f6r en och tv\u00e5 personer: 95\u20ac\/natt (rum f\u00f6r en person) och 100\u20ac\/natt (rum f\u00f6r tv\u00e5 [&hellip;]<\/p>\n","protected":false},"author":5676,"featured_media":0,"parent":0,"menu_order":7,"comment_status":"closed","ping_status":"closed","template":"","meta":{"footnotes":""},"class_list":["post-550","page","type-page","status-publish","hentry"],"_links":{"self":[{"href":"https:\/\/blogit.utu.fi\/supupaivat2018\/wp-json\/wp\/v2\/pages\/550","targetHints":{"allow":["GET"]}}],"collection":[{"href":"https:\/\/blogit.utu.fi\/supupaivat2018\/wp-json\/wp\/v2\/pages"}],"about":[{"href":"https:\/\/blogit.utu.fi\/supupaivat2018\/wp-json\/wp\/v2\/types\/page"}],"author":[{"embeddable":true,"href":"https:\/\/blogit.utu.fi\/supupaivat2018\/wp-json\/wp\/v2\/users\/5676"}],"replies":[{"embeddable":true,"href":"https:\/\/blogit.utu.fi\/supupaivat2018\/wp-json\/wp\/v2\/comments?post=550"}],"version-history":[{"count":6,"href":"https:\/\/blogit.utu.fi\/supupaivat2018\/wp-json\/wp\/v2\/pages\/550\/revisions"}],"predecessor-version":[{"id":1754,"href":"https:\/\/blogit.utu.fi\/supupaivat2018\/wp-json\/wp\/v2\/pages\/550\/revisions\/1754"}],"wp:attachment":[{"href":"https:\/\/blogit.utu.fi\/supupaivat2018\/wp-json\/wp\/v2\/media?parent=550"}],"curies":[{"name":"wp","href":"https:\/\/api.w.org\/{rel}","templated":true}]}}