{"id":557,"date":"2018-04-09T07:15:44","date_gmt":"2018-04-09T07:15:44","guid":{"rendered":"https:\/\/blogit.utu.fi\/supupaivat2018\/?page_id=557"},"modified":"2018-11-09T12:26:20","modified_gmt":"2018-11-09T12:26:20","slug":"tidigare-dagar","status":"publish","type":"page","link":"https:\/\/blogit.utu.fi\/supupaivat2018\/sv\/tidigare-dagar\/","title":{"rendered":"Tidigare dagar"},"content":{"rendered":"<ul>\n<li>2017 &#8211; Genusforskningsdagarna: <a href=\"https:\/\/www.jyu.fi\/en\/congress\/sptpaivat2017\"><em>Genus i tiden<\/em><\/a> vid <a href=\"https:\/\/www.jyu.fi\/fi\">Jyv\u00e4skyl\u00e4 universitet<\/a> 23.-25.11.2017.<\/li>\n<\/ul>\n<p>&nbsp;<\/p>\n<ul>\n<li>2016 &#8211; Genusforskningsdagarna och ETMU-dagarna: <a href=\"https:\/\/etmu.fi\/liikkuvuus-ja-sukupuoli-gendered-mobilities-2016\/\"><em>R\u00f6rlighet och k\u00f6n<\/em><\/a> vid <a href=\"https:\/\/www.uef.fi\/fi\/etusivu\">\u00d6stra Finlands universitet<\/a> i Joensuu 25.-26.11.2016. SUNS ordnade dagarna i samarbete med <a href=\"https:\/\/etmu.fi\/\">ETMU<\/a>:n (S\u00e4llskapet f\u00f6r forskning om etniska relationer och den internationella migrationsr\u00f6relsen).<\/li>\n<\/ul>\n<p>&nbsp;<\/p>\n<ul>\n<li>2015 &#8211; <a href=\"https:\/\/www.ulapland.fi\/InEnglish\/About-us\/News--Events\/Events\/Events-2015\/EFRC-2015\"><em>The 9th European Feminist Research Conference &#8211; Sex &amp; Capital<\/em><\/a> -konferensen i Rovaniemi 3.-6.6.2015. SUNS ordnade konferensen i samarbete med <a href=\"https:\/\/atgender.eu\/\">ATGENDER<\/a> och <a href=\"https:\/\/www.ulapland.fi\/FI\">Lapplands universitet<\/a>.<\/li>\n<\/ul>\n<p>&nbsp;<\/p>\n<ul>\n<li>2014 &#8211; Genusforskningsdagarna: <a href=\"https:\/\/wiki.aalto.fi\/pages\/viewpage.action?pageId=91688853\"><em>Pengar, sex och makt<\/em><\/a> i Helsingfors 21.-22.11.2014. SUNS ordnade dagarna i samarbete med <a href=\"http:\/\/sci.aalto.fi\/sv\/\">Aalto universitetets<\/a> handelsh\u00f6gskola och med <a href=\"https:\/\/www.hanken.fi\/sv\">Hanken Svenska handelsh\u00f6gskolan<\/a>.<\/li>\n<\/ul>\n<p>&nbsp;<\/p>\n<ul>\n<li>2013 &#8211; Genusvetenskapens och kulturforskningens gemensamma dagar: <a href=\"https:\/\/www.ulapland.fi\/Suomeksi\/Ajankohtaista\/Tapahtumat\/Tapahtumia-2013\/Totta-ja-tarua---paivat-2013\"><em>Fakta och fiktion<\/em><\/a> vid <a href=\"https:\/\/www.ulapland.fi\/FI\">Lapplands universitet<\/a> i Rovaniemi 28.-30.11.2013. SUNS ordnade dagarna i samarbete med <a href=\"https:\/\/kultut.fi\/\">S\u00e4llskapet f\u00f6r kulturforskning<\/a>.<\/li>\n<\/ul>\n","protected":false},"excerpt":{"rendered":"<p>2017 &#8211; Genusforskningsdagarna: Genus i tiden vid Jyv\u00e4skyl\u00e4 universitet 23.-25.11.2017. &nbsp; 2016 &#8211; Genusforskningsdagarna och ETMU-dagarna: R\u00f6rlighet och k\u00f6n vid \u00d6stra Finlands universitet i Joensuu 25.-26.11.2016. SUNS ordnade dagarna i samarbete med ETMU:n (S\u00e4llskapet f\u00f6r forskning om etniska relationer och den internationella migrationsr\u00f6relsen). &nbsp; 2015 &#8211; The 9th European Feminist Research Conference &#8211; Sex &amp; [&hellip;]<\/p>\n","protected":false},"author":5676,"featured_media":0,"parent":0,"menu_order":9,"comment_status":"closed","ping_status":"closed","template":"","meta":{"footnotes":""},"class_list":["post-557","page","type-page","status-publish","hentry"],"_links":{"self":[{"href":"https:\/\/blogit.utu.fi\/supupaivat2018\/wp-json\/wp\/v2\/pages\/557","targetHints":{"allow":["GET"]}}],"collection":[{"href":"https:\/\/blogit.utu.fi\/supupaivat2018\/wp-json\/wp\/v2\/pages"}],"about":[{"href":"https:\/\/blogit.utu.fi\/supupaivat2018\/wp-json\/wp\/v2\/types\/page"}],"author":[{"embeddable":true,"href":"https:\/\/blogit.utu.fi\/supupaivat2018\/wp-json\/wp\/v2\/users\/5676"}],"replies":[{"embeddable":true,"href":"https:\/\/blogit.utu.fi\/supupaivat2018\/wp-json\/wp\/v2\/comments?post=557"}],"version-history":[{"count":9,"href":"https:\/\/blogit.utu.fi\/supupaivat2018\/wp-json\/wp\/v2\/pages\/557\/revisions"}],"predecessor-version":[{"id":1478,"href":"https:\/\/blogit.utu.fi\/supupaivat2018\/wp-json\/wp\/v2\/pages\/557\/revisions\/1478"}],"wp:attachment":[{"href":"https:\/\/blogit.utu.fi\/supupaivat2018\/wp-json\/wp\/v2\/media?parent=557"}],"curies":[{"name":"wp","href":"https:\/\/api.w.org\/{rel}","templated":true}]}}