{"id":456,"date":"2018-08-28T13:56:12","date_gmt":"2018-08-28T13:56:12","guid":{"rendered":"http:\/\/blogit.utu.fi\/svif18\/?page_id=456"},"modified":"2018-09-27T13:24:13","modified_gmt":"2018-09-27T13:24:13","slug":"middag-museibesok","status":"publish","type":"page","link":"https:\/\/blogit.utu.fi\/svif18\/middag-museibesok\/","title":{"rendered":"MIDDAG &amp; MUS\u00c9IBES\u00d6K"},"content":{"rendered":"<p>Konferensmiddagen h\u00e5lls p\u00e5 mus\u00e9et Aboa Vetus &amp; Ars Nova och b\u00f6rjar kl. 19. F\u00f6re middagen (kl. 18) ordnas en rundvandring i den historiska delen av mus\u00e9et.<\/p>\n<p>Menyn f\u00f6r middagen ser du nedan.<\/p>\n<p>&nbsp;<\/p>\n<p><strong>MENY<\/strong><\/p>\n<p>Friterad brieost, sallad,<br \/>\nkaramelliserade valn\u00f6tter och r\u00f6dvinb\u00e4rsvin\u00e4grett L<\/p>\n<p>***<\/p>\n<p>Stekt lax, blomk\u00e5ls- och potatispur\u00e9,<br \/>\nbelugalinser, pak choi och saffranscr\u00e8me L G<br \/>\nELLER<br \/>\nInhemsk oxfil\u00e9, potatisterrin med \u00f6rter,<br \/>\nhalstrad morot och vinb\u00e4rss\u00e5s L G<br \/>\nELLER<br \/>\nSeitan, blomk\u00e5ls- och potatispur\u00e9,<br \/>\nbelugalinser, pak choi och saffranscr\u00e8me L<\/p>\n<p>***<\/p>\n<p>Chokladpannacotta, kompott p\u00e5 kumquats,<br \/>\nhavrecrumble och \u00e4tbara blommor L<\/p>\n","protected":false},"excerpt":{"rendered":"<p>Konferensmiddagen h\u00e5lls p\u00e5 mus\u00e9et Aboa Vetus &amp; Ars Nova och b\u00f6rjar kl. 19. F\u00f6re middagen (kl. 18) ordnas en rundvandring i den historiska delen av mus\u00e9et. Menyn f\u00f6r middagen ser du nedan. &nbsp; MENY Friterad brieost, sallad, karamelliserade valn\u00f6tter och r\u00f6dvinb\u00e4rsvin\u00e4grett L *** Stekt lax, blomk\u00e5ls- och potatispur\u00e9, belugalinser, pak choi och saffranscr\u00e8me L G [&hellip;]<\/p>\n","protected":false},"author":2683,"featured_media":0,"parent":0,"menu_order":0,"comment_status":"closed","ping_status":"closed","template":"","meta":{"footnotes":""},"class_list":["post-456","page","type-page","status-publish","hentry","post-preview"],"_links":{"self":[{"href":"https:\/\/blogit.utu.fi\/svif18\/wp-json\/wp\/v2\/pages\/456","targetHints":{"allow":["GET"]}}],"collection":[{"href":"https:\/\/blogit.utu.fi\/svif18\/wp-json\/wp\/v2\/pages"}],"about":[{"href":"https:\/\/blogit.utu.fi\/svif18\/wp-json\/wp\/v2\/types\/page"}],"author":[{"embeddable":true,"href":"https:\/\/blogit.utu.fi\/svif18\/wp-json\/wp\/v2\/users\/2683"}],"replies":[{"embeddable":true,"href":"https:\/\/blogit.utu.fi\/svif18\/wp-json\/wp\/v2\/comments?post=456"}],"version-history":[{"count":5,"href":"https:\/\/blogit.utu.fi\/svif18\/wp-json\/wp\/v2\/pages\/456\/revisions"}],"predecessor-version":[{"id":535,"href":"https:\/\/blogit.utu.fi\/svif18\/wp-json\/wp\/v2\/pages\/456\/revisions\/535"}],"wp:attachment":[{"href":"https:\/\/blogit.utu.fi\/svif18\/wp-json\/wp\/v2\/media?parent=456"}],"curies":[{"name":"wp","href":"https:\/\/api.w.org\/{rel}","templated":true}]}}