{"id":479,"date":"2018-09-02T19:21:21","date_gmt":"2018-09-02T19:21:21","guid":{"rendered":"http:\/\/blogit.utu.fi\/svif18\/?page_id=479"},"modified":"2018-10-10T19:43:14","modified_gmt":"2018-10-10T19:43:14","slug":"abstrakt","status":"publish","type":"page","link":"https:\/\/blogit.utu.fi\/svif18\/abstrakt\/","title":{"rendered":"ABSTRAKT"},"content":{"rendered":"<p>Abstrakten f\u00f6r f\u00f6redragen hittar du <a href=\"https:\/\/blogit.utu.fi\/svif18\/wp-content\/uploads\/sites\/132\/2018\/10\/Abstraktbok.pdf\">h\u00e4r<\/a> (uppdaterat 10.10.2018).<\/p>\n<p>Av milj\u00f6h\u00e4nsyn kommer vi inte att dela ut abstraktboken p\u00e5 papper under konferensen.<\/p>\n","protected":false},"excerpt":{"rendered":"<p>Abstrakten f\u00f6r f\u00f6redragen hittar du h\u00e4r (uppdaterat 10.10.2018). Av milj\u00f6h\u00e4nsyn kommer vi inte att dela ut abstraktboken p\u00e5 papper under konferensen.<\/p>\n","protected":false},"author":2683,"featured_media":0,"parent":0,"menu_order":0,"comment_status":"closed","ping_status":"closed","template":"","meta":{"footnotes":""},"class_list":["post-479","page","type-page","status-publish","hentry","post-preview"],"_links":{"self":[{"href":"https:\/\/blogit.utu.fi\/svif18\/wp-json\/wp\/v2\/pages\/479","targetHints":{"allow":["GET"]}}],"collection":[{"href":"https:\/\/blogit.utu.fi\/svif18\/wp-json\/wp\/v2\/pages"}],"about":[{"href":"https:\/\/blogit.utu.fi\/svif18\/wp-json\/wp\/v2\/types\/page"}],"author":[{"embeddable":true,"href":"https:\/\/blogit.utu.fi\/svif18\/wp-json\/wp\/v2\/users\/2683"}],"replies":[{"embeddable":true,"href":"https:\/\/blogit.utu.fi\/svif18\/wp-json\/wp\/v2\/comments?post=479"}],"version-history":[{"count":11,"href":"https:\/\/blogit.utu.fi\/svif18\/wp-json\/wp\/v2\/pages\/479\/revisions"}],"predecessor-version":[{"id":558,"href":"https:\/\/blogit.utu.fi\/svif18\/wp-json\/wp\/v2\/pages\/479\/revisions\/558"}],"wp:attachment":[{"href":"https:\/\/blogit.utu.fi\/svif18\/wp-json\/wp\/v2\/media?parent=479"}],"curies":[{"name":"wp","href":"https:\/\/api.w.org\/{rel}","templated":true}]}}