{"id":48,"date":"2017-12-11T14:17:05","date_gmt":"2017-12-11T14:17:05","guid":{"rendered":"http:\/\/blogit.utu.fi\/svif18\/?page_id=48"},"modified":"2018-12-05T08:24:33","modified_gmt":"2018-12-05T08:24:33","slug":"hem-2","status":"publish","type":"page","link":"https:\/\/blogit.utu.fi\/svif18\/","title":{"rendered":"HEM"},"content":{"rendered":"<div class=\"entry-content\">\n<h3><strong>V\u00e4lkommen till konferensen Svenskan i Finland 18!<\/strong><\/h3>\n<p>Den 18:e konferensen om svenskan i Finland ordnas i oktober 2018 av Nordiska spr\u00e5k vid \u00c5bo universitet.<\/p>\n<p>I denna blogg kommer du att hitta bl.a. viktiga datum och information om programmet.<\/p>\n<p>Tema f\u00f6r konferensen \u00e4r\u00a0<strong>Svenskan i Finland, i all sin m\u00e5ngfald.<\/strong><\/p>\n<p>Plenarf\u00f6rel\u00e4sare \u00e4r:<\/p>\n<ul>\n<li><strong>Catrin Norrby<\/strong>, Stockholms universitet: &#8221;Att interagera p\u00e5 finlandssvenska och sverigesvenska. Hur h\u00e4nger spr\u00e5kbruk, kultur och nation ihop?&#8221;<\/li>\n<li><strong>Taina Juurakko-Paavola<\/strong>, Tammerfors universitet:\u00a0&#8221;Svenskundervisning i den digitala eran&#8221;<br \/>\n<hr \/>\n<\/li>\n<\/ul>\n<p>Deadline f\u00f6r abstrakt till f\u00f6redrag och poster (max 300 ord inklusive referenser) var\u00a0<strong>den 27 augusti 2018<\/strong>.\u00a0De antagna f\u00f6redragsh\u00e5llarna har f\u00e5tt ett besked om sitt bidrag i slutet av augusti.<\/p>\n<hr \/>\n<p><em>Har du fr\u00e5gor?<\/em><br \/>\nTa kontakt: svif18@utu.fi<\/p>\n<p><em>Arrang\u00f6rskommitt\u00e9n:<\/em><br \/>\nCamilla Wide<br \/>\nEva Ingman<br \/>\nKatri Lankinen<br \/>\nMari M\u00e4kil\u00e4<br \/>\nVeijo Vaakanainen<\/p>\n<\/div>\n","protected":false},"excerpt":{"rendered":"<p>V\u00e4lkommen till konferensen Svenskan i Finland 18! Den 18:e konferensen om svenskan i Finland ordnas i oktober 2018 av Nordiska spr\u00e5k vid \u00c5bo universitet. I denna blogg kommer du att hitta bl.a. viktiga datum och information om programmet. Tema f\u00f6r konferensen \u00e4r\u00a0Svenskan i Finland, i all sin m\u00e5ngfald. Plenarf\u00f6rel\u00e4sare \u00e4r: Catrin Norrby, Stockholms universitet: &#8221;Att [&hellip;]<\/p>\n","protected":false},"author":2683,"featured_media":0,"parent":0,"menu_order":0,"comment_status":"closed","ping_status":"closed","template":"","meta":{"footnotes":""},"class_list":["post-48","page","type-page","status-publish","hentry","post-preview"],"_links":{"self":[{"href":"https:\/\/blogit.utu.fi\/svif18\/wp-json\/wp\/v2\/pages\/48","targetHints":{"allow":["GET"]}}],"collection":[{"href":"https:\/\/blogit.utu.fi\/svif18\/wp-json\/wp\/v2\/pages"}],"about":[{"href":"https:\/\/blogit.utu.fi\/svif18\/wp-json\/wp\/v2\/types\/page"}],"author":[{"embeddable":true,"href":"https:\/\/blogit.utu.fi\/svif18\/wp-json\/wp\/v2\/users\/2683"}],"replies":[{"embeddable":true,"href":"https:\/\/blogit.utu.fi\/svif18\/wp-json\/wp\/v2\/comments?post=48"}],"version-history":[{"count":20,"href":"https:\/\/blogit.utu.fi\/svif18\/wp-json\/wp\/v2\/pages\/48\/revisions"}],"predecessor-version":[{"id":563,"href":"https:\/\/blogit.utu.fi\/svif18\/wp-json\/wp\/v2\/pages\/48\/revisions\/563"}],"wp:attachment":[{"href":"https:\/\/blogit.utu.fi\/svif18\/wp-json\/wp\/v2\/media?parent=48"}],"curies":[{"name":"wp","href":"https:\/\/api.w.org\/{rel}","templated":true}]}}