{"id":52,"date":"2017-12-11T14:17:05","date_gmt":"2017-12-11T14:17:05","guid":{"rendered":"http:\/\/blogit.utu.fi\/svif18\/?page_id=52"},"modified":"2018-08-17T11:40:49","modified_gmt":"2018-08-17T11:40:49","slug":"praktiskt","status":"publish","type":"page","link":"https:\/\/blogit.utu.fi\/svif18\/praktiskt\/","title":{"rendered":"PRAKTISKT"},"content":{"rendered":"<p style=\"text-align: left\"><strong>Konferensplats<br \/>\n<\/strong>Konferensen kommer att \u00e4ga rum p\u00e5 Radisson Blu Marina Palace Hotel, Slottsgatan 32.<br \/>\nLunchen kommer vi att \u00e4ta p\u00e5 hotellet.<\/p>\n<hr \/>\n<p style=\"text-align: left\"><strong>Viktiga datum<br \/>\n<\/strong><span class=\"\">27.08\u00a0 Deadline f\u00f6r abstrakt<br \/>\n<\/span><span class=\"\">31.08 F\u00f6redragsh\u00e5llarna f\u00e5r besked<br \/>\n<\/span><span class=\"\">01-20.09 Anm\u00e4lningstid<br \/>\n<\/span><span class=\"\">11-12.10 Konferensen \u00e4ger rum<\/span><\/p>\n","protected":false},"excerpt":{"rendered":"<p>Konferensplats Konferensen kommer att \u00e4ga rum p\u00e5 Radisson Blu Marina Palace Hotel, Slottsgatan 32. Lunchen kommer vi att \u00e4ta p\u00e5 hotellet. Viktiga datum 27.08\u00a0 Deadline f\u00f6r abstrakt 31.08 F\u00f6redragsh\u00e5llarna f\u00e5r besked 01-20.09 Anm\u00e4lningstid 11-12.10 Konferensen \u00e4ger rum<\/p>\n","protected":false},"author":2683,"featured_media":0,"parent":0,"menu_order":0,"comment_status":"closed","ping_status":"closed","template":"","meta":{"footnotes":""},"class_list":["post-52","page","type-page","status-publish","hentry","post-preview"],"_links":{"self":[{"href":"https:\/\/blogit.utu.fi\/svif18\/wp-json\/wp\/v2\/pages\/52","targetHints":{"allow":["GET"]}}],"collection":[{"href":"https:\/\/blogit.utu.fi\/svif18\/wp-json\/wp\/v2\/pages"}],"about":[{"href":"https:\/\/blogit.utu.fi\/svif18\/wp-json\/wp\/v2\/types\/page"}],"author":[{"embeddable":true,"href":"https:\/\/blogit.utu.fi\/svif18\/wp-json\/wp\/v2\/users\/2683"}],"replies":[{"embeddable":true,"href":"https:\/\/blogit.utu.fi\/svif18\/wp-json\/wp\/v2\/comments?post=52"}],"version-history":[{"count":14,"href":"https:\/\/blogit.utu.fi\/svif18\/wp-json\/wp\/v2\/pages\/52\/revisions"}],"predecessor-version":[{"id":441,"href":"https:\/\/blogit.utu.fi\/svif18\/wp-json\/wp\/v2\/pages\/52\/revisions\/441"}],"wp:attachment":[{"href":"https:\/\/blogit.utu.fi\/svif18\/wp-json\/wp\/v2\/media?parent=52"}],"curies":[{"name":"wp","href":"https:\/\/api.w.org\/{rel}","templated":true}]}}