{"id":567,"date":"2020-12-28T20:18:53","date_gmt":"2020-12-28T18:18:53","guid":{"rendered":"http:\/\/blogit.utu.fi\/svif18\/?page_id=567"},"modified":"2020-12-28T22:37:54","modified_gmt":"2020-12-28T20:37:54","slug":"konferensvolym","status":"publish","type":"page","link":"https:\/\/blogit.utu.fi\/svif18\/konferensvolym\/","title":{"rendered":"KONFERENSVOLYM"},"content":{"rendered":"\n<p>Konferensvolymen publicerades i december 2020.  Den finns tillg\u00e4nglig elektroniskt i \u00c5bo universitets publikationsarkiv Utupub p\u00e5 adressen <a href=\"http:\/\/urn.fi\/URN:ISBN:978-951-29-8215-8\">http:\/\/urn.fi\/URN:ISBN:978-951-29-8215-8<\/a>.<\/p>\n\n\n\n<figure class=\"wp-block-image size-full is-resized\"><a href=\"https:\/\/www.utupub.fi\/handle\/10024\/150838\"><img loading=\"lazy\" decoding=\"async\" src=\"https:\/\/blogit.utu.fi\/svif18\/wp-content\/uploads\/sites\/132\/2020\/12\/SiF18.png\" alt=\"\" class=\"wp-image-594\" width=\"402\" height=\"567\" srcset=\"https:\/\/blogit.utu.fi\/svif18\/wp-content\/uploads\/sites\/132\/2020\/12\/SiF18.png 804w, https:\/\/blogit.utu.fi\/svif18\/wp-content\/uploads\/sites\/132\/2020\/12\/SiF18-213x300.png 213w, https:\/\/blogit.utu.fi\/svif18\/wp-content\/uploads\/sites\/132\/2020\/12\/SiF18-727x1024.png 727w, https:\/\/blogit.utu.fi\/svif18\/wp-content\/uploads\/sites\/132\/2020\/12\/SiF18-768x1082.png 768w, https:\/\/blogit.utu.fi\/svif18\/wp-content\/uploads\/sites\/132\/2020\/12\/SiF18-676x953.png 676w\" sizes=\"auto, (max-width: 402px) 100vw, 402px\" \/><\/a><\/figure>\n","protected":false},"excerpt":{"rendered":"<p>Konferensvolymen publicerades i december 2020. Den finns tillg\u00e4nglig elektroniskt i \u00c5bo universitets publikationsarkiv Utupub p\u00e5 adressen http:\/\/urn.fi\/URN:ISBN:978-951-29-8215-8.<\/p>\n","protected":false},"author":1222,"featured_media":0,"parent":0,"menu_order":7,"comment_status":"closed","ping_status":"closed","template":"","meta":{"footnotes":""},"class_list":["post-567","page","type-page","status-publish","hentry","post-preview"],"_links":{"self":[{"href":"https:\/\/blogit.utu.fi\/svif18\/wp-json\/wp\/v2\/pages\/567","targetHints":{"allow":["GET"]}}],"collection":[{"href":"https:\/\/blogit.utu.fi\/svif18\/wp-json\/wp\/v2\/pages"}],"about":[{"href":"https:\/\/blogit.utu.fi\/svif18\/wp-json\/wp\/v2\/types\/page"}],"author":[{"embeddable":true,"href":"https:\/\/blogit.utu.fi\/svif18\/wp-json\/wp\/v2\/users\/1222"}],"replies":[{"embeddable":true,"href":"https:\/\/blogit.utu.fi\/svif18\/wp-json\/wp\/v2\/comments?post=567"}],"version-history":[{"count":6,"href":"https:\/\/blogit.utu.fi\/svif18\/wp-json\/wp\/v2\/pages\/567\/revisions"}],"predecessor-version":[{"id":612,"href":"https:\/\/blogit.utu.fi\/svif18\/wp-json\/wp\/v2\/pages\/567\/revisions\/612"}],"wp:attachment":[{"href":"https:\/\/blogit.utu.fi\/svif18\/wp-json\/wp\/v2\/media?parent=567"}],"curies":[{"name":"wp","href":"https:\/\/api.w.org\/{rel}","templated":true}]}}