{"id":154,"date":"2022-03-24T10:12:12","date_gmt":"2022-03-24T10:12:12","guid":{"rendered":"https:\/\/blogit.utu.fi\/sydanpuhe\/?page_id=154"},"modified":"2022-05-24T08:04:22","modified_gmt":"2022-05-24T08:04:22","slug":"haastattelukutsu","status":"publish","type":"page","link":"https:\/\/blogit.utu.fi\/sydanpuhe\/haastattelukutsu\/","title":{"rendered":"Haastattelukutsu"},"content":{"rendered":"\n<p>Haastattelukutsua l\u00e4hetet\u00e4\u00e4n Turun yliopistollisen keskussairaalan PET-keskuksen kautta tietokonetomografiaan ohjatuille henkil\u00f6ille. Turun yliopistossa toteutettavassa haastattelututkimuksessa tarkastellaan syd\u00e4n- ja verisuonisairauksia vuorovaikutuksen ja kerronnan tutkimuksen keinoin ja kartoitetaan potilaan kokemustietoa omasta terveydest\u00e4\u00e4n. Tutkimus tuottaa uutta tietoa l\u00e4\u00e4k\u00e4rien koulutukseen ja sepelvaltimotaudin oirekuvausten tulkintaan.<\/p>\n\n\n\n<h3 class=\"wp-block-heading\"><strong>TUTKIMUKSEN KULKU <\/strong><strong><\/strong><\/h3>\n\n\n\n<p>Haastattelututkimukseen pyydet\u00e4\u00e4n osallistumaan henkil\u00f6it\u00e4, jotka on ohjattu l\u00e4\u00e4k\u00e4rin vastaanotolta jatkotutkimuksiin syd\u00e4noireiden perusteella. Haastattelu tehd\u00e4\u00e4n ennen jatkotutkimuksiin menemist\u00e4 ja muutama kuukausi tulosten saapumisen j\u00e4lkeen.<\/p>\n\n\n\n<p>Tutkimukseen voi osallistua, vaikka olisi jo ennalta sepelvaltimotautidiagnoosi tai jatkotutkimukset eiv\u00e4t osoittaisi sepelvaltimotautia.<\/p>\n\n\n\n<p>Haastattelut toteutetaan koronavirustilanne huomioiden kasvotusten tai et\u00e4yhteyden kautta. Aikaa haastatteluun on hyv\u00e4 varata n. 1\u20132 &nbsp;tuntia. Haastattelu voidaan tehd\u00e4 my\u00f6s videoyhteyden tai puhelimen v\u00e4lityksell\u00e4.<\/p>\n\n\n\n<h3 class=\"wp-block-heading\"><strong>VAPAAEHTOISUUS<\/strong><\/h3>\n\n\n\n<p>Haastattelututkimukseen osallistuminen on vapaaehtoista. Haastattelututkimukseen osallistuminen, osallistumatta j\u00e4tt\u00e4minen tai osallistumisen keskeytt\u00e4minen ei vaikuta mill\u00e4\u00e4n tapaa saatuun hoitoon.<\/p>\n\n\n\n<p>Jos kiinnostuitte tutkimuksesta, voitte ilmoittaa osallistumisestanne ottamalla yhteytt\u00e4 hankkeen v\u00e4it\u00f6skirjatutkijaan puhelimitse tai s\u00e4hk\u00f6postitse. Vastaamme my\u00f6s mielell\u00e4mme haastattelua ja tutkimusta koskeviin kysymyksiin.<\/p>\n\n\n\n<h3 class=\"wp-block-heading\"><strong>LUOTTAMUKSELLISUUS, TIETOJEN K\u00c4SITTELY JA S\u00c4ILYTT\u00c4MINEN<\/strong><\/h3>\n\n\n\n<p>Tutkimuksen tekij\u00f6it\u00e4 sitoo salassapitovelvollisuus. Kaikki tutkimustulokset esitet\u00e4\u00e4n pseudonymisoituna, joka tarkoittaa sit\u00e4, ett\u00e4 Teit\u00e4 koskevat tunnistettavat tiedot poistetaan aineistosta.<\/p>\n\n\n\n<p>Tekstiksi purettu aineisto arkistoidaan Tietoarkistoon, jossa se on my\u00f6s muiden vuorovaikutusta ja kerrontaa koskevien tutkimusten k\u00e4ytett\u00e4viss\u00e4. Arkistoidusta aineistosta poistetaan Teit\u00e4 koskevat henkil\u00f6tiedot. Voitte my\u00f6s kielt\u00e4\u00e4 aineiston arkistoinnin.<\/p>\n\n\n\n<h3 class=\"wp-block-heading\"><strong>TUTKIMUKSESTA VASTAAVAT TUTKIJAT<\/strong><\/h3>\n\n\n\n<p>Iida R\u00e4ty <br>FM, v\u00e4it\u00f6skirjatutkija<br>Historian, kulttuurin ja taiteiden<br>tutkimuksen laitos, Turun yliopisto<br>puh. +358 29 4504031, gsm +358 50 475 9630&nbsp;<br><a href=\"mailto:iida.raty@utu.fi\">iida.raty@utu.fi<\/a><\/p>\n\n\n\n<p>Jenny Paananen<br>FT, tutkijatohtori<br>Hoitotieteen laitos, Turun yliopisto<br>Kielen ja hyvinvoinnin tutkimuskeskus LaWe<\/p>\n","protected":false},"excerpt":{"rendered":"<p>Haastattelukutsua l\u00e4hetet\u00e4\u00e4n Turun yliopistollisen keskussairaalan PET-keskuksen kautta tietokonetomografiaan ohjatuille henkil\u00f6ille. Turun yliopistossa toteutettavassa haastattelututkimuksessa tarkastellaan syd\u00e4n- ja verisuonisairauksia vuorovaikutuksen ja kerronnan tutkimuksen keinoin ja kartoitetaan potilaan kokemustietoa omasta terveydest\u00e4\u00e4n. Tutkimus tuottaa uutta tietoa l\u00e4\u00e4k\u00e4rien koulutukseen ja sepelvaltimotaudin oirekuvausten tulkintaan. TUTKIMUKSEN KULKU Haastattelututkimukseen pyydet\u00e4\u00e4n osallistumaan henkil\u00f6it\u00e4, jotka on ohjattu l\u00e4\u00e4k\u00e4rin vastaanotolta jatkotutkimuksiin syd\u00e4noireiden perusteella. Haastattelu tehd\u00e4\u00e4n [&hellip;]<\/p>\n","protected":false},"author":13913,"featured_media":221,"parent":0,"menu_order":0,"comment_status":"closed","ping_status":"closed","template":"","meta":{"_acf_changed":false,"_monsterinsights_skip_tracking":false,"_monsterinsights_sitenote_active":false,"_monsterinsights_sitenote_note":"","_monsterinsights_sitenote_category":0,"footnotes":""},"class_list":["post-154","page","type-page","status-publish","has-post-thumbnail","czr-hentry"],"acf":[],"yoast_head":"<!-- This site is optimized with the Yoast SEO plugin v27.0 - https:\/\/yoast.com\/product\/yoast-seo-wordpress\/ -->\n<title>Haastattelukutsu - Syd\u00e4npuhe \u2013 Heart Talk<\/title>\n<meta name=\"description\" content=\"Syd\u00e4npuhe hankkeen haastattelukutsu, TYKS, Turun yliopisto\" \/>\n<meta name=\"robots\" content=\"index, follow, max-snippet:-1, max-image-preview:large, max-video-preview:-1\" \/>\n<link rel=\"canonical\" href=\"https:\/\/blogit.utu.fi\/sydanpuhe\/haastattelukutsu\/\" \/>\n<meta property=\"og:locale\" content=\"fi_FI\" \/>\n<meta property=\"og:type\" content=\"article\" \/>\n<meta property=\"og:title\" content=\"Haastattelukutsu - Syd\u00e4npuhe \u2013 Heart Talk\" \/>\n<meta property=\"og:description\" content=\"Syd\u00e4npuhe hankkeen haastattelukutsu, TYKS, Turun yliopisto\" \/>\n<meta property=\"og:url\" content=\"https:\/\/blogit.utu.fi\/sydanpuhe\/haastattelukutsu\/\" \/>\n<meta property=\"og:site_name\" content=\"Syd\u00e4npuhe \u2013 Heart Talk\" \/>\n<meta property=\"article:modified_time\" content=\"2022-05-24T08:04:22+00:00\" \/>\n<meta property=\"og:image\" content=\"https:\/\/blogit.utu.fi\/sydanpuhe\/wp-content\/uploads\/sites\/669\/2022\/05\/pexels-suzy-hazelwood-2249645-scaled-e1653379441110.jpg\" \/>\n\t<meta property=\"og:image:width\" content=\"2560\" \/>\n\t<meta property=\"og:image:height\" content=\"787\" \/>\n\t<meta property=\"og:image:type\" content=\"image\/jpeg\" \/>\n<meta name=\"twitter:card\" content=\"summary_large_image\" \/>\n<meta name=\"twitter:label1\" content=\"Arvioitu lukuaika\" \/>\n\t<meta name=\"twitter:data1\" content=\"2 minuuttia\" \/>\n<script type=\"application\/ld+json\" class=\"yoast-schema-graph\">{\"@context\":\"https:\/\/schema.org\",\"@graph\":[{\"@type\":\"WebPage\",\"@id\":\"https:\/\/blogit.utu.fi\/sydanpuhe\/haastattelukutsu\/\",\"url\":\"https:\/\/blogit.utu.fi\/sydanpuhe\/haastattelukutsu\/\",\"name\":\"Haastattelukutsu - Syd\u00e4npuhe \u2013 Heart Talk\",\"isPartOf\":{\"@id\":\"https:\/\/blogit.utu.fi\/sydanpuhe\/#website\"},\"primaryImageOfPage\":{\"@id\":\"https:\/\/blogit.utu.fi\/sydanpuhe\/haastattelukutsu\/#primaryimage\"},\"image\":{\"@id\":\"https:\/\/blogit.utu.fi\/sydanpuhe\/haastattelukutsu\/#primaryimage\"},\"thumbnailUrl\":\"https:\/\/blogit.utu.fi\/sydanpuhe\/wp-content\/uploads\/sites\/669\/2022\/05\/pexels-suzy-hazelwood-2249645-scaled-e1653379441110.jpg\",\"datePublished\":\"2022-03-24T10:12:12+00:00\",\"dateModified\":\"2022-05-24T08:04:22+00:00\",\"description\":\"Syd\u00e4npuhe hankkeen haastattelukutsu, TYKS, Turun yliopisto\",\"breadcrumb\":{\"@id\":\"https:\/\/blogit.utu.fi\/sydanpuhe\/haastattelukutsu\/#breadcrumb\"},\"inLanguage\":\"fi\",\"potentialAction\":[{\"@type\":\"ReadAction\",\"target\":[\"https:\/\/blogit.utu.fi\/sydanpuhe\/haastattelukutsu\/\"]}]},{\"@type\":\"ImageObject\",\"inLanguage\":\"fi\",\"@id\":\"https:\/\/blogit.utu.fi\/sydanpuhe\/haastattelukutsu\/#primaryimage\",\"url\":\"https:\/\/blogit.utu.fi\/sydanpuhe\/wp-content\/uploads\/sites\/669\/2022\/05\/pexels-suzy-hazelwood-2249645-scaled-e1653379441110.jpg\",\"contentUrl\":\"https:\/\/blogit.utu.fi\/sydanpuhe\/wp-content\/uploads\/sites\/669\/2022\/05\/pexels-suzy-hazelwood-2249645-scaled-e1653379441110.jpg\",\"width\":2560,\"height\":787},{\"@type\":\"BreadcrumbList\",\"@id\":\"https:\/\/blogit.utu.fi\/sydanpuhe\/haastattelukutsu\/#breadcrumb\",\"itemListElement\":[{\"@type\":\"ListItem\",\"position\":1,\"name\":\"Etusivu\",\"item\":\"https:\/\/blogit.utu.fi\/sydanpuhe\/\"},{\"@type\":\"ListItem\",\"position\":2,\"name\":\"Haastattelukutsu\"}]},{\"@type\":\"WebSite\",\"@id\":\"https:\/\/blogit.utu.fi\/sydanpuhe\/#website\",\"url\":\"https:\/\/blogit.utu.fi\/sydanpuhe\/\",\"name\":\"Syd\u00e4npuhe \u2013 Heart Talk\",\"description\":\"Turun yliopiston Syd\u00e4npuhe-hankkeen kotisivut\",\"publisher\":{\"@id\":\"https:\/\/blogit.utu.fi\/sydanpuhe\/#organization\"},\"potentialAction\":[{\"@type\":\"SearchAction\",\"target\":{\"@type\":\"EntryPoint\",\"urlTemplate\":\"https:\/\/blogit.utu.fi\/sydanpuhe\/?s={search_term_string}\"},\"query-input\":{\"@type\":\"PropertyValueSpecification\",\"valueRequired\":true,\"valueName\":\"search_term_string\"}}],\"inLanguage\":\"fi\"},{\"@type\":\"Organization\",\"@id\":\"https:\/\/blogit.utu.fi\/sydanpuhe\/#organization\",\"name\":\"Syd\u00e4npuhe \u2013 Heart Talk\",\"url\":\"https:\/\/blogit.utu.fi\/sydanpuhe\/\",\"logo\":{\"@type\":\"ImageObject\",\"inLanguage\":\"fi\",\"@id\":\"https:\/\/blogit.utu.fi\/sydanpuhe\/#\/schema\/logo\/image\/\",\"url\":\"https:\/\/blogit.utu.fi\/sydanpuhe\/wp-content\/uploads\/sites\/669\/2022\/03\/cropped-UTU_logo_FI_RGB.jpg\",\"contentUrl\":\"https:\/\/blogit.utu.fi\/sydanpuhe\/wp-content\/uploads\/sites\/669\/2022\/03\/cropped-UTU_logo_FI_RGB.jpg\",\"width\":1236,\"height\":494,\"caption\":\"Syd\u00e4npuhe \u2013 Heart Talk\"},\"image\":{\"@id\":\"https:\/\/blogit.utu.fi\/sydanpuhe\/#\/schema\/logo\/image\/\"}}]}<\/script>\n<!-- \/ Yoast SEO plugin. -->","yoast_head_json":{"title":"Haastattelukutsu - Syd\u00e4npuhe \u2013 Heart Talk","description":"Syd\u00e4npuhe hankkeen haastattelukutsu, TYKS, Turun yliopisto","robots":{"index":"index","follow":"follow","max-snippet":"max-snippet:-1","max-image-preview":"max-image-preview:large","max-video-preview":"max-video-preview:-1"},"canonical":"https:\/\/blogit.utu.fi\/sydanpuhe\/haastattelukutsu\/","og_locale":"fi_FI","og_type":"article","og_title":"Haastattelukutsu - Syd\u00e4npuhe \u2013 Heart Talk","og_description":"Syd\u00e4npuhe hankkeen haastattelukutsu, TYKS, Turun yliopisto","og_url":"https:\/\/blogit.utu.fi\/sydanpuhe\/haastattelukutsu\/","og_site_name":"Syd\u00e4npuhe \u2013 Heart Talk","article_modified_time":"2022-05-24T08:04:22+00:00","og_image":[{"width":2560,"height":787,"url":"https:\/\/blogit.utu.fi\/sydanpuhe\/wp-content\/uploads\/sites\/669\/2022\/05\/pexels-suzy-hazelwood-2249645-scaled-e1653379441110.jpg","type":"image\/jpeg"}],"twitter_card":"summary_large_image","twitter_misc":{"Arvioitu lukuaika":"2 minuuttia"},"schema":{"@context":"https:\/\/schema.org","@graph":[{"@type":"WebPage","@id":"https:\/\/blogit.utu.fi\/sydanpuhe\/haastattelukutsu\/","url":"https:\/\/blogit.utu.fi\/sydanpuhe\/haastattelukutsu\/","name":"Haastattelukutsu - Syd\u00e4npuhe \u2013 Heart Talk","isPartOf":{"@id":"https:\/\/blogit.utu.fi\/sydanpuhe\/#website"},"primaryImageOfPage":{"@id":"https:\/\/blogit.utu.fi\/sydanpuhe\/haastattelukutsu\/#primaryimage"},"image":{"@id":"https:\/\/blogit.utu.fi\/sydanpuhe\/haastattelukutsu\/#primaryimage"},"thumbnailUrl":"https:\/\/blogit.utu.fi\/sydanpuhe\/wp-content\/uploads\/sites\/669\/2022\/05\/pexels-suzy-hazelwood-2249645-scaled-e1653379441110.jpg","datePublished":"2022-03-24T10:12:12+00:00","dateModified":"2022-05-24T08:04:22+00:00","description":"Syd\u00e4npuhe hankkeen haastattelukutsu, TYKS, Turun yliopisto","breadcrumb":{"@id":"https:\/\/blogit.utu.fi\/sydanpuhe\/haastattelukutsu\/#breadcrumb"},"inLanguage":"fi","potentialAction":[{"@type":"ReadAction","target":["https:\/\/blogit.utu.fi\/sydanpuhe\/haastattelukutsu\/"]}]},{"@type":"ImageObject","inLanguage":"fi","@id":"https:\/\/blogit.utu.fi\/sydanpuhe\/haastattelukutsu\/#primaryimage","url":"https:\/\/blogit.utu.fi\/sydanpuhe\/wp-content\/uploads\/sites\/669\/2022\/05\/pexels-suzy-hazelwood-2249645-scaled-e1653379441110.jpg","contentUrl":"https:\/\/blogit.utu.fi\/sydanpuhe\/wp-content\/uploads\/sites\/669\/2022\/05\/pexels-suzy-hazelwood-2249645-scaled-e1653379441110.jpg","width":2560,"height":787},{"@type":"BreadcrumbList","@id":"https:\/\/blogit.utu.fi\/sydanpuhe\/haastattelukutsu\/#breadcrumb","itemListElement":[{"@type":"ListItem","position":1,"name":"Etusivu","item":"https:\/\/blogit.utu.fi\/sydanpuhe\/"},{"@type":"ListItem","position":2,"name":"Haastattelukutsu"}]},{"@type":"WebSite","@id":"https:\/\/blogit.utu.fi\/sydanpuhe\/#website","url":"https:\/\/blogit.utu.fi\/sydanpuhe\/","name":"Syd\u00e4npuhe \u2013 Heart Talk","description":"Turun yliopiston Syd\u00e4npuhe-hankkeen kotisivut","publisher":{"@id":"https:\/\/blogit.utu.fi\/sydanpuhe\/#organization"},"potentialAction":[{"@type":"SearchAction","target":{"@type":"EntryPoint","urlTemplate":"https:\/\/blogit.utu.fi\/sydanpuhe\/?s={search_term_string}"},"query-input":{"@type":"PropertyValueSpecification","valueRequired":true,"valueName":"search_term_string"}}],"inLanguage":"fi"},{"@type":"Organization","@id":"https:\/\/blogit.utu.fi\/sydanpuhe\/#organization","name":"Syd\u00e4npuhe \u2013 Heart Talk","url":"https:\/\/blogit.utu.fi\/sydanpuhe\/","logo":{"@type":"ImageObject","inLanguage":"fi","@id":"https:\/\/blogit.utu.fi\/sydanpuhe\/#\/schema\/logo\/image\/","url":"https:\/\/blogit.utu.fi\/sydanpuhe\/wp-content\/uploads\/sites\/669\/2022\/03\/cropped-UTU_logo_FI_RGB.jpg","contentUrl":"https:\/\/blogit.utu.fi\/sydanpuhe\/wp-content\/uploads\/sites\/669\/2022\/03\/cropped-UTU_logo_FI_RGB.jpg","width":1236,"height":494,"caption":"Syd\u00e4npuhe \u2013 Heart Talk"},"image":{"@id":"https:\/\/blogit.utu.fi\/sydanpuhe\/#\/schema\/logo\/image\/"}}]}},"_links":{"self":[{"href":"https:\/\/blogit.utu.fi\/sydanpuhe\/wp-json\/wp\/v2\/pages\/154","targetHints":{"allow":["GET"]}}],"collection":[{"href":"https:\/\/blogit.utu.fi\/sydanpuhe\/wp-json\/wp\/v2\/pages"}],"about":[{"href":"https:\/\/blogit.utu.fi\/sydanpuhe\/wp-json\/wp\/v2\/types\/page"}],"author":[{"embeddable":true,"href":"https:\/\/blogit.utu.fi\/sydanpuhe\/wp-json\/wp\/v2\/users\/13913"}],"replies":[{"embeddable":true,"href":"https:\/\/blogit.utu.fi\/sydanpuhe\/wp-json\/wp\/v2\/comments?post=154"}],"version-history":[{"count":7,"href":"https:\/\/blogit.utu.fi\/sydanpuhe\/wp-json\/wp\/v2\/pages\/154\/revisions"}],"predecessor-version":[{"id":223,"href":"https:\/\/blogit.utu.fi\/sydanpuhe\/wp-json\/wp\/v2\/pages\/154\/revisions\/223"}],"wp:featuredmedia":[{"embeddable":true,"href":"https:\/\/blogit.utu.fi\/sydanpuhe\/wp-json\/wp\/v2\/media\/221"}],"wp:attachment":[{"href":"https:\/\/blogit.utu.fi\/sydanpuhe\/wp-json\/wp\/v2\/media?parent=154"}],"curies":[{"name":"wp","href":"https:\/\/api.w.org\/{rel}","templated":true}]}}