{"id":163,"date":"2022-03-24T10:24:01","date_gmt":"2022-03-24T10:24:01","guid":{"rendered":"https:\/\/blogit.utu.fi\/sydanpuhe\/?page_id=163"},"modified":"2023-11-09T11:59:47","modified_gmt":"2023-11-09T11:59:47","slug":"kirjoituspyynto-2","status":"publish","type":"page","link":"https:\/\/blogit.utu.fi\/sydanpuhe\/kirjoituspyynto-2\/","title":{"rendered":"Kirjoituspyynt\u00f6: Sepelvaltimotauti"},"content":{"rendered":"\n<h3 class=\"wp-block-heading\"><strong>Kirjoituspyynt\u00f6 sepelvaltimotautia k\u00e4sittelev\u00e4\u00e4n tutkimukseen<\/strong><\/h3>\n\n\n\n<p>Oletko sairastunut tai ep\u00e4iletk\u00f6 sairastavasi sepelvaltimotautia? Haluatko kertoa kokemuksistasi ja el\u00e4m\u00e4st\u00e4si taudin kanssa? Selvit\u00e4mme Syd\u00e4npuhe-hankkeessa sepelvaltimotautiin liittyvi\u00e4 kokemuksia. Olemme kiinnostuneita tautiin sairastuneiden kokemuksista heid\u00e4n omasta n\u00e4k\u00f6kulmastaan. Tutkimuksen tavoitteena on tuottaa l\u00e4\u00e4k\u00e4reille opetusmateriaalia ja lis\u00e4t\u00e4 tietoa sairauden kokemisesta. Kirjoituspyynt\u00f6 on suunnattu kaikille sepelvaltimotautia sairastaville.<\/p>\n\n\n\n<p>Kirjoita omin sanoin muistojasi ja kokemuksiasi sairastumisesta ja sairauden kanssa el\u00e4misest\u00e4. Voit k\u00e4ytt\u00e4\u00e4 apunasi seuraavia kysymyksi\u00e4:<\/p>\n\n\n\n<p><strong>Oireet ja l\u00e4\u00e4k\u00e4rille meno<\/strong>:<\/p>\n\n\n\n<ul class=\"wp-block-list\">\n<li>Kerro, mik\u00e4 sai sinut hakeutumaan l\u00e4\u00e4k\u00e4riin. Oliko sinulla oireita ja jos oli, millaisia?<\/li>\n\n\n\n<li>Miten vastaanotolle hakeutuminen sujui? Kerro vastaanottotilanteesta ja oireista, joita kuvailit l\u00e4\u00e4k\u00e4rille.<\/li>\n<\/ul>\n\n\n\n<p id=\"kirjoituspyynto\"><strong>Aikaisemmat kokemukset syd\u00e4ntaudeista ja diagnoosi:<\/strong><\/p>\n\n\n\n<ul class=\"wp-block-list\">\n<li>Kerro, millaisia ajatuksia sinulla on sepelvaltimotaudista. Mit\u00e4 tiesit taudista etuk\u00e4teen?<\/li>\n\n\n\n<li>Miten olet kuullut taudista puhuttavan tai oletko kohdannut tautia aikaisemmin esimerkiksi sukulaisten tai yst\u00e4vien kautta?<\/li>\n\n\n\n<li>Miten syd\u00e4nterveydest\u00e4 on puhuttu lapsuudessasi? Miten syd\u00e4n on pidetty terveen\u00e4?<\/li>\n\n\n\n<li>Millainen mielikuva sinulla on ihmisest\u00e4, joka sairastuu sepelvaltimotautiin? Ent\u00e4 miten koet itsesi suhteessa heihin? Mit\u00e4 diagnoosin saaminen merkitsi sinulle?&nbsp;&nbsp;&nbsp;&nbsp;&nbsp;&nbsp;&nbsp;&nbsp;&nbsp;&nbsp;&nbsp;&nbsp;&nbsp;&nbsp;&nbsp;&nbsp;&nbsp;&nbsp;&nbsp;&nbsp;&nbsp;&nbsp;&nbsp;&nbsp;&nbsp;&nbsp;&nbsp;&nbsp;<\/li>\n<\/ul>\n\n\n\n<p><strong>Tulosten j\u00e4lkeinen el\u00e4m\u00e4 ja sairauden kokeminen:<\/strong><\/p>\n\n\n\n<ul class=\"wp-block-list\">\n<li>Kerro, millaista el\u00e4m\u00e4si on ollut tulosten saamisen j\u00e4lkeen.<\/li>\n\n\n\n<li>Miss\u00e4 sairaus tuntuu kehossa ja miten? Miten se on vaikuttanut jaksamiseesi?<\/li>\n\n\n\n<li>Oletko ottanut syd\u00e4nterveydest\u00e4 selv\u00e4\u00e4 l\u00e4\u00e4k\u00e4rik\u00e4ynnin tai oireiden alkamisen j\u00e4lkeen? Jos olet, miten ja mist\u00e4? Millaista tietoa olet saanut?<\/li>\n\n\n\n<li>Oletko havainnut tai kuullut eroista naisten ja miesten sepelvaltimotaudin oirekuvassa?&nbsp;<\/li>\n<\/ul>\n\n\n\n<p>Kirjoituspyynn\u00f6n j\u00e4rjest\u00e4v\u00e4t Turun yliopiston folkloristiikan, hoitotieteen ja yleisl\u00e4\u00e4ketieteen Syd\u00e4npuhe-hankkeen tutkijat. Aineisto arkistoidaan Tietoarkistoon, josta se on k\u00e4ytett\u00e4viss\u00e4 luvanvaraisesti tutkimusk\u00e4ytt\u00f6\u00f6n.<\/p>\n\n\n\n<h3 class=\"wp-block-heading\"><strong>Vastausohjeet<\/strong><\/h3>\n\n\n\n<p>Kirjoita vastauksesi omin sanoin. Tekstin pituutta ei ole rajoitettu.<\/p>\n\n\n\n<p>Otamme vastaan my\u00f6s aikaisempia muistelutekstej\u00e4, \u00e4\u00e4nitteit\u00e4, haastatteluita ja muita aiheeseen liittyvi\u00e4 aineistoja. \u00c4\u00e4nitteell\u00e4 olevat aineistot muutetaan tekstimuotoon.<\/p>\n\n\n\n<p>Liit\u00e4 vastaukseesi nimi tai nimimerkki, yhteystiedot, syntym\u00e4aika ja sukupuoli. Kaikista vastauksista poistetaan tutkimusjulkaisuissa yksil\u00f6iv\u00e4t henkil\u00f6tiedot (nimet, paikannimet).<\/p>\n\n\n\n<p>Huomioithan my\u00f6s, ett\u00e4 voit itse p\u00e4\u00e4tt\u00e4\u00e4 kirjoittamistasi aiheista. Mik\u00e4li koet yksitt\u00e4isen aiheen liian arkaluonteiseksi, voit j\u00e4tt\u00e4\u00e4 kertomatta siit\u00e4.<\/p>\n\n\n\n<p>L\u00e4hett\u00e4m\u00e4\u00e4si aineistoa ei palauteta.<\/p>\n\n\n\n<h3 class=\"wp-block-heading\"><strong>Suostumus arkistointiin<\/strong><\/h3>\n\n\n\n<ul class=\"wp-block-list\">\n<li>Pyyd\u00e4mme suostumusta aineiston arkistointiin Tietoarkistoon. Aineistoa k\u00e4ytet\u00e4\u00e4n vain tutkimustarkoituksiin. Tulostettavan suostumuslomakkeen l\u00f6yd\u00e4t osoitteesta&nbsp;<a href=\"https:\/\/bit.ly\/3irOCto\">https:\/\/bit.ly\/3irOCto<\/a>. S\u00e4hk\u00f6isesti voit ilmoittaa suostumuksesta osoitteessa&nbsp;<a href=\"https:\/\/redcap.utu.fi\/surveys\/?s=FDRCPARWEJ8HXXX8\">https:\/\/redcap.utu.fi\/surveys\/?s=FDRCPARWEJ8HXXX8<\/a><\/li>\n\n\n\n<li>Tietoarkiston k\u00e4ytt\u00f6ehtoihin voi tutustua osoitteesta&nbsp;<a href=\"https:\/\/services.fsd.uta.fi\/docs\/eula\">https:\/\/services.fsd.uta.fi\/docs\/eula<\/a>.<\/li>\n\n\n\n<li>Tutkimuksen tietosuojailmoituksen l\u00f6yd\u00e4t osoitteesta <a href=\"https:\/\/blogit.utu.fi\/sydanpuhe\/tietosuojailmoitus\/\" target=\"_blank\" rel=\"noreferrer noopener\">https:\/\/blogit.utu.fi\/sydanpuhe\/tietosuojailmoitus\/<\/a> . Tutkimuksen rekisterinpit\u00e4j\u00e4 on Turun yliopisto.<\/li>\n<\/ul>\n\n\n\n<h3 class=\"wp-block-heading\"><strong>Vastaaminen<\/strong><\/h3>\n\n\n\n<p>Kirjoituksen l\u00e4hett\u00e4minen tutkimukseen onnistuu kolmella eri tavalla<\/p>\n\n\n\n<p>1. Verkkolomakkeen kautta osoitteessa <a href=\"https:\/\/redcap.utu.fi\/surveys\/?s=FDRCPARWEJ8HXXX8\" target=\"_blank\" rel=\"noreferrer noopener\">https:\/\/redcap.utu.fi\/surveys\/?s=FDRCPARWEJ8HXXX8 <\/a><\/p>\n\n\n\n<p>2. Postitse osoitteeseen      <\/p>\n\n\n\n<div class=\"wp-block-group\"><div class=\"wp-block-group__inner-container is-layout-flow wp-block-group-is-layout-flow\">\n<div class=\"wp-block-group\"><div class=\"wp-block-group__inner-container is-layout-flow wp-block-group-is-layout-flow\">\n<p>Iida R\u00e4ty\/Kulttuurien tutkimus<br>Arcanum, Vatselankatu 2<br>20014 Turun yliopisto<\/p>\n<\/div><\/div>\n<\/div><\/div>\n\n\n\n<p>Merkitse kuoreen tunnus &#8221;Syd\u00e4npuhe&#8221;. Muista kirjoittaa kirjeeseen suostumus aineiston arkistoimisesta.  <\/p>\n\n\n\n<p><\/p>\n\n\n\n<p>3. S\u00e4hk\u00f6postin kautta osoitteeseen iida.raty@utu.fi. Merkitse aihekentt\u00e4\u00e4n tunnus \u201dSyd\u00e4npuhe\u201d ja liit\u00e4 tekstisi liitetiedostona. Muista kirjoittaa s\u00e4hk\u00f6postiin suostumus aineiston arkistoimisesta. <\/p>\n\n\n\n<p><\/p>\n\n\n\n<p><strong>Kaikissa kysymyksiss\u00e4 voitte ottaa yhteytt\u00e4 hankkeen v\u00e4it\u00f6skirjatutkijaan:<\/strong><\/p>\n\n\n\n<p>Iida R\u00e4ty<br>FM, folkloristiikan v\u00e4it\u00f6skirjatutkija<br>Syd\u00e4npuhe -hanke<br>Historian, kulttuurin ja taiteiden tutkimuksen laitos, Turun yliopisto<br>iida.raty@utu.fi<br>puh. +358 29 4504031, gsm +358 50 475 9630<\/p>\n","protected":false},"excerpt":{"rendered":"<p>Kirjoituspyynt\u00f6 sepelvaltimotautia k\u00e4sittelev\u00e4\u00e4n tutkimukseen Oletko sairastunut tai ep\u00e4iletk\u00f6 sairastavasi sepelvaltimotautia? Haluatko kertoa kokemuksistasi ja el\u00e4m\u00e4st\u00e4si taudin kanssa? Selvit\u00e4mme Syd\u00e4npuhe-hankkeessa sepelvaltimotautiin liittyvi\u00e4 kokemuksia. Olemme kiinnostuneita tautiin sairastuneiden kokemuksista heid\u00e4n omasta n\u00e4k\u00f6kulmastaan. Tutkimuksen tavoitteena on tuottaa l\u00e4\u00e4k\u00e4reille opetusmateriaalia ja lis\u00e4t\u00e4 tietoa sairauden kokemisesta. Kirjoituspyynt\u00f6 on suunnattu kaikille sepelvaltimotautia sairastaville. Kirjoita omin sanoin muistojasi ja kokemuksiasi sairastumisesta ja [&hellip;]<\/p>\n","protected":false},"author":13913,"featured_media":124,"parent":0,"menu_order":0,"comment_status":"closed","ping_status":"closed","template":"","meta":{"_acf_changed":false,"_monsterinsights_skip_tracking":false,"_monsterinsights_sitenote_active":false,"_monsterinsights_sitenote_note":"","_monsterinsights_sitenote_category":0,"footnotes":""},"class_list":["post-163","page","type-page","status-publish","has-post-thumbnail","czr-hentry"],"acf":[],"yoast_head":"<!-- This site is optimized with the Yoast SEO plugin v27.0 - https:\/\/yoast.com\/product\/yoast-seo-wordpress\/ -->\n<title>Kirjoituspyynt\u00f6: Sepelvaltimotauti - Syd\u00e4npuhe \u2013 Heart Talk<\/title>\n<meta name=\"description\" content=\"Syd\u00e4npuhe -hankkeen kirjoituspyynt\u00f6, Turun yliopisto, Iida R\u00e4ty\" \/>\n<meta name=\"robots\" content=\"index, follow, max-snippet:-1, max-image-preview:large, max-video-preview:-1\" \/>\n<link rel=\"canonical\" href=\"https:\/\/blogit.utu.fi\/sydanpuhe\/kirjoituspyynto-2\/\" \/>\n<meta property=\"og:locale\" content=\"fi_FI\" \/>\n<meta property=\"og:type\" content=\"article\" \/>\n<meta property=\"og:title\" content=\"Kirjoituspyynt\u00f6: Sepelvaltimotauti - Syd\u00e4npuhe \u2013 Heart Talk\" \/>\n<meta property=\"og:description\" content=\"Syd\u00e4npuhe -hankkeen kirjoituspyynt\u00f6, Turun yliopisto, Iida R\u00e4ty\" \/>\n<meta property=\"og:url\" content=\"https:\/\/blogit.utu.fi\/sydanpuhe\/kirjoituspyynto-2\/\" \/>\n<meta property=\"og:site_name\" content=\"Syd\u00e4npuhe \u2013 Heart Talk\" \/>\n<meta property=\"article:modified_time\" content=\"2023-11-09T11:59:47+00:00\" \/>\n<meta property=\"og:image\" content=\"https:\/\/blogit.utu.fi\/sydanpuhe\/wp-content\/uploads\/sites\/669\/2022\/03\/flowers-g65a284727_1920.jpg\" \/>\n\t<meta property=\"og:image:width\" content=\"1920\" \/>\n\t<meta property=\"og:image:height\" content=\"1280\" \/>\n\t<meta property=\"og:image:type\" content=\"image\/jpeg\" \/>\n<meta name=\"twitter:card\" content=\"summary_large_image\" \/>\n<meta name=\"twitter:label1\" content=\"Arvioitu lukuaika\" \/>\n\t<meta name=\"twitter:data1\" content=\"3 minuuttia\" \/>\n<script type=\"application\/ld+json\" class=\"yoast-schema-graph\">{\"@context\":\"https:\/\/schema.org\",\"@graph\":[{\"@type\":\"WebPage\",\"@id\":\"https:\/\/blogit.utu.fi\/sydanpuhe\/kirjoituspyynto-2\/\",\"url\":\"https:\/\/blogit.utu.fi\/sydanpuhe\/kirjoituspyynto-2\/\",\"name\":\"Kirjoituspyynt\u00f6: Sepelvaltimotauti - Syd\u00e4npuhe \u2013 Heart Talk\",\"isPartOf\":{\"@id\":\"https:\/\/blogit.utu.fi\/sydanpuhe\/#website\"},\"primaryImageOfPage\":{\"@id\":\"https:\/\/blogit.utu.fi\/sydanpuhe\/kirjoituspyynto-2\/#primaryimage\"},\"image\":{\"@id\":\"https:\/\/blogit.utu.fi\/sydanpuhe\/kirjoituspyynto-2\/#primaryimage\"},\"thumbnailUrl\":\"https:\/\/blogit.utu.fi\/sydanpuhe\/wp-content\/uploads\/sites\/669\/2022\/03\/flowers-g65a284727_1920.jpg\",\"datePublished\":\"2022-03-24T10:24:01+00:00\",\"dateModified\":\"2023-11-09T11:59:47+00:00\",\"description\":\"Syd\u00e4npuhe -hankkeen kirjoituspyynt\u00f6, Turun yliopisto, Iida R\u00e4ty\",\"breadcrumb\":{\"@id\":\"https:\/\/blogit.utu.fi\/sydanpuhe\/kirjoituspyynto-2\/#breadcrumb\"},\"inLanguage\":\"fi\",\"potentialAction\":[{\"@type\":\"ReadAction\",\"target\":[\"https:\/\/blogit.utu.fi\/sydanpuhe\/kirjoituspyynto-2\/\"]}]},{\"@type\":\"ImageObject\",\"inLanguage\":\"fi\",\"@id\":\"https:\/\/blogit.utu.fi\/sydanpuhe\/kirjoituspyynto-2\/#primaryimage\",\"url\":\"https:\/\/blogit.utu.fi\/sydanpuhe\/wp-content\/uploads\/sites\/669\/2022\/03\/flowers-g65a284727_1920.jpg\",\"contentUrl\":\"https:\/\/blogit.utu.fi\/sydanpuhe\/wp-content\/uploads\/sites\/669\/2022\/03\/flowers-g65a284727_1920.jpg\",\"width\":1920,\"height\":1280,\"caption\":\"sarkynytsydan\"},{\"@type\":\"BreadcrumbList\",\"@id\":\"https:\/\/blogit.utu.fi\/sydanpuhe\/kirjoituspyynto-2\/#breadcrumb\",\"itemListElement\":[{\"@type\":\"ListItem\",\"position\":1,\"name\":\"Etusivu\",\"item\":\"https:\/\/blogit.utu.fi\/sydanpuhe\/\"},{\"@type\":\"ListItem\",\"position\":2,\"name\":\"Kirjoituspyynt\u00f6: Sepelvaltimotauti\"}]},{\"@type\":\"WebSite\",\"@id\":\"https:\/\/blogit.utu.fi\/sydanpuhe\/#website\",\"url\":\"https:\/\/blogit.utu.fi\/sydanpuhe\/\",\"name\":\"Syd\u00e4npuhe \u2013 Heart Talk\",\"description\":\"Turun yliopiston Syd\u00e4npuhe-hankkeen kotisivut\",\"publisher\":{\"@id\":\"https:\/\/blogit.utu.fi\/sydanpuhe\/#organization\"},\"potentialAction\":[{\"@type\":\"SearchAction\",\"target\":{\"@type\":\"EntryPoint\",\"urlTemplate\":\"https:\/\/blogit.utu.fi\/sydanpuhe\/?s={search_term_string}\"},\"query-input\":{\"@type\":\"PropertyValueSpecification\",\"valueRequired\":true,\"valueName\":\"search_term_string\"}}],\"inLanguage\":\"fi\"},{\"@type\":\"Organization\",\"@id\":\"https:\/\/blogit.utu.fi\/sydanpuhe\/#organization\",\"name\":\"Syd\u00e4npuhe \u2013 Heart Talk\",\"url\":\"https:\/\/blogit.utu.fi\/sydanpuhe\/\",\"logo\":{\"@type\":\"ImageObject\",\"inLanguage\":\"fi\",\"@id\":\"https:\/\/blogit.utu.fi\/sydanpuhe\/#\/schema\/logo\/image\/\",\"url\":\"https:\/\/blogit.utu.fi\/sydanpuhe\/wp-content\/uploads\/sites\/669\/2022\/03\/cropped-UTU_logo_FI_RGB.jpg\",\"contentUrl\":\"https:\/\/blogit.utu.fi\/sydanpuhe\/wp-content\/uploads\/sites\/669\/2022\/03\/cropped-UTU_logo_FI_RGB.jpg\",\"width\":1236,\"height\":494,\"caption\":\"Syd\u00e4npuhe \u2013 Heart Talk\"},\"image\":{\"@id\":\"https:\/\/blogit.utu.fi\/sydanpuhe\/#\/schema\/logo\/image\/\"}}]}<\/script>\n<!-- \/ Yoast SEO plugin. -->","yoast_head_json":{"title":"Kirjoituspyynt\u00f6: Sepelvaltimotauti - Syd\u00e4npuhe \u2013 Heart Talk","description":"Syd\u00e4npuhe -hankkeen kirjoituspyynt\u00f6, Turun yliopisto, Iida R\u00e4ty","robots":{"index":"index","follow":"follow","max-snippet":"max-snippet:-1","max-image-preview":"max-image-preview:large","max-video-preview":"max-video-preview:-1"},"canonical":"https:\/\/blogit.utu.fi\/sydanpuhe\/kirjoituspyynto-2\/","og_locale":"fi_FI","og_type":"article","og_title":"Kirjoituspyynt\u00f6: Sepelvaltimotauti - Syd\u00e4npuhe \u2013 Heart Talk","og_description":"Syd\u00e4npuhe -hankkeen kirjoituspyynt\u00f6, Turun yliopisto, Iida R\u00e4ty","og_url":"https:\/\/blogit.utu.fi\/sydanpuhe\/kirjoituspyynto-2\/","og_site_name":"Syd\u00e4npuhe \u2013 Heart Talk","article_modified_time":"2023-11-09T11:59:47+00:00","og_image":[{"width":1920,"height":1280,"url":"https:\/\/blogit.utu.fi\/sydanpuhe\/wp-content\/uploads\/sites\/669\/2022\/03\/flowers-g65a284727_1920.jpg","type":"image\/jpeg"}],"twitter_card":"summary_large_image","twitter_misc":{"Arvioitu lukuaika":"3 minuuttia"},"schema":{"@context":"https:\/\/schema.org","@graph":[{"@type":"WebPage","@id":"https:\/\/blogit.utu.fi\/sydanpuhe\/kirjoituspyynto-2\/","url":"https:\/\/blogit.utu.fi\/sydanpuhe\/kirjoituspyynto-2\/","name":"Kirjoituspyynt\u00f6: Sepelvaltimotauti - Syd\u00e4npuhe \u2013 Heart Talk","isPartOf":{"@id":"https:\/\/blogit.utu.fi\/sydanpuhe\/#website"},"primaryImageOfPage":{"@id":"https:\/\/blogit.utu.fi\/sydanpuhe\/kirjoituspyynto-2\/#primaryimage"},"image":{"@id":"https:\/\/blogit.utu.fi\/sydanpuhe\/kirjoituspyynto-2\/#primaryimage"},"thumbnailUrl":"https:\/\/blogit.utu.fi\/sydanpuhe\/wp-content\/uploads\/sites\/669\/2022\/03\/flowers-g65a284727_1920.jpg","datePublished":"2022-03-24T10:24:01+00:00","dateModified":"2023-11-09T11:59:47+00:00","description":"Syd\u00e4npuhe -hankkeen kirjoituspyynt\u00f6, Turun yliopisto, Iida R\u00e4ty","breadcrumb":{"@id":"https:\/\/blogit.utu.fi\/sydanpuhe\/kirjoituspyynto-2\/#breadcrumb"},"inLanguage":"fi","potentialAction":[{"@type":"ReadAction","target":["https:\/\/blogit.utu.fi\/sydanpuhe\/kirjoituspyynto-2\/"]}]},{"@type":"ImageObject","inLanguage":"fi","@id":"https:\/\/blogit.utu.fi\/sydanpuhe\/kirjoituspyynto-2\/#primaryimage","url":"https:\/\/blogit.utu.fi\/sydanpuhe\/wp-content\/uploads\/sites\/669\/2022\/03\/flowers-g65a284727_1920.jpg","contentUrl":"https:\/\/blogit.utu.fi\/sydanpuhe\/wp-content\/uploads\/sites\/669\/2022\/03\/flowers-g65a284727_1920.jpg","width":1920,"height":1280,"caption":"sarkynytsydan"},{"@type":"BreadcrumbList","@id":"https:\/\/blogit.utu.fi\/sydanpuhe\/kirjoituspyynto-2\/#breadcrumb","itemListElement":[{"@type":"ListItem","position":1,"name":"Etusivu","item":"https:\/\/blogit.utu.fi\/sydanpuhe\/"},{"@type":"ListItem","position":2,"name":"Kirjoituspyynt\u00f6: Sepelvaltimotauti"}]},{"@type":"WebSite","@id":"https:\/\/blogit.utu.fi\/sydanpuhe\/#website","url":"https:\/\/blogit.utu.fi\/sydanpuhe\/","name":"Syd\u00e4npuhe \u2013 Heart Talk","description":"Turun yliopiston Syd\u00e4npuhe-hankkeen kotisivut","publisher":{"@id":"https:\/\/blogit.utu.fi\/sydanpuhe\/#organization"},"potentialAction":[{"@type":"SearchAction","target":{"@type":"EntryPoint","urlTemplate":"https:\/\/blogit.utu.fi\/sydanpuhe\/?s={search_term_string}"},"query-input":{"@type":"PropertyValueSpecification","valueRequired":true,"valueName":"search_term_string"}}],"inLanguage":"fi"},{"@type":"Organization","@id":"https:\/\/blogit.utu.fi\/sydanpuhe\/#organization","name":"Syd\u00e4npuhe \u2013 Heart Talk","url":"https:\/\/blogit.utu.fi\/sydanpuhe\/","logo":{"@type":"ImageObject","inLanguage":"fi","@id":"https:\/\/blogit.utu.fi\/sydanpuhe\/#\/schema\/logo\/image\/","url":"https:\/\/blogit.utu.fi\/sydanpuhe\/wp-content\/uploads\/sites\/669\/2022\/03\/cropped-UTU_logo_FI_RGB.jpg","contentUrl":"https:\/\/blogit.utu.fi\/sydanpuhe\/wp-content\/uploads\/sites\/669\/2022\/03\/cropped-UTU_logo_FI_RGB.jpg","width":1236,"height":494,"caption":"Syd\u00e4npuhe \u2013 Heart Talk"},"image":{"@id":"https:\/\/blogit.utu.fi\/sydanpuhe\/#\/schema\/logo\/image\/"}}]}},"_links":{"self":[{"href":"https:\/\/blogit.utu.fi\/sydanpuhe\/wp-json\/wp\/v2\/pages\/163","targetHints":{"allow":["GET"]}}],"collection":[{"href":"https:\/\/blogit.utu.fi\/sydanpuhe\/wp-json\/wp\/v2\/pages"}],"about":[{"href":"https:\/\/blogit.utu.fi\/sydanpuhe\/wp-json\/wp\/v2\/types\/page"}],"author":[{"embeddable":true,"href":"https:\/\/blogit.utu.fi\/sydanpuhe\/wp-json\/wp\/v2\/users\/13913"}],"replies":[{"embeddable":true,"href":"https:\/\/blogit.utu.fi\/sydanpuhe\/wp-json\/wp\/v2\/comments?post=163"}],"version-history":[{"count":4,"href":"https:\/\/blogit.utu.fi\/sydanpuhe\/wp-json\/wp\/v2\/pages\/163\/revisions"}],"predecessor-version":[{"id":240,"href":"https:\/\/blogit.utu.fi\/sydanpuhe\/wp-json\/wp\/v2\/pages\/163\/revisions\/240"}],"wp:featuredmedia":[{"embeddable":true,"href":"https:\/\/blogit.utu.fi\/sydanpuhe\/wp-json\/wp\/v2\/media\/124"}],"wp:attachment":[{"href":"https:\/\/blogit.utu.fi\/sydanpuhe\/wp-json\/wp\/v2\/media?parent=163"}],"curies":[{"name":"wp","href":"https:\/\/api.w.org\/{rel}","templated":true}]}}