{"id":264,"date":"2024-10-10T14:14:18","date_gmt":"2024-10-10T14:14:18","guid":{"rendered":"https:\/\/blogit.utu.fi\/sydanpuhe\/?page_id=264"},"modified":"2024-10-10T14:14:19","modified_gmt":"2024-10-10T14:14:19","slug":"julkaisut","status":"publish","type":"page","link":"https:\/\/blogit.utu.fi\/sydanpuhe\/julkaisut\/","title":{"rendered":"Julkaisut"},"content":{"rendered":"\n<p>R\u00e4ty, Iida 2023. Kerrottu sairaus. Sepelvaltimotauti ja kokemukselliset sairauskertomukset. <em>J@rgonia. <\/em>21(42), 249-271.&nbsp;<a href=\"http:\/\/urn.fi\/URN:NBN:fi:jyu-202401291591\" target=\"_blank\" rel=\"noreferrer noopener\">http:\/\/urn.fi\/URN:NBN:fi:jyu-202401291591<\/a><\/p>\n\n\n\n<p>R\u00e4ty, Iida 2023. Sairaus kerrontana ja kokemuksena. KUTU: Kulttuurien tutkijat tuumailevat -blogi 30.10.2023. <a href=\"https:\/\/fokaus.wordpress.com\/2023\/10\/30\/sairaus-kerrontana-ja-kokemuksena\/\">https:\/\/fokaus.wordpress.com\/2023\/10\/30\/sairaus-kerrontana-ja-kokemuksena\/<\/a><\/p>\n\n\n\n<p>R\u00e4ty, Iida 2021. Kertomuksia sairauden kokemisesta. El\u00e4v\u00e4\u00e4 tiedett\u00e4 -blogi 24.5.2021. <a href=\"https:\/\/blogit.utu.fi\/elavaa\/2021\/05\/24\/kertomuksia-sairauden-kokemisesta\/\">https:\/\/blogit.utu.fi\/elavaa\/2021\/05\/24\/kertomuksia-sairauden-kokemisesta\/<\/a><\/p>\n","protected":false},"excerpt":{"rendered":"<p>R\u00e4ty, Iida 2023. Kerrottu sairaus. Sepelvaltimotauti ja kokemukselliset sairauskertomukset. J@rgonia. 21(42), 249-271.&nbsp;http:\/\/urn.fi\/URN:NBN:fi:jyu-202401291591 R\u00e4ty, Iida 2023. Sairaus kerrontana ja kokemuksena. KUTU: Kulttuurien tutkijat tuumailevat -blogi 30.10.2023. https:\/\/fokaus.wordpress.com\/2023\/10\/30\/sairaus-kerrontana-ja-kokemuksena\/ R\u00e4ty, Iida 2021. Kertomuksia sairauden kokemisesta. El\u00e4v\u00e4\u00e4 tiedett\u00e4 -blogi 24.5.2021. https:\/\/blogit.utu.fi\/elavaa\/2021\/05\/24\/kertomuksia-sairauden-kokemisesta\/<\/p>\n","protected":false},"author":13913,"featured_media":266,"parent":0,"menu_order":0,"comment_status":"closed","ping_status":"closed","template":"","meta":{"_acf_changed":false,"_monsterinsights_skip_tracking":false,"_monsterinsights_sitenote_active":false,"_monsterinsights_sitenote_note":"","_monsterinsights_sitenote_category":0,"footnotes":""},"class_list":["post-264","page","type-page","status-publish","has-post-thumbnail","czr-hentry"],"acf":[],"yoast_head":"<!-- This site is optimized with the Yoast SEO plugin v27.0 - https:\/\/yoast.com\/product\/yoast-seo-wordpress\/ -->\n<title>Julkaisut - Syd\u00e4npuhe \u2013 Heart Talk<\/title>\n<meta name=\"robots\" content=\"index, follow, max-snippet:-1, max-image-preview:large, max-video-preview:-1\" \/>\n<link rel=\"canonical\" href=\"https:\/\/blogit.utu.fi\/sydanpuhe\/julkaisut\/\" \/>\n<meta property=\"og:locale\" content=\"fi_FI\" \/>\n<meta property=\"og:type\" content=\"article\" \/>\n<meta property=\"og:title\" content=\"Julkaisut - Syd\u00e4npuhe \u2013 Heart Talk\" \/>\n<meta property=\"og:description\" content=\"R\u00e4ty, Iida 2023. Kerrottu sairaus. Sepelvaltimotauti ja kokemukselliset sairauskertomukset. J@rgonia. 21(42), 249-271.&nbsp;http:\/\/urn.fi\/URN:NBN:fi:jyu-202401291591 R\u00e4ty, Iida 2023. Sairaus kerrontana ja kokemuksena. KUTU: Kulttuurien tutkijat tuumailevat -blogi 30.10.2023. https:\/\/fokaus.wordpress.com\/2023\/10\/30\/sairaus-kerrontana-ja-kokemuksena\/ R\u00e4ty, Iida 2021. Kertomuksia sairauden kokemisesta. El\u00e4v\u00e4\u00e4 tiedett\u00e4 -blogi 24.5.2021. https:\/\/blogit.utu.fi\/elavaa\/2021\/05\/24\/kertomuksia-sairauden-kokemisesta\/\" \/>\n<meta property=\"og:url\" content=\"https:\/\/blogit.utu.fi\/sydanpuhe\/julkaisut\/\" \/>\n<meta property=\"og:site_name\" content=\"Syd\u00e4npuhe \u2013 Heart Talk\" \/>\n<meta property=\"article:modified_time\" content=\"2024-10-10T14:14:19+00:00\" \/>\n<meta property=\"og:image\" content=\"https:\/\/blogit.utu.fi\/sydanpuhe\/wp-content\/uploads\/sites\/669\/2024\/10\/manh-le-UeqdkluUs00-unsplash-scaled.jpg\" \/>\n\t<meta property=\"og:image:width\" content=\"2560\" \/>\n\t<meta property=\"og:image:height\" content=\"1707\" \/>\n\t<meta property=\"og:image:type\" content=\"image\/jpeg\" \/>\n<meta name=\"twitter:card\" content=\"summary_large_image\" \/>\n<meta name=\"twitter:label1\" content=\"Arvioitu lukuaika\" \/>\n\t<meta name=\"twitter:data1\" content=\"1 minuutti\" \/>\n<script type=\"application\/ld+json\" class=\"yoast-schema-graph\">{\"@context\":\"https:\/\/schema.org\",\"@graph\":[{\"@type\":\"WebPage\",\"@id\":\"https:\/\/blogit.utu.fi\/sydanpuhe\/julkaisut\/\",\"url\":\"https:\/\/blogit.utu.fi\/sydanpuhe\/julkaisut\/\",\"name\":\"Julkaisut - Syd\u00e4npuhe \u2013 Heart Talk\",\"isPartOf\":{\"@id\":\"https:\/\/blogit.utu.fi\/sydanpuhe\/#website\"},\"primaryImageOfPage\":{\"@id\":\"https:\/\/blogit.utu.fi\/sydanpuhe\/julkaisut\/#primaryimage\"},\"image\":{\"@id\":\"https:\/\/blogit.utu.fi\/sydanpuhe\/julkaisut\/#primaryimage\"},\"thumbnailUrl\":\"https:\/\/blogit.utu.fi\/sydanpuhe\/wp-content\/uploads\/sites\/669\/2024\/10\/manh-le-UeqdkluUs00-unsplash-scaled.jpg\",\"datePublished\":\"2024-10-10T14:14:18+00:00\",\"dateModified\":\"2024-10-10T14:14:19+00:00\",\"breadcrumb\":{\"@id\":\"https:\/\/blogit.utu.fi\/sydanpuhe\/julkaisut\/#breadcrumb\"},\"inLanguage\":\"fi\",\"potentialAction\":[{\"@type\":\"ReadAction\",\"target\":[\"https:\/\/blogit.utu.fi\/sydanpuhe\/julkaisut\/\"]}]},{\"@type\":\"ImageObject\",\"inLanguage\":\"fi\",\"@id\":\"https:\/\/blogit.utu.fi\/sydanpuhe\/julkaisut\/#primaryimage\",\"url\":\"https:\/\/blogit.utu.fi\/sydanpuhe\/wp-content\/uploads\/sites\/669\/2024\/10\/manh-le-UeqdkluUs00-unsplash-scaled.jpg\",\"contentUrl\":\"https:\/\/blogit.utu.fi\/sydanpuhe\/wp-content\/uploads\/sites\/669\/2024\/10\/manh-le-UeqdkluUs00-unsplash-scaled.jpg\",\"width\":2560,\"height\":1707},{\"@type\":\"BreadcrumbList\",\"@id\":\"https:\/\/blogit.utu.fi\/sydanpuhe\/julkaisut\/#breadcrumb\",\"itemListElement\":[{\"@type\":\"ListItem\",\"position\":1,\"name\":\"Etusivu\",\"item\":\"https:\/\/blogit.utu.fi\/sydanpuhe\/\"},{\"@type\":\"ListItem\",\"position\":2,\"name\":\"Julkaisut\"}]},{\"@type\":\"WebSite\",\"@id\":\"https:\/\/blogit.utu.fi\/sydanpuhe\/#website\",\"url\":\"https:\/\/blogit.utu.fi\/sydanpuhe\/\",\"name\":\"Syd\u00e4npuhe \u2013 Heart Talk\",\"description\":\"Turun yliopiston Syd\u00e4npuhe-hankkeen kotisivut\",\"publisher\":{\"@id\":\"https:\/\/blogit.utu.fi\/sydanpuhe\/#organization\"},\"potentialAction\":[{\"@type\":\"SearchAction\",\"target\":{\"@type\":\"EntryPoint\",\"urlTemplate\":\"https:\/\/blogit.utu.fi\/sydanpuhe\/?s={search_term_string}\"},\"query-input\":{\"@type\":\"PropertyValueSpecification\",\"valueRequired\":true,\"valueName\":\"search_term_string\"}}],\"inLanguage\":\"fi\"},{\"@type\":\"Organization\",\"@id\":\"https:\/\/blogit.utu.fi\/sydanpuhe\/#organization\",\"name\":\"Syd\u00e4npuhe \u2013 Heart Talk\",\"url\":\"https:\/\/blogit.utu.fi\/sydanpuhe\/\",\"logo\":{\"@type\":\"ImageObject\",\"inLanguage\":\"fi\",\"@id\":\"https:\/\/blogit.utu.fi\/sydanpuhe\/#\/schema\/logo\/image\/\",\"url\":\"https:\/\/blogit.utu.fi\/sydanpuhe\/wp-content\/uploads\/sites\/669\/2022\/03\/cropped-UTU_logo_FI_RGB.jpg\",\"contentUrl\":\"https:\/\/blogit.utu.fi\/sydanpuhe\/wp-content\/uploads\/sites\/669\/2022\/03\/cropped-UTU_logo_FI_RGB.jpg\",\"width\":1236,\"height\":494,\"caption\":\"Syd\u00e4npuhe \u2013 Heart Talk\"},\"image\":{\"@id\":\"https:\/\/blogit.utu.fi\/sydanpuhe\/#\/schema\/logo\/image\/\"}}]}<\/script>\n<!-- \/ Yoast SEO plugin. -->","yoast_head_json":{"title":"Julkaisut - Syd\u00e4npuhe \u2013 Heart Talk","robots":{"index":"index","follow":"follow","max-snippet":"max-snippet:-1","max-image-preview":"max-image-preview:large","max-video-preview":"max-video-preview:-1"},"canonical":"https:\/\/blogit.utu.fi\/sydanpuhe\/julkaisut\/","og_locale":"fi_FI","og_type":"article","og_title":"Julkaisut - Syd\u00e4npuhe \u2013 Heart Talk","og_description":"R\u00e4ty, Iida 2023. Kerrottu sairaus. Sepelvaltimotauti ja kokemukselliset sairauskertomukset. J@rgonia. 21(42), 249-271.&nbsp;http:\/\/urn.fi\/URN:NBN:fi:jyu-202401291591 R\u00e4ty, Iida 2023. Sairaus kerrontana ja kokemuksena. KUTU: Kulttuurien tutkijat tuumailevat -blogi 30.10.2023. https:\/\/fokaus.wordpress.com\/2023\/10\/30\/sairaus-kerrontana-ja-kokemuksena\/ R\u00e4ty, Iida 2021. Kertomuksia sairauden kokemisesta. El\u00e4v\u00e4\u00e4 tiedett\u00e4 -blogi 24.5.2021. https:\/\/blogit.utu.fi\/elavaa\/2021\/05\/24\/kertomuksia-sairauden-kokemisesta\/","og_url":"https:\/\/blogit.utu.fi\/sydanpuhe\/julkaisut\/","og_site_name":"Syd\u00e4npuhe \u2013 Heart Talk","article_modified_time":"2024-10-10T14:14:19+00:00","og_image":[{"width":2560,"height":1707,"url":"https:\/\/blogit.utu.fi\/sydanpuhe\/wp-content\/uploads\/sites\/669\/2024\/10\/manh-le-UeqdkluUs00-unsplash-scaled.jpg","type":"image\/jpeg"}],"twitter_card":"summary_large_image","twitter_misc":{"Arvioitu lukuaika":"1 minuutti"},"schema":{"@context":"https:\/\/schema.org","@graph":[{"@type":"WebPage","@id":"https:\/\/blogit.utu.fi\/sydanpuhe\/julkaisut\/","url":"https:\/\/blogit.utu.fi\/sydanpuhe\/julkaisut\/","name":"Julkaisut - Syd\u00e4npuhe \u2013 Heart Talk","isPartOf":{"@id":"https:\/\/blogit.utu.fi\/sydanpuhe\/#website"},"primaryImageOfPage":{"@id":"https:\/\/blogit.utu.fi\/sydanpuhe\/julkaisut\/#primaryimage"},"image":{"@id":"https:\/\/blogit.utu.fi\/sydanpuhe\/julkaisut\/#primaryimage"},"thumbnailUrl":"https:\/\/blogit.utu.fi\/sydanpuhe\/wp-content\/uploads\/sites\/669\/2024\/10\/manh-le-UeqdkluUs00-unsplash-scaled.jpg","datePublished":"2024-10-10T14:14:18+00:00","dateModified":"2024-10-10T14:14:19+00:00","breadcrumb":{"@id":"https:\/\/blogit.utu.fi\/sydanpuhe\/julkaisut\/#breadcrumb"},"inLanguage":"fi","potentialAction":[{"@type":"ReadAction","target":["https:\/\/blogit.utu.fi\/sydanpuhe\/julkaisut\/"]}]},{"@type":"ImageObject","inLanguage":"fi","@id":"https:\/\/blogit.utu.fi\/sydanpuhe\/julkaisut\/#primaryimage","url":"https:\/\/blogit.utu.fi\/sydanpuhe\/wp-content\/uploads\/sites\/669\/2024\/10\/manh-le-UeqdkluUs00-unsplash-scaled.jpg","contentUrl":"https:\/\/blogit.utu.fi\/sydanpuhe\/wp-content\/uploads\/sites\/669\/2024\/10\/manh-le-UeqdkluUs00-unsplash-scaled.jpg","width":2560,"height":1707},{"@type":"BreadcrumbList","@id":"https:\/\/blogit.utu.fi\/sydanpuhe\/julkaisut\/#breadcrumb","itemListElement":[{"@type":"ListItem","position":1,"name":"Etusivu","item":"https:\/\/blogit.utu.fi\/sydanpuhe\/"},{"@type":"ListItem","position":2,"name":"Julkaisut"}]},{"@type":"WebSite","@id":"https:\/\/blogit.utu.fi\/sydanpuhe\/#website","url":"https:\/\/blogit.utu.fi\/sydanpuhe\/","name":"Syd\u00e4npuhe \u2013 Heart Talk","description":"Turun yliopiston Syd\u00e4npuhe-hankkeen kotisivut","publisher":{"@id":"https:\/\/blogit.utu.fi\/sydanpuhe\/#organization"},"potentialAction":[{"@type":"SearchAction","target":{"@type":"EntryPoint","urlTemplate":"https:\/\/blogit.utu.fi\/sydanpuhe\/?s={search_term_string}"},"query-input":{"@type":"PropertyValueSpecification","valueRequired":true,"valueName":"search_term_string"}}],"inLanguage":"fi"},{"@type":"Organization","@id":"https:\/\/blogit.utu.fi\/sydanpuhe\/#organization","name":"Syd\u00e4npuhe \u2013 Heart Talk","url":"https:\/\/blogit.utu.fi\/sydanpuhe\/","logo":{"@type":"ImageObject","inLanguage":"fi","@id":"https:\/\/blogit.utu.fi\/sydanpuhe\/#\/schema\/logo\/image\/","url":"https:\/\/blogit.utu.fi\/sydanpuhe\/wp-content\/uploads\/sites\/669\/2022\/03\/cropped-UTU_logo_FI_RGB.jpg","contentUrl":"https:\/\/blogit.utu.fi\/sydanpuhe\/wp-content\/uploads\/sites\/669\/2022\/03\/cropped-UTU_logo_FI_RGB.jpg","width":1236,"height":494,"caption":"Syd\u00e4npuhe \u2013 Heart Talk"},"image":{"@id":"https:\/\/blogit.utu.fi\/sydanpuhe\/#\/schema\/logo\/image\/"}}]}},"_links":{"self":[{"href":"https:\/\/blogit.utu.fi\/sydanpuhe\/wp-json\/wp\/v2\/pages\/264","targetHints":{"allow":["GET"]}}],"collection":[{"href":"https:\/\/blogit.utu.fi\/sydanpuhe\/wp-json\/wp\/v2\/pages"}],"about":[{"href":"https:\/\/blogit.utu.fi\/sydanpuhe\/wp-json\/wp\/v2\/types\/page"}],"author":[{"embeddable":true,"href":"https:\/\/blogit.utu.fi\/sydanpuhe\/wp-json\/wp\/v2\/users\/13913"}],"replies":[{"embeddable":true,"href":"https:\/\/blogit.utu.fi\/sydanpuhe\/wp-json\/wp\/v2\/comments?post=264"}],"version-history":[{"count":1,"href":"https:\/\/blogit.utu.fi\/sydanpuhe\/wp-json\/wp\/v2\/pages\/264\/revisions"}],"predecessor-version":[{"id":265,"href":"https:\/\/blogit.utu.fi\/sydanpuhe\/wp-json\/wp\/v2\/pages\/264\/revisions\/265"}],"wp:featuredmedia":[{"embeddable":true,"href":"https:\/\/blogit.utu.fi\/sydanpuhe\/wp-json\/wp\/v2\/media\/266"}],"wp:attachment":[{"href":"https:\/\/blogit.utu.fi\/sydanpuhe\/wp-json\/wp\/v2\/media?parent=264"}],"curies":[{"name":"wp","href":"https:\/\/api.w.org\/{rel}","templated":true}]}}