{"id":32,"date":"2022-03-22T09:02:31","date_gmt":"2022-03-22T09:02:31","guid":{"rendered":"https:\/\/blogit.utu.fi\/sydanpuhe\/about\/"},"modified":"2022-04-19T08:00:37","modified_gmt":"2022-04-19T08:00:37","slug":"about","status":"publish","type":"page","link":"https:\/\/blogit.utu.fi\/sydanpuhe\/","title":{"rendered":"Syd\u00e4npuheesta"},"content":{"rendered":"<p><strong>Syd\u00e4npuhe<\/strong>-hanke on Turun yliopistossa toteutettava monitieteinen hanke, jossa tarkastellaan sepelvaltimotautiin liittyv\u00e4\u00e4 kokemuskerronnallista puhetta ja sairauskerrontaa. Tutkimuksessa selvitet\u00e4\u00e4n, millaisia kokemuksia, ajatuksia ja tuntemuksia sairastamiseen liittyy ja miten n\u00e4it\u00e4 sanallistetaan. Kokemuskerronnallisen puheen kohdalla tarkastellaan erityisesti naisten sepelvaltimotautiin liittyv\u00e4\u00e4 kerrontaa ja oirekuvauksia, sill\u00e4 n\u00e4iden tunnistamisessa on havaittu olevan puutteita.<\/p>\n<p>Tutkimuskysymyksi\u00e4 l\u00e4hestyt\u00e4\u00e4n monitieteisesti haastatteluaineiston ja kirjoituspyynn\u00f6n kautta saatujen vastausten avulla. Aineistoista tuotetaan folkloristiikan alaan kuuluva v\u00e4it\u00f6stutkimus ja monitieteisi\u00e4 artikkeleita hankkeen tutkimusryhm\u00e4n kesken. Hankkeen julkaisuista tuotetaan l\u00e4\u00e4k\u00e4reille opetusmateriaalia, jonka tavoitteena on lis\u00e4t\u00e4 tietoa vuorovaikutuksen ja kokemuskerronnan merkityksest\u00e4 potilaiden kohtaamisessa.<\/p>\n<p>Hankkeen toimijat ovat Turun yliopiston folkloristiikan, hoitotieteen ja yleisl\u00e4\u00e4ketieteen aloilta.<\/p>\n\n\n<h3 class=\"wp-block-heading\">Hankkeen tutkijat<\/h3>\n\n\n\n<p>Tutkijatohtori Jenny Paananen, L\u00e4\u00e4ketieteellinen tiedekunta, Hoitotieteen laitos, Turun yliopisto, Kielen ja hyvinvoinnin tutkimuskeskus LaWe (<a rel=\"noreferrer noopener\" href=\"https:\/\/sites.utu.fi\/lawe\/\" data-type=\"URL\" data-id=\"https:\/\/sites.utu.fi\/lawe\/\" target=\"_blank\">https:\/\/sites.utu.fi\/lawe\/<\/a>)<\/p>\n\n\n\n<p><\/p>\n\n\n\n<p>Professori Anne Heimo, Humanistinen tiedekunta, historian, kulttuurin ja taiteiden tutkimuksen laitos, Folkloristiikka, Turun yliopisto<\/p>\n\n\n\n<p><\/p>\n\n\n\n<p>V\u00e4it\u00f6skirjatutkija Iida R\u00e4ty, Humanistinen tiedekunta, historian, kulttuurin ja taiteiden tutkimuksen laitos, Folkloristiikka, Turun yliopisto<\/p>\n\n\n\n<p><\/p>\n\n\n\n<p>Professori P\u00e4ivi Korhonen, L\u00e4\u00e4ketieteellinen tiedekunta, Kliininen laitos, yleisl\u00e4\u00e4ketieteen oppiala, Turun yliopisto<\/p>\n\n\n\n<p><\/p>\n\n\n\n<p>V\u00e4it\u00f6skirjatutkija Pieta Sundqvist, L\u00e4\u00e4ketieteellinen tiedekunta, Kliininen laitos, yleisl\u00e4\u00e4ketieteen oppiala, Turun yliopisto<\/p>\n","protected":false},"excerpt":{"rendered":"<p>Syd\u00e4npuhe-hanke on Turun yliopistossa toteutettava monitieteinen hanke, jossa tarkastellaan sepelvaltimotautiin liittyv\u00e4\u00e4 kokemuskerronnallista puhetta ja sairauskerrontaa. Tutkimuksessa selvitet\u00e4\u00e4n, millaisia kokemuksia, ajatuksia ja tuntemuksia sairastamiseen liittyy ja miten n\u00e4it\u00e4 sanallistetaan. Kokemuskerronnallisen puheen kohdalla tarkastellaan erityisesti naisten sepelvaltimotautiin liittyv\u00e4\u00e4 kerrontaa ja oirekuvauksia, sill\u00e4 n\u00e4iden tunnistamisessa on havaittu olevan puutteita. Tutkimuskysymyksi\u00e4 l\u00e4hestyt\u00e4\u00e4n monitieteisesti haastatteluaineiston ja kirjoituspyynn\u00f6n kautta saatujen vastausten [&hellip;]<\/p>\n","protected":false},"author":13913,"featured_media":0,"parent":0,"menu_order":0,"comment_status":"closed","ping_status":"closed","template":"","meta":{"_acf_changed":false,"_monsterinsights_skip_tracking":false,"_monsterinsights_sitenote_active":false,"_monsterinsights_sitenote_note":"","_monsterinsights_sitenote_category":0,"footnotes":""},"class_list":["post-32","page","type-page","status-publish","czr-hentry"],"acf":[],"yoast_head":"<!-- This site is optimized with the Yoast SEO plugin v27.0 - https:\/\/yoast.com\/product\/yoast-seo-wordpress\/ -->\n<title>Syd\u00e4npuheesta - Syd\u00e4npuhe \u2013 Heart Talk<\/title>\n<meta name=\"description\" content=\"Syd\u00e4npuhe -hankkeen kotisivut, Turun yliopisto, Iida R\u00e4ty\" \/>\n<meta name=\"robots\" content=\"index, follow, max-snippet:-1, max-image-preview:large, max-video-preview:-1\" \/>\n<link rel=\"canonical\" href=\"https:\/\/blogit.utu.fi\/sydanpuhe\/\" \/>\n<meta property=\"og:locale\" content=\"fi_FI\" \/>\n<meta property=\"og:type\" content=\"article\" \/>\n<meta property=\"og:title\" content=\"Syd\u00e4npuheesta - Syd\u00e4npuhe \u2013 Heart Talk\" \/>\n<meta property=\"og:description\" content=\"Syd\u00e4npuhe -hankkeen kotisivut, Turun yliopisto, Iida R\u00e4ty\" \/>\n<meta property=\"og:url\" content=\"https:\/\/blogit.utu.fi\/sydanpuhe\/\" \/>\n<meta property=\"og:site_name\" content=\"Syd\u00e4npuhe \u2013 Heart Talk\" \/>\n<meta property=\"article:modified_time\" content=\"2022-04-19T08:00:37+00:00\" \/>\n<meta name=\"twitter:card\" content=\"summary_large_image\" \/>\n<meta name=\"twitter:label1\" content=\"Arvioitu lukuaika\" \/>\n\t<meta name=\"twitter:data1\" content=\"1 minuutti\" \/>\n<script type=\"application\/ld+json\" class=\"yoast-schema-graph\">{\"@context\":\"https:\/\/schema.org\",\"@graph\":[{\"@type\":\"WebPage\",\"@id\":\"https:\/\/blogit.utu.fi\/sydanpuhe\/\",\"url\":\"https:\/\/blogit.utu.fi\/sydanpuhe\/\",\"name\":\"Syd\u00e4npuheesta - Syd\u00e4npuhe \u2013 Heart Talk\",\"isPartOf\":{\"@id\":\"https:\/\/blogit.utu.fi\/sydanpuhe\/#website\"},\"datePublished\":\"2022-03-22T09:02:31+00:00\",\"dateModified\":\"2022-04-19T08:00:37+00:00\",\"description\":\"Syd\u00e4npuhe -hankkeen kotisivut, Turun yliopisto, Iida R\u00e4ty\",\"breadcrumb\":{\"@id\":\"https:\/\/blogit.utu.fi\/sydanpuhe\/#breadcrumb\"},\"inLanguage\":\"fi\",\"potentialAction\":[{\"@type\":\"ReadAction\",\"target\":[\"https:\/\/blogit.utu.fi\/sydanpuhe\/\"]}]},{\"@type\":\"BreadcrumbList\",\"@id\":\"https:\/\/blogit.utu.fi\/sydanpuhe\/#breadcrumb\",\"itemListElement\":[{\"@type\":\"ListItem\",\"position\":1,\"name\":\"Etusivu\",\"item\":\"https:\/\/blogit.utu.fi\/sydanpuhe\/\"},{\"@type\":\"ListItem\",\"position\":2,\"name\":\"Syd\u00e4npuheesta\"}]},{\"@type\":\"WebSite\",\"@id\":\"https:\/\/blogit.utu.fi\/sydanpuhe\/#website\",\"url\":\"https:\/\/blogit.utu.fi\/sydanpuhe\/\",\"name\":\"Syd\u00e4npuhe \u2013 Heart Talk\",\"description\":\"Turun yliopiston Syd\u00e4npuhe-hankkeen kotisivut\",\"publisher\":{\"@id\":\"https:\/\/blogit.utu.fi\/sydanpuhe\/#organization\"},\"potentialAction\":[{\"@type\":\"SearchAction\",\"target\":{\"@type\":\"EntryPoint\",\"urlTemplate\":\"https:\/\/blogit.utu.fi\/sydanpuhe\/?s={search_term_string}\"},\"query-input\":{\"@type\":\"PropertyValueSpecification\",\"valueRequired\":true,\"valueName\":\"search_term_string\"}}],\"inLanguage\":\"fi\"},{\"@type\":\"Organization\",\"@id\":\"https:\/\/blogit.utu.fi\/sydanpuhe\/#organization\",\"name\":\"Syd\u00e4npuhe \u2013 Heart Talk\",\"url\":\"https:\/\/blogit.utu.fi\/sydanpuhe\/\",\"logo\":{\"@type\":\"ImageObject\",\"inLanguage\":\"fi\",\"@id\":\"https:\/\/blogit.utu.fi\/sydanpuhe\/#\/schema\/logo\/image\/\",\"url\":\"https:\/\/blogit.utu.fi\/sydanpuhe\/wp-content\/uploads\/sites\/669\/2022\/03\/cropped-UTU_logo_FI_RGB.jpg\",\"contentUrl\":\"https:\/\/blogit.utu.fi\/sydanpuhe\/wp-content\/uploads\/sites\/669\/2022\/03\/cropped-UTU_logo_FI_RGB.jpg\",\"width\":1236,\"height\":494,\"caption\":\"Syd\u00e4npuhe \u2013 Heart Talk\"},\"image\":{\"@id\":\"https:\/\/blogit.utu.fi\/sydanpuhe\/#\/schema\/logo\/image\/\"}}]}<\/script>\n<!-- \/ Yoast SEO plugin. -->","yoast_head_json":{"title":"Syd\u00e4npuheesta - Syd\u00e4npuhe \u2013 Heart Talk","description":"Syd\u00e4npuhe -hankkeen kotisivut, Turun yliopisto, Iida R\u00e4ty","robots":{"index":"index","follow":"follow","max-snippet":"max-snippet:-1","max-image-preview":"max-image-preview:large","max-video-preview":"max-video-preview:-1"},"canonical":"https:\/\/blogit.utu.fi\/sydanpuhe\/","og_locale":"fi_FI","og_type":"article","og_title":"Syd\u00e4npuheesta - Syd\u00e4npuhe \u2013 Heart Talk","og_description":"Syd\u00e4npuhe -hankkeen kotisivut, Turun yliopisto, Iida R\u00e4ty","og_url":"https:\/\/blogit.utu.fi\/sydanpuhe\/","og_site_name":"Syd\u00e4npuhe \u2013 Heart Talk","article_modified_time":"2022-04-19T08:00:37+00:00","twitter_card":"summary_large_image","twitter_misc":{"Arvioitu lukuaika":"1 minuutti"},"schema":{"@context":"https:\/\/schema.org","@graph":[{"@type":"WebPage","@id":"https:\/\/blogit.utu.fi\/sydanpuhe\/","url":"https:\/\/blogit.utu.fi\/sydanpuhe\/","name":"Syd\u00e4npuheesta - Syd\u00e4npuhe \u2013 Heart Talk","isPartOf":{"@id":"https:\/\/blogit.utu.fi\/sydanpuhe\/#website"},"datePublished":"2022-03-22T09:02:31+00:00","dateModified":"2022-04-19T08:00:37+00:00","description":"Syd\u00e4npuhe -hankkeen kotisivut, Turun yliopisto, Iida R\u00e4ty","breadcrumb":{"@id":"https:\/\/blogit.utu.fi\/sydanpuhe\/#breadcrumb"},"inLanguage":"fi","potentialAction":[{"@type":"ReadAction","target":["https:\/\/blogit.utu.fi\/sydanpuhe\/"]}]},{"@type":"BreadcrumbList","@id":"https:\/\/blogit.utu.fi\/sydanpuhe\/#breadcrumb","itemListElement":[{"@type":"ListItem","position":1,"name":"Etusivu","item":"https:\/\/blogit.utu.fi\/sydanpuhe\/"},{"@type":"ListItem","position":2,"name":"Syd\u00e4npuheesta"}]},{"@type":"WebSite","@id":"https:\/\/blogit.utu.fi\/sydanpuhe\/#website","url":"https:\/\/blogit.utu.fi\/sydanpuhe\/","name":"Syd\u00e4npuhe \u2013 Heart Talk","description":"Turun yliopiston Syd\u00e4npuhe-hankkeen kotisivut","publisher":{"@id":"https:\/\/blogit.utu.fi\/sydanpuhe\/#organization"},"potentialAction":[{"@type":"SearchAction","target":{"@type":"EntryPoint","urlTemplate":"https:\/\/blogit.utu.fi\/sydanpuhe\/?s={search_term_string}"},"query-input":{"@type":"PropertyValueSpecification","valueRequired":true,"valueName":"search_term_string"}}],"inLanguage":"fi"},{"@type":"Organization","@id":"https:\/\/blogit.utu.fi\/sydanpuhe\/#organization","name":"Syd\u00e4npuhe \u2013 Heart Talk","url":"https:\/\/blogit.utu.fi\/sydanpuhe\/","logo":{"@type":"ImageObject","inLanguage":"fi","@id":"https:\/\/blogit.utu.fi\/sydanpuhe\/#\/schema\/logo\/image\/","url":"https:\/\/blogit.utu.fi\/sydanpuhe\/wp-content\/uploads\/sites\/669\/2022\/03\/cropped-UTU_logo_FI_RGB.jpg","contentUrl":"https:\/\/blogit.utu.fi\/sydanpuhe\/wp-content\/uploads\/sites\/669\/2022\/03\/cropped-UTU_logo_FI_RGB.jpg","width":1236,"height":494,"caption":"Syd\u00e4npuhe \u2013 Heart Talk"},"image":{"@id":"https:\/\/blogit.utu.fi\/sydanpuhe\/#\/schema\/logo\/image\/"}}]}},"_links":{"self":[{"href":"https:\/\/blogit.utu.fi\/sydanpuhe\/wp-json\/wp\/v2\/pages\/32","targetHints":{"allow":["GET"]}}],"collection":[{"href":"https:\/\/blogit.utu.fi\/sydanpuhe\/wp-json\/wp\/v2\/pages"}],"about":[{"href":"https:\/\/blogit.utu.fi\/sydanpuhe\/wp-json\/wp\/v2\/types\/page"}],"author":[{"embeddable":true,"href":"https:\/\/blogit.utu.fi\/sydanpuhe\/wp-json\/wp\/v2\/users\/13913"}],"replies":[{"embeddable":true,"href":"https:\/\/blogit.utu.fi\/sydanpuhe\/wp-json\/wp\/v2\/comments?post=32"}],"version-history":[{"count":6,"href":"https:\/\/blogit.utu.fi\/sydanpuhe\/wp-json\/wp\/v2\/pages\/32\/revisions"}],"predecessor-version":[{"id":208,"href":"https:\/\/blogit.utu.fi\/sydanpuhe\/wp-json\/wp\/v2\/pages\/32\/revisions\/208"}],"wp:attachment":[{"href":"https:\/\/blogit.utu.fi\/sydanpuhe\/wp-json\/wp\/v2\/media?parent=32"}],"curies":[{"name":"wp","href":"https:\/\/api.w.org\/{rel}","templated":true}]}}