{"id":26,"date":"2019-09-25T11:49:40","date_gmt":"2019-09-25T11:49:40","guid":{"rendered":"https:\/\/blogit.utu.fi\/taiteetjakristinusko\/?page_id=26"},"modified":"2020-02-24T11:00:11","modified_gmt":"2020-02-24T11:00:11","slug":"welcome","status":"publish","type":"page","link":"https:\/\/blogit.utu.fi\/taiteetjakristinusko\/","title":{"rendered":"Tervetuloa | Welcome!"},"content":{"rendered":"<h1><strong>Taiteiden ja kristinuskon kohtaamisia<\/strong><\/h1>\n<p>Monitieteinen p\u00e4iv\u00e4seminaari<br \/>\nTurun yliopisto<br \/>\nPerjantaina 8.11.2019<\/p>\n<p>Taiteiden ja kristinuskon kohtaamisia -seminaari kohdistaa huomion taiteiden, kristinuskon ja yhteiskunnan v\u00e4liseen vuorovaikutukseen ja limittyneisyyteen hienovaraisesti ja kriittisest\u00e4 n\u00e4k\u00f6kulmasta. Tarkastelun alla ovat ne moninaiset tavat, joilla kristinusko ja taiteet ovat kohdanneet. Seminaarissa tullaan keskittym\u00e4\u00e4n sek\u00e4 historialliseen ett\u00e4 nykyhetke\u00e4 koskevaan tutkimukseen luoden n\u00e4in my\u00f6s ajallista perspektiivi\u00e4 taiteiden ja kristinuskon suhteeseen. Tutkimuksellisesti on hy\u00f6dyllist\u00e4 asettaa asiat historialliseen jatkumoon, sill\u00e4 kaikella on vertailukohtansa. Kristinuskon ja taiteiden vuorovaikutus on monimutkainen ja herkk\u00e4. Kristillinen kirkko on koko olemassaolonsa ajan tarjonnut taiteelle mahdollisuuksia ja ollut sen merkitt\u00e4v\u00e4 tukija.\u00a0 Kuitenkin samalla se on asettanut rajoitteita tilaamiensa teosten kuvakielelle.\u00a0 Kristinuskon teemat ovat toimineet suurena inspiraation l\u00e4hteen\u00e4 eri alojen taiteilijoille. Uskonto ja hengellisyys on yht\u00e4\u00e4lt\u00e4 innoittanut ideaalikuvauksiin ja taiteelliseen etsint\u00e4\u00e4n, ja toisaalta se on saanut taiteilijat tekem\u00e4\u00e4n yhteiskunta- tai uskontokriittisi\u00e4 kannanottoja.<\/p>\n<p>Taiteiden ja kristinuskon kohtaamisia ty\u00f6ss\u00e4\u00e4n k\u00e4sittelev\u00e4t tutkijat Suomessa ovat hajallaan eiv\u00e4tk\u00e4 eri aikakausien ja eri taidemuotojen tutkijat v\u00e4ltt\u00e4m\u00e4tt\u00e4 kohtaa toisiaan. Seminaari tuo teologisilla, humanistisilla ja yhteiskuntatieteellisill\u00e4 aloilla toimivat asiantuntijat yhteen, mik\u00e4 synnytt\u00e4\u00e4 uusia oivalluksia, tietoisuutta tutkimuskent\u00e4st\u00e4 ja edellytyksi\u00e4 tieteidenv\u00e4liselle yhteisty\u00f6lle. P\u00e4iv\u00e4seminaarin ohjelma koostuu kolmesta avoimesta keynote-esitelm\u00e4st\u00e4, lyhyist\u00e4 nykyist\u00e4 tutkimuskentt\u00e4\u00e4 kartoittavista alustuksista, ja lopun vapaamuotoisesta tulevaisuuden tutkimusyhteisty\u00f6mahdollisuuksia pohtivasta verkostoitumisty\u00f6pajasta.<\/p>\n<p>Seminaarin j\u00e4rjest\u00e4\u00e4\u00a0 Turun yliopistolla toimiva monitieteinen tutkimuskeskus Centre for the Study of Christian Cultures\u00a0 (<a href=\"http:\/\/cscc.utu.fi\/\">CSCC<\/a>). Tapahtumaa tukee Oskar \u00d6flunds Stiftelse sr.<\/p>\n<hr \/>\n<h2>Encounters between Arts and Christianity<\/h2>\n<p>Multidisciplinary Day Seminar<br \/>\nUniversity of Turku, Finland<br \/>\nFriday 8.11.2019<\/p>\n<p>The seminar zooms in on the relationship and interaction between arts, Christianity and the society from a critical viewpoint. It discusses the diverse ways in which Christianity and the arts have come across. The focus is on both the research concerning the past and present.<\/p>\n<p>The interaction between Christianity and the arts is both complex and delicate. Christian church and community has provided opportunities and has been a significant supporter of the arts. However, at the same time the church has set limitations to the ordered artworks. The themes of Christianity have served as a vast source of inspiration to the artists. Religion and spirituality have motivated artists to create idealistic works, but religion has also driven them to make critical statements.<\/p>\n<p>The seminar brings together researchers from different disciplinary backgrounds to study the relationship between Christianity and the various manifestations of arts.<\/p>\n<p>The seminar is organised by the multidisciplinary Centre for the Study of Christian Cultures (CSCC) that focuses on the humanistic and social scientific study of diverse forms of Christianity.<\/p>\n","protected":false},"excerpt":{"rendered":"<p>Taiteiden ja kristinuskon kohtaamisia Monitieteinen p\u00e4iv\u00e4seminaari Turun yliopisto Perjantaina 8.11.2019 Taiteiden ja kristinuskon kohtaamisia -seminaari kohdistaa huomion taiteiden, kristinuskon ja yhteiskunnan v\u00e4liseen vuorovaikutukseen ja limittyneisyyteen hienovaraisesti ja kriittisest\u00e4 n\u00e4k\u00f6kulmasta. Tarkastelun alla ovat ne moninaiset tavat, joilla kristinusko ja taiteet ovat kohdanneet. Seminaarissa tullaan keskittym\u00e4\u00e4n sek\u00e4 historialliseen ett\u00e4 nykyhetke\u00e4 koskevaan tutkimukseen luoden n\u00e4in my\u00f6s ajallista perspektiivi\u00e4 [&hellip;]<\/p>\n","protected":false},"author":2467,"featured_media":0,"parent":0,"menu_order":0,"comment_status":"closed","ping_status":"closed","template":"","meta":{"footnotes":""},"class_list":["post-26","page","type-page","status-publish","hentry","post-preview"],"_links":{"self":[{"href":"https:\/\/blogit.utu.fi\/taiteetjakristinusko\/wp-json\/wp\/v2\/pages\/26","targetHints":{"allow":["GET"]}}],"collection":[{"href":"https:\/\/blogit.utu.fi\/taiteetjakristinusko\/wp-json\/wp\/v2\/pages"}],"about":[{"href":"https:\/\/blogit.utu.fi\/taiteetjakristinusko\/wp-json\/wp\/v2\/types\/page"}],"author":[{"embeddable":true,"href":"https:\/\/blogit.utu.fi\/taiteetjakristinusko\/wp-json\/wp\/v2\/users\/2467"}],"replies":[{"embeddable":true,"href":"https:\/\/blogit.utu.fi\/taiteetjakristinusko\/wp-json\/wp\/v2\/comments?post=26"}],"version-history":[{"count":8,"href":"https:\/\/blogit.utu.fi\/taiteetjakristinusko\/wp-json\/wp\/v2\/pages\/26\/revisions"}],"predecessor-version":[{"id":192,"href":"https:\/\/blogit.utu.fi\/taiteetjakristinusko\/wp-json\/wp\/v2\/pages\/26\/revisions\/192"}],"wp:attachment":[{"href":"https:\/\/blogit.utu.fi\/taiteetjakristinusko\/wp-json\/wp\/v2\/media?parent=26"}],"curies":[{"name":"wp","href":"https:\/\/api.w.org\/{rel}","templated":true}]}}