{"id":35,"date":"2019-09-25T11:53:10","date_gmt":"2019-09-25T11:53:10","guid":{"rendered":"https:\/\/blogit.utu.fi\/taiteetjakristinusko\/?page_id=35"},"modified":"2019-11-07T11:05:50","modified_gmt":"2019-11-07T11:05:50","slug":"programme","status":"publish","type":"page","link":"https:\/\/blogit.utu.fi\/taiteetjakristinusko\/programme\/","title":{"rendered":"Ohjelma | Programme"},"content":{"rendered":"<p style=\"text-align: left\">Paikka:\u00a0 Porthan-Sali, Maaherran makasiini, <a href=\"https:\/\/goo.gl\/maps\/MYTukBLSdALaiWV1A\">Henrikinkatu 10<\/a>, Turku<\/p>\n<p style=\"text-align: left\">8.45\u20139.15 Ilmoittautuminen ja kahvi<\/p>\n<p>9:15\u20139:30 Seminaarin avaus<\/p>\n<p>9:30\u201310:30 Keynote-luento I: Hedvig Brander Jonsson (engl.)<\/p>\n<p>10:30\u201311:30 Esitelmi\u00e4<\/p>\n<p style=\"padding-left: 40px\">Taina Ratia: Kaaoksen j\u00e4rjestys Rakel Liehun runoissa<\/p>\n<p style=\"padding-left: 40px\">Eeva Hallikainen: Uskonnolliset teemat Tyko Sallisen taiteessa<\/p>\n<p style=\"padding-left: 40px\">Heli Ansio: \u201dSis\u00e4\u00e4nheittoahan se tavallaan on\u201d: taideryhm\u00e4t evankelis-luterilaisissa seurakunnissa<\/p>\n<p style=\"padding-left: 40px\">Helena Kupari: Taiteilijat ja ortodoksisuuteen k\u00e4\u00e4ntyminen<\/p>\n<p>11:30\u201313:00 Lounas (omakustanteinen)<\/p>\n<p>13:00\u201314:00 Keynote -luento II: Jani Leinonen<\/p>\n<p>14:00\u201314:30 Kahvi<\/p>\n<p>14:30\u201315:30 Keynote -luento III: Leena M\u00e4kitalo<\/p>\n<p>15:30\u201316:45 Esitelmi\u00e4<\/p>\n<p style=\"padding-left: 40px\">Ilari Lehtinen: Sibelius and Religion<\/p>\n<p style=\"padding-left: 40px\">Tuomas J\u00e4rvenp\u00e4\u00e4: \u201dHoly hip hop Finland\u201d \u2013 Monipaikkainen etnografinen tutkimus kristillisest\u00e4 hip hopista esteettisen\u00e4 muodostelmana Suomessa<\/p>\n<p style=\"padding-left: 40px\">Laura Hellsten: Dance and Church<\/p>\n<p style=\"padding-left: 40px\">Tarja Ketola: Syntipukista Naisen narreiksi: Minnesotan rauta-alueen unitaarien esitt\u00e4m\u00e4t komediat ja operetit humanistisina houkuttimina ja itsekontrollin v\u00e4linein\u00e4 vuosina 1928\u20131931<\/p>\n<p style=\"padding-left: 40px\">Katriina Heljakka: Aina uudelleen leikitty pyh\u00e4: Leluilla luodut seimet fanitaiteessa<\/p>\n<p>16:45\u201317:30 Verkostoituminen<\/p>\n<p>18:00 Seminaarip\u00e4iv\u00e4llinen (omakustanteinen), T\u00e5rget<\/p>\n<hr \/>\n<p>Conference venue: Porthan hall, Maaherran makasiini, <a href=\"https:\/\/goo.gl\/maps\/MYTukBLSdALaiWV1A\">Henrikinkatu 10, Turku<\/a><\/p>\n<p>8:45\u20139:15 Registration and Coffee<br \/>9:15\u20139:30 Opening of Seminar<br \/>9:30\u201310:30 Keynote I: Hedvig Brander Jonsson (in English)<br \/>10:30\u201311:30 Papers<br \/>11.30\u201313.00 Lunch (at own cost)<br \/>13.00\u201314.00 Keynote II: Jani Leinonen (in Finnish)<br \/>14:00-14:30 Coffee<br \/>14:30-15:30 Keynote III: Leena M\u00e4kitalo (in Finnish)<br \/>15:30-16:45 Papers<br \/>16:45\u201317:30 Networking Session<\/p>\n<p>18.00\u2013 Seminar Dinner (at own cost)<\/p>\n\n\n<p><\/p>\n","protected":false},"excerpt":{"rendered":"<p>Paikka:\u00a0 Porthan-Sali, Maaherran makasiini, Henrikinkatu 10, Turku 8.45\u20139.15 Ilmoittautuminen ja kahvi 9:15\u20139:30 Seminaarin avaus 9:30\u201310:30 Keynote-luento I: Hedvig Brander Jonsson (engl.) 10:30\u201311:30 Esitelmi\u00e4 Taina Ratia: Kaaoksen j\u00e4rjestys Rakel Liehun runoissa Eeva Hallikainen: Uskonnolliset teemat Tyko Sallisen taiteessa Heli Ansio: \u201dSis\u00e4\u00e4nheittoahan se tavallaan on\u201d: taideryhm\u00e4t evankelis-luterilaisissa seurakunnissa Helena Kupari: Taiteilijat ja ortodoksisuuteen k\u00e4\u00e4ntyminen 11:30\u201313:00 Lounas (omakustanteinen) [&hellip;]<\/p>\n","protected":false},"author":2467,"featured_media":0,"parent":0,"menu_order":0,"comment_status":"closed","ping_status":"closed","template":"","meta":{"footnotes":""},"class_list":["post-35","page","type-page","status-publish","hentry","post-preview"],"_links":{"self":[{"href":"https:\/\/blogit.utu.fi\/taiteetjakristinusko\/wp-json\/wp\/v2\/pages\/35","targetHints":{"allow":["GET"]}}],"collection":[{"href":"https:\/\/blogit.utu.fi\/taiteetjakristinusko\/wp-json\/wp\/v2\/pages"}],"about":[{"href":"https:\/\/blogit.utu.fi\/taiteetjakristinusko\/wp-json\/wp\/v2\/types\/page"}],"author":[{"embeddable":true,"href":"https:\/\/blogit.utu.fi\/taiteetjakristinusko\/wp-json\/wp\/v2\/users\/2467"}],"replies":[{"embeddable":true,"href":"https:\/\/blogit.utu.fi\/taiteetjakristinusko\/wp-json\/wp\/v2\/comments?post=35"}],"version-history":[{"count":8,"href":"https:\/\/blogit.utu.fi\/taiteetjakristinusko\/wp-json\/wp\/v2\/pages\/35\/revisions"}],"predecessor-version":[{"id":191,"href":"https:\/\/blogit.utu.fi\/taiteetjakristinusko\/wp-json\/wp\/v2\/pages\/35\/revisions\/191"}],"wp:attachment":[{"href":"https:\/\/blogit.utu.fi\/taiteetjakristinusko\/wp-json\/wp\/v2\/media?parent=35"}],"curies":[{"name":"wp","href":"https:\/\/api.w.org\/{rel}","templated":true}]}}