{"id":68,"date":"2019-09-25T12:15:42","date_gmt":"2019-09-25T12:15:42","guid":{"rendered":"https:\/\/blogit.utu.fi\/taiteetjakristinusko\/?page_id=68"},"modified":"2019-09-28T17:46:49","modified_gmt":"2019-09-28T17:46:49","slug":"ilmoittautuminen-registration","status":"publish","type":"page","link":"https:\/\/blogit.utu.fi\/taiteetjakristinusko\/ilmoittautuminen-registration\/","title":{"rendered":"Ilmoittautuminen | Registration"},"content":{"rendered":"<p>Ilmoittautuminen seminaariin alkaa 16.9.2019 ja p\u00e4\u00e4ttyy 15.10.2019.<\/p>\n<p>Seminaari on maksuton. Lounas ja illallinen ovat omakustanteisia.<\/p>\n<p>Ilmoittaudu linkist\u00e4 aukeavalla lomakkeella:<\/p>\n<p><a href=\"https:\/\/konsta.utu.fi\/Default.aspx?tabid=88&amp;tap=7538\">https:\/\/konsta.utu.fi\/Default.aspx?tabid=88&amp;tap=7538<\/a><\/p>\n<p>&nbsp;<\/p>\n<hr \/>\n<p>The registration is open\u00a0 from 16th of September to 15th of\u00a0 October 2019.<\/p>\n<p>The seminar (including afternoon coffee) is free.\u00a0 The attendees pay for their own lunch and the voluntary seminar dinner.<\/p>\n<p>Registration link:<\/p>\n<p><a href=\"https:\/\/konsta.utu.fi\/Default.aspx?tabid=88&amp;tap=7538\">https:\/\/konsta.utu.fi\/Default.aspx?tabid=88&amp;tap=7538<\/a><\/p>\n<p>&nbsp;<\/p>\n","protected":false},"excerpt":{"rendered":"<p>Ilmoittautuminen seminaariin alkaa 16.9.2019 ja p\u00e4\u00e4ttyy 15.10.2019. Seminaari on maksuton. Lounas ja illallinen ovat omakustanteisia. Ilmoittaudu linkist\u00e4 aukeavalla lomakkeella: https:\/\/konsta.utu.fi\/Default.aspx?tabid=88&amp;tap=7538 &nbsp; The registration is open\u00a0 from 16th of September to 15th of\u00a0 October 2019. The seminar (including afternoon coffee) is free.\u00a0 The attendees pay for their own lunch and the voluntary seminar dinner. Registration link: [&hellip;]<\/p>\n","protected":false},"author":2467,"featured_media":0,"parent":0,"menu_order":0,"comment_status":"closed","ping_status":"closed","template":"","meta":{"footnotes":""},"class_list":["post-68","page","type-page","status-publish","hentry","post-preview"],"_links":{"self":[{"href":"https:\/\/blogit.utu.fi\/taiteetjakristinusko\/wp-json\/wp\/v2\/pages\/68","targetHints":{"allow":["GET"]}}],"collection":[{"href":"https:\/\/blogit.utu.fi\/taiteetjakristinusko\/wp-json\/wp\/v2\/pages"}],"about":[{"href":"https:\/\/blogit.utu.fi\/taiteetjakristinusko\/wp-json\/wp\/v2\/types\/page"}],"author":[{"embeddable":true,"href":"https:\/\/blogit.utu.fi\/taiteetjakristinusko\/wp-json\/wp\/v2\/users\/2467"}],"replies":[{"embeddable":true,"href":"https:\/\/blogit.utu.fi\/taiteetjakristinusko\/wp-json\/wp\/v2\/comments?post=68"}],"version-history":[{"count":4,"href":"https:\/\/blogit.utu.fi\/taiteetjakristinusko\/wp-json\/wp\/v2\/pages\/68\/revisions"}],"predecessor-version":[{"id":167,"href":"https:\/\/blogit.utu.fi\/taiteetjakristinusko\/wp-json\/wp\/v2\/pages\/68\/revisions\/167"}],"wp:attachment":[{"href":"https:\/\/blogit.utu.fi\/taiteetjakristinusko\/wp-json\/wp\/v2\/media?parent=68"}],"curies":[{"name":"wp","href":"https:\/\/api.w.org\/{rel}","templated":true}]}}