{"id":74,"date":"2019-09-25T12:18:25","date_gmt":"2019-09-25T12:18:25","guid":{"rendered":"https:\/\/blogit.utu.fi\/taiteetjakristinusko\/?page_id=74"},"modified":"2019-10-03T12:32:36","modified_gmt":"2019-10-03T12:32:36","slug":"kulkuyhteydet-majoitus","status":"publish","type":"page","link":"https:\/\/blogit.utu.fi\/taiteetjakristinusko\/kulkuyhteydet-majoitus\/","title":{"rendered":"Kulkuyhteydet &amp; majoitus | Travel &amp; Accommodation"},"content":{"rendered":"<h2><span style=\"color: #333333;font-size: 16px\">Seminaari j\u00e4rjestet\u00e4\u00e4n Maaherran makasiinin luentosalissa,<\/span><span style=\"color: #333333;font-size: 16px\">\u00a0<\/span><a style=\"font-size: 16px\" href=\"https:\/\/goo.gl\/maps\/Kns8f1B3DwcAf4Jm6\">Henrikinkatu 10, Turku<\/a><\/h2>\n<h2><strong>Juna<\/strong><\/h2>\n<p><a href=\"https:\/\/www.vr.fi\/cs\/vr\/fi\/etusivu\">VR juna-aikataulut ja matkahaku<\/a><\/p>\n<p>Helsingin suunnasta tulevien kannattaa j\u00e4\u00e4d\u00e4 junasta Kupittaan asemalla, mist\u00e4\u00a0 on n. 1,2 km Maaherran makasiinille.\u00a0 Tampereelta junalla tulevat j\u00e4\u00e4v\u00e4t P\u00e4\u00e4rautatieasemalle, josta seminaaripaikkaan on matkaa n. 2,1 km. vastakkaisella puolella Ratapihankadulla on paikallisliikenteen bussipys\u00e4kki.<\/p>\n<p>Joukkoliikenne F\u00f6lin <a href=\"https:\/\/reittiopas.foli.fi\/\">reittioppaan<\/a> avulla l\u00f6ytyv\u00e4t sopivimmat bussilinjat.<\/p>\n<h2>Linja-auto<\/h2>\n<p><a href=\"https:\/\/matkahuolto.fi\/\">Matkahuolto.fi<\/a><\/p>\n<p>Helsingin suunnasta Turkuun tulevien kannattaa nousta bussista Uudenmaankadulla Tuomiokirkkotorin pys\u00e4kill\u00e4, josta on lyhyt matka Tuomiokirkon vieress\u00e4 sijaitsevalle Maaherran makasiinille . H\u00e4meenlinnasta p\u00e4in saapuvien kannattaa j\u00e4\u00e4d\u00e4 bussista niin ik\u00e4\u00e4n Tuomiokirkon kupeessa. Tampereelta tulevat saapuvat Turun linja-autoasemalle.<\/p>\n<h2><strong>Liikkuminen Turussa<\/strong><\/h2>\n<p>Turun paikallisliikenne: <a href=\"http:\/\/www.foli.fi\/\">http:\/\/www.foli.fi\/<\/a><br \/>\nTurun seudun kartta: <a href=\"http:\/\/opaskartta.turku.fi\/ims\/\">http:\/\/opaskartta.turku.fi\/ims\/<\/a><br \/>\nMatkailijan Turku: <a href=\"http:\/\/www.visitturku.fi\/\">http:\/\/www.visitturku.fi\/<\/a><\/p>\n<h2>Hotellit<\/h2>\n<p>Centro Hotel<br \/>\nKylpyl\u00e4hotelli Caribia<br \/>\nOriginal Sokos Hotel Wiklund<br \/>\nRadisson Blue Marina Palace<br \/>\nHesehotelli<br \/>\nOmenahotellit<br \/>\nTapulitalo<br \/>\nSolo Sokos Hotel Turun Seurahuone<br \/>\nTurun Birgittalaisluostarin vieraskoti<\/p>\n<p>&nbsp;<\/p>\n<hr \/>\n<p>Conference venue: Maaherran makasiini, <a href=\"https:\/\/goo.gl\/maps\/Kns8f1B3DwcAf4Jm6\">Henrikinkatu 10, Turku<\/a><\/p>\n<h2><strong>How to reach Turku?<\/strong><\/h2>\n<p><strong>Turku airport and harbour<\/strong><br \/>\nTurku airport is situated 9 km and Turku harbour 4 km from the city centre. Local bus number 1 (route: Airport \u2013 Market Place \u2013 Ferry Harbour) leaves from the airport approximately every 20-30 minutes. It stops in the city centre. Bus tickets can be bought from the driver, single ticket 3 \u20ac (4 \u20ac after 23 pm), valid for 2 hours. From the city centre there is a short walk to the conference venue.<\/p>\n<p><strong>Train<\/strong><\/p>\n<p><a href=\"https:\/\/www.vr.fi\/cs\/vr\/en\/frontpage\">VR Train Tickets and Timetables<\/a><\/p>\n<p><strong>Bus<\/strong><br \/>\nThe conference venue can be reached also by bus. For more information visit the Turku region traffic pages:\u00a0<a href=\"http:\/\/www.foli.fi\/en\">www.foli.fi\/en<\/a><\/p>\n<p><strong>Taxi<\/strong><br \/>\nTel. +358 2 10041<br \/>\nTaxis are generally easy to get. There are several taxi stands in the city centre. For a taxi ride from Turku Airport to the city centre you may expect a fare between 25-35 euros. After 8 p.m. there is a small additional charge.<\/p>\n<p><strong>Accommodation<\/strong><\/p>\n<p>There are several options available within a walking distance from the conference venue.<\/p>\n<p><strong>Hotels<\/strong><\/p>\n<p>Centro Hotel<br \/>\nSpa Hotel Caribia<br \/>\nOriginal Sokos Hotel Wiklund<br \/>\nRadisson Blue Marina Palace<br \/>\nHesehotel<br \/>\nOmenahotels<br \/>\nTapulitalo<br \/>\nSolo Sokos Hotel Turun Seurahuone<br \/>\nThe Bridgettine Convent and Guest House<\/p>\n<p>For more alternatives see <a href=\"http:\/\/www.visitturku.fi\/\">Visit Turku<\/a>.<\/p>\n<p>&nbsp;<\/p>\n","protected":false},"excerpt":{"rendered":"<p>Seminaari j\u00e4rjestet\u00e4\u00e4n Maaherran makasiinin luentosalissa,\u00a0Henrikinkatu 10, Turku Juna VR juna-aikataulut ja matkahaku Helsingin suunnasta tulevien kannattaa j\u00e4\u00e4d\u00e4 junasta Kupittaan asemalla, mist\u00e4\u00a0 on n. 1,2 km Maaherran makasiinille.\u00a0 Tampereelta junalla tulevat j\u00e4\u00e4v\u00e4t P\u00e4\u00e4rautatieasemalle, josta seminaaripaikkaan on matkaa n. 2,1 km. vastakkaisella puolella Ratapihankadulla on paikallisliikenteen bussipys\u00e4kki. Joukkoliikenne F\u00f6lin reittioppaan avulla l\u00f6ytyv\u00e4t sopivimmat bussilinjat. Linja-auto Matkahuolto.fi Helsingin [&hellip;]<\/p>\n","protected":false},"author":2467,"featured_media":0,"parent":0,"menu_order":0,"comment_status":"closed","ping_status":"closed","template":"","meta":{"footnotes":""},"class_list":["post-74","page","type-page","status-publish","hentry","post-preview"],"_links":{"self":[{"href":"https:\/\/blogit.utu.fi\/taiteetjakristinusko\/wp-json\/wp\/v2\/pages\/74","targetHints":{"allow":["GET"]}}],"collection":[{"href":"https:\/\/blogit.utu.fi\/taiteetjakristinusko\/wp-json\/wp\/v2\/pages"}],"about":[{"href":"https:\/\/blogit.utu.fi\/taiteetjakristinusko\/wp-json\/wp\/v2\/types\/page"}],"author":[{"embeddable":true,"href":"https:\/\/blogit.utu.fi\/taiteetjakristinusko\/wp-json\/wp\/v2\/users\/2467"}],"replies":[{"embeddable":true,"href":"https:\/\/blogit.utu.fi\/taiteetjakristinusko\/wp-json\/wp\/v2\/comments?post=74"}],"version-history":[{"count":9,"href":"https:\/\/blogit.utu.fi\/taiteetjakristinusko\/wp-json\/wp\/v2\/pages\/74\/revisions"}],"predecessor-version":[{"id":176,"href":"https:\/\/blogit.utu.fi\/taiteetjakristinusko\/wp-json\/wp\/v2\/pages\/74\/revisions\/176"}],"wp:attachment":[{"href":"https:\/\/blogit.utu.fi\/taiteetjakristinusko\/wp-json\/wp\/v2\/media?parent=74"}],"curies":[{"name":"wp","href":"https:\/\/api.w.org\/{rel}","templated":true}]}}