{"id":131,"date":"2016-07-23T22:56:14","date_gmt":"2016-07-23T19:56:14","guid":{"rendered":"https:\/\/blogit.utu.fi\/teks\/?page_id=131"},"modified":"2026-03-12T14:55:58","modified_gmt":"2026-03-12T11:55:58","slug":"w-album","status":"publish","type":"page","link":"https:\/\/blogit.utu.fi\/teks\/w-album\/","title":{"rendered":"w-album"},"content":{"rendered":"\n<p><\/p>\n\n\n<p style=\"text-align: justify\"><i>w-album <\/i>on Turun El\u00e4in- ja Kasvitieteellisen seuran Hy\u00f6nteiskerhon verkkolehti, jossa julkaistaan laajahkoja paikallisfaunistisia selvityksi\u00e4. Lehti ilmestyy ep\u00e4s\u00e4\u00e4nn\u00f6llisesti sopivien artikkelien tarjonnasta riippuen. Kausijulkaisutunnus ISSN 1795-6668.<\/p>\n<p><a href=\"http:\/\/www.netti.fi\/~avanto\/teks.html\" target=\"_blank\" rel=\"noopener noreferrer\"><img loading=\"lazy\" decoding=\"async\" class=\"aligncenter wp-image-206 size-full\" src=\"https:\/\/blogit.utu.fi\/teks\/wp-content\/uploads\/sites\/74\/2016\/07\/w-album.jpg\" alt=\"w-album\" width=\"148\" height=\"113\" \/><\/a><\/p>\n<p style=\"padding-left: 30px\"><strong>1:\u00a0<a href=\"http:\/\/blogit.utu.fi\/teks\/wp-content\/uploads\/sites\/74\/2016\/07\/w_album_1.pdf\"><span style=\"font-size: revert\">Havaintoja TEKS:n Hy\u00f6nteiskerhon kes\u00e4retkilt\u00e4 Dragsfj\u00e4rdin Kasn\u00e4siin.\u00a0<\/span><span style=\"font-size: revert\">Arto Avanto, Antti Haarto ja Veli-Matti Mukkala.\u00a0<\/span>2004. (pdf)<\/a><\/strong><\/p>\n<p style=\"padding-left: 30px\"><strong>2: <a href=\"http:\/\/blogit.utu.fi\/teks\/wp-content\/uploads\/sites\/74\/2016\/07\/w_album_2.pdf\">Ilmajoen Kivist\u00f6nm\u00e4en hy\u00f6nteisist\u00e4, h\u00e4m\u00e4h\u00e4kkiel\u00e4imist\u00e4 ja muista selk\u00e4rangattomista.\u00a0<span style=\"font-size: revert\">Veli-Matti Mukkala, Antti Haarto, Seppo Koponen, Lauri Mukkala, Veikko Rinne ja Jukka Salmela.\u00a0<\/span>Maaliskuu 2005. (pdf)<\/a><\/strong><\/p>\n<p style=\"padding-left: 30px\"><strong>3: <a href=\"http:\/\/blogit.utu.fi\/teks\/wp-content\/uploads\/sites\/74\/2016\/07\/w_album_3.pdf\">Ichneumonological (Hym.) reports from Finland VI, with <i> Picrostigeus svecofennicus<\/i>, new species. Reijo Jussila. Toukokuu 2007. (pdf)<\/a><\/strong><\/p>\n<p style=\"padding-left: 30px\"><strong>4: <a href=\"http:\/\/blogit.utu.fi\/teks\/wp-content\/uploads\/sites\/74\/2016\/07\/w_album_4.pdf\">Mietoisten Perkkoonm\u00e4en perhosista vuosina 1990-2004. Antti Haarto. Toukokuu 2007. (pdf)<\/a><\/strong><\/p>\n<p style=\"padding-left: 30px\"><strong>5: <a href=\"http:\/\/blogit.utu.fi\/teks\/wp-content\/uploads\/sites\/74\/2016\/07\/w_album_5.pdf\"><i>Xanthogramma stackelbergi<\/i> Violovitsh, 1975 ja muita t\u00e4ydennyksi\u00e4 Suomen kukkak\u00e4rp\u00e4siin (Diptera, Syrphidae). Antti Haarto ja Sakari Kerppola. Maaliskuu 2008. (pdf)<\/a><\/strong><\/p>\n<p style=\"padding-left: 30px\"><strong>6: <a href=\"http:\/\/blogit.utu.fi\/teks\/wp-content\/uploads\/sites\/74\/2016\/07\/w_album_6.pdf\">Semiaquatic fly (Diptera, Nematocera) fauna of fens, springs, headwater streams and alpine wetlands in the northern boreal ecoregion, Finland. Jukka Salmela. Elokuu 2008. (pdf)<\/a><\/strong><\/p>\n<p style=\"padding-left: 30px\"><strong>7: <a href=\"http:\/\/blogit.utu.fi\/teks\/wp-content\/uploads\/sites\/74\/2016\/07\/w_album_7.pdf\"><i>Brachyopa zhelochovtsevi<\/i> Mutin, 1998 Euroopasta ja muita lis\u00e4yksi\u00e4 Suomen kukkak\u00e4rp\u00e4sfaunaan (Diptera, Syrphidae). Antti Haarto ja Sakari Kerppola. Helmikuu 2009. (pdf)<\/a><\/strong><\/p>\n<p style=\"padding-left: 30px\"><strong>8: <a href=\"http:\/\/blogit.utu.fi\/teks\/wp-content\/uploads\/sites\/74\/2016\/07\/w_album_8.pdf\">Suomelle uusia sek\u00e4 maastamme huonosti tunnettuja ahmaspisti\u00e4islajeja (Hymenoptera, Ichneumonidae) I. Reijo Jussila ja Gergely V\u00e1rkonyi. Huhtikuu 2009. (pdf)<\/a><\/strong><\/p>\n<p style=\"padding-left: 30px\"><strong>9: <a href=\"http:\/\/blogit.utu.fi\/teks\/wp-content\/uploads\/sites\/74\/2016\/07\/w_album_9.pdf\">Suomelle uusia sek\u00e4 maastamme huonosti tunnettuja ahmaspisti\u00e4islajeja (Hymenoptera: Ichneumonidae) II. Reijo Jussila. Toukokuu 2010. (pdf)<\/a><\/strong><\/p>\n<p style=\"padding-left: 30px\"><strong>10: <a href=\"http:\/\/blogit.utu.fi\/teks\/wp-content\/uploads\/sites\/74\/2016\/07\/w_album_10.pdf\">Suomen ikkunas\u00e4\u00e4sket \u2013 Finnish window gnats (Diptera, Anisopodidae). Antti Haarto. Tammikuu 2011. (pdf)<\/a><\/strong><\/p>\n<p style=\"padding-left: 30px\"><strong>11: <a href=\"http:\/\/blogit.utu.fi\/teks\/wp-content\/uploads\/sites\/74\/2016\/07\/w_album_11.pdf\">Ruissalon k\u00e4rp\u00e4sist\u00e4 (Diptera, Brachycera). Kaj Winqvist. Syyskuu 2011. (pdf)<\/a><\/strong><\/p>\n<p style=\"padding-left: 30px\"><strong>12: <a href=\"http:\/\/blogit.utu.fi\/teks\/wp-content\/uploads\/sites\/74\/2016\/07\/w_album_12.pdf\">Suomen karvas\u00e4\u00e4sket ja maas\u00e4\u00e4sket (Diptera, Bibionidae ja Pleciidae). Antti Haarto. Tammikuu 2012. (pdf)<\/a><\/strong><\/p>\n<p style=\"padding-left: 30px\"><strong>13: <a href=\"http:\/\/blogit.utu.fi\/teks\/wp-content\/uploads\/sites\/74\/2016\/07\/w_album_13.pdf\">Korppoon Ut\u00f6n hy\u00f6nteisist\u00e4 ja muista el\u00e4imist\u00e4. Antti Haarto ja Veli-Matti Mukkala (toim.). Toukokuu 2013. (pdf)<\/a><\/strong><\/p>\n<p style=\"padding-left: 30px\"><strong>14: <a href=\"http:\/\/blogit.utu.fi\/teks\/wp-content\/uploads\/sites\/74\/2016\/07\/w_album_14.pdf\">Suomelle uusia sek\u00e4 maastamme huonosti tunnettuja ahmaspisti\u00e4islajeja (Hymenoptera: Ichneumonidae) III. Reijo Jussila. Syyskuu 2013. (pdf)<\/a><\/strong><\/p>\n<p style=\"padding-left: 30px\"><strong>15: <a href=\"http:\/\/blogit.utu.fi\/teks\/wp-content\/uploads\/sites\/74\/2016\/07\/w_album_15.pdf\"><i>Phaenocarpa kolaensis<\/i> sp. n. from the Kola Peninsula, NW. Russia (Hymenoptera: Ichneumonoidea: Braconidae: Alysiinae). Veli Vikberg. Lokakuu 2013. (pdf)<\/a><\/strong><\/p>\n<p style=\"padding-left: 30px\"><strong>16: <a href=\"http:\/\/blogit.utu.fi\/teks\/wp-content\/uploads\/sites\/74\/2016\/07\/w_album_16.pdf\">Muutoksia Suomen kaksisiipisfaunassa (Insecta: Diptera). Antti Haarto ja Kaj Winqvist. Helmikuu 2014. (pdf)<\/a><\/strong><\/p>\n<p style=\"padding-left: 30px\"><strong>17: <a href=\"http:\/\/blogit.utu.fi\/teks\/wp-content\/uploads\/sites\/74\/2016\/07\/w_album_17.pdf\"><em>Clypeodromus thyridialis<\/em> Tereshkin (Hymenoptera, Ichneumonidae, Ichneumoninae) new to Finland. Niclas R. Fritz\u00e9n &amp; Gavin R. Broad. Syyskuu 2014. (pdf)<\/a><\/strong><\/p>\n<p style=\"padding-left: 30px\"><strong>18: <a href=\"http:\/\/blogit.utu.fi\/teks\/wp-content\/uploads\/sites\/74\/2016\/07\/w_album_18.pdf\">Three new species of the <em>Pontania dolichura<\/em> group from Europe and Siberia (Hymenoptera: Tenthredinidae: Nematinae). Veli Vikberg &amp; Alexey Zinovjev. Marraskuu 2014. (pdf)<\/a><\/strong><\/p>\n<p style=\"padding-left: 30px\"><strong>19: <a href=\"http:\/\/blogit.utu.fi\/teks\/wp-content\/uploads\/sites\/74\/2016\/07\/w_album_19.pdf\">Suomelle uusia sek\u00e4 maastamme huonosti tunnettuja ahmaspisti\u00e4islajeja (Hymenoptera, Ichneumonidae) IV. Reijo Jussila. Lokakuu 2015. (pdf)<\/a><\/strong><\/p>\n<p style=\"padding-left: 30px\"><strong>20: <a href=\"https:\/\/blogit.utu.fi\/teks\/wp-content\/uploads\/sites\/74\/2017\/06\/w_album_20.pdf\">Taxonomy of some European species of <em>Mesochorus<\/em>, including three new species from Finland and Sweden (Hymenoptera: Ichneumonidae: Mesochorinae). Veli Vikberg &amp; Hege V\u00e5rdal. Kes\u00e4kuu 2017. (pdf)<\/a><\/strong><\/p>\n<p style=\"padding-left: 30px\"><strong>21: <a href=\"https:\/\/blogit.utu.fi\/teks\/wp-content\/uploads\/sites\/74\/2018\/09\/w_album_21.pdf\">Suomelle uusia sek\u00e4 maastamme huonosti tunnettuja ahmaspisti\u00e4islajeja (Hymenoptera, Ichneumonidae) ja lajin <em>Phygadeuon striiventris<\/em> Hell\u00e9n koiraan kuvaus. Reijo Jussila. Syyskuu 2018. (pdf)<\/a><\/strong><\/p>\n<p style=\"padding-left: 30px\"><strong>22: <a href=\"https:\/\/blogit.utu.fi\/teks\/wp-content\/uploads\/sites\/74\/2019\/09\/w_album_22.pdf\">Lis\u00e4yksi\u00e4 Suomen Diptera-faunaan vuoden 2014 j\u00e4lkeen. Antti Haarto, Iiro Kakko ja Kaj Winqvist. Syyskuu 2019. (pdf)<\/a><\/strong><\/p>\n<p style=\"padding-left: 30px\"><strong>23: <a href=\"https:\/\/blogit.utu.fi\/teks\/wp-content\/uploads\/sites\/74\/2020\/11\/w_album_23.pdf\">Suomelle uusia sek\u00e4 maastamme huonosti tunnettuja ahmaspisti\u00e4islajeja (Hymenoptera, Ichneumonidae) V. Reijo Jussila. Marraskuu 2020. (pdf)<\/a><\/strong><\/p>\n<p style=\"padding-left: 30px\"><strong>24:\u00a0<a href=\"https:\/\/blogit.utu.fi\/teks\/wp-content\/uploads\/sites\/74\/2022\/11\/w_album_24.pdf\"><span style=\"font-size: revert\">Suomen Diptera-faunaan 51 uutta lajia.\u00a0<\/span><span style=\"font-size: revert\">Antti Haarto. Marraskuu 2022. (pdf)<\/span><\/a><\/strong><\/p>\n<p style=\"padding-left: 30px\"><strong>25:\u00a0<a href=\"https:\/\/blogit.utu.fi\/teks\/wp-content\/uploads\/sites\/74\/2023\/02\/w_album_25.pdf\"><span style=\"font-size: revert\"><em>Lonchaea xylophila<\/em> Kovalev, 1978 (Diptera, Lonchaeidae) new to Finland, with description of the female<\/span><span style=\"font-size: revert\">.\u00a0<\/span><span style=\"font-size: revert\">Antti Haarto. Tammikuu 2023. (pdf)<\/span><\/a><\/strong><\/p>\n<p style=\"padding-left: 30px\"><strong>26:\u00a0<a href=\"https:\/\/blogit.utu.fi\/teks\/wp-content\/uploads\/sites\/74\/2023\/02\/w_album_26.pdf\"><span style=\"font-size: revert\">Suomen Diptera-faunaan 70 uutta k\u00e4rp\u00e4slajia 2018\u20132022.\u00a0<\/span><span style=\"font-size: revert\">Kaj Winqvist. Helmikuu 2023. (pdf)<\/span><\/a><\/strong><\/p>\n<p style=\"padding-left: 30px\"><strong>27:\u00a0<a href=\"https:\/\/blogit.utu.fi\/teks\/wp-content\/uploads\/sites\/74\/2023\/06\/w_album_27.pdf\"><span style=\"font-size: revert\">A new species of <em>Minilimosina<\/em> (<em>Svarciella<\/em>) (Diptera: Sphaeroceridae) from northern Finland<\/span><span style=\"font-size: revert\"><strong>.<\/strong> Antti Haarto<\/span><span style=\"font-size: revert\">. Toukokuu 2023. (pdf)<\/span><\/a><\/strong><\/p>\n<p style=\"padding-left: 30px\"><strong>28: <a href=\"https:\/\/blogit.utu.fi\/teks\/wp-content\/uploads\/sites\/74\/2023\/08\/w-album_28.pdf\">The description of the female of <em>Platycheirus magadanensis<\/em> Mutin (Diptera, Syrphidae). Antti Haarto. Elokuu 2023. (pdf)<\/a><\/strong><\/p>\n<p style=\"padding-left: 30px\"><strong>29: <a href=\"https:\/\/blogit.utu.fi\/teks\/wp-content\/uploads\/sites\/74\/2024\/03\/w_album_29.pdf\">Suomelle uusia sek\u00e4 maastamme huonosti tunnettuja ahmaspisti\u00e4islajeja (Hymenoptera, Ichneumonidae) sek\u00e4 lajin <em>Endasys eurycerus<\/em> (Thomson, 1896) koiraan kuvaus. Reijo Jussila. Maaliskuu 2024. (pdf)<\/a><\/strong><\/p>\n<p style=\"padding-left: 30px\"><strong>30: <a href=\"https:\/\/blogit.utu.fi\/teks\/wp-content\/uploads\/sites\/74\/2025\/01\/w_album_pdf_30.pdf\">Interesting new species to the Finnish Diptera fauna. Antti Haarto. Tammikuu 2025. (pdf)<\/a><\/strong><\/p>\n<p style=\"padding-left: 30px;text-align: left\"><strong>31: <a href=\"https:\/\/blogit.utu.fi\/teks\/wp-content\/uploads\/sites\/74\/2025\/03\/w_album_pdf_31.pdf\">Suomen rapak\u00e4rp\u00e4set (Diptera, Sphaeroceridae): Sphaerocerinae. Antti Haarto. Maaliskuu 2025. (pdf)<\/a><\/strong><\/p>\n<p style=\"padding-left: 30px;text-align: left\"><strong>32: <\/strong><a href=\"https:\/\/blogit.utu.fi\/teks\/wp-content\/uploads\/sites\/74\/2025\/04\/w_album_pdf_32.pdf\"><strong>Suomen rapak\u00e4rp\u00e4set (Diptera, Sphaeroceridae): Copromyzinae. Antti Haarto. Huhtikuu 2025. (pdf)<\/strong><\/a><strong>\u00a0<\/strong><\/p>\n<p style=\"padding-left: 30px;text-align: left\"><strong>33: <a href=\"https:\/\/blogit.utu.fi\/teks\/wp-content\/uploads\/sites\/74\/2025\/04\/w_album_pdf_33.pdf\">49 new species to the Finnish Diptera (Brachycera) fauna recorded during 2023-2025. Kaj Winqvist. Huhtikuu 2025. (pdf)<\/a><\/strong><\/p>\n<p style=\"padding-left: 30px;text-align: left\"><strong>34:\u00a0<a href=\"https:\/\/blogit.utu.fi\/teks\/wp-content\/uploads\/sites\/74\/2025\/06\/w_album_pdf_34.pdf\"><em>Machimus rusticus<\/em> (Meigen, 1820) (Diptera, Asilidae) esiintym\u00e4 l\u00e4hell\u00e4 Suomea. Antti Haarto, Iiro Kakko &amp; Jaakko Pohjoism\u00e4ki. Kes\u00e4kuu 2025. (pdf)<\/a><\/strong><\/p>\n<p style=\"padding-left: 30px;text-align: left\"><strong>35: <a href=\"https:\/\/blogit.utu.fi\/teks\/wp-content\/uploads\/sites\/74\/2025\/09\/w_album_pdf_35.pdf\"><span lang=\"EN-GB\">Suomen rapak\u00e4rp\u00e4set (Diptera, Sphaeroceridae): Limosininae 1<\/span><span lang=\"EN-GB\">. Antti Haarto.\u00a0 Syyskuu 2025. (pdf)<\/span><\/a><\/strong><\/p>\n<p style=\"padding-left: 30px;text-align: left\"><strong>36: <a href=\"https:\/\/blogit.utu.fi\/teks\/wp-content\/uploads\/sites\/74\/2025\/11\/w_album_pdf_36.pdf\"><span lang=\"EN-GB\">Suomen rapak\u00e4rp\u00e4set (Diptera, Sphaeroceridae): Limosininae 2<\/span><span lang=\"EN-GB\">. Antti Haarto. Marraskuu 2025. (pdf)<\/span><\/a><\/strong><\/p>\n<p style=\"padding-left: 30px;text-align: left\"><strong>37: <a href=\"https:\/\/blogit.utu.fi\/teks\/wp-content\/uploads\/sites\/74\/2026\/02\/w_album_pdf_37.pdf\" target=\"_blank\" rel=\"noopener\">Suomen rapak\u00e4rp\u00e4set (Diptera, Sphaeroceridae): Limosininae 3. Antti Haarto,\u00a0 helmikuu 2026. (pdf)<\/a><\/strong><\/p>\n<p style=\"padding-left: 30px;text-align: left\"><strong>38:\u00a0<a href=\"https:\/\/blogit.utu.fi\/teks\/wp-content\/uploads\/sites\/74\/2026\/03\/w_album_pdf_38.pdf\" target=\"_blank\" rel=\"noopener\">Suomen rapak\u00e4rp\u00e4set (Diptera, Sphaeroceridae): Limosininae 4. Antti Haarto, maaliskuu 2026. (pdf)<\/a><\/strong><\/p>\n<p style=\"padding-left: 30px;text-align: left\">\u00a0<\/p>\n<p>Tarvitset pdf-muotoisten lehtien lukemiseen Adoben AcrobatReaderin, jonka voit tarvittaessa imuroida<strong> <a href=\"http:\/\/www.adobe.com\/products\/acrobat\/readstep2.html\" target=\"_blank\" rel=\"noopener noreferrer\">t\u00e4\u00e4lt\u00e4<\/a><\/strong>.<\/p>\n\n\n<p><\/p>\n","protected":false},"excerpt":{"rendered":"<p>w-album on Turun El\u00e4in- ja Kasvitieteellisen seuran Hy\u00f6nteiskerhon verkkolehti, jossa julkaistaan laajahkoja paikallisfaunistisia selvityksi\u00e4. Lehti ilmestyy ep\u00e4s\u00e4\u00e4nn\u00f6llisesti sopivien artikkelien tarjonnasta riippuen. Kausijulkaisutunnus ISSN 1795-6668. 1:\u00a0Havaintoja TEKS:n Hy\u00f6nteiskerhon kes\u00e4retkilt\u00e4 Dragsfj\u00e4rdin Kasn\u00e4siin.\u00a0Arto Avanto, Antti Haarto ja Veli-Matti Mukkala.\u00a02004. (pdf) 2: Ilmajoen Kivist\u00f6nm\u00e4en hy\u00f6nteisist\u00e4, h\u00e4m\u00e4h\u00e4kkiel\u00e4imist\u00e4 ja muista selk\u00e4rangattomista.\u00a0Veli-Matti Mukkala, Antti Haarto, Seppo Koponen, Lauri Mukkala, Veikko Rinne ja [&hellip;]<\/p>\n","protected":false},"author":450,"featured_media":0,"parent":0,"menu_order":0,"comment_status":"closed","ping_status":"closed","template":"","meta":{"footnotes":""},"class_list":["post-131","page","type-page","status-publish","hentry"],"_links":{"self":[{"href":"https:\/\/blogit.utu.fi\/teks\/wp-json\/wp\/v2\/pages\/131","targetHints":{"allow":["GET"]}}],"collection":[{"href":"https:\/\/blogit.utu.fi\/teks\/wp-json\/wp\/v2\/pages"}],"about":[{"href":"https:\/\/blogit.utu.fi\/teks\/wp-json\/wp\/v2\/types\/page"}],"author":[{"embeddable":true,"href":"https:\/\/blogit.utu.fi\/teks\/wp-json\/wp\/v2\/users\/450"}],"replies":[{"embeddable":true,"href":"https:\/\/blogit.utu.fi\/teks\/wp-json\/wp\/v2\/comments?post=131"}],"version-history":[{"count":57,"href":"https:\/\/blogit.utu.fi\/teks\/wp-json\/wp\/v2\/pages\/131\/revisions"}],"predecessor-version":[{"id":2335,"href":"https:\/\/blogit.utu.fi\/teks\/wp-json\/wp\/v2\/pages\/131\/revisions\/2335"}],"wp:attachment":[{"href":"https:\/\/blogit.utu.fi\/teks\/wp-json\/wp\/v2\/media?parent=131"}],"curies":[{"name":"wp","href":"https:\/\/api.w.org\/{rel}","templated":true}]}}