{"id":1490,"date":"2019-03-29T10:43:36","date_gmt":"2019-03-29T07:43:36","guid":{"rendered":"https:\/\/blogit.utu.fi\/teks\/?page_id=1490"},"modified":"2020-10-16T23:50:52","modified_gmt":"2020-10-16T20:50:52","slug":"turun-kasvit-hanke","status":"publish","type":"page","link":"https:\/\/blogit.utu.fi\/teks\/turun-kasvit-hanke\/","title":{"rendered":"Turun kasvit \u2013hanke"},"content":{"rendered":"<p>\u00a0<\/p>\n<p>Turussa on tehty jo 1600-luvulta l\u00e4htien alueellisia kasvikartoituksia erilaisia tarkoituksia varten. Parhaiten tunnetaan Ruissalon kasvilajisto. Koko kaupungin kattavaa kasvikartoitusta ei ole kuitenkaan viel\u00e4 tehty, vaikka Turun yliopiston Kasvimuseolla sellaista suunniteltiin jo 1990-luvulla. Muista kaupungeista esimerkiksi Helsingin, Vantaan ja Oulun kasvilajistot on jo kartoitettu.<\/p>\n<p>Turun kasvien kartoitus aloitettiin viimein <strong>vuonna 2017<\/strong> noin kymmenen vapaaehtoisen lajiasiantuntijan voimin. Hanketta koordinoi FT <a href=\"https:\/\/research.utu.fi\/converis\/portal\/Person\/1170634?lang=fi_FI\" target=\"_blank\" rel=\"noopener noreferrer\"><strong>Jussi Lampinen<\/strong><\/a><strong>.<\/strong> Turun kasvit -hankkeen viralliset sivut l\u00f6yd\u00e4t nyt <a href=\"https:\/\/collections.utu.fi\/kasvimuseo-tur-2\/turun-kasvio\/\" target=\"_blank\" rel=\"noopener noreferrer\"><strong>Turun yliopiston kasvimuseon sivuilta<\/strong><\/a>.<\/p>\n<p><img loading=\"lazy\" decoding=\"async\" class=\"wp-image-1529 size-full\" src=\"https:\/\/blogit.utu.fi\/teks\/wp-content\/uploads\/sites\/74\/2019\/03\/Turunkasvit_kuva0.jpg\" alt=\"\" width=\"2136\" height=\"1424\" srcset=\"https:\/\/blogit.utu.fi\/teks\/wp-content\/uploads\/sites\/74\/2019\/03\/Turunkasvit_kuva0.jpg 2136w, https:\/\/blogit.utu.fi\/teks\/wp-content\/uploads\/sites\/74\/2019\/03\/Turunkasvit_kuva0-300x200.jpg 300w, https:\/\/blogit.utu.fi\/teks\/wp-content\/uploads\/sites\/74\/2019\/03\/Turunkasvit_kuva0-768x512.jpg 768w, https:\/\/blogit.utu.fi\/teks\/wp-content\/uploads\/sites\/74\/2019\/03\/Turunkasvit_kuva0-1024x683.jpg 1024w\" sizes=\"auto, (max-width: 2136px) 100vw, 2136px\" \/><\/p>\n\n<span style=\"color: #525151\">T\u00e4m\u00e4 pieni m\u00e4kikauraketo sijaitsee Turun kaupungin ratapihan tuntumassa. Erityisesti ketojen ja muiden perinnebiotooppien lajiston kartoittaminen on t\u00e4rke\u00e4\u00e4 n\u00e4iden elinymp\u00e4rist\u00f6jen uhanalaisuuden vuoksi. Kuva Jussi Lampinen.<\/span>\n\n\n<p><\/p>\n","protected":false},"excerpt":{"rendered":"<p>\u00a0 Turussa on tehty jo 1600-luvulta l\u00e4htien alueellisia kasvikartoituksia erilaisia tarkoituksia varten. Parhaiten tunnetaan Ruissalon kasvilajisto. Koko kaupungin kattavaa kasvikartoitusta ei ole kuitenkaan viel\u00e4 tehty, vaikka Turun yliopiston Kasvimuseolla sellaista suunniteltiin jo 1990-luvulla. Muista kaupungeista esimerkiksi Helsingin, Vantaan ja Oulun kasvilajistot on jo kartoitettu. Turun kasvien kartoitus aloitettiin viimein vuonna 2017 noin kymmenen vapaaehtoisen lajiasiantuntijan [&hellip;]<\/p>\n","protected":false},"author":450,"featured_media":0,"parent":0,"menu_order":0,"comment_status":"closed","ping_status":"closed","template":"","meta":{"footnotes":""},"class_list":["post-1490","page","type-page","status-publish","hentry"],"_links":{"self":[{"href":"https:\/\/blogit.utu.fi\/teks\/wp-json\/wp\/v2\/pages\/1490","targetHints":{"allow":["GET"]}}],"collection":[{"href":"https:\/\/blogit.utu.fi\/teks\/wp-json\/wp\/v2\/pages"}],"about":[{"href":"https:\/\/blogit.utu.fi\/teks\/wp-json\/wp\/v2\/types\/page"}],"author":[{"embeddable":true,"href":"https:\/\/blogit.utu.fi\/teks\/wp-json\/wp\/v2\/users\/450"}],"replies":[{"embeddable":true,"href":"https:\/\/blogit.utu.fi\/teks\/wp-json\/wp\/v2\/comments?post=1490"}],"version-history":[{"count":17,"href":"https:\/\/blogit.utu.fi\/teks\/wp-json\/wp\/v2\/pages\/1490\/revisions"}],"predecessor-version":[{"id":1854,"href":"https:\/\/blogit.utu.fi\/teks\/wp-json\/wp\/v2\/pages\/1490\/revisions\/1854"}],"wp:attachment":[{"href":"https:\/\/blogit.utu.fi\/teks\/wp-json\/wp\/v2\/media?parent=1490"}],"curies":[{"name":"wp","href":"https:\/\/api.w.org\/{rel}","templated":true}]}}