{"id":16,"date":"2016-07-23T15:53:40","date_gmt":"2016-07-23T12:53:40","guid":{"rendered":"https:\/\/blogit.utu.fi\/teks\/?page_id=16"},"modified":"2026-01-04T20:00:02","modified_gmt":"2026-01-04T17:00:02","slug":"toiminta","status":"publish","type":"page","link":"https:\/\/blogit.utu.fi\/teks\/toiminta\/","title":{"rendered":"Toiminta"},"content":{"rendered":"\n<p>Turun El\u00e4in- ja Kasvitieteellisen Seuran tavoitteena on her\u00e4tt\u00e4\u00e4 ja yll\u00e4pit\u00e4\u00e4 el\u00e4in- ja kasvitieteellist\u00e4 harrastusta, edist\u00e4\u00e4 biologisten tieteiden tutkimusta ja luonnontuntemusta sek\u00e4 luonnon- ja ymp\u00e4rist\u00f6nsuojelua. Tavoitteen saavuttamiseksi TEKS j\u00e4rjest\u00e4\u00e4 kaikille avoimia kokouksia esitelmineen v\u00e4hint\u00e4\u00e4n viisi kertaa vuodessa. Vuosittain j\u00e4rjestet\u00e4\u00e4n my\u00f6s tieteellinen symposio, jonne kaikki kiinnostuneet ovat tervetulleita. Lis\u00e4ksi TEKS tekee retki\u00e4 sek\u00e4 kotimaisiin ett\u00e4 ulkomaisiin kohteisiin.<\/p>\n\n\n\n<p>Seuran toiminnasta ilmoitetaan j\u00e4senille j\u00e4sentiedotteissa, lis\u00e4ksi tapahtumista tiedotetaan n\u00e4ill\u00e4 sivuilla ja <strong><a href=\"https:\/\/www.facebook.com\/TEKSry\" target=\"_blank\" rel=\"noopener noreferrer\">Seuran Facebook-sivuilla<\/a><\/strong> sek\u00e4 eri viestimiss\u00e4 (esim. Turun yliopiston <strong><a aria-label=\" (opens in a new tab)\" href=\"https:\/\/www.utu.fi\/fi\/event-search\" target=\"_blank\" rel=\"noreferrer noopener\">www-sivut<\/a><\/strong> ja Turun Sanomien <strong><a href=\"http:\/\/menovinkit.ts.fi\/\" target=\"_blank\" rel=\"noopener noreferrer\">Menovinkit<\/a><\/strong>). Menneisiin tapahtumiin ja aiempaan toimintaan voit tutustua <strong><a href=\"https:\/\/blogit.utu.fi\/teks\/wp-content\/uploads\/sites\/74\/2024\/12\/TEKS_aiempi-toiminta_2024.2-1.pdf\" data-type=\"link\" data-id=\"https:\/\/blogit.utu.fi\/teks\/wp-content\/uploads\/sites\/74\/2024\/12\/TEKS_aiempi-toiminta_2024.2-1.pdf\" target=\"_blank\" rel=\"noreferrer noopener\">t\u00e4st\u00e4<\/a><\/strong>.<\/p>\n\n\n\n<p><strong>Seuran tapahtumat ovat kaikille avoimia, tervetuloa mukaan!<\/strong><\/p>\n\n\n\n<h2 class=\"wp-block-heading\"><span style=\"color: #d68427\"><span style=\"color:#7c4c19\" class=\"has-inline-color\">KOKOUKSET<\/span><\/span><\/h2>\n\n\n\n<p>Seuran kokouksiin voi osallistua joko <strong>paikan p\u00e4\u00e4ll\u00e4<\/strong> Turun yliopiston Natura-rakennuksen toisen kerroksen seminaarihuoneessa (no. 215) tai <strong>et\u00e4yhteydell\u00e4<\/strong> t\u00e4m\u00e4n linkin kautta: <strong><a href=\"https:\/\/meet.jit.si\/TEKS\">https:\/\/meet.jit.si\/TEKS<\/a>.<\/strong> Osallistuminen ei edellyt\u00e4 kirjautumista.<\/p>\n\n\n\n<h2 class=\"wp-block-heading\"><span style=\"color: #d68427\"><span style=\"color:#7c4c19\" class=\"has-inline-color\">VUODEN 2026 TAPAHTUMAT<\/span><\/span><\/h2>\n\n\n\n<p>Tiedot tulevista kokouksista ja tapahtumista p\u00e4ivitet\u00e4\u00e4n ajankohtaisiin artikkeleihin Ajankohtaista-sivulle.<\/p>\n\n\n\n<p><\/p>\n","protected":false},"excerpt":{"rendered":"<p>Turun El\u00e4in- ja Kasvitieteellisen Seuran tavoitteena on her\u00e4tt\u00e4\u00e4 ja yll\u00e4pit\u00e4\u00e4 el\u00e4in- ja kasvitieteellist\u00e4 harrastusta, edist\u00e4\u00e4 biologisten tieteiden tutkimusta ja luonnontuntemusta sek\u00e4 luonnon- ja ymp\u00e4rist\u00f6nsuojelua. Tavoitteen saavuttamiseksi TEKS j\u00e4rjest\u00e4\u00e4 kaikille avoimia kokouksia esitelmineen v\u00e4hint\u00e4\u00e4n viisi kertaa vuodessa. Vuosittain j\u00e4rjestet\u00e4\u00e4n my\u00f6s tieteellinen symposio, jonne kaikki kiinnostuneet ovat tervetulleita. Lis\u00e4ksi TEKS tekee retki\u00e4 sek\u00e4 kotimaisiin ett\u00e4 ulkomaisiin kohteisiin. [&hellip;]<\/p>\n","protected":false},"author":450,"featured_media":0,"parent":0,"menu_order":0,"comment_status":"closed","ping_status":"closed","template":"","meta":{"footnotes":""},"class_list":["post-16","page","type-page","status-publish","hentry"],"_links":{"self":[{"href":"https:\/\/blogit.utu.fi\/teks\/wp-json\/wp\/v2\/pages\/16","targetHints":{"allow":["GET"]}}],"collection":[{"href":"https:\/\/blogit.utu.fi\/teks\/wp-json\/wp\/v2\/pages"}],"about":[{"href":"https:\/\/blogit.utu.fi\/teks\/wp-json\/wp\/v2\/types\/page"}],"author":[{"embeddable":true,"href":"https:\/\/blogit.utu.fi\/teks\/wp-json\/wp\/v2\/users\/450"}],"replies":[{"embeddable":true,"href":"https:\/\/blogit.utu.fi\/teks\/wp-json\/wp\/v2\/comments?post=16"}],"version-history":[{"count":147,"href":"https:\/\/blogit.utu.fi\/teks\/wp-json\/wp\/v2\/pages\/16\/revisions"}],"predecessor-version":[{"id":2311,"href":"https:\/\/blogit.utu.fi\/teks\/wp-json\/wp\/v2\/pages\/16\/revisions\/2311"}],"wp:attachment":[{"href":"https:\/\/blogit.utu.fi\/teks\/wp-json\/wp\/v2\/media?parent=16"}],"curies":[{"name":"wp","href":"https:\/\/api.w.org\/{rel}","templated":true}]}}