{"id":29,"date":"2016-07-23T15:58:12","date_gmt":"2016-07-23T12:58:12","guid":{"rendered":"https:\/\/blogit.utu.fi\/teks\/?page_id=29"},"modified":"2025-02-24T15:58:06","modified_gmt":"2025-02-24T12:58:06","slug":"historiaa","status":"publish","type":"page","link":"https:\/\/blogit.utu.fi\/teks\/historiaa\/","title":{"rendered":"Historiaa"},"content":{"rendered":"<p style=\"text-align: justify\">Turun Suomalaisen Yliopiston professoreiden Valter Linnaniemen, Kaarlo Johannes Vallen, Kaarlo Linkolan ja fil.tri Edvard Vainion aloitteesta v. 1923 perustetusta seurasta kehittyi tieteellinen yhdistys, jonka toiminta 1950-luvulla huipentui Turun yliopiston kasvitieteellisen retkeilyopetuksen antamiseen, mik\u00e4 toiminta vuosikymmenen lopulla johti sek\u00e4 nykyisen <strong><a href=\"https:\/\/sites.utu.fi\/kevo\/\" target=\"_blank\" rel=\"noopener noreferrer\">Lapin tutkimuslaitos Kevon<\/a><\/strong> (prof. Paavo Kallion johdolla) ett\u00e4 Lohmin biologisen aseman (dos. Lauri E. Karin toimesta) ja sit\u00e4 seuranneen <strong><a href=\"https:\/\/sites.utu.fi\/seili\/\" target=\"_blank\" rel=\"noopener noreferrer\">Saaristomeren tutkimuslaitoksen<\/a><\/strong> syntyyn.<\/p>\n<p style=\"text-align: justify\">Ote TEKSin puheenjohtajan Ilpo Haahtelan kirjoituksesta vuoden 1999 j\u00e4senkirjeeseen: &#8221;<i>Yliopiston opettaja ja opiskelija olivat viel\u00e4 1950-luvulla kunnioittavan v\u00e4limatkan p\u00e4\u00e4ss\u00e4 toisistaan. Useita p\u00e4ivi\u00e4 kest\u00e4neet maastoretket, joita opettajat Turun El\u00e4in- ja Kasvitieteellisen Seuran nimiss\u00e4 j\u00e4rjestiv\u00e4t, l\u00e4hensiv\u00e4t n\u00e4it\u00e4 kahta ryhm\u00e4\u00e4 toisiinsa. Oppilaan arvostus opettajaa kohtaan ei suinkaan v\u00e4hentynyt, sill\u00e4 vasta kent\u00e4ll\u00e4 h\u00e4n saattoi todeta, mink\u00e4 h\u00e4mm\u00e4stytt\u00e4v\u00e4n tietom\u00e4\u00e4r\u00e4n asiansa hallitseva opettaja on pystynyt vuosien varrella hankkimaan; tieto ei my\u00f6sk\u00e4\u00e4n ollut tullut pelk\u00e4st\u00e4\u00e4n ty\u00f6p\u00f6yd\u00e4n \u00e4\u00e4ress\u00e4 istuen. Vaikka seuran retkille osallistuminen oli vapaaehtoista, ne k\u00e4yt\u00e4nn\u00f6ss\u00e4 toimivat yliopisto-opetuksena, sill\u00e4 l\u00e4hes kaikki opiskelijat olivat TEKSin j\u00e4seni\u00e4<\/i>&#8221;.<\/p>\n<p style=\"text-align: justify\">Vuosi 2023 oli Seuran sadas toimintavuosi. Seuran 80-vuotishistoriikin voit lukea <strong><a href=\"http:\/\/blogit.utu.fi\/teks\/wp-content\/uploads\/sites\/74\/2016\/07\/TEKS_80v_historiikki.pdf\">t\u00e4st\u00e4<\/a><\/strong>.<\/p>\n<p><b>Seuran puheenjohtajat<\/b><br \/>\n1923-1937\u00a0 \u00a0Walter M. Linnaniemi<br \/>\n1938-1951 \u00a0 Harry Waris<br \/>\n1952-1955\u00a0 \u00a0K.J. Valle<br \/>\n1956-1962\u00a0 \u00a0Antero Vaarama<br \/>\n1963-1965\u00a0 \u00a0Paavo Kallio<br \/>\n1966-1967\u00a0 \u00a0Paavo Voipio<br \/>\n1968-1971\u00a0 \u00a0Arne Rousi<br \/>\n1972-1975\u00a0 \u00a0Pekka T. Lehtinen<br \/>\n1976-1977\u00a0 \u00a0Yrj\u00f6 M\u00e4kinen<br \/>\n1978-1989\u00a0 \u00a0Petter Portin<br \/>\n1990-1995\u00a0 \u00a0Seppo Pihakaski<br \/>\n1996-1997\u00a0 \u00a0Juhani Lehtonen<br \/>\n1998-2003\u00a0 \u00a0Ilpo Haahtela<br \/>\n2004-2023\u00a0 \u00a0Kalle Ruokolainen<br \/>\n2024-\u00a0 \u00a0 \u00a0 \u00a0 \u00a0 \u00a0 \u00a0 Timo Vuorisalo<\/p>\n","protected":false},"excerpt":{"rendered":"<p>Turun Suomalaisen Yliopiston professoreiden Valter Linnaniemen, Kaarlo Johannes Vallen, Kaarlo Linkolan ja fil.tri Edvard Vainion aloitteesta v. 1923 perustetusta seurasta kehittyi tieteellinen yhdistys, jonka toiminta 1950-luvulla huipentui Turun yliopiston kasvitieteellisen retkeilyopetuksen antamiseen, mik\u00e4 toiminta vuosikymmenen lopulla johti sek\u00e4 nykyisen Lapin tutkimuslaitos Kevon (prof. Paavo Kallion johdolla) ett\u00e4 Lohmin biologisen aseman (dos. Lauri E. Karin toimesta) [&hellip;]<\/p>\n","protected":false},"author":450,"featured_media":0,"parent":0,"menu_order":0,"comment_status":"closed","ping_status":"closed","template":"","meta":{"footnotes":""},"class_list":["post-29","page","type-page","status-publish","hentry"],"_links":{"self":[{"href":"https:\/\/blogit.utu.fi\/teks\/wp-json\/wp\/v2\/pages\/29","targetHints":{"allow":["GET"]}}],"collection":[{"href":"https:\/\/blogit.utu.fi\/teks\/wp-json\/wp\/v2\/pages"}],"about":[{"href":"https:\/\/blogit.utu.fi\/teks\/wp-json\/wp\/v2\/types\/page"}],"author":[{"embeddable":true,"href":"https:\/\/blogit.utu.fi\/teks\/wp-json\/wp\/v2\/users\/450"}],"replies":[{"embeddable":true,"href":"https:\/\/blogit.utu.fi\/teks\/wp-json\/wp\/v2\/comments?post=29"}],"version-history":[{"count":12,"href":"https:\/\/blogit.utu.fi\/teks\/wp-json\/wp\/v2\/pages\/29\/revisions"}],"predecessor-version":[{"id":2225,"href":"https:\/\/blogit.utu.fi\/teks\/wp-json\/wp\/v2\/pages\/29\/revisions\/2225"}],"wp:attachment":[{"href":"https:\/\/blogit.utu.fi\/teks\/wp-json\/wp\/v2\/media?parent=29"}],"curies":[{"name":"wp","href":"https:\/\/api.w.org\/{rel}","templated":true}]}}