{"id":40,"date":"2016-07-23T16:00:48","date_gmt":"2016-07-23T13:00:48","guid":{"rendered":"https:\/\/blogit.utu.fi\/teks\/?page_id=40"},"modified":"2026-01-04T20:01:52","modified_gmt":"2026-01-04T17:01:52","slug":"jaseneksi","status":"publish","type":"page","link":"https:\/\/blogit.utu.fi\/teks\/jaseneksi\/","title":{"rendered":"J\u00e4seneksi?"},"content":{"rendered":"<p style=\"text-align: justify\" align=\"JUSTIFY\">Turun El\u00e4in- ja Kasvitieteellisen Seuran tarkoituksena on her\u00e4tt\u00e4\u00e4 ja yll\u00e4pit\u00e4\u00e4 el\u00e4in- ja kasvitieteellist\u00e4 harrastusta, edist\u00e4\u00e4 biologisten tieteiden tutkimusta ja tuntemusta, luonnontuntemusta sek\u00e4 luonnon- ja ymp\u00e4rist\u00f6nsuojelua. Kunniaj\u00e4seneksi Seura voi kutsua ansioituneita luonnontutkijoita, luonnonharrastajia tai muita henkil\u00f6it\u00e4, jotka hyvin huomattavasti ovat edist\u00e4neet Seuran pyrkimyksi\u00e4.<br \/>\nJ\u00e4seneksi voi liitty\u00e4 kuka tahansa, joka haluaa edist\u00e4\u00e4 Seuran tarkoitusperi\u00e4. Kannattajaj\u00e4seneksi voi liitty\u00e4 yksityinen tai oikeuskelpoinen yhteis\u00f6, joka haluaa tukea Seuran toimintaa.<\/p>\n<p style=\"text-align: justify\" align=\"JUSTIFY\">T\u00e4\u00e4lt\u00e4 l\u00f6yd\u00e4t Turun El\u00e4in- ja Kasvitieteellinen Seura ry:n <strong><a href=\"http:\/\/blogit.utu.fi\/teks\/wp-content\/uploads\/sites\/74\/2016\/07\/teks_saannot_2005.pdf\">s\u00e4\u00e4nn\u00f6t<\/a><\/strong>. J\u00e4sentietojen k\u00e4sittelyss\u00e4 Seura noudattaa <strong><a href=\"https:\/\/blogit.utu.fi\/teks\/wp-content\/uploads\/sites\/74\/2025\/03\/TEKS_tietosuojaseloste_24022025.pdf\">tietosuojaselosteen<\/a><\/strong> mukaisia k\u00e4yt\u00e4nt\u00f6j\u00e4.<\/p>\n<p style=\"text-align: justify\" align=\"JUSTIFY\">Toimi seuraavasti:<br \/>\n1) L\u00e4het\u00e4 nimesi, osoitteesi ja mahdollinen s\u00e4hk\u00f6postiosoitteesi Seuran <strong><a href=\"https:\/\/blogit.utu.fi\/teks\/johtokunta\/\" target=\"_blank\" rel=\"noopener noreferrer\">puheenjohtajalle<\/a><\/strong> tai <strong><a href=\"https:\/\/blogit.utu.fi\/teks\/johtokunta\/\" target=\"_blank\" rel=\"noopener noreferrer\">rahastonhoitajalle<\/a><\/strong>.<br \/>\nSeuran j\u00e4sentiedotteet l\u00e4hetet\u00e4\u00e4n ensisijaisesti s\u00e4hk\u00f6isin\u00e4, paperisia j\u00e4sentiedotteita l\u00e4het\u00e4mme vain mik\u00e4li s\u00e4hk\u00f6postiosoitetta ei ole annettu.<\/p>\n<p style=\"text-align: justify\" align=\"JUSTIFY\">2) Maksa j\u00e4senmaksu Seuran tilille<br \/>\nIBAN: FI46 4309 0010 4696 82<br \/>\nBIC: ITELFIHH<br \/>\nK\u00e4yt\u00e4 maksaessasi viitenumeroa 01614!<\/p>\n<div>J\u00e4senmaksu v. 2026: 20 \u20ac, opiskelijat 10 \u20ac<\/div>\n<div>Ainaisj\u00e4senmasku: 200 \u20ac<\/div>\n<div>Kannattajaj\u00e4senmaksu: 100 \u20ac<\/div>\n<p style=\"text-align: justify\">Tervetuloa mukaan Seuran toimintaan!<\/p>\n<p style=\"text-align: justify\">Jos haluat tukea Seuraa taloudellisesti, voit lahjoittaa haluamasi summan Seuran tilille<br \/>\nFI46 4309 0010 4696 82 k\u00e4ytt\u00e4m\u00e4ll\u00e4 viitenumeroa 01627. Kiitos tuestasi!<\/p>\n","protected":false},"excerpt":{"rendered":"<p>Turun El\u00e4in- ja Kasvitieteellisen Seuran tarkoituksena on her\u00e4tt\u00e4\u00e4 ja yll\u00e4pit\u00e4\u00e4 el\u00e4in- ja kasvitieteellist\u00e4 harrastusta, edist\u00e4\u00e4 biologisten tieteiden tutkimusta ja tuntemusta, luonnontuntemusta sek\u00e4 luonnon- ja ymp\u00e4rist\u00f6nsuojelua. Kunniaj\u00e4seneksi Seura voi kutsua ansioituneita luonnontutkijoita, luonnonharrastajia tai muita henkil\u00f6it\u00e4, jotka hyvin huomattavasti ovat edist\u00e4neet Seuran pyrkimyksi\u00e4. J\u00e4seneksi voi liitty\u00e4 kuka tahansa, joka haluaa edist\u00e4\u00e4 Seuran tarkoitusperi\u00e4. Kannattajaj\u00e4seneksi voi liitty\u00e4 [&hellip;]<\/p>\n","protected":false},"author":450,"featured_media":0,"parent":0,"menu_order":0,"comment_status":"closed","ping_status":"closed","template":"","meta":{"footnotes":""},"class_list":["post-40","page","type-page","status-publish","hentry"],"_links":{"self":[{"href":"https:\/\/blogit.utu.fi\/teks\/wp-json\/wp\/v2\/pages\/40","targetHints":{"allow":["GET"]}}],"collection":[{"href":"https:\/\/blogit.utu.fi\/teks\/wp-json\/wp\/v2\/pages"}],"about":[{"href":"https:\/\/blogit.utu.fi\/teks\/wp-json\/wp\/v2\/types\/page"}],"author":[{"embeddable":true,"href":"https:\/\/blogit.utu.fi\/teks\/wp-json\/wp\/v2\/users\/450"}],"replies":[{"embeddable":true,"href":"https:\/\/blogit.utu.fi\/teks\/wp-json\/wp\/v2\/comments?post=40"}],"version-history":[{"count":16,"href":"https:\/\/blogit.utu.fi\/teks\/wp-json\/wp\/v2\/pages\/40\/revisions"}],"predecessor-version":[{"id":2312,"href":"https:\/\/blogit.utu.fi\/teks\/wp-json\/wp\/v2\/pages\/40\/revisions\/2312"}],"wp:attachment":[{"href":"https:\/\/blogit.utu.fi\/teks\/wp-json\/wp\/v2\/media?parent=40"}],"curies":[{"name":"wp","href":"https:\/\/api.w.org\/{rel}","templated":true}]}}