{"id":64,"date":"2016-07-23T16:23:51","date_gmt":"2016-07-23T13:23:51","guid":{"rendered":"https:\/\/blogit.utu.fi\/teks\/?page_id=64"},"modified":"2025-02-24T15:56:43","modified_gmt":"2025-02-24T12:56:43","slug":"tervetuloa-teksn-sivuille","status":"publish","type":"page","link":"https:\/\/blogit.utu.fi\/teks\/","title":{"rendered":"Tervetuloa!"},"content":{"rendered":"<p style=\"text-align: justify\">Tervetuloa Turun El\u00e4in- ja Kasvitieteellisen Seuran sivuille!<\/p>\n<p style=\"text-align: justify\">TEKSin tarkoituksena on her\u00e4tt\u00e4\u00e4 ja yll\u00e4pit\u00e4\u00e4 el\u00e4in- ja kasvitieteellist\u00e4 harrastusta, edist\u00e4\u00e4 biologisten tieteiden tutkimusta ja tuntemusta, luonnontuntemusta sek\u00e4 luonnon- ja ymp\u00e4rist\u00f6nsuojelua.<\/p>\n","protected":false},"excerpt":{"rendered":"<p>Tervetuloa Turun El\u00e4in- ja Kasvitieteellisen Seuran sivuille! TEKSin tarkoituksena on her\u00e4tt\u00e4\u00e4 ja yll\u00e4pit\u00e4\u00e4 el\u00e4in- ja kasvitieteellist\u00e4 harrastusta, edist\u00e4\u00e4 biologisten tieteiden tutkimusta ja tuntemusta, luonnontuntemusta sek\u00e4 luonnon- ja ymp\u00e4rist\u00f6nsuojelua.<\/p>\n","protected":false},"author":450,"featured_media":0,"parent":0,"menu_order":0,"comment_status":"closed","ping_status":"closed","template":"","meta":{"footnotes":""},"class_list":["post-64","page","type-page","status-publish","hentry"],"_links":{"self":[{"href":"https:\/\/blogit.utu.fi\/teks\/wp-json\/wp\/v2\/pages\/64","targetHints":{"allow":["GET"]}}],"collection":[{"href":"https:\/\/blogit.utu.fi\/teks\/wp-json\/wp\/v2\/pages"}],"about":[{"href":"https:\/\/blogit.utu.fi\/teks\/wp-json\/wp\/v2\/types\/page"}],"author":[{"embeddable":true,"href":"https:\/\/blogit.utu.fi\/teks\/wp-json\/wp\/v2\/users\/450"}],"replies":[{"embeddable":true,"href":"https:\/\/blogit.utu.fi\/teks\/wp-json\/wp\/v2\/comments?post=64"}],"version-history":[{"count":4,"href":"https:\/\/blogit.utu.fi\/teks\/wp-json\/wp\/v2\/pages\/64\/revisions"}],"predecessor-version":[{"id":2224,"href":"https:\/\/blogit.utu.fi\/teks\/wp-json\/wp\/v2\/pages\/64\/revisions\/2224"}],"wp:attachment":[{"href":"https:\/\/blogit.utu.fi\/teks\/wp-json\/wp\/v2\/media?parent=64"}],"curies":[{"name":"wp","href":"https:\/\/api.w.org\/{rel}","templated":true}]}}