{"id":76,"date":"2016-07-23T16:29:26","date_gmt":"2016-07-23T13:29:26","guid":{"rendered":"https:\/\/blogit.utu.fi\/teks\/?page_id=76"},"modified":"2025-02-24T15:59:21","modified_gmt":"2025-02-24T12:59:21","slug":"hyonteiskerho","status":"publish","type":"page","link":"https:\/\/blogit.utu.fi\/teks\/hyonteiskerho\/","title":{"rendered":"Hy\u00f6nteiskerho"},"content":{"rendered":"<p style=\"text-align: justify\">Vuosikymmenten kuluessa on TEKSiin perustettu nelj\u00e4 kerhoa, joista hy\u00f6nteiskerho toimii edelleen hyvin aktiivisesti. Hy\u00f6nteiskerhon verkkolehti<a href=\"https:\/\/blogit.utu.fi\/teks\/w-album\/\" target=\"_blank\" rel=\"noopener\"> <i><b>w-album<\/b><\/i><\/a> alkoi ilmesty\u00e4 kes\u00e4ll\u00e4 2004.<\/p>\n<p>Hy\u00f6nteiskerho kokoontuu aina kuukauden nelj\u00e4nten\u00e4 keskiviikkona klo 18 (ei touko-elokuu eik\u00e4 joulukuu)<br \/>\nPaikka: Turun yliopisto, Natura 2. krs, seminaarihuone (no. 215)<\/p>\n<p>Yhteystiedot:<br \/>\nPuheenjohtaja Antti Haarto <a href=\"mailto:ahaarto@gmail.com\">ahaarto@gmail.com<\/a><br \/>\nSihteeri Veli-Matti Mukkala <a href=\"mailto:Veli-Matti.Mukkala@perkinelmer.com\">Veli-Matti.Mukkala@perkinelmer.com<\/a><br \/>\nAktiivi Anssi Ter\u00e4s <a href=\"mailto:anssi.teras@utu.fi\">anssi.teras@utu.fi<\/a><\/p>\n<p>Kaikki hy\u00f6nteisist\u00e4 (ja h\u00e4m\u00e4h\u00e4kkiel\u00e4imist\u00e4) kiinnostuneet ovat tervetulleita!<\/p>\n","protected":false},"excerpt":{"rendered":"<p>Vuosikymmenten kuluessa on TEKSiin perustettu nelj\u00e4 kerhoa, joista hy\u00f6nteiskerho toimii edelleen hyvin aktiivisesti. Hy\u00f6nteiskerhon verkkolehti w-album alkoi ilmesty\u00e4 kes\u00e4ll\u00e4 2004. Hy\u00f6nteiskerho kokoontuu aina kuukauden nelj\u00e4nten\u00e4 keskiviikkona klo 18 (ei touko-elokuu eik\u00e4 joulukuu) Paikka: Turun yliopisto, Natura 2. krs, seminaarihuone (no. 215) Yhteystiedot: Puheenjohtaja Antti Haarto ahaarto@gmail.com Sihteeri Veli-Matti Mukkala Veli-Matti.Mukkala@perkinelmer.com Aktiivi Anssi Ter\u00e4s anssi.teras@utu.fi Kaikki [&hellip;]<\/p>\n","protected":false},"author":450,"featured_media":0,"parent":0,"menu_order":0,"comment_status":"closed","ping_status":"closed","template":"","meta":{"footnotes":""},"class_list":["post-76","page","type-page","status-publish","hentry"],"_links":{"self":[{"href":"https:\/\/blogit.utu.fi\/teks\/wp-json\/wp\/v2\/pages\/76","targetHints":{"allow":["GET"]}}],"collection":[{"href":"https:\/\/blogit.utu.fi\/teks\/wp-json\/wp\/v2\/pages"}],"about":[{"href":"https:\/\/blogit.utu.fi\/teks\/wp-json\/wp\/v2\/types\/page"}],"author":[{"embeddable":true,"href":"https:\/\/blogit.utu.fi\/teks\/wp-json\/wp\/v2\/users\/450"}],"replies":[{"embeddable":true,"href":"https:\/\/blogit.utu.fi\/teks\/wp-json\/wp\/v2\/comments?post=76"}],"version-history":[{"count":10,"href":"https:\/\/blogit.utu.fi\/teks\/wp-json\/wp\/v2\/pages\/76\/revisions"}],"predecessor-version":[{"id":2226,"href":"https:\/\/blogit.utu.fi\/teks\/wp-json\/wp\/v2\/pages\/76\/revisions\/2226"}],"wp:attachment":[{"href":"https:\/\/blogit.utu.fi\/teks\/wp-json\/wp\/v2\/media?parent=76"}],"curies":[{"name":"wp","href":"https:\/\/api.w.org\/{rel}","templated":true}]}}