{"id":14,"date":"2023-04-11T10:35:41","date_gmt":"2023-04-11T07:35:41","guid":{"rendered":"https:\/\/blogit.utu.fi\/tiedepiiri\/?page_id=14"},"modified":"2023-10-31T15:54:10","modified_gmt":"2023-10-31T13:54:10","slug":"cv","status":"publish","type":"page","link":"https:\/\/blogit.utu.fi\/tiedepiiri\/cv\/","title":{"rendered":"CV"},"content":{"rendered":"\n<p>Piirin j\u00e4senet ovat osallistuneet useisiin erilaisiin tutkimushankkeisiin ja vaikuttaneet yhteiskunnallisissa asiantuntijateht\u00e4viss. Toimintamme tiivistyy n\u00e4ihin teemoihin.:<\/p>\n\n\n\n<p><\/p>\n\n\n\n<p><strong>Tiedon historia<\/strong> <br>Tiedepiiri\u00e4 on alusta asti m\u00e4\u00e4ritt\u00e4nyt pyrkimys ymm\u00e4rt\u00e4\u00e4 tiedon historiaa. T\u00e4m\u00e4 yhdist\u00e4\u00e4 piirin toiminnan yhteen uusiman historiantutkimuksen keskeiseen n\u00e4k\u00f6kulmaan. Tiedonhistoria on alkanut haastaa klassista luonnontieteisiin keskittyv\u00e4\u00e4 tieteenhistoriaa. Lue t\u00e4st\u00e4 lis\u00e4\u00e4 syksyll\u00e4 2023 julkaistusta <a rel=\"noreferrer noopener\" href=\"https:\/\/vastapaino.fi\/sivu\/tuote\/tiedonhistoria\/4844191\" data-type=\"URL\" data-id=\"https:\/\/vastapaino.fi\/sivu\/tuote\/tiedonhistoria\/4844191\" target=\"_blank\">Tiedonhistoria-teoksesta<\/a>. Monen piiril\u00e4isen oma tutkimus- ja opetustoiminta keskittyy nimenomaan tiedon k\u00e4sitteeseen ja sen vaiheisiin historiassa.<\/p>\n\n\n\n<p><strong>Kirjahistoria<\/strong><br>Tekstien valmistamista, levitt\u00e4mist\u00e4 ja vastaanottoa tutkiva kirjahistoria on n\u00e4kyv\u00e4ss\u00e4 osassa Tiedepiiriss\u00e4. Olemme olleet mukana <a href=\"https:\/\/opintokokoelma.wordpress.com\/\" data-type=\"URL\" data-id=\"https:\/\/opintokokoelma.wordpress.com\/\" target=\"_blank\" rel=\"noreferrer noopener\">Turun kaupunginkirjaston vanhan kokoelman tutkimus- ja luettelointihankkeessa<\/a> sek\u00e4 <a href=\"https:\/\/www.utupub.fi\/handle\/10024\/154646\" data-type=\"URL\" data-id=\"https:\/\/www.utupub.fi\/handle\/10024\/154646\" target=\"_blank\" rel=\"noreferrer noopener\">Turun yliopiston kirjaston satavuotisprojektissa<\/a>.<\/p>\n\n\n\n<p><strong>Kokoelmahistoria<\/strong><br>Kokoelmat ja materiaalisuuden historia jatkavat kahden edellisen teemaan tapaan tieteen, tiedon ja niiden k\u00e4yt\u00f6n kohtaamispinnoilla. Tiedepiiri on osallistunut muun muassa <a href=\"https:\/\/journal.fi\/aur\/article\/view\/126817\" data-type=\"URL\" data-id=\"https:\/\/journal.fi\/aur\/article\/view\/126817\">Turun Akatemian kokoelmien <\/a>kartoittamiseen.<\/p>\n\n\n\n<p><strong>Kartografian historia<\/strong><br>Karttojen ja karttakirjojen tutkiminen yhdist\u00e4\u00e4 montaa Tiedepiirin j\u00e4sent\u00e4. Olemme j\u00e4ljiitt\u00e4neet niin<a href=\"https:\/\/knowingglobe.org\/\" data-type=\"URL\" data-id=\"https:\/\/knowingglobe.org\/\" target=\"_blank\" rel=\"noreferrer noopener\"> geohistoriallisen mielikuvituksen modernia historiaa <\/a>kuin <a href=\"https:\/\/www.doria.fi\/handle\/10024\/136503\" data-type=\"URL\" data-id=\"https:\/\/www.doria.fi\/handle\/10024\/136503\" target=\"_blank\" rel=\"noreferrer noopener\">1600-luvun atlasten monin\u00e4k\u00f6kulmaista tapaa kuvata maapalloa.<\/a><\/p>\n\n\n\n<p><strong>Tieteen tulevaisuus<\/strong><\/p>\n\n\n\n<p>Monet Tiedepiirin j\u00e4senet ovat k\u00e4sitelleet omissa tutkimuksissaan tieteen ja modernin yhdyskuntasuunnittelu suhdetta tai arvioineet tieteen tulevaisuutta.<\/p>\n\n\n\n<p><\/p>\n\n\n\n<p><\/p>\n\n\n\n<p><br><br><\/p>\n","protected":false},"excerpt":{"rendered":"<p>Piirin j\u00e4senet ovat osallistuneet useisiin erilaisiin tutkimushankkeisiin ja vaikuttaneet yhteiskunnallisissa asiantuntijateht\u00e4viss. Toimintamme tiivistyy n\u00e4ihin teemoihin.: Tiedon historia Tiedepiiri\u00e4 on alusta asti m\u00e4\u00e4ritt\u00e4nyt pyrkimys ymm\u00e4rt\u00e4\u00e4 tiedon &hellip;<\/p>\n","protected":false},"author":3371,"featured_media":0,"parent":0,"menu_order":3,"comment_status":"closed","ping_status":"closed","template":"","meta":{"footnotes":""},"class_list":["post-14","page","type-page","status-publish","hentry"],"_links":{"self":[{"href":"https:\/\/blogit.utu.fi\/tiedepiiri\/wp-json\/wp\/v2\/pages\/14","targetHints":{"allow":["GET"]}}],"collection":[{"href":"https:\/\/blogit.utu.fi\/tiedepiiri\/wp-json\/wp\/v2\/pages"}],"about":[{"href":"https:\/\/blogit.utu.fi\/tiedepiiri\/wp-json\/wp\/v2\/types\/page"}],"author":[{"embeddable":true,"href":"https:\/\/blogit.utu.fi\/tiedepiiri\/wp-json\/wp\/v2\/users\/3371"}],"replies":[{"embeddable":true,"href":"https:\/\/blogit.utu.fi\/tiedepiiri\/wp-json\/wp\/v2\/comments?post=14"}],"version-history":[{"count":11,"href":"https:\/\/blogit.utu.fi\/tiedepiiri\/wp-json\/wp\/v2\/pages\/14\/revisions"}],"predecessor-version":[{"id":159,"href":"https:\/\/blogit.utu.fi\/tiedepiiri\/wp-json\/wp\/v2\/pages\/14\/revisions\/159"}],"wp:attachment":[{"href":"https:\/\/blogit.utu.fi\/tiedepiiri\/wp-json\/wp\/v2\/media?parent=14"}],"curies":[{"name":"wp","href":"https:\/\/api.w.org\/{rel}","templated":true}]}}