{"id":56,"date":"2023-04-11T13:34:30","date_gmt":"2023-04-11T10:34:30","guid":{"rendered":"https:\/\/blogit.utu.fi\/tiedepiiri\/?page_id=56"},"modified":"2023-04-12T20:43:27","modified_gmt":"2023-04-12T17:43:27","slug":"tiedepiirista","status":"publish","type":"page","link":"https:\/\/blogit.utu.fi\/tiedepiiri\/tiedepiirista\/","title":{"rendered":"Tarinamme"},"content":{"rendered":"\n<blockquote class=\"wp-block-quote is-style-default is-layout-flow wp-block-quote-is-layout-flow\"><p><\/p><cite>&#8221;El\u00e4m\u00e4ni rohkaisevin akateeminen kokemus&#8221; <\/cite><\/blockquote>\n\n\n\n<p>Tieteen, tiedon ja tekniikan historian tutkimusryhm\u00e4 <em>Tiedepiiri<\/em>&nbsp;perustettiin Turun yliopiston yleisen historian oppiaineessa helmikuussa 2012. Ensimm\u00e4isess\u00e4 tapaamisessa oli mukana l\u00e4hinn\u00e4 opinn\u00e4ytteiden my\u00f6t\u00e4 tieteen historiasta kiinnostuneita opiskelijoita. Monet heist\u00e4 kirjoittivat piirin ensimm\u00e4iseen julkaisuun &nbsp;<em>Relatiivisuuden ylistys: Kirjoituksia tieteen ja tieteiden historiasta<\/em> (2013). Vuodet vieriv\u00e4t ja pro gradu -suunnitelmat muuttuivat v\u00e4it\u00f6skirjaprojekteiksi, valmiiksi v\u00e4it\u00f6ksiksi, post doc -tutkimuksiksi ja tutkimushankkeiksi. Kiinnostus tieteen historiaa ja sen filosofiaa kohtaan on laajentunut tekniikan vaiheisiin ja viime vuosina erityisesti tiedon historiaan. Tiedepiirin nykyp\u00e4iv\u00e4n koostaa samaan kirjaan syksyll\u00e4 2023 ilmestyv\u00e4 <em>Tiedonhistoria <\/em>(Vastapaino).<\/p>\n\n\n\n<p>Tiedepiiriss\u00e4 on haluttu tutkia iloista tiedett\u00e4. Tapaamme seminaarissa, kuuntelemme vierailuluennoitsijoita, juomme kahvia ja viini\u00e4. Alusta asti kokoontumiset ovat tapahtuneet perjantai-iltap\u00e4ivin\u00e4, jotka ovat olleet otollista aikaa viikon lennokkaimille keskusteluille. Nykyisin Tiedepiiri kokoaa yhteen aihepiirist\u00e4 kiinnostuneita tutkijoita ja j\u00e4rjest\u00e4\u00e4 my\u00f6s perustutkinto-opiskelijoille suunnattua opetusta.&nbsp;Tutkijoidemme asiantuntemus kohdistuu erityisesti tiedon tuottamiseen, sen merkitykseen, soveltamiseen ja popularisointiin uudella ajalla.<\/p>\n\n\n\n<p>Tieteen ja tiedon historian tutkimuskentt\u00e4 on laaja eik\u00e4 meit\u00e4 kiinnosta vain historia. Tiedepiiri kattaa mielell\u00e4\u00e4n yksitt\u00e4isten akateemisten tieteenalojen historian, mutta tutkimuksen kohteena voivat olla my\u00f6s tiedon muodostuminen, v\u00e4littyminen sek\u00e4 tieteellisen toimijuus. Alan tutkimus auttaa ymm\u00e4rt\u00e4m\u00e4\u00e4n nykyisten tietorakenteiden historiaa ja siten havainnoimaan esimerkiksi ilmastonmuutosta, ymp\u00e4rist\u00f6ongelmia ja monia muita nykyp\u00e4iv\u00e4n ilmi\u00f6it\u00e4 koskevan tiedon muodostumisen vaiheita. Tieteen historia tekee n\u00e4kyv\u00e4ksi tiedon jatkuvan muuttumisen sek\u00e4 kytkeytymisen ymp\u00e4r\u00f6iv\u00e4n yhteiskunnan arvoihin, kulttuuriin ja politiikkaan. <\/p>\n\n\n\n<p>Tiedepiiri on osa Turun yliopiston historiaoppiaineiden <a rel=\"noreferrer noopener\" href=\"https:\/\/opas.peppi.utu.fi\/fi\/opintokokonaisuus\/HIST0162-1001\/88147?period=2022-2024\" data-type=\"URL\" data-id=\"https:\/\/opas.peppi.utu.fi\/fi\/opintokokonaisuus\/HIST0162-1001\/88147?period=2022-2024\" target=\"_blank\">Tieteen, tiedon ja tekniikan historian kokonaisuutta. <\/a><\/p>\n","protected":false},"excerpt":{"rendered":"<p>&#8221;El\u00e4m\u00e4ni rohkaisevin akateeminen kokemus&#8221; Tieteen, tiedon ja tekniikan historian tutkimusryhm\u00e4 Tiedepiiri&nbsp;perustettiin Turun yliopiston yleisen historian oppiaineessa helmikuussa 2012. Ensimm\u00e4isess\u00e4 tapaamisessa oli mukana l\u00e4hinn\u00e4 opinn\u00e4ytteiden my\u00f6t\u00e4 &hellip;<\/p>\n","protected":false},"author":3371,"featured_media":0,"parent":0,"menu_order":1,"comment_status":"closed","ping_status":"closed","template":"","meta":{"footnotes":""},"class_list":["post-56","page","type-page","status-publish","hentry"],"_links":{"self":[{"href":"https:\/\/blogit.utu.fi\/tiedepiiri\/wp-json\/wp\/v2\/pages\/56","targetHints":{"allow":["GET"]}}],"collection":[{"href":"https:\/\/blogit.utu.fi\/tiedepiiri\/wp-json\/wp\/v2\/pages"}],"about":[{"href":"https:\/\/blogit.utu.fi\/tiedepiiri\/wp-json\/wp\/v2\/types\/page"}],"author":[{"embeddable":true,"href":"https:\/\/blogit.utu.fi\/tiedepiiri\/wp-json\/wp\/v2\/users\/3371"}],"replies":[{"embeddable":true,"href":"https:\/\/blogit.utu.fi\/tiedepiiri\/wp-json\/wp\/v2\/comments?post=56"}],"version-history":[{"count":5,"href":"https:\/\/blogit.utu.fi\/tiedepiiri\/wp-json\/wp\/v2\/pages\/56\/revisions"}],"predecessor-version":[{"id":83,"href":"https:\/\/blogit.utu.fi\/tiedepiiri\/wp-json\/wp\/v2\/pages\/56\/revisions\/83"}],"wp:attachment":[{"href":"https:\/\/blogit.utu.fi\/tiedepiiri\/wp-json\/wp\/v2\/media?parent=56"}],"curies":[{"name":"wp","href":"https:\/\/api.w.org\/{rel}","templated":true}]}}