{"id":120,"date":"2021-03-29T13:38:24","date_gmt":"2021-03-29T13:38:24","guid":{"rendered":"https:\/\/blogit.utu.fi\/tkyt\/?page_id=120"},"modified":"2025-04-24T17:56:15","modified_gmt":"2025-04-24T17:56:15","slug":"yhteystiedot","status":"publish","type":"page","link":"https:\/\/blogit.utu.fi\/tkyt\/yhteystiedot\/","title":{"rendered":"Yhteystiedot"},"content":{"rendered":"\n<p>Puheenjohtaja:<br>Mika Helander<br>S\u00e4hk\u00f6posti: mika.helander@abo.fi<\/p>\n\n\n\n<p>Sihteeri:<br>J\u00fcrgen Ross<br>S\u00e4hk\u00f6posti: ross.jyrgen@protonmail.com<\/p>\n\n\n\n<p>Postiosoite:<br>Turun korkeakoulujen yhteiskunnallis-taloudellinen tutkimusyhdistys ry.<br>Sihteeri J\u00fcrgen Ross<br>Sociologi<br>F\u00e4nriksgatan 3 A<br>20500 \u00c5bo<\/p>\n\n\n\n<p>Y-tunnus: 0280741-4<\/p>\n","protected":false},"excerpt":{"rendered":"<p>Puheenjohtaja:Mika HelanderS\u00e4hk\u00f6posti: mika.helander@abo.fi Sihteeri:J\u00fcrgen RossS\u00e4hk\u00f6posti: ross.jyrgen@protonmail.com Postiosoite:Turun korkeakoulujen yhteiskunnallis-taloudellinen tutkimusyhdistys ry.Sihteeri J\u00fcrgen RossSociologiF\u00e4nriksgatan 3 A20500 \u00c5bo Y-tunnus: 0280741-4<\/p>\n","protected":false},"author":5421,"featured_media":0,"parent":0,"menu_order":0,"comment_status":"closed","ping_status":"closed","template":"","meta":{"footnotes":""},"class_list":["post-120","page","type-page","status-publish","hentry"],"_links":{"self":[{"href":"https:\/\/blogit.utu.fi\/tkyt\/wp-json\/wp\/v2\/pages\/120","targetHints":{"allow":["GET"]}}],"collection":[{"href":"https:\/\/blogit.utu.fi\/tkyt\/wp-json\/wp\/v2\/pages"}],"about":[{"href":"https:\/\/blogit.utu.fi\/tkyt\/wp-json\/wp\/v2\/types\/page"}],"author":[{"embeddable":true,"href":"https:\/\/blogit.utu.fi\/tkyt\/wp-json\/wp\/v2\/users\/5421"}],"replies":[{"embeddable":true,"href":"https:\/\/blogit.utu.fi\/tkyt\/wp-json\/wp\/v2\/comments?post=120"}],"version-history":[{"count":4,"href":"https:\/\/blogit.utu.fi\/tkyt\/wp-json\/wp\/v2\/pages\/120\/revisions"}],"predecessor-version":[{"id":439,"href":"https:\/\/blogit.utu.fi\/tkyt\/wp-json\/wp\/v2\/pages\/120\/revisions\/439"}],"wp:attachment":[{"href":"https:\/\/blogit.utu.fi\/tkyt\/wp-json\/wp\/v2\/media?parent=120"}],"curies":[{"name":"wp","href":"https:\/\/api.w.org\/{rel}","templated":true}]}}