{"id":129,"date":"2021-03-29T13:39:03","date_gmt":"2021-03-29T13:39:03","guid":{"rendered":"https:\/\/blogit.utu.fi\/tkyt\/?page_id=129"},"modified":"2021-03-29T14:19:36","modified_gmt":"2021-03-29T14:19:36","slug":"yhdistyksen-saannot","status":"publish","type":"page","link":"https:\/\/blogit.utu.fi\/tkyt\/yhdistyksen-saannot\/","title":{"rendered":"Yhdistyksen s\u00e4\u00e4nn\u00f6t"},"content":{"rendered":"\n<p>Turun korkeakoulujen yhteiskunnallis-taloudellinen tutkimusyhdistys \u2013 \u00c5bo h\u00f6gskolornas f\u00f6rening f\u00f6r social och ekonomisk forskning r.y.:n&nbsp;<\/p>\n\n\n\n<p>S\u00c4\u00c4NN\u00d6T&nbsp;<\/p>\n\n\n\n<p>1\u00a7&nbsp;<\/p>\n\n\n\n<p>Yhdistyksen nimi on Turun korkeakoulujen yhteiskunnallis-taloudellinen tutkimusyhdistys \u2013 \u00c5boh\u00f6gskolornas f\u00f6rening f\u00f6r social och ekonomisk forskning r.y. Yhdistyksen kotipaikka on Turun kaupunki.&nbsp;<\/p>\n\n\n\n<p>2\u00a7&nbsp;<\/p>\n\n\n\n<p>Yhdistyksen tarkoituksena on edist\u00e4\u00e4 ja tukea sellaista tieteellist\u00e4 tutkimusty\u00f6t\u00e4, jonka kohteina ovat taloudelliset ja yhteiskunnalliset sek\u00e4 niihin liittyv\u00e4t aiheet.&nbsp;<\/p>\n\n\n\n<p>Tarkoituksensa toteuttamiseksi yhdistys kokoaa n\u00e4iden alojen tutkijoita yhteistoimintaan sek\u00e4 pyrkii luomaan tutkimustoiminnalle k\u00e4yt\u00e4nn\u00f6lliset edellytykset.&nbsp;&nbsp;<\/p>\n\n\n\n<p>3\u00a7&nbsp;<\/p>\n\n\n\n<p>Yhdistyksen j\u00e4senet ovat varsinaisia ja kannattajaj\u00e4seni\u00e4. Varsinaisia j\u00e4seni\u00e4 ovat Turun yliopisto ja \u00c5bo Akademi. Kannattajaj\u00e4seniksi yhdistyksen hallitus voi kutsua ja hyv\u00e4ksy\u00e4 fyysisi\u00e4 ja juridisia j\u00e4seni\u00e4.&nbsp;<\/p>\n\n\n\n<p>4\u00a7&nbsp;<\/p>\n\n\n\n<p>Jokainen varsinainen j\u00e4sen maksaa vuosikokouksessa vahvistettavan vuosimaksun. Vuosimaksun suuruuden muutosta koskeva p\u00e4\u00e4t\u00f6s on teht\u00e4v\u00e4 yksimielisesti.&nbsp;<\/p>\n\n\n\n<p>5\u00a7&nbsp;<\/p>\n\n\n\n<p>J\u00e4senell\u00e4 on oikeus erota yhdistyksest\u00e4 ilmoittamalla siit\u00e4 kirjallisesti hallitukselle tai sen puheenjohtajalle taikka suullisesti yhdistyksen kokouksen p\u00f6yt\u00e4kirjaan viimeist\u00e4\u00e4n kuusi kuukautta ennen eroamistaan. J\u00e4senen on kuitenkin maksettava koko vuosimaksunsa siit\u00e4 kalenterivuodesta, jolloin eroaminen tapahtuu.&nbsp;<\/p>\n\n\n\n<p>Hallitus voi erottaa j\u00e4senen yhdistyksest\u00e4, jos j\u00e4sen on j\u00e4tt\u00e4nyt j\u00e4senmaksun kahtena per\u00e4kk\u00e4isen\u00e4 vuotena maksamatta. &nbsp;<\/p>\n\n\n\n<p>6\u00a7&nbsp;<\/p>\n\n\n\n<p>Yhdistyksen hallituksen muodostaa kuusi kolmeksi vuodeksi valittua j\u00e4sent\u00e4, jotka valitaan vuosikokouksessa varsinaisten j\u00e4senten ehdolle asettamista henkil\u00f6ist\u00e4. Hallituksen j\u00e4seni\u00e4 valittaessa on noudatettava sit\u00e4 periaatetta, ett\u00e4 Turun yliopistosta ja \u00c5bo Akademista kustakin valitaan kaksi j\u00e4sent\u00e4. Varsinaisille hallituksen j\u00e4senille valitaan kolmeksi vuodeksi kaksi varaj\u00e4sent\u00e4, yksi kustakin korkeakoulusta. Vuosikokous valitsee yliopistoja edustavien hallituksen j\u00e4senten lis\u00e4ksi kaksi j\u00e4sent\u00e4, jotka edustavat tutkimusalaa tai sen k\u00e4yt\u00e4nt\u00f6j\u00e4 yhteiskunnassa.&nbsp;<\/p>\n\n\n\n<p>Hallituksen j\u00e4senten on oltava yhteiskunnalliseen ja taloudelliseen tutkimukseen perehtyneit\u00e4.&nbsp;<\/p>\n\n\n\n<p>Jos joku hallituksen j\u00e4senist\u00e4 eroaa kesken toimikauttaan, suoritetaan t\u00e4ytevaali seuraavassa vuosikokouksessa.&nbsp;<\/p>\n\n\n\n<p>Hallitus valitsee keskuudestaan puheenjohtajan ja varapuheenjohtajan. Hallitus on p\u00e4\u00e4t\u00f6svaltainen, kun l\u00e4sn\u00e4 on puheenjohtaja tai varapuheenjohtaja sek\u00e4 v\u00e4hint\u00e4\u00e4n kolme hallituksen j\u00e4sent\u00e4. \u00c4\u00e4nten menness\u00e4 tasan vaali ratkaistaan arvalla, mutta muissa asioissa se mielipide voittaa, johon hallituksen puheenjohtaja on yhtynyt.&nbsp;<\/p>\n\n\n\n<p>7\u00a7&nbsp;<\/p>\n\n\n\n<p>Hallituksen teht\u00e4v\u00e4n\u00e4 on&nbsp;<\/p>\n\n\n\n<ol class=\"wp-block-list\"><li>johtaa yhdistyksen toimintaa;&nbsp;<\/li><li>p\u00e4\u00e4tt\u00e4\u00e4 tarvittaessa, sihteerin, rahastonhoitajan ja muiden toimihenkil\u00f6iden toimeen ottamisesta ja siit\u00e4 vapauttamisesta;&nbsp;<\/li><li>asettaa tarvittaessa toimikuntia;&nbsp;<\/li><li>j\u00e4rjest\u00e4\u00e4 vuosittain Mauno Koivisto \u2013luento;&nbsp;<\/li><\/ol>\n\n\n\n<ol class=\"wp-block-list\" start=\"5\"><li>valvoa ja edist\u00e4\u00e4 yhdistyksen julkaisutoimintaa.&nbsp;<\/li><\/ol>\n\n\n\n<p>8\u00a7&nbsp;<\/p>\n\n\n\n<p>Yhdistys kokoontuu hallituksen puheenjohtajan kutsusta maaliskuun aikana vuosikokoukseen ja muulloin, jos puheenjohtaja katsoo sen tarpeelliseksi tai varsinainen j\u00e4sen sit\u00e4 kirjallisesti vaatii jonkin erityisen asian vuoksi.&nbsp;<\/p>\n\n\n\n<p>Kokouksesta on ilmoitettava j\u00e4senille kirjallisesti s\u00e4hk\u00f6postilla ja ilmoituksella yhdistyksen kotisivuilla v\u00e4hint\u00e4\u00e4n nelj\u00e4toista p\u00e4iv\u00e4\u00e4 ennen kokousta.&nbsp;&nbsp;<\/p>\n\n\n\n<p>Yhdistyksen kokouksissa on Turun yliopistolla ja \u00c5bo Akademilla kullakin yksi \u00e4\u00e4ni. Kannattajaj\u00e4senill\u00e4 ja hallituksen j\u00e4senill\u00e4 on oikeus osallistua yhdistyksen kokouksiin ja keskusteluihin, mutta ei p\u00e4\u00e4t\u00f6sten tekoon.&nbsp;<\/p>\n\n\n\n<p>9\u00a7&nbsp;<\/p>\n\n\n\n<p>Vuosikokouksessa k\u00e4sitell\u00e4\u00e4n seuraavat asiat:&nbsp;<\/p>\n\n\n\n<ol class=\"wp-block-list\"><li>Kokouksen puheenjohtajan ja sihteerin valinta;&nbsp;<\/li><li>Kahden p\u00f6yt\u00e4kirjantarkastajan valinta;&nbsp;<\/li><li>Hallituksen kertomus edellisen vuoden toiminnasta;&nbsp;<\/li><\/ol>\n\n\n\n<ol class=\"wp-block-list\" start=\"4\"><li>Yhdistyksen tilinp\u00e4\u00e4t\u00f6s ja toiminnantarkastajien lausunto omaisuuden hoidosta p\u00e4\u00e4ttyneen tilivuoden aikana;&nbsp;<\/li><li>Vastuuvapauden my\u00f6nt\u00e4minen hallitukselle;&nbsp;<\/li><li>Hallituksen varsinaisten ja varaj\u00e4senten valinta (joka kolmas vuosi);&nbsp;<\/li><li>Varsinaisen toiminnantarkastajan ja varatoiminnantarkastajan valitseminen;&nbsp;<\/li><li>Hallituksen ehdotus tulo- ja menoarvioksi sek\u00e4 varsinaisten j\u00e4senten ja kannattavien j\u00e4senten vuosimaksun suuruuden m\u00e4\u00e4r\u00e4\u00e4minen;&nbsp;<\/li><\/ol>\n\n\n\n<ol class=\"wp-block-list\" start=\"9\"><li>Muut kokouskutsussa mainitut asiat.&nbsp;<\/li><\/ol>\n\n\n\n<p>10\u00a7&nbsp;<\/p>\n\n\n\n<p>Yhdistyksen nimen kirjoittaa hallituksen puheenjohtaja, varapuheenjohtaja tai sihteeri.&nbsp;<\/p>\n\n\n\n<p>11\u00a7&nbsp;<\/p>\n\n\n\n<p>Yhdistyksen tilikautena on kalenterivuosi. Yhdistyksen tilit on j\u00e4tett\u00e4v\u00e4 toiminnantarkastajalle tilivuotta seuraavan vuoden tammikuun aikana. Toiminnantarkastajan on j\u00e4tett\u00e4v\u00e4 lausuntonsa tarkastuksen tuloksista viimeist\u00e4\u00e4n helmikuun loppuun menness\u00e4 vuosikokoukselle esitett\u00e4v\u00e4ksi.&nbsp;<\/p>\n\n\n\n<p>12\u00a7&nbsp;<\/p>\n\n\n\n<p>Yhdistys voidaan purkaa, jos siit\u00e4 tehd\u00e4\u00e4n p\u00e4\u00e4t\u00f6s yksimielisesti yhdistyksen kahdessa v\u00e4hint\u00e4\u00e4n kuukauden v\u00e4liajoin pidett\u00e4v\u00e4ss\u00e4 kokouksessa, joista toinen on vuosikokous.&nbsp;<\/p>\n\n\n\n<p>Jos yhdistys purkautuu tai se lakkautetaan, on omaisuus, sitten kun velat on maksettu, jaettava varsinaisten j\u00e4senten kesken tasan ja varat on k\u00e4ytett\u00e4v\u00e4 yhdistyksen tarkoitusperi\u00e4 vastaavalla tavalla.&nbsp;<\/p>\n\n\n\n<p>13\u00a7&nbsp;<\/p>\n\n\n\n<p>Yhdistyksen s\u00e4\u00e4nt\u00f6j\u00e4 voidaan muuttaa, jos niin p\u00e4\u00e4tet\u00e4\u00e4n kahdessa v\u00e4hint\u00e4\u00e4n viikon v\u00e4liajoin pidett\u00e4v\u00e4ss\u00e4 per\u00e4kk\u00e4isess\u00e4 yhdistyksen kokouksessa.&nbsp;<\/p>\n","protected":false},"excerpt":{"rendered":"<p>Turun korkeakoulujen yhteiskunnallis-taloudellinen tutkimusyhdistys \u2013 \u00c5bo h\u00f6gskolornas f\u00f6rening f\u00f6r social och ekonomisk forskning r.y.:n&nbsp; S\u00c4\u00c4NN\u00d6T&nbsp; 1\u00a7&nbsp; Yhdistyksen nimi on Turun korkeakoulujen yhteiskunnallis-taloudellinen tutkimusyhdistys \u2013 \u00c5boh\u00f6gskolornas f\u00f6rening f\u00f6r social och ekonomisk forskning r.y. Yhdistyksen kotipaikka on Turun kaupunki.&nbsp; 2\u00a7&nbsp; Yhdistyksen tarkoituksena [&hellip;]<\/p>\n","protected":false},"author":5421,"featured_media":0,"parent":0,"menu_order":0,"comment_status":"closed","ping_status":"closed","template":"","meta":{"footnotes":""},"class_list":["post-129","page","type-page","status-publish","hentry"],"_links":{"self":[{"href":"https:\/\/blogit.utu.fi\/tkyt\/wp-json\/wp\/v2\/pages\/129","targetHints":{"allow":["GET"]}}],"collection":[{"href":"https:\/\/blogit.utu.fi\/tkyt\/wp-json\/wp\/v2\/pages"}],"about":[{"href":"https:\/\/blogit.utu.fi\/tkyt\/wp-json\/wp\/v2\/types\/page"}],"author":[{"embeddable":true,"href":"https:\/\/blogit.utu.fi\/tkyt\/wp-json\/wp\/v2\/users\/5421"}],"replies":[{"embeddable":true,"href":"https:\/\/blogit.utu.fi\/tkyt\/wp-json\/wp\/v2\/comments?post=129"}],"version-history":[{"count":2,"href":"https:\/\/blogit.utu.fi\/tkyt\/wp-json\/wp\/v2\/pages\/129\/revisions"}],"predecessor-version":[{"id":216,"href":"https:\/\/blogit.utu.fi\/tkyt\/wp-json\/wp\/v2\/pages\/129\/revisions\/216"}],"wp:attachment":[{"href":"https:\/\/blogit.utu.fi\/tkyt\/wp-json\/wp\/v2\/media?parent=129"}],"curies":[{"name":"wp","href":"https:\/\/api.w.org\/{rel}","templated":true}]}}